{"id":184455,"date":"2025-05-12T15:40:36","date_gmt":"2025-05-12T13:40:36","guid":{"rendered":"https:\/\/univet.hu\/hu\/oktatas\/tanulmanyi-osztaly\/allasajanlatok\/new_child_page-2\/"},"modified":"2025-05-12T15:42:57","modified_gmt":"2025-05-12T13:42:57","slug":"veszprem-varmegyei-kormanyhivatal","status":"publish","type":"page","link":"https:\/\/univet.hu\/hu\/oktatas\/tanulmanyi-osztaly\/allasajanlatok\/veszprem-varmegyei-kormanyhivatal\/","title":{"rendered":"Veszpr\u00e9m V\u00e1rmegyei Korm\u00e1nyhivatal"},"content":{"rendered":"<p>2025.05.12<\/p> <p><a href=\"https:\/\/univet.hu\/wp-content\/uploads\/2025\/05\/hatosagi-allatorvosi-feladatok_veszprem.pdf\">Veszpr\u00e9m V\u00e1rmegyei Korm\u00e1nyhivatal<\/a><\/p>","protected":false},"excerpt":{"rendered":"<p>2025.05.12 Veszpr\u00e9m V\u00e1rmegyei Korm\u00e1nyhivatal<\/p>\n","protected":false},"author":5795,"featured_media":0,"parent":26415,"menu_order":0,"comment_status":"open","ping_status":"open","template":"","meta":{"_acf_changed":false,"footnotes":""},"categories":[],"tags":[],"class_list":["post-184455","page","type-page","status-publish","hentry"],"acf":[],"_links":{"self":[{"href":"https:\/\/univet.hu\/hu\/wp-json\/wp\/v2\/pages\/184455","targetHints":{"allow":["GET"]}}],"collection":[{"href":"https:\/\/univet.hu\/hu\/wp-json\/wp\/v2\/pages"}],"about":[{"href":"https:\/\/univet.hu\/hu\/wp-json\/wp\/v2\/types\/page"}],"author":[{"embeddable":true,"href":"https:\/\/univet.hu\/hu\/wp-json\/wp\/v2\/users\/5795"}],"replies":[{"embeddable":true,"href":"https:\/\/univet.hu\/hu\/wp-json\/wp\/v2\/comments?post=184455"}],"version-history":[{"count":2,"href":"https:\/\/univet.hu\/hu\/wp-json\/wp\/v2\/pages\/184455\/revisions"}],"predecessor-version":[{"id":184460,"href":"https:\/\/univet.hu\/hu\/wp-json\/wp\/v2\/pages\/184455\/revisions\/184460"}],"up":[{"embeddable":true,"href":"https:\/\/univet.hu\/hu\/wp-json\/wp\/v2\/pages\/26415"}],"wp:attachment":[{"href":"https:\/\/univet.hu\/hu\/wp-json\/wp\/v2\/media?parent=184455"}],"wp:term":[{"taxonomy":"category","embeddable":true,"href":"https:\/\/univet.hu\/hu\/wp-json\/wp\/v2\/categories?post=184455"},{"taxonomy":"post_tag","embeddable":true,"href":"https:\/\/univet.hu\/hu\/wp-json\/wp\/v2\/tags?post=184455"}],"curies":[{"name":"wp","href":"https:\/\/api.w.org\/{rel}","templated":true}]}}