{"id":18449,"date":"2018-09-15T18:35:46","date_gmt":"2018-09-15T16:35:46","guid":{"rendered":"http:\/\/univet.hu\/?page_id=18449"},"modified":"2024-05-15T10:50:15","modified_gmt":"2024-05-15T08:50:15","slug":"elerhetoseg","status":"publish","type":"page","link":"https:\/\/univet.hu\/hu\/klinikak\/kisallatklinika\/belgyogyaszat\/elerhetoseg\/","title":{"rendered":"El\u00e9rhet\u0151s\u00e9g"},"content":{"rendered":"<p><strong>C\u00edm: <\/strong>1078 Budapest, Istv\u00e1n u. 2. &#8222;A&#8221; \u00e9p\u00fclet<\/p> <p><strong>Megk\u00f6zel\u00edt\u00e9s:<\/strong><\/p> <ul> <li><strong>Aut\u00f3val:<\/strong> a Rottenbiller u. fel\u0151l lehet behajtani az Istv\u00e1n utc\u00e1ra, a sarokt\u00f3l kb. 100-150 m\u00e9terre a menetir\u00e1nynak megfelel\u0151en balra tal\u00e1lhat\u00f3 a f\u0151bej\u00e1rat.<!--A tulajdonosok az Egyetem ter\u00fclet\u00e9n a betegparkol\u00f3ban hagyhatj\u00e1k aut\u00f3jukat (parkol\u00e1si d\u00edj 125 Ft\/\u00f3ra). Amennyiben az utc\u00e1n parkolnak, k\u00e9rj\u00fck vegy\u00e9k figyelembe, hogy a k\u00f6rny\u00e9k fizet\u0151 \u00f6vezetbe tartozik.--><\/li> <li><strong>T\u00f6megk\u00f6zleked\u00e9ssel:<\/strong> 73, 74, 76-os trolibusz (Rottenbiller u. \/ Istv\u00e1n u. meg\u00e1ll\u00f3). M2 metr\u00f3 \u2013 Keleti p\u00e1lyaudvar \u2013 Bethlen G\u00e1bor utc\u00e1n haladva a Baross t\u00e9rt\u0151l a 3. sarok az Istv\u00e1n u., ott balra fordulni \u00e9s kb. 100 m a bej\u00e1rat. 7-es busz \u2013 Keleti p\u00e1lyaudvar \u2013 Bethlen G\u00e1bor utc\u00e1n haladva a Baross t\u00e9rt\u0151l a 3. sarok az Istv\u00e1n u., ott balra fordulni \u00e9s kb. 100 m a bej\u00e1rat.<\/li> <\/ul> <p><strong>Postac\u00edm:<\/strong> 1400 Budapest, Pf. 2.<\/p> <p><strong>E-mail:<\/strong> <a class=\"decrypt\" rel=\"cfmhzphzbt{buAvojwfu\/iv\" href=\"javascript:void(0);\">[Kattintson az emailc\u00edmhez]<\/a><\/p> <p>Az egyes \u00e1llatorvosaink e-mail el\u00e9rhet\u0151s\u00e9g\u00e9t a <a href=\"https:\/\/univet.hu\/hu\/klinikak\/kisallatklinika\/belgyogyaszat\/munkatarsaink\/\">Munkat\u00e1rsaink<\/a> linkn\u00e9l tal\u00e1lja.<\/p> <p><strong>Telefon:<\/strong> (1)478-41-47<\/p> <p><strong>Fax:<\/strong> (1)478-4137<\/p> <p>&nbsp;<\/p> <p><iframe loading=\"lazy\" class=\"img\" src=\"http:\/\/maps.google.com\/maps?f=q&amp;source=s_q&amp;hl=hu&amp;geocode=&amp;q=1078+Budapest,+Istv%C3%A1n+u.+2.&amp;sll=37.0625,-95.677068&amp;sspn=35.957999,56.337891&amp;ie=UTF8&amp;ll=47.510186,19.081964&amp;spn=0.007494,0.013754&amp;z=14&amp;iwloc=A&amp;output=embed\" width=\"425\" height=\"350\" frameborder=\"0\" marginwidth=\"0\" marginheight=\"0\" scrolling=\"no\" data-replaced=\"true\"><\/iframe><\/p>","protected":false},"excerpt":{"rendered":"<p>C\u00edm: 1078 Budapest, Istv\u00e1n u. 2. &#8222;A&#8221; \u00e9p\u00fclet Megk\u00f6zel\u00edt\u00e9s: Aut\u00f3val: a Rottenbiller u. fel\u0151l lehet behajtani az Istv\u00e1n utc\u00e1ra, a sarokt\u00f3l kb. 100-150 m\u00e9terre a menetir\u00e1nynak megfelel\u0151en balra tal\u00e1lhat\u00f3 a f\u0151bej\u00e1rat. T\u00f6megk\u00f6zleked\u00e9ssel: 73, 74, 76-os trolibusz (Rottenbiller u. \/ Istv\u00e1n u. meg\u00e1ll\u00f3). M2 metr\u00f3 \u2013 Keleti p\u00e1lyaudvar \u2013 Bethlen G\u00e1bor utc\u00e1n haladva a Baross t\u00e9rt\u0151l<\/p>\n","protected":false},"author":1,"featured_media":0,"parent":18647,"menu_order":0,"comment_status":"closed","ping_status":"closed","template":"","meta":{"_acf_changed":false,"footnotes":""},"categories":[],"tags":[],"class_list":["post-18449","page","type-page","status-publish","hentry"],"acf":[],"_links":{"self":[{"href":"https:\/\/univet.hu\/hu\/wp-json\/wp\/v2\/pages\/18449","targetHints":{"allow":["GET"]}}],"collection":[{"href":"https:\/\/univet.hu\/hu\/wp-json\/wp\/v2\/pages"}],"about":[{"href":"https:\/\/univet.hu\/hu\/wp-json\/wp\/v2\/types\/page"}],"author":[{"embeddable":true,"href":"https:\/\/univet.hu\/hu\/wp-json\/wp\/v2\/users\/1"}],"replies":[{"embeddable":true,"href":"https:\/\/univet.hu\/hu\/wp-json\/wp\/v2\/comments?post=18449"}],"version-history":[{"count":0,"href":"https:\/\/univet.hu\/hu\/wp-json\/wp\/v2\/pages\/18449\/revisions"}],"up":[{"embeddable":true,"href":"https:\/\/univet.hu\/hu\/wp-json\/wp\/v2\/pages\/18647"}],"wp:attachment":[{"href":"https:\/\/univet.hu\/hu\/wp-json\/wp\/v2\/media?parent=18449"}],"wp:term":[{"taxonomy":"category","embeddable":true,"href":"https:\/\/univet.hu\/hu\/wp-json\/wp\/v2\/categories?post=18449"},{"taxonomy":"post_tag","embeddable":true,"href":"https:\/\/univet.hu\/hu\/wp-json\/wp\/v2\/tags?post=18449"}],"curies":[{"name":"wp","href":"https:\/\/api.w.org\/{rel}","templated":true}]}}