{"id":184502,"date":"2025-05-13T10:25:11","date_gmt":"2025-05-13T08:25:11","guid":{"rendered":"https:\/\/univet.hu\/hu\/egyetem\/kozerdeku-adatok\/gazdalkodasi-adatok\/new_child_page\/"},"modified":"2025-05-13T10:32:20","modified_gmt":"2025-05-13T08:32:20","slug":"2024-evi-beszamolo","status":"publish","type":"page","link":"https:\/\/univet.hu\/hu\/egyetem\/kozerdeku-adatok\/gazdalkodasi-adatok\/2024-evi-beszamolo\/","title":{"rendered":"2024. \u00e9vi besz\u00e1mol\u00f3"},"content":{"rendered":"<p>&nbsp;<\/p> <p><a href=\"https:\/\/univet.hu\/wp-content\/uploads\/2025\/05\/ATE-eves-beszamolo-es-kozhasznusagi-beszamolo-2024.pdf\">\u00c1TE \u00e9ves besz\u00e1mol\u00f3 \u00e9s k\u00f6zhaszn\u00fas\u00e1gi besz\u00e1mol\u00f3 2024<\/a><\/p> <p><a href=\"https:\/\/univet.hu\/wp-content\/uploads\/2025\/05\/ATE-fuggetlen-konyvvizsgaloi-jelentes_2024.pdf\">\u00c1TE f\u00fcggetlen k\u00f6nyvvizsg\u00e1l\u00f3i jelent\u00e9s 2024<\/a><\/p> <p><a href=\"https:\/\/univet.hu\/wp-content\/uploads\/2025\/05\/ATE-kiegeszito-melleklet-2024.pdf\">\u00c1TE kieg\u00e9sz\u00edt\u0151 mell\u00e9klet 2024<\/a><\/p> <p><a href=\"https:\/\/univet.hu\/wp-content\/uploads\/2025\/05\/ATE-kozhasznusagi-szakmai-beszamolo-2024.pdf\">\u00c1TE k\u00f6zhaszn\u00fas\u00e1gi szakmai besz\u00e1mol\u00f3 2024<\/a><\/p>","protected":false},"excerpt":{"rendered":"<p>&nbsp; \u00c1TE \u00e9ves besz\u00e1mol\u00f3 \u00e9s k\u00f6zhaszn\u00fas\u00e1gi besz\u00e1mol\u00f3 2024 \u00c1TE f\u00fcggetlen k\u00f6nyvvizsg\u00e1l\u00f3i jelent\u00e9s 2024 \u00c1TE kieg\u00e9sz\u00edt\u0151 mell\u00e9klet 2024 \u00c1TE k\u00f6zhaszn\u00fas\u00e1gi szakmai besz\u00e1mol\u00f3 2024<\/p>\n","protected":false},"author":2518,"featured_media":0,"parent":64693,"menu_order":26,"comment_status":"open","ping_status":"open","template":"","meta":{"_acf_changed":false,"footnotes":""},"categories":[],"tags":[],"class_list":["post-184502","page","type-page","status-publish","hentry"],"acf":[],"_links":{"self":[{"href":"https:\/\/univet.hu\/hu\/wp-json\/wp\/v2\/pages\/184502","targetHints":{"allow":["GET"]}}],"collection":[{"href":"https:\/\/univet.hu\/hu\/wp-json\/wp\/v2\/pages"}],"about":[{"href":"https:\/\/univet.hu\/hu\/wp-json\/wp\/v2\/types\/page"}],"author":[{"embeddable":true,"href":"https:\/\/univet.hu\/hu\/wp-json\/wp\/v2\/users\/2518"}],"replies":[{"embeddable":true,"href":"https:\/\/univet.hu\/hu\/wp-json\/wp\/v2\/comments?post=184502"}],"version-history":[{"count":4,"href":"https:\/\/univet.hu\/hu\/wp-json\/wp\/v2\/pages\/184502\/revisions"}],"predecessor-version":[{"id":184518,"href":"https:\/\/univet.hu\/hu\/wp-json\/wp\/v2\/pages\/184502\/revisions\/184518"}],"up":[{"embeddable":true,"href":"https:\/\/univet.hu\/hu\/wp-json\/wp\/v2\/pages\/64693"}],"wp:attachment":[{"href":"https:\/\/univet.hu\/hu\/wp-json\/wp\/v2\/media?parent=184502"}],"wp:term":[{"taxonomy":"category","embeddable":true,"href":"https:\/\/univet.hu\/hu\/wp-json\/wp\/v2\/categories?post=184502"},{"taxonomy":"post_tag","embeddable":true,"href":"https:\/\/univet.hu\/hu\/wp-json\/wp\/v2\/tags?post=184502"}],"curies":[{"name":"wp","href":"https:\/\/api.w.org\/{rel}","templated":true}]}}