{"id":18452,"date":"2018-09-15T18:37:29","date_gmt":"2018-09-15T16:37:29","guid":{"rendered":"http:\/\/univet.hu\/klinikak\/kisallatklinika\/belgyogyaszat\/igy-csinaljuk-mi\/oltasok\/"},"modified":"2018-09-16T00:09:17","modified_gmt":"2018-09-15T22:09:17","slug":"oltasok","status":"publish","type":"page","link":"https:\/\/univet.hu\/hu\/klinikak\/kisallatklinika\/belgyogyaszat\/igy-csinaljuk-mi\/oltasok\/","title":{"rendered":"Olt\u00e1sok"},"content":{"rendered":"<p>Klinik\u00e1nkon vakcin\u00e1z\u00e1sokat rendel\u00e9si id\u0151ben, h\u00e9tk\u00f6znaponk\u00e9nt 9-22, h\u00e9tv\u00e9genk\u00e9nt 9-20 \u00f3ra k\u00f6z\u00f6tt v\u00e9gz\u00fcnk. Csak eg\u00e9szs\u00e9ges \u00e1llatokat r\u00e9szes\u00edt\u00fcnk v\u00e9d\u0151olt\u00e1sban.<\/p> <h3>Kutya<\/h3> <p><span style=\"color: #ff0000;\">piros=k\u00f6telez\u0151<\/span>, <span style=\"color: #008000;\">z\u00f6ld=aj\u00e1nlott<\/span><\/p> <p><strong>K\u00f6ly\u00f6k eset\u00e9n<\/strong><\/p> <table style=\"width: 100%;\" cellpadding=\"5\"> <tbody> <tr> <td>6-8 hetes korban:<\/td> <td><span style=\"color: #008000;\">Parvov\u00edrus elleni olt\u00e1s (+ f\u00e9reghajt\u00e1s)<\/span><\/td> <\/tr> <tr> <td>8-10 hetes korban:<\/td> <td><span style=\"color: #008000;\">1. kombin\u00e1lt olt\u00e1s (+ f\u00e9reghajt\u00e1s)<\/span><\/td> <\/tr> <tr> <td>11-12 hetes korban:<\/td> <td><span style=\"color: #008000;\">2. kombin\u00e1lt olt\u00e1s (+ f\u00e9reghajt\u00e1s)<\/span><\/td> <\/tr> <tr> <td>13-14 hetes korban:<\/td> <td><span style=\"color: #008000;\">3. kombin\u00e1lt olt\u00e1s (+ f\u00e9reghajt\u00e1s)<\/span><\/td> <\/tr> <tr> <td>16 hetes korban:<\/td> <td><span style=\"color: #ff0000;\">1. veszetts\u00e9g olt\u00e1s<\/span><\/td> <\/tr> <tr> <td>10 h\u00f3napos korban:<\/td> <td><span style=\"color: #ff0000;\">2. veszetts\u00e9g olt\u00e1s<\/span><\/td> <\/tr> <\/tbody> <\/table> <p><strong>A kiskutya legkor\u00e1bban a 12 hetes kor bet\u00f6lt\u00e9se ut\u00e1n beadott kombin\u00e1lt olt\u00e1s ut\u00e1n 1 h\u00e9ttel mehet ki az utc\u00e1ra.<\/strong><\/p> <p><strong>Feln\u0151tt \u00e1llat eset\u00e9n<\/strong><\/p> <ul> <li>Az &#8222;eml\u00e9keztet\u0151&#8221; kombin\u00e1lt olt\u00e1st az utols\u00f3 k\u00f6ly\u00f6kkori kombin\u00e1lt olt\u00e1shoz k\u00e9pest 1 \u00e9vvel k\u00e9s\u0151bb \u00e9rdemes beadni.<\/li> <li>Ezt k\u00f6vet\u0151en \u00e9vente 1 alkalommal: <span style=\"color: #ff0000;\">veszetts\u00e9g<\/span> + <span style=\"color: #008000;\">kombin\u00e1lt olt\u00e1s<\/span> <span style=\"color: #ff0000;\">(f\u00e9reghajt\u00e1s)<\/span><\/li> <li>A <span style=\"color: #008000;\">f\u00e9reghajt\u00e1st<\/span> \u00e9vente egyszer <span style=\"color: #ff0000;\">k\u00f6telez\u0151<\/span>, de aj\u00e1nlott <span style=\"color: #008000;\">3 havonta<\/span> elv\u00e9gezni.<\/li> <\/ul> <p><a href=\"https:\/\/univet.hu\/wp-content\/uploads\/2018\/09\/oltasok-1.jpg\" data-replaced=\"true\"><img loading=\"lazy\" decoding=\"async\" class=\"alignnone wp-image-18601 size-full\" src=\"https:\/\/univet.hu\/wp-content\/uploads\/2018\/09\/oltasok-1.jpg\" data-replaced=\"true\" alt=\"\" width=\"920\" height=\"303\" srcset=\"https:\/\/univet.hu\/wp-content\/uploads\/2018\/09\/oltasok-1.jpg 920w, https:\/\/univet.hu\/wp-content\/uploads\/2018\/09\/oltasok-1-320x105.jpg 320w, https:\/\/univet.hu\/wp-content\/uploads\/2018\/09\/oltasok-1-768x253.jpg 768w\" sizes=\"auto, (max-width: 920px) 100vw, 920px\" \/><\/a><\/p> <h3>Macska<\/h3> <p><span style=\"color: #ff0000;\">piros=k\u00f6telez\u0151<\/span>, <span style=\"color: #008000;\">z\u00f6ld=aj\u00e1nlott<\/span><\/p> <p><strong>K\u00f6ly\u00f6k eset\u00e9n<\/strong><\/p> <table style=\"width: 100%;\" cellpadding=\"5\"> <tbody> <tr> <td>8-10 hetes korban:<\/td> <td><span style=\"color: #008000;\">1. kombin\u00e1lt olt\u00e1s (+ f\u00e9reghajt\u00e1s)<\/span><\/td> <\/tr> <tr> <td>12-13 hetes korban:<\/td> <td><span style=\"color: #008000;\">2. kombin\u00e1lt olt\u00e1s (+ f\u00e9reghajt\u00e1s)<\/span><\/td> <\/tr> <tr> <td>13-14 hetes korban:<\/td> <td><span style=\"color: #008000;\">1. macskaleuk\u00f3zis olt\u00e1s<\/span><\/td> <\/tr> <tr> <td>15-16 hetes korban:<\/td> <td><span style=\"color: #008000;\">2. macskaleuk\u00f3zis olt\u00e1s<\/span><\/td> <\/tr> <tr> <td>16-18 hetes korban:<\/td> <td><span style=\"color: #008000;\">veszetts\u00e9g olt\u00e1s<\/span><\/td> <\/tr> <\/tbody> <\/table> <p><strong>Feln\u0151tt \u00e1llat eset\u00e9n<\/strong><\/p> <ul> <li>Az &#8222;eml\u00e9keztet\u0151&#8221; kombin\u00e1lt olt\u00e1st az utols\u00f3 k\u00f6ly\u00f6kkori kombin\u00e1lt olt\u00e1shoz k\u00e9pest 1 \u00e9vvel k\u00e9s\u0151bb \u00e9rdemes beadni.<\/li> <li>\u00c9vente 1 alkalommal: <span style=\"color: #008000;\">kombin\u00e1lt + kij\u00e1r\u00f3 \u00e1llat eset\u00e9ben macskaleuk\u00f3zis \u00e9s veszetts\u00e9g olt\u00e1s<\/span><\/li> <li>A <span style=\"color: #008000;\">f\u00e9reghajt\u00e1st<\/span> aj\u00e1nlott <span style=\"color: #008000;\">3 havonta<\/span> elv\u00e9gezni.<\/li> <\/ul>","protected":false},"excerpt":{"rendered":"<p>Klinik\u00e1nkon vakcin\u00e1z\u00e1sokat rendel\u00e9si id\u0151ben, h\u00e9tk\u00f6znaponk\u00e9nt 9-22, h\u00e9tv\u00e9genk\u00e9nt 9-20 \u00f3ra k\u00f6z\u00f6tt v\u00e9gz\u00fcnk. Csak eg\u00e9szs\u00e9ges \u00e1llatokat r\u00e9szes\u00edt\u00fcnk v\u00e9d\u0151olt\u00e1sban. Kutya piros=k\u00f6telez\u0151, z\u00f6ld=aj\u00e1nlott K\u00f6ly\u00f6k eset\u00e9n 6-8 hetes korban: Parvov\u00edrus elleni olt\u00e1s (+ f\u00e9reghajt\u00e1s) 8-10 hetes korban: 1. kombin\u00e1lt olt\u00e1s (+ f\u00e9reghajt\u00e1s) 11-12 hetes korban: 2. kombin\u00e1lt olt\u00e1s (+ f\u00e9reghajt\u00e1s) 13-14 hetes korban: 3. kombin\u00e1lt olt\u00e1s (+ f\u00e9reghajt\u00e1s) 16 hetes<\/p>\n","protected":false},"author":1,"featured_media":0,"parent":18443,"menu_order":112,"comment_status":"closed","ping_status":"closed","template":"","meta":{"_acf_changed":false,"footnotes":""},"categories":[],"tags":[],"class_list":["post-18452","page","type-page","status-publish","hentry"],"acf":[],"_links":{"self":[{"href":"https:\/\/univet.hu\/hu\/wp-json\/wp\/v2\/pages\/18452","targetHints":{"allow":["GET"]}}],"collection":[{"href":"https:\/\/univet.hu\/hu\/wp-json\/wp\/v2\/pages"}],"about":[{"href":"https:\/\/univet.hu\/hu\/wp-json\/wp\/v2\/types\/page"}],"author":[{"embeddable":true,"href":"https:\/\/univet.hu\/hu\/wp-json\/wp\/v2\/users\/1"}],"replies":[{"embeddable":true,"href":"https:\/\/univet.hu\/hu\/wp-json\/wp\/v2\/comments?post=18452"}],"version-history":[{"count":0,"href":"https:\/\/univet.hu\/hu\/wp-json\/wp\/v2\/pages\/18452\/revisions"}],"up":[{"embeddable":true,"href":"https:\/\/univet.hu\/hu\/wp-json\/wp\/v2\/pages\/18443"}],"wp:attachment":[{"href":"https:\/\/univet.hu\/hu\/wp-json\/wp\/v2\/media?parent=18452"}],"wp:term":[{"taxonomy":"category","embeddable":true,"href":"https:\/\/univet.hu\/hu\/wp-json\/wp\/v2\/categories?post=18452"},{"taxonomy":"post_tag","embeddable":true,"href":"https:\/\/univet.hu\/hu\/wp-json\/wp\/v2\/tags?post=18452"}],"curies":[{"name":"wp","href":"https:\/\/api.w.org\/{rel}","templated":true}]}}