{"id":18458,"date":"2018-09-15T18:47:52","date_gmt":"2018-09-15T16:47:52","guid":{"rendered":"http:\/\/univet.hu\/klinikak\/kisallatklinika\/belgyogyaszat\/ambulans-betegellatas\/a-korhazi-felvetel-menete\/"},"modified":"2018-09-16T00:12:21","modified_gmt":"2018-09-15T22:12:21","slug":"a-korhazi-felvetel-menete","status":"publish","type":"page","link":"https:\/\/univet.hu\/hu\/klinikak\/kisallatklinika\/belgyogyaszat\/korhazi-betegellatas\/a-korhazi-felvetel-menete\/","title":{"rendered":"A k\u00f3rh\u00e1zi felv\u00e9tel menete"},"content":{"rendered":"<p>A k\u00f3rh\u00e1zi felv\u00e9tel a Belgy\u00f3gy\u00e1szat Szakambulanci\u00e1j\u00e1n t\u00f6rt\u00e9nik, el\u0151jegyz\u00e9s alapj\u00e1n. Id\u0151pontot a recepci\u00f3n ig\u00e9nyelhet, szem\u00e9lyesen vagy telefonon kereszt\u00fcl. A k\u00f3rh\u00e1zi felv\u00e9telhez kezel\u0151orvosi beutal\u00f3 javasolt \u00e9s olt\u00e1si k\u00f6nyv sz\u00fcks\u00e9ges. K\u00e9rj\u00fck, hogy ne felejts\u00e9k magukkal elhozni a beteg eddigi leleteit \u00e9s kezel\u00e9seit tartalmaz\u00f3 k\u00f3rlapokat<\/p> <p>Az \u00e9letvesz\u00e9lyes \u00e1llapotban l\u00e9v\u0151 betegeket \u2013 beutal\u00f3 \u00e9s el\u0151zetes id\u0151pont egyeztet\u00e9s n\u00e9lk\u00fcl is \u2013 soron k\u00edv\u00fcl ell\u00e1tjuk.<\/p> <p>K\u00e9rj\u00fck, hogy meg\u00e9rkez\u00e9sekor minden esetben szem\u00e9lyesen jelentkezzen be a recepci\u00f3n, ahol koll\u00e9g\u00e1ink sz\u00e1m\u00edt\u00f3g\u00e9pes rendszeren kereszt\u00fcl regisztr\u00e1lj\u00e1k a beteg \u00e9s a tulajdonos adatait. \u00cdgy \u00e9rtes\u00fcl\u00fcnk arr\u00f3l, hogy kedvenc\u00e9vel meg\u00e9rkezett a vizsg\u00e1latra \u00e9s a v\u00e1r\u00f3ban v\u00e1rakozik. A k\u00f3rh\u00e1zi felv\u00e9telre \u00e9rkez\u0151 betegeket Belgy\u00f3gy\u00e1szati Ambulanci\u00e1n fogadjuk, ahova a betegek beh\u00edv\u00e1sa egy sorsz\u00e1moz\u00f3 rendszer seg\u00edts\u00e9g\u00e9vel t\u00f6rt\u00e9nik. A beteget egy belgy\u00f3gy\u00e1sz szakorvos vizsg\u00e1lja meg. A vizsg\u00e1latban \u00e9s az \u00e1llat ell\u00e1t\u00e1s\u00e1ban \u00e1llatorvos-gyakornokok, szakasszisztensek \u00e9s \u00e1llatorvostan hallgat\u00f3k is r\u00e9szt vesznek. Ezt k\u00f6vet\u0151en az \u00e1llatorvos koll\u00e9g\u00e1nk t\u00e1j\u00e9koztatja \u00d6nt a k\u00f3rh\u00e1zi tart\u00f3zkod\u00e1s k\u00f6r\u00fclm\u00e9nyeir\u0151l \u00e9s felt\u00e9teleir\u0151l, nem utols\u00f3 sorban a v\u00e1rhat\u00f3 k\u00f6lts\u00e9gekr\u0151l is. A vizsg\u00e1lat ut\u00e1n a beteget asszisztenseink h\u00e1trak\u00eds\u00e9rik a k\u00f3rh\u00e1zi r\u00e9szlegbe, ami az \u00e9p\u00fclet m\u00e1sik sz\u00e1rny\u00e1ban tal\u00e1lhat\u00f3. A legfontosabb inform\u00e1ci\u00f3kat a \u201etulajdonosi t\u00e1j\u00e9koztat\u00f3\u201d \u00e9s \u201e\u00e1rlista\u201d c\u00edm\u0171 dokumentumokban is elolvashatja.<\/p> <p>Szeretn\u00e9nk felh\u00edvni a figyelm\u00e9t arra, hogy k\u00f3rh\u00e1zi felv\u00e9telre csak k\u00f3rh\u00e1zi el\u0151leg befizet\u00e9s\u00e9t k\u00f6vet\u0151en ker\u00fclhet sor. K\u00f3rh\u00e1zba csak a kezel\u00e9s sor\u00e1n egy\u00fcttm\u0171k\u00f6d\u0151, agressz\u00edv viselked\u00e9st nem mutat\u00f3 \u00e1llatot vesz\u00fcnk fel. A kuty\u00e1knak tov\u00e1bb\u00e1 \u00e9rv\u00e9nyes veszetts\u00e9g olt\u00e1ssal \u00e9s microchippel kell rendelkezni\u00fck.<\/p> <p>Embert is megbeteg\u00edt\u0151, \u00fan. zoonotikus betegs\u00e9gben szenved\u0151 b\u0151rbeteg \u00e1llatok (pl. r\u00fchatk\u00e1ss\u00e1g, b\u0151rgomb\u00e1ss\u00e1g) k\u00f3rh\u00e1zi ell\u00e1t\u00e1s\u00e1t nem v\u00e1llaljuk.<\/p> <p>Egyes s\u00falyos \u00e1llapottal j\u00e1r\u00f3 \u00e9s intenz\u00edv ell\u00e1t\u00e1st ig\u00e9nyl\u0151 zoonotikus betegs\u00e9gek eset\u00e9n (pl. leptospirosis) a beteg felv\u00e9tel\u00e9r\u0151l a felvev\u0151 \u00e1llatorvos d\u00f6nt, ilyenkor a beteg ell\u00e1t\u00e1sa szigor\u00fa higi\u00e9niai szab\u00e1lyok betart\u00e1sa mellett t\u00f6rt\u00e9nik. A veszetts\u00e9g szempontj\u00e1b\u00f3l agg\u00e1lyos vagy gyan\u00fas beteget a ter\u00fcletileg illet\u00e9kes hat\u00f3s\u00e1gi \u00e1llatorvoshoz ir\u00e1ny\u00edtjuk \u00e1t.<\/p>","protected":false},"excerpt":{"rendered":"<p>A k\u00f3rh\u00e1zi felv\u00e9tel a Belgy\u00f3gy\u00e1szat Szakambulanci\u00e1j\u00e1n t\u00f6rt\u00e9nik, el\u0151jegyz\u00e9s alapj\u00e1n. Id\u0151pontot a recepci\u00f3n ig\u00e9nyelhet, szem\u00e9lyesen vagy telefonon kereszt\u00fcl. A k\u00f3rh\u00e1zi felv\u00e9telhez kezel\u0151orvosi beutal\u00f3 javasolt \u00e9s olt\u00e1si k\u00f6nyv sz\u00fcks\u00e9ges. K\u00e9rj\u00fck, hogy ne felejts\u00e9k magukkal elhozni a beteg eddigi leleteit \u00e9s kezel\u00e9seit tartalmaz\u00f3 k\u00f3rlapokat Az \u00e9letvesz\u00e9lyes \u00e1llapotban l\u00e9v\u0151 betegeket \u2013 beutal\u00f3 \u00e9s el\u0151zetes id\u0151pont egyeztet\u00e9s n\u00e9lk\u00fcl is \u2013<\/p>\n","protected":false},"author":1,"featured_media":0,"parent":18456,"menu_order":0,"comment_status":"closed","ping_status":"closed","template":"","meta":{"_acf_changed":false,"footnotes":""},"categories":[],"tags":[],"class_list":["post-18458","page","type-page","status-publish","hentry"],"acf":[],"_links":{"self":[{"href":"https:\/\/univet.hu\/hu\/wp-json\/wp\/v2\/pages\/18458","targetHints":{"allow":["GET"]}}],"collection":[{"href":"https:\/\/univet.hu\/hu\/wp-json\/wp\/v2\/pages"}],"about":[{"href":"https:\/\/univet.hu\/hu\/wp-json\/wp\/v2\/types\/page"}],"author":[{"embeddable":true,"href":"https:\/\/univet.hu\/hu\/wp-json\/wp\/v2\/users\/1"}],"replies":[{"embeddable":true,"href":"https:\/\/univet.hu\/hu\/wp-json\/wp\/v2\/comments?post=18458"}],"version-history":[{"count":0,"href":"https:\/\/univet.hu\/hu\/wp-json\/wp\/v2\/pages\/18458\/revisions"}],"up":[{"embeddable":true,"href":"https:\/\/univet.hu\/hu\/wp-json\/wp\/v2\/pages\/18456"}],"wp:attachment":[{"href":"https:\/\/univet.hu\/hu\/wp-json\/wp\/v2\/media?parent=18458"}],"wp:term":[{"taxonomy":"category","embeddable":true,"href":"https:\/\/univet.hu\/hu\/wp-json\/wp\/v2\/categories?post=18458"},{"taxonomy":"post_tag","embeddable":true,"href":"https:\/\/univet.hu\/hu\/wp-json\/wp\/v2\/tags?post=18458"}],"curies":[{"name":"wp","href":"https:\/\/api.w.org\/{rel}","templated":true}]}}