{"id":18462,"date":"2018-09-15T18:51:10","date_gmt":"2018-09-15T16:51:10","guid":{"rendered":"http:\/\/univet.hu\/?page_id=18462"},"modified":"2018-09-16T00:13:02","modified_gmt":"2018-09-15T22:13:02","slug":"specialis-premium-beavatkozasok","status":"publish","type":"page","link":"https:\/\/univet.hu\/hu\/klinikak\/kisallatklinika\/belgyogyaszat\/korhazi-betegellatas\/specialis-premium-beavatkozasok\/","title":{"rendered":"Speci\u00e1lis, pr\u00e9mium beavatkoz\u00e1sok"},"content":{"rendered":"<ul> <li>tart\u00f3s cseppinf\u00fazi\u00f3s folyad\u00e9kter\u00e1pia perif\u00e9ri\u00e1s vagy centr\u00e1lis v\u00e9n\u00e1s kat\u00e9teren kereszt\u00fcl<\/li> <li>\u201eintenz\u00edv \u0151rz\u0151\u201d: klinikai alap\u00e9rt\u00e9kek (pl. h\u0151m\u00e9rs\u00e9klet, v\u00e9rnyom\u00e1s, sz\u00edvritmus, l\u00e9gz\u00e9sfunkci\u00f3k) folyamatos, intenz\u00edv monitoroz\u00e1sa<\/li> <li>tart\u00f3s oxigeniz\u00e1ci\u00f3 (oxig\u00e9nketrecben vagy naz\u00e1lis oxig\u00e9n-kat\u00e9teren kereszt\u00fcl)<\/li> <li>v\u00e9r\u00e1t\u00f6mleszt\u00e9s kuty\u00e1nak \u00e9s macsk\u00e1nak (fert\u0151z\u0151 betegs\u00e9gekre sz\u0171rt donor \u00e1llatokt\u00f3l)<\/li> <li>mesters\u00e9ges t\u00e1pl\u00e1l\u00e1s t\u00e1pszonda seg\u00edts\u00e9g\u00e9vel, t\u00e1pszonda be\u00fcltet\u00e9s<\/li> <li>speci\u00e1lis, folyamatos f\u00e1jdalomcsillap\u00edt\u00e1s<\/li> <li>test\u00fcregi drainek kezel\u00e9se<\/li> <li>peritonealis dial\u00edzis<\/li> <li>folyamatos g\u00f6rcsold\u00e1s, mesters\u00e9ges altat\u00e1s<\/li> <li>egyes v\u00e9rparam\u00e9terek (pl. v\u00e9rcukorszint, elektrolitok) folyamatos vagy gyakori monitoroz\u00e1sa<\/li> <li>nagyobb m\u0171t\u00e9ti beavatkoz\u00e1st k\u00f6vet\u0151 intenz\u00edv ell\u00e1t\u00e1s<\/li> <li>\u00f6ntudatlan vagy mozg\u00e1sk\u00e9ptelen beteg szakasszisztensi ell\u00e1t\u00e1sa: pl. fizioter\u00e1pia, t\u00e1pl\u00e1l\u00e1s, gondoz\u00e1s<\/li> <\/ul>  \t\t<ul id='gallery-1' class='gallery galleryid-18462 block-grid-xs-2 block-grid-sm-3 block-grid-md-4 block-grid-lg-5'><li class='gallery-item'>         <span class='gallery-icon'>             <a href='https:\/\/univet.hu\/wp-content\/uploads\/2018\/09\/premium-beavatkozasok-1.jpg'><img loading=\"lazy\" decoding=\"async\" width=\"320\" height=\"320\" src=\"https:\/\/univet.hu\/wp-content\/uploads\/2018\/09\/premium-beavatkozasok-1-320x320.jpg\" class=\"attachment-thumbnail size-thumbnail\" alt=\"\" \/><\/a>         <\/span><\/li><li class='gallery-item'>         <span class='gallery-icon'>             <a href='https:\/\/univet.hu\/wp-content\/uploads\/2018\/09\/premium-beavatkozasok-2.jpg'><img loading=\"lazy\" decoding=\"async\" width=\"320\" height=\"320\" src=\"https:\/\/univet.hu\/wp-content\/uploads\/2018\/09\/premium-beavatkozasok-2-320x320.jpg\" class=\"attachment-thumbnail size-thumbnail\" alt=\"\" \/><\/a>         <\/span><\/li><\/ul>","protected":false},"excerpt":{"rendered":"<p>tart\u00f3s cseppinf\u00fazi\u00f3s folyad\u00e9kter\u00e1pia perif\u00e9ri\u00e1s vagy centr\u00e1lis v\u00e9n\u00e1s kat\u00e9teren kereszt\u00fcl \u201eintenz\u00edv \u0151rz\u0151\u201d: klinikai alap\u00e9rt\u00e9kek (pl. h\u0151m\u00e9rs\u00e9klet, v\u00e9rnyom\u00e1s, sz\u00edvritmus, l\u00e9gz\u00e9sfunkci\u00f3k) folyamatos, intenz\u00edv monitoroz\u00e1sa tart\u00f3s oxigeniz\u00e1ci\u00f3 (oxig\u00e9nketrecben vagy naz\u00e1lis oxig\u00e9n-kat\u00e9teren kereszt\u00fcl) v\u00e9r\u00e1t\u00f6mleszt\u00e9s kuty\u00e1nak \u00e9s macsk\u00e1nak (fert\u0151z\u0151 betegs\u00e9gekre sz\u0171rt donor \u00e1llatokt\u00f3l) mesters\u00e9ges t\u00e1pl\u00e1l\u00e1s t\u00e1pszonda seg\u00edts\u00e9g\u00e9vel, t\u00e1pszonda be\u00fcltet\u00e9s speci\u00e1lis, folyamatos f\u00e1jdalomcsillap\u00edt\u00e1s test\u00fcregi drainek kezel\u00e9se peritonealis dial\u00edzis folyamatos g\u00f6rcsold\u00e1s, mesters\u00e9ges altat\u00e1s<\/p>\n","protected":false},"author":1,"featured_media":0,"parent":18456,"menu_order":0,"comment_status":"closed","ping_status":"closed","template":"","meta":{"_acf_changed":false,"footnotes":""},"categories":[],"tags":[],"class_list":["post-18462","page","type-page","status-publish","hentry"],"acf":[],"_links":{"self":[{"href":"https:\/\/univet.hu\/hu\/wp-json\/wp\/v2\/pages\/18462","targetHints":{"allow":["GET"]}}],"collection":[{"href":"https:\/\/univet.hu\/hu\/wp-json\/wp\/v2\/pages"}],"about":[{"href":"https:\/\/univet.hu\/hu\/wp-json\/wp\/v2\/types\/page"}],"author":[{"embeddable":true,"href":"https:\/\/univet.hu\/hu\/wp-json\/wp\/v2\/users\/1"}],"replies":[{"embeddable":true,"href":"https:\/\/univet.hu\/hu\/wp-json\/wp\/v2\/comments?post=18462"}],"version-history":[{"count":0,"href":"https:\/\/univet.hu\/hu\/wp-json\/wp\/v2\/pages\/18462\/revisions"}],"up":[{"embeddable":true,"href":"https:\/\/univet.hu\/hu\/wp-json\/wp\/v2\/pages\/18456"}],"wp:attachment":[{"href":"https:\/\/univet.hu\/hu\/wp-json\/wp\/v2\/media?parent=18462"}],"wp:term":[{"taxonomy":"category","embeddable":true,"href":"https:\/\/univet.hu\/hu\/wp-json\/wp\/v2\/categories?post=18462"},{"taxonomy":"post_tag","embeddable":true,"href":"https:\/\/univet.hu\/hu\/wp-json\/wp\/v2\/tags?post=18462"}],"curies":[{"name":"wp","href":"https:\/\/api.w.org\/{rel}","templated":true}]}}