{"id":18470,"date":"2018-09-15T18:53:55","date_gmt":"2018-09-15T16:53:55","guid":{"rendered":"http:\/\/univet.hu\/?page_id=18470"},"modified":"2018-09-16T00:12:11","modified_gmt":"2018-09-15T22:12:11","slug":"a-korhaz-munkatarsai","status":"publish","type":"page","link":"https:\/\/univet.hu\/hu\/klinikak\/kisallatklinika\/belgyogyaszat\/korhazi-betegellatas\/a-korhaz-munkatarsai\/","title":{"rendered":"A k\u00f3rh\u00e1z munkat\u00e1rsai"},"content":{"rendered":"<h2>Vezet\u0151s\u00e9g<\/h2> <p><strong>Dr. Vizi Zsuzsanna (k\u00f3rh\u00e1zvezet\u0151)<\/strong><br \/> <a href=\"https:\/\/univet.hu\/hu\/egyetem\/munkatarsak\/vizi-zsuzsanna\/\" data-replaced=\"true\" rel=\"noopener\" target=\"_blank\">Tov\u00e1bb az adatlapra \u00bb<\/a><\/p> <p><strong>Dr. P\u00e1pa Kinga (k\u00f3rh\u00e1zvezet\u0151-helyettes)<\/strong><br \/> <a href=\"https:\/\/univet.hu\/hu\/egyetem\/munkatarsak\/papa-kinga\/\" data-replaced=\"true\" rel=\"noopener\" target=\"_blank\">Tov\u00e1bb az adatlapra \u00bb<\/a><\/p> <hr \/> <h2>\u00c1llatorvosok<\/h2> <p><strong>Dr. Aradi Zs\u00f3fia<\/strong><br \/> <a href=\"https:\/\/univet.hu\/hu\/egyetem\/munkatarsak\/aradi-zsofia\/\" data-replaced=\"true\" rel=\"noopener\" target=\"_blank\">Tov\u00e1bb az adatlapra \u00bb<\/a><\/p> <p><strong>Dr. Balogh M\u00e1rton <\/strong><br \/> <a href=\"https:\/\/univet.hu\/hu\/egyetem\/munkatarsak\/balogh-marton\/\" data-replaced=\"true\" rel=\"noopener\" target=\"_blank\">Tov\u00e1bb az adatlapra \u00bb<\/a><\/p> <p><strong>Dr. Becker Zsolt<\/strong><br \/> <a href=\"https:\/\/univet.hu\/hu\/egyetem\/munkatarsak\/becker-zsolt\/\" data-replaced=\"true\" rel=\"noopener\" target=\"_blank\">Tov\u00e1bb az adatlapra \u00bb<\/a><\/p> <p><strong>Dr. Falus Fruzsina<\/strong><br \/> <a href=\"https:\/\/univet.hu\/hu\/egyetem\/munkatarsak\/falus-fruzsina\/\" data-replaced=\"true\" rel=\"noopener\" target=\"_blank\">Tov\u00e1bb az adatlapra \u00bb<\/a><\/p> <p><strong>Dr. Kanyorszky T\u00fcnde<\/strong><\/p> <hr \/> <h2>Szakasszisztensek<\/h2> <p><strong>M\u00f3zes Katalin<\/strong><br \/> <a href=\"https:\/\/univet.hu\/hu\/egyetem\/munkatarsak\/mozes-katalin\/\" data-replaced=\"true\" rel=\"noopener\" target=\"_blank\">Tov\u00e1bb az adatlapra \u00bb<\/a><\/p> <p><strong>Pocsai D\u00f3ra<\/strong><br \/> <a href=\"https:\/\/univet.hu\/hu\/egyetem\/munkatarsak\/pocsai-dora\/\" data-replaced=\"true\" rel=\"noopener\" target=\"_blank\">Tov\u00e1bb az adatlapra \u00bb<\/a><\/p> <p><strong>R\u00f3th Mikl\u00f3s<\/strong><br \/> <a href=\"https:\/\/univet.hu\/hu\/egyetem\/munkatarsak\/roth-miklos\/\" data-replaced=\"true\" rel=\"noopener\" target=\"_blank\">Tov\u00e1bb az adatlapra \u00bb<\/a><\/p> <p><strong>Tak\u00e1cs Petra<\/strong><\/p> <p><strong>Varga Vikt\u00f3ria<\/strong><br \/> <a href=\"https:\/\/univet.hu\/hu\/egyetem\/munkatarsak\/varga-viktoria\/\" data-replaced=\"true\" rel=\"noopener\" target=\"_blank\">Tov\u00e1bb az adatlapra \u00bb<\/a><\/p>","protected":false},"excerpt":{"rendered":"<p>Vezet\u0151s\u00e9g Dr. Vizi Zsuzsanna (k\u00f3rh\u00e1zvezet\u0151) Tov\u00e1bb az adatlapra \u00bb Dr. P\u00e1pa Kinga (k\u00f3rh\u00e1zvezet\u0151-helyettes) Tov\u00e1bb az adatlapra \u00bb \u00c1llatorvosok Dr. Aradi Zs\u00f3fia Tov\u00e1bb az adatlapra \u00bb Dr. Balogh M\u00e1rton Tov\u00e1bb az adatlapra \u00bb Dr. Becker Zsolt Tov\u00e1bb az adatlapra \u00bb Dr. Falus Fruzsina Tov\u00e1bb az adatlapra \u00bb Dr. Kanyorszky T\u00fcnde Szakasszisztensek M\u00f3zes Katalin Tov\u00e1bb az adatlapra<\/p>\n","protected":false},"author":1,"featured_media":0,"parent":18456,"menu_order":0,"comment_status":"closed","ping_status":"closed","template":"","meta":{"_acf_changed":false,"footnotes":""},"categories":[],"tags":[],"class_list":["post-18470","page","type-page","status-publish","hentry"],"acf":[],"_links":{"self":[{"href":"https:\/\/univet.hu\/hu\/wp-json\/wp\/v2\/pages\/18470","targetHints":{"allow":["GET"]}}],"collection":[{"href":"https:\/\/univet.hu\/hu\/wp-json\/wp\/v2\/pages"}],"about":[{"href":"https:\/\/univet.hu\/hu\/wp-json\/wp\/v2\/types\/page"}],"author":[{"embeddable":true,"href":"https:\/\/univet.hu\/hu\/wp-json\/wp\/v2\/users\/1"}],"replies":[{"embeddable":true,"href":"https:\/\/univet.hu\/hu\/wp-json\/wp\/v2\/comments?post=18470"}],"version-history":[{"count":0,"href":"https:\/\/univet.hu\/hu\/wp-json\/wp\/v2\/pages\/18470\/revisions"}],"up":[{"embeddable":true,"href":"https:\/\/univet.hu\/hu\/wp-json\/wp\/v2\/pages\/18456"}],"wp:attachment":[{"href":"https:\/\/univet.hu\/hu\/wp-json\/wp\/v2\/media?parent=18470"}],"wp:term":[{"taxonomy":"category","embeddable":true,"href":"https:\/\/univet.hu\/hu\/wp-json\/wp\/v2\/categories?post=18470"},{"taxonomy":"post_tag","embeddable":true,"href":"https:\/\/univet.hu\/hu\/wp-json\/wp\/v2\/tags?post=18470"}],"curies":[{"name":"wp","href":"https:\/\/api.w.org\/{rel}","templated":true}]}}