{"id":18472,"date":"2018-09-15T18:54:26","date_gmt":"2018-09-15T16:54:26","guid":{"rendered":"http:\/\/univet.hu\/?page_id=18472"},"modified":"2026-01-13T12:25:57","modified_gmt":"2026-01-13T11:25:57","slug":"elerhetosegeink","status":"publish","type":"page","link":"https:\/\/univet.hu\/hu\/klinikak\/kisallatklinika\/belgyogyaszat\/korhazi-betegellatas\/elerhetosegeink\/","title":{"rendered":"El\u00e9rhet\u0151s\u00e9geink"},"content":{"rendered":"<h3>Telefonsz\u00e1mok:<\/h3> <ul> <li>recepci\u00f3, id\u0151pont egyeztet\u00e9s (8:00-20:00): 06-1-478-4147\/8007<\/li> <li>Intenz\u00edv Ter\u00e1pi\u00e1s Oszt\u00e1ly (8:00-20:00): 06-1-478-41-00\/8243<\/li> <li>\u00fcgyelet\/ambulancia (8:00-20:00): 06-1-478-41-00\/8237 vagy 8231<\/li> <\/ul> <h3>E-mail:<\/h3> <ul> <li><a class=\"decrypt\" rel=\"cfmhzphzbt{buAvojwfu\/iv\" href=\"javascript:void(0);\">[Kattintson az emailc\u00edmhez]<\/a><\/li> <\/ul> <h3>C\u00edm:<\/h3> <ul> <li>1078, Budapest, Istv\u00e1n utca 2.<\/li> <\/ul> <p><strong>Az egyetemi campus t\u00e9rk\u00e9pe:<\/strong><\/p> <p style=\"text-align: center\"><a href=\"https:\/\/univet.hu\/wp-content\/uploads\/2018\/09\/elerhetoseg-1.jpg\" data-replaced=\"true\"><img loading=\"lazy\" decoding=\"async\" class=\"alignnone wp-image-18549\" src=\"https:\/\/univet.hu\/wp-content\/uploads\/2018\/09\/elerhetoseg-1.jpg\" alt=\"\" width=\"600\" height=\"548\" data-replaced=\"true\" srcset=\"https:\/\/univet.hu\/wp-content\/uploads\/2018\/09\/elerhetoseg-1.jpg 932w, https:\/\/univet.hu\/wp-content\/uploads\/2018\/09\/elerhetoseg-1-320x292.jpg 320w, https:\/\/univet.hu\/wp-content\/uploads\/2018\/09\/elerhetoseg-1-768x701.jpg 768w\" sizes=\"auto, (max-width: 600px) 100vw, 600px\" \/><\/a><\/p> <p>A Kis\u00e1llatklinika az \u201eA\u201d \u00e9p\u00fcletben van, a recepci\u00f3 \u00e9s v\u00e1r\u00f3terem az Istv\u00e1n u. fel\u0151li oldalon, a k\u00f3rh\u00e1zi v\u00e1r\u00f3terem a Dembinszky u. fel\u0151li v\u00e9g\u00e9ben tal\u00e1lhat\u00f3.<\/p> <p><strong>Parkol\u00e1s:<\/strong><\/p> <p>A k\u00f6rnyez\u0151 utc\u00e1k fizet\u0151s parkol\u00e1si z\u00f3n\u00e1ba tartoznak.<\/p>","protected":false},"excerpt":{"rendered":"<p>Telefonsz\u00e1mok: recepci\u00f3, id\u0151pont egyeztet\u00e9s (8:00-20:00): 06-1-478-4147\/8007 Intenz\u00edv Ter\u00e1pi\u00e1s Oszt\u00e1ly (8:00-20:00): 06-1-478-41-00\/8243 \u00fcgyelet\/ambulancia (8:00-20:00): 06-1-478-41-00\/8237 vagy 8231 E-mail: [Kattintson az emailc\u00edmhez] C\u00edm: 1078, Budapest, Istv\u00e1n utca 2. Az egyetemi campus t\u00e9rk\u00e9pe: A Kis\u00e1llatklinika az \u201eA\u201d \u00e9p\u00fcletben van, a recepci\u00f3 \u00e9s v\u00e1r\u00f3terem az Istv\u00e1n u. fel\u0151li oldalon, a k\u00f3rh\u00e1zi v\u00e1r\u00f3terem a Dembinszky u. fel\u0151li v\u00e9g\u00e9ben tal\u00e1lhat\u00f3. Parkol\u00e1s:<\/p>\n","protected":false},"author":1,"featured_media":0,"parent":18456,"menu_order":0,"comment_status":"closed","ping_status":"closed","template":"","meta":{"_acf_changed":false,"footnotes":""},"categories":[],"tags":[],"class_list":["post-18472","page","type-page","status-publish","hentry"],"acf":[],"_links":{"self":[{"href":"https:\/\/univet.hu\/hu\/wp-json\/wp\/v2\/pages\/18472","targetHints":{"allow":["GET"]}}],"collection":[{"href":"https:\/\/univet.hu\/hu\/wp-json\/wp\/v2\/pages"}],"about":[{"href":"https:\/\/univet.hu\/hu\/wp-json\/wp\/v2\/types\/page"}],"author":[{"embeddable":true,"href":"https:\/\/univet.hu\/hu\/wp-json\/wp\/v2\/users\/1"}],"replies":[{"embeddable":true,"href":"https:\/\/univet.hu\/hu\/wp-json\/wp\/v2\/comments?post=18472"}],"version-history":[{"count":1,"href":"https:\/\/univet.hu\/hu\/wp-json\/wp\/v2\/pages\/18472\/revisions"}],"predecessor-version":[{"id":197823,"href":"https:\/\/univet.hu\/hu\/wp-json\/wp\/v2\/pages\/18472\/revisions\/197823"}],"up":[{"embeddable":true,"href":"https:\/\/univet.hu\/hu\/wp-json\/wp\/v2\/pages\/18456"}],"wp:attachment":[{"href":"https:\/\/univet.hu\/hu\/wp-json\/wp\/v2\/media?parent=18472"}],"wp:term":[{"taxonomy":"category","embeddable":true,"href":"https:\/\/univet.hu\/hu\/wp-json\/wp\/v2\/categories?post=18472"},{"taxonomy":"post_tag","embeddable":true,"href":"https:\/\/univet.hu\/hu\/wp-json\/wp\/v2\/tags?post=18472"}],"curies":[{"name":"wp","href":"https:\/\/api.w.org\/{rel}","templated":true}]}}