{"id":18493,"date":"2018-09-15T19:11:58","date_gmt":"2018-09-15T17:11:58","guid":{"rendered":"http:\/\/univet.hu\/klinikak\/kisallatklinika\/belgyogyaszat\/ambulans-betegellatas\/oltasok\/oltasi-tajekoztato\/"},"modified":"2018-09-16T00:08:11","modified_gmt":"2018-09-15T22:08:11","slug":"oltasi-tajekoztato","status":"publish","type":"page","link":"https:\/\/univet.hu\/hu\/klinikak\/kisallatklinika\/belgyogyaszat\/ambulans-betegellatas\/oltasok\/oltasi-tajekoztato\/","title":{"rendered":"Olt\u00e1si t\u00e1j\u00e9koztat\u00f3"},"content":{"rendered":"<h2>T\u00e1j\u00e9koztat\u00f3 kuty\u00e1k \u00e9s macsk\u00e1k egyes fert\u0151z\u0151 megbeteged\u00e9sei ellen t\u00f6rt\u00e9n\u0151 vakcin\u00e1z\u00e1s\u00e1r\u00f3l<\/h2> <p>Magyarorsz\u00e1gon a jelenleg el\u00e9rhet\u0151 \u00e9s t\u00e1rs\u00e1llatokon alkalmazott v\u00e9d\u0151olt\u00e1sok h\u00e1rom csoportba sorolhat\u00f3ak:<\/p> <h3>1. Jogszab\u00e1ly \u00e1ltal el\u0151\u00edrt k\u00f6telez\u0151 olt\u00e1s:<\/h3> <p>A 164\/2008. FVM rendelet (a veszetts\u00e9g elleni v\u00e9dekez\u00e9s r\u00e9szletes szab\u00e1lyair\u00f3l) alapj\u00e1n az \u00e1llattart\u00f3 k\u00f6teles:<\/p> <ul> <li>Minden h\u00e1rom h\u00f3naposn\u00e1l id\u0151sebb ebet veszetts\u00e9g ellen saj\u00e1t k\u00f6lts\u00e9g\u00e9n az \u00e1llat \u00e1llat-eg\u00e9szs\u00e9g\u00fcgyi fel\u00fcgyelet\u00e9t ell\u00e1t\u00f3 mag\u00e1n\u00e1llatorvossal beoltatni az al\u00e1bbiak szerint:<\/li> <li>a h\u00e1rom h\u00f3napos kort el\u00e9rteket 30 napon bel\u00fcl,<\/li> <li>az els\u0151 olt\u00e1st k\u00f6vet\u0151en 6 h\u00f3napon bel\u00fcl,<\/li> <li>ezt k\u00f6vet\u0151en \u00e9venk\u00e9nt.<\/li> <\/ul> <h3>2. Felt\u00e9tlen\u00fcl aj\u00e1nlott olt\u00e1sok:<\/h3> <p>Mindenk\u00e9ppen javasolt az aerog\u00e9n \u00faton vagy b\u00e9ls\u00e1rral terjed\u0151, k\u00f6rnyezetben ellen\u00e1ll\u00f3 k\u00f3rokoz\u00f3k okozta s\u00falyos megbeteged\u00e9sek elleni v\u00e9dekez\u00e9s.<\/p> <ul> <li>Kuty\u00e1k eset\u00e9ben: parvov\u00edrus okozta b\u00e9lgyullad\u00e1s, szopornyica \u00e9s a kuty\u00e1k 1-es t\u00edpus\u00fa adenov\u00edrus okozta fert\u0151z\u0151 m\u00e1jgyullad\u00e1sa (Rubarth-k\u00f3r) ellen.<\/li> <li>Macsk\u00e1k eset\u00e9ben: parvov\u00edrus okozta panleukopenia, a macsk\u00e1k 1-es t\u00edpus\u00fa herpesv\u00edrus okozta fert\u0151z\u0151 rhinotracheitise \u00e9s a macska caliciv\u00edrus okozta megbeteged\u00e9se ellen.<\/li> <\/ul> <h3>3. Bizonyos esetekben javasolt olt\u00e1sok:<\/h3> <p>Minden olyan fert\u0151z\u0151 megbeteged\u00e9s elleni v\u00e9d\u0151olt\u00e1s sorolhat\u00f3 ide, amelyek nem tartoznak az el\u0151z\u0151 k\u00e9t pontban felsoroltakhoz.<\/p> <p>Alkalmaz\u00e1suk egyedi elb\u00edr\u00e1l\u00e1s al\u00e1 tartozik a fert\u0151z\u0151d\u00e9s lehet\u0151s\u00e9ge (pl. kij\u00e1r\u00f3 macska, t\u00f6bb befogadott macska egy\u00fcttes tart\u00e1sa, fert\u0151z\u00f6tt ter\u00fcleteken \u00e9l\u0151 \u00e1llatok, kennelben tartott \u00e1llatok, versenyeken\/ki\u00e1ll\u00edt\u00e1sokon\/vad\u00e1szatokon rendszeresen r\u00e9szt vev\u0151 \u00e1llatok), illetve a v\u00e9d\u0151olt\u00e1s kock\u00e1zat-haszon elemz\u00e9s\u00e9nek alapj\u00e1n.<\/p> <ul> <li>Kuty\u00e1k eset\u00e9ben: parainfluenza v\u00edrusok \u00e9s Bordetella bronchiseptica okozta kennelk\u00f6h\u00f6g\u00e9s, leptospirosis, Lyme-borreliosis, babesiosis.<\/li> <li>Macsk\u00e1k eset\u00e9ben: veszetts\u00e9g, leukosis \u00e9s chlamydiosis elleni v\u00e9d\u0151olt\u00e1s.<\/li> <\/ul> <p><strong>Fontos inform\u00e1ci\u00f3k!<\/strong><\/p> <ul> <li>V\u00e9d\u0151olt\u00e1sban csak eg\u00e9szs\u00e9ges (megbeteged\u00e9s klinikai t\u00fcneteit nem mutat\u00f3) egyed r\u00e9szes\u00fclhet.<\/li> <li>A fiatal, oltatlan \u00e1llatokat a k\u00f6ly\u00f6kkori fert\u0151z\u0151 megbeteged\u00e9sek elleni vakcin\u00e1z\u00e1si protokoll befejez\u00e9s\u00e9ig izol\u00e1ltan kell tartani.<\/li> <li>Vemhes \u00e1llatok vakcin\u00e1z\u00e1s\u00e1ra csak el\u00f6lt k\u00f3rokoz\u00f3kat tartalmaz\u00f3 olt\u00f3anyag haszn\u00e1lhat\u00f3.<\/li> <li>Macsk\u00e1kn\u00e1l a veszetts\u00e9g \u00e9s a leukosis elleni vakcin\u00e1t az oldals\u00f3 hast\u00e1j\u00e9k b\u0151re al\u00e1 javasolt beadni. A leukosis elleni olt\u00f3anyag bead\u00e1sa el\u0151tt javasolt a fert\u0151z\u00f6tts\u00e9g kimutat\u00e1s\u00e1ra szolg\u00e1l\u00f3 \u00fan. FeLV-tesztet elv\u00e9geztetni.<\/li> <li>Az \u00e9l\u0151, gyeng\u00edtett k\u00f3rokoz\u00f3kat tartalmaz\u00f3 olt\u00f3anyagokat a b\u0151r fert\u0151tlen\u00edt\u00e9se n\u00e9lk\u00fcl kell befecskendezni.<\/li> <li>A szakma szab\u00e1lyai szerint elv\u00e9gzett vakcin\u00e1z\u00e1s sem jelent minden esetben teljes v\u00e9detts\u00e9get az adott fert\u0151z\u0151 megbeteged\u00e9ssel szemben.<\/li> <\/ul> <p>A v\u00e9d\u0151olt\u00e1s, mint megel\u0151z\u0151 c\u00e9l\u00fa beavatkoz\u00e1s sem mentes a kock\u00e1zatt\u00f3l. Az el\u0151\u00edr\u00e1soknak megfelel\u0151en alkalmazott v\u00e9d\u0151olt\u00e1ssal \u00f6sszef\u00fcgg\u00e9sben nemk\u00edv\u00e1natos hat\u00e1sok, olt\u00e1si reakci\u00f3k, sz\u00f6v\u0151dm\u00e9nyek jelentkezhetnek.<\/p> <p>Az olt\u00e1si reakci\u00f3k \u00e1ltal\u00e1nos t\u00fcnetek form\u00e1j\u00e1ban (pl. h\u0151emelked\u00e9s\/l\u00e1z, b\u00e1gyadts\u00e1g, hasmen\u00e9s) vagy helyi reakci\u00f3k\u00e9nt (injekci\u00f3 bead\u00e1s hely\u00e9n \u00e9rz\u00e9kenys\u00e9g, b\u0151rp\u00edr, m\u00fal\u00f3 duzzanat) nyilv\u00e1nulhatnak meg. Ezek az elv\u00e1ltoz\u00e1sok \u00e1ltal\u00e1ban csak enyh\u00e9k \u00e9s \u00e1tmeneti jelleg\u0171ek, \u00e1llatorvosi beavatkoz\u00e1st nem ig\u00e9nyelnek.<\/p> <p>Az olt\u00e1si sz\u00f6v\u0151dm\u00e9nyek nem sz\u00fcks\u00e9gszer\u0171 velej\u00e1r\u00f3i a v\u00e9d\u0151olt\u00e1soknak, hanem az immuniz\u00e1lt \u00e1llat \u00e1tlagost\u00f3l elt\u00e9r\u0151 reakci\u00f3k\u00e9szs\u00e9g\u00e9nek k\u00f6vetkezm\u00e9nyei. Mivel a hajlamos\u00edt\u00f3 t\u00e9nyez\u0151k m\u00e9g nem ismertek teljes r\u00e9szletess\u00e9g\u00fckben, ez\u00e9rt az olt\u00e1si sz\u00f6v\u0151dm\u00e9nyek biztons\u00e1ggal nem ker\u00fclhet\u0151ek el. Az olt\u00e1si sz\u00f6v\u0151dm\u00e9ny lehet pl. allergi\u00e1s reakci\u00f3 (viszket\u0151 ki\u00fct\u00e9sek megjelen\u00e9se, pofa \u00e9s szemh\u00e9jak beduzzad\u00e1sa, l\u00e9gz\u00e9si neh\u00e9zs\u00e9g), injekci\u00f3 bead\u00e1sa hely\u00e9n kialakul\u00f3 l\u00e1gysz\u00f6veti daganatos folyamat, immun-medi\u00e1lt megbeteged\u00e9s (v\u00e9rszeg\u00e9nys\u00e9g, v\u00e9rlemezke-megfogy\u00e1s, vesegyullad\u00e1s).<\/p> <p>Ha az immuniz\u00e1ci\u00f3t k\u00f6vet\u0151en \u00e1llat\u00e1n\u00e1l olt\u00e1si sz\u00f6v\u0151dm\u00e9ny vagy annak gyan\u00faja \u00e1ll fenn, azonnal forduljon \u00e1llatorvoshoz!<\/p> <p>Ha kor\u00e1bbi olt\u00e1sok alkalm\u00e1val m\u00e1r jelentkezett az \u00e1llatn\u00e1l olt\u00e1si reakci\u00f3 vagy sz\u00f6v\u0151dm\u00e9ny, \u00fagy az olt\u00f3anyag bead\u00e1sa el\u0151tt k\u00e9rj\u00fck t\u00e1j\u00e9koztassa err\u0151l az \u00e1llatorvost!<\/p> <p>A fentiekkel kapcsolatos r\u00e9szletesebb t\u00e1j\u00e9koztat\u00e1s\u00e9rt forduljon bizalommal \u00e1llatorvosainkhoz!<\/p> <p><strong>Belgy\u00f3gy\u00e1szati Tansz\u00e9k \u00e9s Klinika<\/strong><\/p>","protected":false},"excerpt":{"rendered":"<p>T\u00e1j\u00e9koztat\u00f3 kuty\u00e1k \u00e9s macsk\u00e1k egyes fert\u0151z\u0151 megbeteged\u00e9sei ellen t\u00f6rt\u00e9n\u0151 vakcin\u00e1z\u00e1s\u00e1r\u00f3l Magyarorsz\u00e1gon a jelenleg el\u00e9rhet\u0151 \u00e9s t\u00e1rs\u00e1llatokon alkalmazott v\u00e9d\u0151olt\u00e1sok h\u00e1rom csoportba sorolhat\u00f3ak: 1. Jogszab\u00e1ly \u00e1ltal el\u0151\u00edrt k\u00f6telez\u0151 olt\u00e1s: A 164\/2008. FVM rendelet (a veszetts\u00e9g elleni v\u00e9dekez\u00e9s r\u00e9szletes szab\u00e1lyair\u00f3l) alapj\u00e1n az \u00e1llattart\u00f3 k\u00f6teles: Minden h\u00e1rom h\u00f3naposn\u00e1l id\u0151sebb ebet veszetts\u00e9g ellen saj\u00e1t k\u00f6lts\u00e9g\u00e9n az \u00e1llat \u00e1llat-eg\u00e9szs\u00e9g\u00fcgyi fel\u00fcgyelet\u00e9t ell\u00e1t\u00f3<\/p>\n","protected":false},"author":1,"featured_media":0,"parent":18429,"menu_order":112,"comment_status":"closed","ping_status":"closed","template":"","meta":{"_acf_changed":false,"footnotes":""},"categories":[],"tags":[],"class_list":["post-18493","page","type-page","status-publish","hentry"],"acf":[],"_links":{"self":[{"href":"https:\/\/univet.hu\/hu\/wp-json\/wp\/v2\/pages\/18493","targetHints":{"allow":["GET"]}}],"collection":[{"href":"https:\/\/univet.hu\/hu\/wp-json\/wp\/v2\/pages"}],"about":[{"href":"https:\/\/univet.hu\/hu\/wp-json\/wp\/v2\/types\/page"}],"author":[{"embeddable":true,"href":"https:\/\/univet.hu\/hu\/wp-json\/wp\/v2\/users\/1"}],"replies":[{"embeddable":true,"href":"https:\/\/univet.hu\/hu\/wp-json\/wp\/v2\/comments?post=18493"}],"version-history":[{"count":0,"href":"https:\/\/univet.hu\/hu\/wp-json\/wp\/v2\/pages\/18493\/revisions"}],"up":[{"embeddable":true,"href":"https:\/\/univet.hu\/hu\/wp-json\/wp\/v2\/pages\/18429"}],"wp:attachment":[{"href":"https:\/\/univet.hu\/hu\/wp-json\/wp\/v2\/media?parent=18493"}],"wp:term":[{"taxonomy":"category","embeddable":true,"href":"https:\/\/univet.hu\/hu\/wp-json\/wp\/v2\/categories?post=18493"},{"taxonomy":"post_tag","embeddable":true,"href":"https:\/\/univet.hu\/hu\/wp-json\/wp\/v2\/tags?post=18493"}],"curies":[{"name":"wp","href":"https:\/\/api.w.org\/{rel}","templated":true}]}}