{"id":185301,"date":"2025-06-02T11:41:38","date_gmt":"2025-06-02T09:41:38","guid":{"rendered":"https:\/\/univet.hu\/hu\/egyetem-szervezeti-egysegek-innovacios-iroda-talalmany-bejelentes\/"},"modified":"2025-06-02T14:39:35","modified_gmt":"2025-06-02T12:39:35","slug":"talalmany-bejelentes","status":"publish","type":"page","link":"https:\/\/univet.hu\/hu\/egyetem\/szervezeti-egysegek\/innovacios-iroda\/talalmany-bejelentes\/","title":{"rendered":"Tal\u00e1lm\u00e1ny bejelent\u00e9s"},"content":{"rendered":"<p>Az \u00c1llatorvostudom\u00e1nyi Egyetem vezet\u00e9se t\u00e1mogatja a kutat\u00e1s-fejleszt\u00e9s \u00e9s innov\u00e1ci\u00f3 eredm\u00e9nyeinek hasznos\u00edt\u00e1s\u00e1t. Ennek \u00e9rdek\u00e9ben Innov\u00e1ci\u00f3s Irod\u00e1t m\u0171k\u00f6dtet, amely fogadja \u00e9s nyilv\u00e1ntart\u00e1sba veszi a tal\u00e1lm\u00e1nyokat, innov\u00e1ci\u00f3s \u00f6tleteket, \u00e9s t\u00e1mogatja azok iparjogv\u00e9delmi oltalmaz\u00e1s\u00e1t \u00e9s \u00fczleti hasznos\u00edt\u00e1s\u00e1t.<\/p> <p><strong>A folyamat els\u0151 l\u00e9p\u00e9se a tal\u00e1lm\u00e1ny bejelent\u00e9s<\/strong>, amelyet az\u00a0<a class=\"decrypt\" rel=\"joopwbujpoAvojwfu\/iv\">[Kattintson az emailc\u00edmhez]<\/a>\u00a0e-mail c\u00edmen lehet megtenni. Az Innov\u00e1ci\u00f3s Iroda ezut\u00e1n felveszi a kapcsolatot a bejelent\u0151vel \u00e9s seg\u00edt a tov\u00e1bbi l\u00e9p\u00e9sekben.<\/p> <p>Keressen benn\u00fcnket, tudunk seg\u00edteni!<\/p> <p><img loading=\"lazy\" decoding=\"async\" class=\"wp-image-185467 aligncenter\" src=\"https:\/\/univet.hu\/wp-content\/uploads\/2025\/06\/Talalmany-Szabadalom-320x240.png\" alt=\"\" width=\"960\" height=\"720\" srcset=\"https:\/\/univet.hu\/wp-content\/uploads\/2025\/06\/Talalmany-Szabadalom-320x240.png 320w, https:\/\/univet.hu\/wp-content\/uploads\/2025\/06\/Talalmany-Szabadalom-960x721.png 960w, https:\/\/univet.hu\/wp-content\/uploads\/2025\/06\/Talalmany-Szabadalom-768x577.png 768w, https:\/\/univet.hu\/wp-content\/uploads\/2025\/06\/Talalmany-Szabadalom.png 1062w\" sizes=\"auto, (max-width: 960px) 100vw, 960px\" \/><\/p>","protected":false},"excerpt":{"rendered":"<p>Az \u00c1llatorvostudom\u00e1nyi Egyetem vezet\u00e9se t\u00e1mogatja a kutat\u00e1s-fejleszt\u00e9s \u00e9s innov\u00e1ci\u00f3 eredm\u00e9nyeinek hasznos\u00edt\u00e1s\u00e1t. Ennek \u00e9rdek\u00e9ben Innov\u00e1ci\u00f3s Irod\u00e1t m\u0171k\u00f6dtet, amely fogadja \u00e9s nyilv\u00e1ntart\u00e1sba veszi a tal\u00e1lm\u00e1nyokat, innov\u00e1ci\u00f3s \u00f6tleteket, \u00e9s t\u00e1mogatja azok iparjogv\u00e9delmi oltalmaz\u00e1s\u00e1t \u00e9s \u00fczleti hasznos\u00edt\u00e1s\u00e1t. A folyamat els\u0151 l\u00e9p\u00e9se a tal\u00e1lm\u00e1ny bejelent\u00e9s, amelyet az\u00a0[Kattintson az emailc\u00edmhez]\u00a0e-mail c\u00edmen lehet megtenni. Az Innov\u00e1ci\u00f3s Iroda ezut\u00e1n felveszi a kapcsolatot a<\/p>\n","protected":false},"author":3837,"featured_media":0,"parent":56725,"menu_order":0,"comment_status":"open","ping_status":"open","template":"","meta":{"_acf_changed":false,"footnotes":""},"categories":[],"tags":[],"class_list":["post-185301","page","type-page","status-publish","hentry"],"acf":[],"_links":{"self":[{"href":"https:\/\/univet.hu\/hu\/wp-json\/wp\/v2\/pages\/185301","targetHints":{"allow":["GET"]}}],"collection":[{"href":"https:\/\/univet.hu\/hu\/wp-json\/wp\/v2\/pages"}],"about":[{"href":"https:\/\/univet.hu\/hu\/wp-json\/wp\/v2\/types\/page"}],"author":[{"embeddable":true,"href":"https:\/\/univet.hu\/hu\/wp-json\/wp\/v2\/users\/3837"}],"replies":[{"embeddable":true,"href":"https:\/\/univet.hu\/hu\/wp-json\/wp\/v2\/comments?post=185301"}],"version-history":[{"count":4,"href":"https:\/\/univet.hu\/hu\/wp-json\/wp\/v2\/pages\/185301\/revisions"}],"predecessor-version":[{"id":185474,"href":"https:\/\/univet.hu\/hu\/wp-json\/wp\/v2\/pages\/185301\/revisions\/185474"}],"up":[{"embeddable":true,"href":"https:\/\/univet.hu\/hu\/wp-json\/wp\/v2\/pages\/56725"}],"wp:attachment":[{"href":"https:\/\/univet.hu\/hu\/wp-json\/wp\/v2\/media?parent=185301"}],"wp:term":[{"taxonomy":"category","embeddable":true,"href":"https:\/\/univet.hu\/hu\/wp-json\/wp\/v2\/categories?post=185301"},{"taxonomy":"post_tag","embeddable":true,"href":"https:\/\/univet.hu\/hu\/wp-json\/wp\/v2\/tags?post=185301"}],"curies":[{"name":"wp","href":"https:\/\/api.w.org\/{rel}","templated":true}]}}