{"id":185336,"date":"2025-06-02T11:52:41","date_gmt":"2025-06-02T09:52:41","guid":{"rendered":"https:\/\/univet.hu\/hu\/egyetem\/szervezeti-egysegek\/innovacios-iroda\/new_child_page\/"},"modified":"2025-06-02T11:56:47","modified_gmt":"2025-06-02T09:56:47","slug":"ttc","status":"publish","type":"page","link":"https:\/\/univet.hu\/hu\/egyetem\/szervezeti-egysegek\/innovacios-iroda\/ttc\/","title":{"rendered":"Technology Transfer Company"},"content":{"rendered":"<p>Az \u00c1llatorvostudom\u00e1nyi Egyetem kialak\u00edtotta saj\u00e1t innov\u00e1ci\u00f3s \u00f6kosziszt\u00e9m\u00e1j\u00e1t, l\u00e9trehozta az Innov\u00e1ci\u00f3s Irod\u00e1t, amely \u00f6szt\u00f6nzi az oktat\u00f3kat, kutat\u00f3kat, hallgat\u00f3kat a piaci hasznos\u00edt\u00e1sra es\u00e9lyes kutat\u00e1si eredm\u00e9nyek l\u00e9trehoz\u00e1s\u00e1ra. A hasznos\u00edt\u00e1s a 2025-ben alap\u00edtott TTC c\u00e9gben t\u00f6rt\u00e9nik, ahol olyan \u00fczleti szeml\u00e9let \u00e9s \u00faj kompetenci\u00e1k jelennek meg, amelyek eddig az egyetemi infrastrukt\u00far\u00e1b\u00f3l t\u00f6bbnyire hi\u00e1nyoztak, pl. marketingtev\u00e9kenys\u00e9g, \u00fczletkeres\u00e9s, szakmai \u00e9s p\u00e9nz\u00fcgyi befektet\u0151k keres\u00e9se a projektek sz\u00e1m\u00e1ra.<\/p> <p><a href=\"https:\/\/vet-inno.univet.hu\/\" target=\"_blank\" rel=\"noopener\">VET-INNO TTC Kft.<\/a><\/p>","protected":false},"excerpt":{"rendered":"<p>Az \u00c1llatorvostudom\u00e1nyi Egyetem kialak\u00edtotta saj\u00e1t innov\u00e1ci\u00f3s \u00f6kosziszt\u00e9m\u00e1j\u00e1t, l\u00e9trehozta az Innov\u00e1ci\u00f3s Irod\u00e1t, amely \u00f6szt\u00f6nzi az oktat\u00f3kat, kutat\u00f3kat, hallgat\u00f3kat a piaci hasznos\u00edt\u00e1sra es\u00e9lyes kutat\u00e1si eredm\u00e9nyek l\u00e9trehoz\u00e1s\u00e1ra. A hasznos\u00edt\u00e1s a 2025-ben alap\u00edtott TTC c\u00e9gben t\u00f6rt\u00e9nik, ahol olyan \u00fczleti szeml\u00e9let \u00e9s \u00faj kompetenci\u00e1k jelennek meg, amelyek eddig az egyetemi infrastrukt\u00far\u00e1b\u00f3l t\u00f6bbnyire hi\u00e1nyoztak, pl. marketingtev\u00e9kenys\u00e9g, \u00fczletkeres\u00e9s, szakmai \u00e9s p\u00e9nz\u00fcgyi befektet\u0151k<\/p>\n","protected":false},"author":3837,"featured_media":0,"parent":56725,"menu_order":0,"comment_status":"open","ping_status":"open","template":"","meta":{"_acf_changed":false,"footnotes":""},"categories":[],"tags":[],"class_list":["post-185336","page","type-page","status-publish","hentry"],"acf":[],"_links":{"self":[{"href":"https:\/\/univet.hu\/hu\/wp-json\/wp\/v2\/pages\/185336","targetHints":{"allow":["GET"]}}],"collection":[{"href":"https:\/\/univet.hu\/hu\/wp-json\/wp\/v2\/pages"}],"about":[{"href":"https:\/\/univet.hu\/hu\/wp-json\/wp\/v2\/types\/page"}],"author":[{"embeddable":true,"href":"https:\/\/univet.hu\/hu\/wp-json\/wp\/v2\/users\/3837"}],"replies":[{"embeddable":true,"href":"https:\/\/univet.hu\/hu\/wp-json\/wp\/v2\/comments?post=185336"}],"version-history":[{"count":3,"href":"https:\/\/univet.hu\/hu\/wp-json\/wp\/v2\/pages\/185336\/revisions"}],"predecessor-version":[{"id":185339,"href":"https:\/\/univet.hu\/hu\/wp-json\/wp\/v2\/pages\/185336\/revisions\/185339"}],"up":[{"embeddable":true,"href":"https:\/\/univet.hu\/hu\/wp-json\/wp\/v2\/pages\/56725"}],"wp:attachment":[{"href":"https:\/\/univet.hu\/hu\/wp-json\/wp\/v2\/media?parent=185336"}],"wp:term":[{"taxonomy":"category","embeddable":true,"href":"https:\/\/univet.hu\/hu\/wp-json\/wp\/v2\/categories?post=185336"},{"taxonomy":"post_tag","embeddable":true,"href":"https:\/\/univet.hu\/hu\/wp-json\/wp\/v2\/tags?post=185336"}],"curies":[{"name":"wp","href":"https:\/\/api.w.org\/{rel}","templated":true}]}}