{"id":185604,"date":"2025-06-10T10:11:57","date_gmt":"2025-06-10T08:11:57","guid":{"rendered":"https:\/\/univet.hu\/hu\/egyetem\/munkatarsak\/czondor-ivett\/"},"modified":"2026-04-01T18:19:33","modified_gmt":"2026-04-01T16:19:33","slug":"czondor-ivett","status":"publish","type":"page","link":"https:\/\/univet.hu\/hu\/egyetem\/munkatarsak\/czondor-ivett\/","title":{"rendered":"Cz\u00f6nd\u00f6r Ivett"},"content":{"rendered":"<p>2025 \u00f3ta dolgozok az \u00c1llatorvostudom\u00e1nyi Egyetemen laborat\u00f3riumi asszisztensk\u00e9nt. A Petrik Lajos K\u00f6rnyezetv\u00e9delmi Szakk\u00f6z\u00e9piskol\u00e1ban v\u00e9geztem k\u00f6rnyezetv\u00e9delmi technikusk\u00e9nt \u00e9s m\u00e9r\u00e9stechnikusk\u00e9nt . Ezen k\u00edv\u00fcl rehabilit\u00e1ci\u00f3s kutyakik\u00e9pz\u0151i v\u00e9gzetts\u00e9ggel is rendelkezem. Kor\u00e1bban 5 \u00e9vig eml\u0151s \u00e9s baromfi k\u00f3rbonctanon dolgoztam szint\u00e9n laborat\u00f3riumi asszisztensk\u00e9nt, miel\u0151tt a J\u00e1rv\u00e1nytani \u00e9s Mikrobiol\u00f3giai Tansz\u00e9k virol\u00f3giai oszt\u00e1ly\u00e1ra j\u00f6ttem. Itt f\u0151 feladataim k\u00f6z\u00e9 tartoznak az ELISA vizsg\u00e1latok, sejtteny\u00e9szetek fenntart\u00e1sa, illetve egy\u00e9b mikrobiol\u00f3giai \u00e9s a virol\u00f3giai feladatok el\u0151k\u00e9sz\u00edt\u00e9se\/elv\u00e9gz\u00e9se.<\/p>","protected":false},"excerpt":{"rendered":"<p>2025 \u00f3ta dolgozok az \u00c1llatorvostudom\u00e1nyi Egyetemen laborat\u00f3riumi asszisztensk\u00e9nt. A Petrik Lajos K\u00f6rnyezetv\u00e9delmi Szakk\u00f6z\u00e9piskol\u00e1ban v\u00e9geztem k\u00f6rnyezetv\u00e9delmi technikusk\u00e9nt \u00e9s m\u00e9r\u00e9stechnikusk\u00e9nt . Ezen k\u00edv\u00fcl rehabilit\u00e1ci\u00f3s kutyakik\u00e9pz\u0151i v\u00e9gzetts\u00e9ggel is rendelkezem. Kor\u00e1bban 5 \u00e9vig eml\u0151s \u00e9s baromfi k\u00f3rbonctanon dolgoztam szint\u00e9n laborat\u00f3riumi asszisztensk\u00e9nt, miel\u0151tt a J\u00e1rv\u00e1nytani \u00e9s Mikrobiol\u00f3giai Tansz\u00e9k virol\u00f3giai oszt\u00e1ly\u00e1ra j\u00f6ttem. Itt f\u0151 feladataim k\u00f6z\u00e9 tartoznak az ELISA vizsg\u00e1latok, sejtteny\u00e9szetek<\/p>\n","protected":false},"author":5824,"featured_media":0,"parent":858,"menu_order":0,"comment_status":"open","ping_status":"open","template":"","meta":{"_acf_changed":false,"footnotes":""},"categories":[],"tags":[],"class_list":["post-185604","page","type-page","status-publish","hentry"],"acf":[],"_links":{"self":[{"href":"https:\/\/univet.hu\/hu\/wp-json\/wp\/v2\/pages\/185604","targetHints":{"allow":["GET"]}}],"collection":[{"href":"https:\/\/univet.hu\/hu\/wp-json\/wp\/v2\/pages"}],"about":[{"href":"https:\/\/univet.hu\/hu\/wp-json\/wp\/v2\/types\/page"}],"author":[{"embeddable":true,"href":"https:\/\/univet.hu\/hu\/wp-json\/wp\/v2\/users\/5824"}],"replies":[{"embeddable":true,"href":"https:\/\/univet.hu\/hu\/wp-json\/wp\/v2\/comments?post=185604"}],"version-history":[{"count":3,"href":"https:\/\/univet.hu\/hu\/wp-json\/wp\/v2\/pages\/185604\/revisions"}],"predecessor-version":[{"id":204715,"href":"https:\/\/univet.hu\/hu\/wp-json\/wp\/v2\/pages\/185604\/revisions\/204715"}],"up":[{"embeddable":true,"href":"https:\/\/univet.hu\/hu\/wp-json\/wp\/v2\/pages\/858"}],"wp:attachment":[{"href":"https:\/\/univet.hu\/hu\/wp-json\/wp\/v2\/media?parent=185604"}],"wp:term":[{"taxonomy":"category","embeddable":true,"href":"https:\/\/univet.hu\/hu\/wp-json\/wp\/v2\/categories?post=185604"},{"taxonomy":"post_tag","embeddable":true,"href":"https:\/\/univet.hu\/hu\/wp-json\/wp\/v2\/tags?post=185604"}],"curies":[{"name":"wp","href":"https:\/\/api.w.org\/{rel}","templated":true}]}}