{"id":185713,"date":"2025-06-12T10:08:24","date_gmt":"2025-06-12T08:08:24","guid":{"rendered":"https:\/\/univet.hu\/hu\/oktatas\/kurzusok\/viselkedeselettan\/"},"modified":"2025-06-12T14:32:04","modified_gmt":"2025-06-12T12:32:04","slug":"viselkedeselettan","status":"publish","type":"page","link":"https:\/\/univet.hu\/hu\/oktatas\/kurzusok\/viselkedeselettan\/","title":{"rendered":"Viselked\u00e9s\u00e9lettan"},"content":{"rendered":"<p>Az el\u0151ad\u00e1s-sorozat c\u00e9lja, a hallgat\u00f3k egy \u00e1ltal\u00e1nos \u00f6sszk\u00e9pet kaphassanak az \u00e1llati \u00e9s emberi viselked\u00e9s \u00e9lettani h\u00e1tter\u00e9r\u0151l, a viselked\u00e9s\u00e9lettan tudom\u00e1ny\u00e1r\u00f3l. A kurzus kiscsoportos szemin\u00e1riumi el\u0151ad\u00e1sok sorozat\u00e1b\u00f3l \u00e1ll.<\/p> <p>A kurzus els\u0151 el\u0151ad\u00e1sa a t\u00e9ma alapfogalmait mutatja be, a viselked\u00e9s, \u00e9lettan \u00e9s az \u00e1llat k\u00f6rnyezete k\u00f6z\u00f6tti kapcsolatokat t\u00e1rgyalva. Ezt k\u00f6veti a viselked\u00e9s ideg\u00e9lettani, majd hormon\u00e1lis h\u00e1tter\u00e9nek ismertet\u00e9se. Az agyi jutalmaz\u00f3 rendszerek, \u00e9s az \u00fan. \u201emotiv\u00e1ci\u00f3\u201d idegi h\u00e1tter\u00e9nek ismerete elengedhetetlen a viselked\u00e9s folyamat\u00e1nak meg\u00e9rt\u00e9s\u00e9hez, ezek ut\u00e1n pedig az \u00e1llatot \u00e9rt, k\u00fclvil\u00e1gb\u00f3l \u00e9rkez\u0151 stressz hat\u00e1s\u00e1t t\u00e1rgyaljuk meg. A viselked\u00e9s nemcsak egy\u00e9ni, de t\u00e1rsas szinten is zajlik, a k\u00f6t\u0151d\u00e9s, izol\u00e1ci\u00f3 \u00e9s kommunik\u00e1ci\u00f3 \u00e1llatvil\u00e1gban bet\u00f6lt\u00f6tt szerep\u00e9t vizsg\u00e1lja a hatodik el\u0151ad\u00e1s. A z\u00e1r\u00f3 el\u0151ad\u00e1s pedig a cirkadi\u00e1n ritmusok (napi ritmus, szezonalit\u00e1s) \u00e9s a viselked\u00e9s kapcsolat\u00e1t mutatja be.<\/p> <p>A <strong>kurzus angol nyelven<\/strong> zajlik. A kurzus fel\u00e9p\u00edt\u00e9s\u00e9b\u0151l ad\u00f3d\u00f3an az \u00f3r\u00e1kon t\u00f6rt\u00e9n\u0151 akt\u00edv r\u00e9szv\u00e9tel a t\u00e1rgy teljes\u00edt\u00e9s\u00e9hez aj\u00e1nlott. A kurzus v\u00e9g\u00e9n a hallgat\u00f3k egy \u00edr\u00e1sbeli besz\u00e1mol\u00f3 keret\u00e9ben adnak sz\u00e1mot tud\u00e1sukr\u00f3l.<\/p> <p><strong>El\u0151k\u00f6vetelm\u00e9ny<\/strong>: \u00c1llatorvosi \u00c9lettan 2<\/p> <p>&nbsp;<\/p> <hr data-start=\"1451\" data-end=\"1454\" \/> <p>A tant\u00e1rgy tematik\u00e1ja: (heti tagol\u00e1s\u00fa tematika)<\/p> <table style=\"width: 64.4771%\"> <tbody> <tr> <td style=\"width: 32.5824%\" width=\"103\"><strong>Oktat\u00e1si h\u00e9t<\/strong><\/td> <td style=\"width: 121.471%\" width=\"511\"><strong>T\u00e9ma<\/strong><\/td> <\/tr> <tr> <td style=\"width: 32.5824%\" width=\"103\">1. (2 \u00f3ra)<\/td> <td style=\"width: 121.471%\" width=\"511\">Bevezet\u00e9s a viselked\u00e9si \u00e9lettanba<\/td> <\/tr> <tr> <td style=\"width: 32.5824%\" width=\"103\">2. (2 \u00f3ra)<\/td> <td style=\"width: 121.471%\" width=\"511\">A viselked\u00e9s neurofiziol\u00f3gi\u00e1ja<\/td> <\/tr> <tr> <td style=\"width: 32.5824%\" width=\"103\">3. (2 \u00f3ra)<\/td> <td style=\"width: 121.471%\" width=\"511\">A hormon\u00e1lis szab\u00e1lyoz\u00e1s szerepe a viselked\u00e9sben<\/td> <\/tr> <tr> <td style=\"width: 32.5824%\" width=\"103\">4. (2 \u00f3ra)<\/td> <td style=\"width: 121.471%\" width=\"511\">A motiv\u00e1ci\u00f3 \u00e9s a jutalmaz\u00e1s fiziol\u00f3gi\u00e1ja<\/td> <\/tr> <tr> <td style=\"width: 32.5824%\" width=\"103\">5. (2 \u00f3ra)<\/td> <td style=\"width: 121.471%\" width=\"511\">Stressz \u00e9s alkalmazkod\u00e1s: Viselked\u00e9si \u00e9s fiziol\u00f3giai v\u00e1laszok<\/td> <\/tr> <tr> <td style=\"width: 32.5824%\" width=\"103\">6. (2 \u00f3ra)<\/td> <td style=\"width: 121.471%\" width=\"511\">T\u00e1rsas viselked\u00e9s \u00e9s \u00e9lettan<\/td> <\/tr> <tr> <td style=\"width: 32.5824%\" width=\"103\">7. (2 \u00f3ra)<\/td> <td style=\"width: 121.471%\" width=\"511\">Cirkadi\u00e1n ritmusok \u00e9s a viselked\u00e9si \u00e9lettan<\/td> <\/tr> <tr> <td style=\"width: 32.5824%\" width=\"103\">8. (1 \u00f3ra)<\/td> <td style=\"width: 121.471%\" width=\"511\">\u00cdr\u00e1sbeli sz\u00e1monk\u00e9r\u00e9s<\/td> <\/tr> <\/tbody> <\/table> <p>&nbsp;<\/p>","protected":false},"excerpt":{"rendered":"<p>Az el\u0151ad\u00e1s-sorozat c\u00e9lja, a hallgat\u00f3k egy \u00e1ltal\u00e1nos \u00f6sszk\u00e9pet kaphassanak az \u00e1llati \u00e9s emberi viselked\u00e9s \u00e9lettani h\u00e1tter\u00e9r\u0151l, a viselked\u00e9s\u00e9lettan tudom\u00e1ny\u00e1r\u00f3l. A kurzus kiscsoportos szemin\u00e1riumi el\u0151ad\u00e1sok sorozat\u00e1b\u00f3l \u00e1ll. A kurzus els\u0151 el\u0151ad\u00e1sa a t\u00e9ma alapfogalmait mutatja be, a viselked\u00e9s, \u00e9lettan \u00e9s az \u00e1llat k\u00f6rnyezete k\u00f6z\u00f6tti kapcsolatokat t\u00e1rgyalva. Ezt k\u00f6veti a viselked\u00e9s ideg\u00e9lettani, majd hormon\u00e1lis h\u00e1tter\u00e9nek ismertet\u00e9se. Az<\/p>\n","protected":false},"author":3837,"featured_media":0,"parent":677,"menu_order":0,"comment_status":"open","ping_status":"open","template":"","meta":{"_acf_changed":false,"footnotes":""},"categories":[],"tags":[],"class_list":["post-185713","page","type-page","status-publish","hentry"],"acf":[],"_links":{"self":[{"href":"https:\/\/univet.hu\/hu\/wp-json\/wp\/v2\/pages\/185713","targetHints":{"allow":["GET"]}}],"collection":[{"href":"https:\/\/univet.hu\/hu\/wp-json\/wp\/v2\/pages"}],"about":[{"href":"https:\/\/univet.hu\/hu\/wp-json\/wp\/v2\/types\/page"}],"author":[{"embeddable":true,"href":"https:\/\/univet.hu\/hu\/wp-json\/wp\/v2\/users\/3837"}],"replies":[{"embeddable":true,"href":"https:\/\/univet.hu\/hu\/wp-json\/wp\/v2\/comments?post=185713"}],"version-history":[{"count":5,"href":"https:\/\/univet.hu\/hu\/wp-json\/wp\/v2\/pages\/185713\/revisions"}],"predecessor-version":[{"id":185715,"href":"https:\/\/univet.hu\/hu\/wp-json\/wp\/v2\/pages\/185713\/revisions\/185715"}],"up":[{"embeddable":true,"href":"https:\/\/univet.hu\/hu\/wp-json\/wp\/v2\/pages\/677"}],"wp:attachment":[{"href":"https:\/\/univet.hu\/hu\/wp-json\/wp\/v2\/media?parent=185713"}],"wp:term":[{"taxonomy":"category","embeddable":true,"href":"https:\/\/univet.hu\/hu\/wp-json\/wp\/v2\/categories?post=185713"},{"taxonomy":"post_tag","embeddable":true,"href":"https:\/\/univet.hu\/hu\/wp-json\/wp\/v2\/tags?post=185713"}],"curies":[{"name":"wp","href":"https:\/\/api.w.org\/{rel}","templated":true}]}}