{"id":185811,"date":"2025-06-12T14:27:39","date_gmt":"2025-06-12T12:27:39","guid":{"rendered":"https:\/\/univet.hu\/hu\/oktatas\/kurzusok\/new_course\/"},"modified":"2025-06-12T15:07:30","modified_gmt":"2025-06-12T13:07:30","slug":"kom-elett","status":"publish","type":"page","link":"https:\/\/univet.hu\/hu\/oktatas\/kurzusok\/kom-elett\/","title":{"rendered":"A kommunik\u00e1ci\u00f3 \u00e9lettani alapjai"},"content":{"rendered":"<p>A kurzus e-learning form\u00e1ban zajlik, a tananyag a moodle rendszeren bel\u00fcl tal\u00e1lhat\u00f3, a tant\u00e1rgy teljes\u00edt\u00e9se ott lehets\u00e9ges.<\/p> <p>A kurzus sor\u00e1n foglalkozni fogunk a kommunik\u00e1ci\u00f3elm\u00e9let alapjaival, a biokommunik\u00e1ci\u00f3val, kommunik\u00e1ci\u00f3val az \u00e1llatvil\u00e1gban, a hum\u00e1n \u201ebesz\u00e9d\u201d \u00e9lettani h\u00e1tter\u00e9vel, a nyelv kialakul\u00e1s\u00e1val, majd a kurzus v\u00e9g\u00e9n p\u00e1r praktikus tan\u00e1cs is elhangzik, rem\u00e9lhet\u0151leg ez hasznos\u00edthat\u00f3 lesz a k\u00e9s\u0151bbiek folyam\u00e1n.<\/p> <p>A kurzus f\u0151 c\u00e9lja a kommunik\u00e1ci\u00f3elm\u00e9let f\u0151bb pontjainak ismertet\u00e9se:<\/p> <ol> <li>A kommunik\u00e1ci\u00f3 megjelen\u00e9s\u00e9nek, fejl\u0151d\u00e9s\u00e9nek bemutat\u00e1sa (az \u00e1llatvil\u00e1gban, illetve antropol\u00f3giailag) a jelenlegi elm\u00e9leteken kereszt\u00fcl.<\/li> <li>A nyelvhaszn\u00e1lat \u00e9s kommunik\u00e1ci\u00f3s k\u00e9szs\u00e9gek anat\u00f3miai \u00e9s \u00e9lettani h\u00e1tter\u00e9nek vizsg\u00e1lata (viselked\u00e9s\u00e9lettan, az agyk\u00e9reg speci\u00e1lis ter\u00fcletei a kommunik\u00e1ci\u00f3ban, a nyelvtanul\u00e1s neur\u00e1lis h\u00e1ttere).<\/li> <li>K\u00fcl\u00f6nb\u00f6z\u0151 kommunik\u00e1ci\u00f3s strat\u00e9gi\u00e1k bemutat\u00e1sa.<\/li> <\/ol> <p><strong>El\u0151k\u00f6vetelm\u00e9ny<\/strong>:\u00a0Anat\u00f3mia 1<\/p> <hr data-start=\"1451\" data-end=\"1454\" \/> <h3>Tematika<\/h3> <table style=\"width: 100%;height: 416px\"> <tbody> <tr style=\"height: 24px\"> <td style=\"height: 24px;width: 17.5594%\" width=\"103\"><strong>Oktat\u00e1si h\u00e9t<\/strong><\/td> <td style=\"height: 24px;width: 81.9989%\" width=\"511\"><strong>T\u00e9ma<\/strong><\/td> <\/tr> <tr style=\"height: 24px\"> <td style=\"height: 24px;width: 17.5594%\" width=\"103\">1.<\/td> <td style=\"height: 24px;width: 81.9989%\" width=\"511\">Bevezet\u00e9s, a kommunik\u00e1ci\u00f3 defin\u00edci\u00f3ja, kommunik\u00e1ci\u00f3s modellek, t\u00edpusok, probl\u00e9m\u00e1k a kommunik\u00e1ci\u00f3 sor\u00e1n.<\/td> <\/tr> <tr style=\"height: 24px\"> <td style=\"height: 24px;width: 17.5594%\" width=\"103\">2.<\/td> <td style=\"height: 24px;width: 81.9989%\" width=\"511\">Kommunik\u00e1ci\u00f3 a biol\u00f3gi\u00e1ban, evol\u00faci\u00f3elm\u00e9leti megk\u00f6zel\u00edt\u00e9sek, j\u00e1t\u00e9kelm\u00e9let, \u00e1llatok k\u00f6zti kommunik\u00e1ci\u00f3, fajok k\u00f6zti kommunik\u00e1ci\u00f3.<\/td> <\/tr> <tr style=\"height: 24px\"> <td style=\"height: 24px;width: 17.5594%\" width=\"103\">3.<\/td> <td style=\"height: 24px;width: 81.9989%\" width=\"511\">Az emberek k\u00f6zti kommunik\u00e1ci\u00f3 megjelen\u00e9se, fejl\u0151d\u00e9se. A kommunik\u00e1ci\u00f3 \u00e9s nyelvtanul\u00e1s idegrendszeri alapjai. Az anyanyelv.<\/td> <\/tr> <tr style=\"height: 24px\"> <td style=\"height: 24px;width: 17.5594%\" width=\"103\">4.<\/td> <td style=\"height: 24px;width: 81.9989%\" width=\"511\">Kommunik\u00e1ci\u00f3s technik\u00e1k ismertet\u00e9se, t\u00e1rgyal\u00e1sa (vita).<\/td> <\/tr> <tr style=\"height: 24px\"> <td style=\"height: 24px;width: 17.5594%\" width=\"103\">5.<\/td> <td style=\"height: 24px;width: 81.9989%\" width=\"511\">Kommunik\u00e1ci\u00f3s technik\u00e1k ismertet\u00e9se, t\u00e1rgyal\u00e1sa besz\u00e1mol\u00f3val \u00f6sszek\u00f6tve.<\/td> <\/tr> <\/tbody> <\/table> <p>&nbsp;<\/p>","protected":false},"excerpt":{"rendered":"<p>A kurzus e-learning form\u00e1ban zajlik, a tananyag a moodle rendszeren bel\u00fcl tal\u00e1lhat\u00f3, a tant\u00e1rgy teljes\u00edt\u00e9se ott lehets\u00e9ges. A kurzus sor\u00e1n foglalkozni fogunk a kommunik\u00e1ci\u00f3elm\u00e9let alapjaival, a biokommunik\u00e1ci\u00f3val, kommunik\u00e1ci\u00f3val az \u00e1llatvil\u00e1gban, a hum\u00e1n \u201ebesz\u00e9d\u201d \u00e9lettani h\u00e1tter\u00e9vel, a nyelv kialakul\u00e1s\u00e1val, majd a kurzus v\u00e9g\u00e9n p\u00e1r praktikus tan\u00e1cs is elhangzik, rem\u00e9lhet\u0151leg ez hasznos\u00edthat\u00f3 lesz a k\u00e9s\u0151bbiek folyam\u00e1n. A<\/p>\n","protected":false},"author":3837,"featured_media":0,"parent":677,"menu_order":0,"comment_status":"open","ping_status":"open","template":"","meta":{"_acf_changed":false,"footnotes":""},"categories":[],"tags":[],"class_list":["post-185811","page","type-page","status-publish","hentry"],"acf":[],"_links":{"self":[{"href":"https:\/\/univet.hu\/hu\/wp-json\/wp\/v2\/pages\/185811","targetHints":{"allow":["GET"]}}],"collection":[{"href":"https:\/\/univet.hu\/hu\/wp-json\/wp\/v2\/pages"}],"about":[{"href":"https:\/\/univet.hu\/hu\/wp-json\/wp\/v2\/types\/page"}],"author":[{"embeddable":true,"href":"https:\/\/univet.hu\/hu\/wp-json\/wp\/v2\/users\/3837"}],"replies":[{"embeddable":true,"href":"https:\/\/univet.hu\/hu\/wp-json\/wp\/v2\/comments?post=185811"}],"version-history":[{"count":5,"href":"https:\/\/univet.hu\/hu\/wp-json\/wp\/v2\/pages\/185811\/revisions"}],"predecessor-version":[{"id":185847,"href":"https:\/\/univet.hu\/hu\/wp-json\/wp\/v2\/pages\/185811\/revisions\/185847"}],"up":[{"embeddable":true,"href":"https:\/\/univet.hu\/hu\/wp-json\/wp\/v2\/pages\/677"}],"wp:attachment":[{"href":"https:\/\/univet.hu\/hu\/wp-json\/wp\/v2\/media?parent=185811"}],"wp:term":[{"taxonomy":"category","embeddable":true,"href":"https:\/\/univet.hu\/hu\/wp-json\/wp\/v2\/categories?post=185811"},{"taxonomy":"post_tag","embeddable":true,"href":"https:\/\/univet.hu\/hu\/wp-json\/wp\/v2\/tags?post=185811"}],"curies":[{"name":"wp","href":"https:\/\/api.w.org\/{rel}","templated":true}]}}