{"id":185964,"date":"2025-06-16T11:32:29","date_gmt":"2025-06-16T09:32:29","guid":{"rendered":"https:\/\/univet.hu\/hu\/egyetem\/szervezeti-egysegek\/tudomanyos-es-innovacios-bizottsag\/new_child_page\/"},"modified":"2026-04-16T11:55:15","modified_gmt":"2026-04-16T09:55:15","slug":"tagok","status":"publish","type":"page","link":"https:\/\/univet.hu\/hu\/egyetem\/szervezeti-egysegek\/tudomanyos-es-innovacios-bizottsag\/tagok\/","title":{"rendered":"Tagok"},"content":{"rendered":"<table> <tbody> <tr> <td><strong>Eln\u00f6k:<\/strong><\/td> <td><\/td> <\/tr> <tr> <td>tudom\u00e1nyos \u00e9s innov\u00e1ci\u00f3s rektorhelyettes<\/td> <td>Dr. Jerzsele \u00c1kos<\/td> <\/tr> <tr> <td><strong>Titk\u00e1r:<\/strong><\/td> <td><\/td> <\/tr> <tr> <td>tudom\u00e1nyos f\u0151munkat\u00e1rs<\/td> <td>Dr. Farkas Orsolya<\/td> <\/tr> <tr> <td><strong>Tagok:<\/strong><\/td> <td><\/td> <\/tr> <tr> <td>Doktori \u00e9s Habilit\u00e1ci\u00f3s Tan\u00e1cs eln\u00f6k<\/td> <td>Dr. G\u00e1lfi P\u00e9ter<\/td> <\/tr> <tr> <td>doktori iskola vezet\u0151<\/td> <td>Dr. R\u00e1cz Bence<\/td> <\/tr> <tr> <td>klinikai rektorhelyettes, doktori iskola programvezet\u0151<\/td> <td>Dr. N\u00e9meth Tibor<\/td> <\/tr> <tr> <td>oktat\u00e1si rektorhelyettes<\/td> <td>Dr. \u00d3zsv\u00e1ri L\u00e1szl\u00f3<\/td> <\/tr> <tr> <td>strat\u00e9giai rektorhelyettes<\/td> <td>Dr. S\u00fcth Mikl\u00f3s<\/td> <\/tr> <tr> <td>doktori iskola programvezet\u0151<\/td> <td>Dr. Farkas R\u00f3bert<\/td> <\/tr> <tr> <td>k\u00f6nyvt\u00e1r f\u0151igazgat\u00f3<\/td> <td>Dr. Winkler Bea<\/td> <\/tr> <tr> <td>PhD hallgat\u00f3<\/td> <td>Paliczn\u00e9 Kust\u00e1n Bianka<\/td> <\/tr> <\/tbody> <\/table> <p>&nbsp;<\/p>","protected":false},"excerpt":{"rendered":"<p>Eln\u00f6k: tudom\u00e1nyos \u00e9s innov\u00e1ci\u00f3s rektorhelyettes Dr. Jerzsele \u00c1kos Titk\u00e1r: tudom\u00e1nyos f\u0151munkat\u00e1rs Dr. Farkas Orsolya Tagok: Doktori \u00e9s Habilit\u00e1ci\u00f3s Tan\u00e1cs eln\u00f6k Dr. G\u00e1lfi P\u00e9ter doktori iskola vezet\u0151 Dr. R\u00e1cz Bence klinikai rektorhelyettes, doktori iskola programvezet\u0151 Dr. N\u00e9meth Tibor oktat\u00e1si rektorhelyettes Dr. \u00d3zsv\u00e1ri L\u00e1szl\u00f3 strat\u00e9giai rektorhelyettes Dr. S\u00fcth Mikl\u00f3s doktori iskola programvezet\u0151 Dr. Farkas R\u00f3bert k\u00f6nyvt\u00e1r f\u0151igazgat\u00f3<\/p>\n","protected":false},"author":3837,"featured_media":0,"parent":185959,"menu_order":0,"comment_status":"open","ping_status":"open","template":"","meta":{"_acf_changed":false,"footnotes":""},"categories":[],"tags":[],"class_list":["post-185964","page","type-page","status-publish","hentry"],"acf":[],"_links":{"self":[{"href":"https:\/\/univet.hu\/hu\/wp-json\/wp\/v2\/pages\/185964","targetHints":{"allow":["GET"]}}],"collection":[{"href":"https:\/\/univet.hu\/hu\/wp-json\/wp\/v2\/pages"}],"about":[{"href":"https:\/\/univet.hu\/hu\/wp-json\/wp\/v2\/types\/page"}],"author":[{"embeddable":true,"href":"https:\/\/univet.hu\/hu\/wp-json\/wp\/v2\/users\/3837"}],"replies":[{"embeddable":true,"href":"https:\/\/univet.hu\/hu\/wp-json\/wp\/v2\/comments?post=185964"}],"version-history":[{"count":5,"href":"https:\/\/univet.hu\/hu\/wp-json\/wp\/v2\/pages\/185964\/revisions"}],"predecessor-version":[{"id":205416,"href":"https:\/\/univet.hu\/hu\/wp-json\/wp\/v2\/pages\/185964\/revisions\/205416"}],"up":[{"embeddable":true,"href":"https:\/\/univet.hu\/hu\/wp-json\/wp\/v2\/pages\/185959"}],"wp:attachment":[{"href":"https:\/\/univet.hu\/hu\/wp-json\/wp\/v2\/media?parent=185964"}],"wp:term":[{"taxonomy":"category","embeddable":true,"href":"https:\/\/univet.hu\/hu\/wp-json\/wp\/v2\/categories?post=185964"},{"taxonomy":"post_tag","embeddable":true,"href":"https:\/\/univet.hu\/hu\/wp-json\/wp\/v2\/tags?post=185964"}],"curies":[{"name":"wp","href":"https:\/\/api.w.org\/{rel}","templated":true}]}}