{"id":186849,"date":"2025-06-23T11:29:57","date_gmt":"2025-06-23T09:29:57","guid":{"rendered":"https:\/\/univet.hu\/hu\/oktatas\/kurzusok\/invitrocell\/"},"modified":"2025-06-23T12:49:44","modified_gmt":"2025-06-23T10:49:44","slug":"invitrocell","status":"publish","type":"page","link":"https:\/\/univet.hu\/hu\/oktatas\/kurzusok\/invitrocell\/","title":{"rendered":"In vitro sejttechnol\u00f3gia"},"content":{"rendered":"<p style=\"text-align: justify\">A kurzus f\u0151 c\u00e9lja a preklinikai k\u00eds\u00e9rletek sor\u00e1n haszn\u00e1latos <em>in vitro<\/em> sejtvonalak felhaszn\u00e1l\u00e1si ter\u00fcleteinek \u00e9s azok limit\u00e1ci\u00f3inak bemutat\u00e1sa. Az \u00e1llatk\u00eds\u00e9rletekben alapvet\u0151 el\u0151\u00edr\u00e1s a 3R szab\u00e1lyrendszer (Replacement, Reduce, Refinement) betart\u00e1sa, mely megk\u00f6veteli a kutat\u00f3kt\u00f3l, hogy az <em>in vivo<\/em> k\u00eds\u00e9rletek helyett, amennyiben lehets\u00e9ges, <em>in vitro<\/em> m\u00f3dszerekkel v\u00e1lts\u00e1k ki a laborat\u00f3riumi \u00e1llatok haszn\u00e1lat\u00e1t. Erre k\u00edn\u00e1l lehet\u0151s\u00e9get az <em>in vitro<\/em> sejtkult\u00far\u00e1k alkalmaz\u00e1sa. A tant\u00e1rgy elm\u00e9leti alapot biztos\u00edt a hallgat\u00f3knak a sejtkult\u00far\u00e1k fenntart\u00e1s\u00e1nak \u00e9s alkalmaz\u00e1s\u00e1nak alapvet\u0151 felt\u00e9teleihez. A tananyag kit\u00e9r az <em>in vivo <\/em>m\u00f3dszerek korl\u00e1tai mellett az \u00faj innovat\u00edv rendszerek bemutat\u00e1s\u00e1ra is, amelyek a hallgat\u00f3k sz\u00e1m\u00e1ra hasznosak lehetnek klinikai kutat\u00e1sok sor\u00e1n.<\/p> <p>A hallgat\u00f3k egy \u00edr\u00e1sbeli besz\u00e1mol\u00f3 keret\u00e9ben adnak sz\u00e1mot tud\u00e1sukr\u00f3l.<\/p> <p>A kurzus magyar<strong> nyelven<\/strong> zajlik. A kurzus fel\u00e9p\u00edt\u00e9s\u00e9b\u0151l ad\u00f3d\u00f3an az \u00f3r\u00e1kon t\u00f6rt\u00e9n\u0151 r\u00e9szv\u00e9tel a t\u00e1rgy teljes\u00edt\u00e9s\u00e9hez aj\u00e1nlott.<\/p> <p><strong>El\u0151k\u00f6vetelm\u00e9ny<\/strong>:\u00a0\u00c1llatorvosi \u00c9lettan 1<\/p> <hr data-start=\"1451\" data-end=\"1454\" \/> <h3><\/h3> <p><strong>A tant\u00e1rgy tematik\u00e1ja: (heti tagol\u00e1s\u00fa tematika)<\/strong><\/p> <table style=\"width: 53.2101%\" width=\"604\"> <tbody> <tr> <td style=\"width: 31.6054%\" width=\"103\"><strong>Oktat\u00e1si h\u00e9t<\/strong><strong>\u00a0<\/strong><\/td> <td style=\"width: 122.364%\" width=\"501\"><strong>T\u00e9ma<\/strong><strong>\u00a0<\/strong><\/td> <\/tr> <tr> <td style=\"width: 31.6054%\" width=\"103\">1. (2 \u00f3ra)<\/td> <td style=\"width: 122.364%\" width=\"501\">Az <em>in vitro<\/em> sejttechnol\u00f3gia alapjai<\/td> <\/tr> <tr> <td style=\"width: 31.6054%\" width=\"103\">2. (2 \u00f3ra)<\/td> <td style=\"width: 122.364%\" width=\"501\">Aszeptikus laborat\u00f3riumi munka felt\u00e9telei \u00e9s eszk\u00f6zei<\/td> <\/tr> <tr> <td style=\"width: 31.6054%\" width=\"103\">3. (2 \u00f3ra)<\/td> <td style=\"width: 122.364%\" width=\"501\">Az <em>in vitro<\/em> sejtvonalak l\u00e9trehoz\u00e1sa \u00e9s az alapvet\u0151 sejtvonalak<\/td> <\/tr> <tr> <td style=\"width: 31.6054%\" width=\"103\">4. (2 \u00f3ra)<\/td> <td style=\"width: 122.364%\" width=\"501\">A sejtvonalak fenntart\u00e1s\u00e1hoz sz\u00fcks\u00e9ges alapvet\u0151 oldatok<\/td> <\/tr> <tr> <td style=\"width: 31.6054%\" width=\"103\">5. (2 \u00f3ra)<\/td> <td style=\"width: 122.364%\" width=\"501\">2D \u00e9s 3D sejtkult\u00far\u00e1k l\u00e9trehoz\u00e1sa felhaszn\u00e1l\u00e1sa, spheroidok \u00e9s organoidok<\/td> <\/tr> <tr> <td style=\"width: 31.6054%\" width=\"103\">6. (2 \u00f3ra)<\/td> <td style=\"width: 122.364%\" width=\"501\">A n\u00f6v\u00e9nyi<em> in vitro<\/em> sejtkult\u00far\u00e1k<\/td> <\/tr> <tr> <td style=\"width: 31.6054%\" width=\"103\">7. (2 \u00f3ra)<\/td> <td style=\"width: 122.364%\" width=\"501\">Kontamin\u00e1ci\u00f3k a sejtkult\u00far\u00e1kban, jelek \u00e9s v\u00e9dekez\u00e9si form\u00e1k<\/td> <\/tr> <tr> <td style=\"width: 31.6054%\" width=\"103\">8. (1 \u00f3ra)<\/td> <td style=\"width: 122.364%\" width=\"501\">sz\u00e1monk\u00e9r\u00e9s<\/td> <\/tr> <\/tbody> <\/table> <p>&nbsp;<\/p>","protected":false},"excerpt":{"rendered":"<p>A kurzus f\u0151 c\u00e9lja a preklinikai k\u00eds\u00e9rletek sor\u00e1n haszn\u00e1latos in vitro sejtvonalak felhaszn\u00e1l\u00e1si ter\u00fcleteinek \u00e9s azok limit\u00e1ci\u00f3inak bemutat\u00e1sa. Az \u00e1llatk\u00eds\u00e9rletekben alapvet\u0151 el\u0151\u00edr\u00e1s a 3R szab\u00e1lyrendszer (Replacement, Reduce, Refinement) betart\u00e1sa, mely megk\u00f6veteli a kutat\u00f3kt\u00f3l, hogy az in vivo k\u00eds\u00e9rletek helyett, amennyiben lehets\u00e9ges, in vitro m\u00f3dszerekkel v\u00e1lts\u00e1k ki a laborat\u00f3riumi \u00e1llatok haszn\u00e1lat\u00e1t. Erre k\u00edn\u00e1l lehet\u0151s\u00e9get az in<\/p>\n","protected":false},"author":3837,"featured_media":0,"parent":677,"menu_order":0,"comment_status":"open","ping_status":"open","template":"","meta":{"_acf_changed":false,"footnotes":""},"categories":[],"tags":[],"class_list":["post-186849","page","type-page","status-publish","hentry"],"acf":[],"_links":{"self":[{"href":"https:\/\/univet.hu\/hu\/wp-json\/wp\/v2\/pages\/186849","targetHints":{"allow":["GET"]}}],"collection":[{"href":"https:\/\/univet.hu\/hu\/wp-json\/wp\/v2\/pages"}],"about":[{"href":"https:\/\/univet.hu\/hu\/wp-json\/wp\/v2\/types\/page"}],"author":[{"embeddable":true,"href":"https:\/\/univet.hu\/hu\/wp-json\/wp\/v2\/users\/3837"}],"replies":[{"embeddable":true,"href":"https:\/\/univet.hu\/hu\/wp-json\/wp\/v2\/comments?post=186849"}],"version-history":[{"count":5,"href":"https:\/\/univet.hu\/hu\/wp-json\/wp\/v2\/pages\/186849\/revisions"}],"predecessor-version":[{"id":186890,"href":"https:\/\/univet.hu\/hu\/wp-json\/wp\/v2\/pages\/186849\/revisions\/186890"}],"up":[{"embeddable":true,"href":"https:\/\/univet.hu\/hu\/wp-json\/wp\/v2\/pages\/677"}],"wp:attachment":[{"href":"https:\/\/univet.hu\/hu\/wp-json\/wp\/v2\/media?parent=186849"}],"wp:term":[{"taxonomy":"category","embeddable":true,"href":"https:\/\/univet.hu\/hu\/wp-json\/wp\/v2\/categories?post=186849"},{"taxonomy":"post_tag","embeddable":true,"href":"https:\/\/univet.hu\/hu\/wp-json\/wp\/v2\/tags?post=186849"}],"curies":[{"name":"wp","href":"https:\/\/api.w.org\/{rel}","templated":true}]}}