{"id":187668,"date":"2025-07-02T10:03:35","date_gmt":"2025-07-02T08:03:35","guid":{"rendered":"https:\/\/univet.hu\/?page_id=187668"},"modified":"2025-09-08T12:10:31","modified_gmt":"2025-09-08T10:10:31","slug":"tanevnyito-unnepseg-2025","status":"publish","type":"page","link":"https:\/\/univet.hu\/hu\/tanevnyito-unnepseg-2025\/","title":{"rendered":"Tan\u00e9vnyit\u00f3 \u00fcnneps\u00e9g 2025"},"content":{"rendered":"<p><strong>Az \u00fcnneps\u00e9gen k\u00e9sz\u00fclt fot\u00f3k\u00e9rt kattintson <a href=\"https:\/\/allatorvosiegyetem.sharepoint.com\/:f:\/s\/kommunikacio\/Eg-Fu-iaUW5DqBUwiG_sYs0BHLmagKA6hYd-huJvC3JzmQ?e=JTW2uv\">IDE.<\/a>\u00a0<\/strong><\/p> <p><em>A fot\u00f3kat k\u00e9sz\u00edtette: D\u00f6rmer Zsuzsanna<\/em><a href=\"https:\/\/univet.hu\/wp-content\/uploads\/2025\/08\/ATE_52_meghivo_tanevnyito_unnepseg_web.jpg\"><img loading=\"lazy\" decoding=\"async\" class=\"aligncenter size-full wp-image-188523\" src=\"https:\/\/univet.hu\/wp-content\/uploads\/2025\/08\/ATE_52_meghivo_tanevnyito_unnepseg_web.jpg\" alt=\"\" width=\"2365\" height=\"1649\" srcset=\"https:\/\/univet.hu\/wp-content\/uploads\/2025\/08\/ATE_52_meghivo_tanevnyito_unnepseg_web.jpg 2365w, https:\/\/univet.hu\/wp-content\/uploads\/2025\/08\/ATE_52_meghivo_tanevnyito_unnepseg_web-320x223.jpg 320w, https:\/\/univet.hu\/wp-content\/uploads\/2025\/08\/ATE_52_meghivo_tanevnyito_unnepseg_web-960x669.jpg 960w, https:\/\/univet.hu\/wp-content\/uploads\/2025\/08\/ATE_52_meghivo_tanevnyito_unnepseg_web-768x535.jpg 768w, https:\/\/univet.hu\/wp-content\/uploads\/2025\/08\/ATE_52_meghivo_tanevnyito_unnepseg_web-1536x1071.jpg 1536w, https:\/\/univet.hu\/wp-content\/uploads\/2025\/08\/ATE_52_meghivo_tanevnyito_unnepseg_web-2048x1428.jpg 2048w\" sizes=\"auto, (max-width: 2365px) 100vw, 2365px\" \/><\/a><\/p> <p><a href=\"https:\/\/univet.hu\/wp-content\/uploads\/2025\/08\/ATE_tanevnyito_-cimlap-web.jpg\"><img loading=\"lazy\" decoding=\"async\" class=\"aligncenter size-full wp-image-188526\" src=\"https:\/\/univet.hu\/wp-content\/uploads\/2025\/08\/ATE_tanevnyito_-cimlap-web.jpg\" alt=\"\" width=\"2379\" height=\"1646\" srcset=\"https:\/\/univet.hu\/wp-content\/uploads\/2025\/08\/ATE_tanevnyito_-cimlap-web.jpg 2379w, https:\/\/univet.hu\/wp-content\/uploads\/2025\/08\/ATE_tanevnyito_-cimlap-web-320x221.jpg 320w, https:\/\/univet.hu\/wp-content\/uploads\/2025\/08\/ATE_tanevnyito_-cimlap-web-960x664.jpg 960w, https:\/\/univet.hu\/wp-content\/uploads\/2025\/08\/ATE_tanevnyito_-cimlap-web-768x531.jpg 768w, https:\/\/univet.hu\/wp-content\/uploads\/2025\/08\/ATE_tanevnyito_-cimlap-web-1536x1063.jpg 1536w, https:\/\/univet.hu\/wp-content\/uploads\/2025\/08\/ATE_tanevnyito_-cimlap-web-2048x1417.jpg 2048w\" sizes=\"auto, (max-width: 2379px) 100vw, 2379px\" \/><\/a><\/p> <p><a href=\"https:\/\/univet.hu\/wp-content\/uploads\/2025\/08\/ATE_52_betetlep_tanevnyito_unnepseg_web.jpg\"><img loading=\"lazy\" decoding=\"async\" class=\"aligncenter wp-image-188529 size-large\" src=\"https:\/\/univet.hu\/wp-content\/uploads\/2025\/08\/ATE_52_betetlep_tanevnyito_unnepseg_web-477x960.jpg\" alt=\"\" width=\"477\" height=\"960\" srcset=\"https:\/\/univet.hu\/wp-content\/uploads\/2025\/08\/ATE_52_betetlep_tanevnyito_unnepseg_web-477x960.jpg 477w, https:\/\/univet.hu\/wp-content\/uploads\/2025\/08\/ATE_52_betetlep_tanevnyito_unnepseg_web-159x320.jpg 159w, https:\/\/univet.hu\/wp-content\/uploads\/2025\/08\/ATE_52_betetlep_tanevnyito_unnepseg_web-768x1545.jpg 768w, https:\/\/univet.hu\/wp-content\/uploads\/2025\/08\/ATE_52_betetlep_tanevnyito_unnepseg_web-764x1536.jpg 764w, https:\/\/univet.hu\/wp-content\/uploads\/2025\/08\/ATE_52_betetlep_tanevnyito_unnepseg_web.jpg 810w\" sizes=\"auto, (max-width: 477px) 100vw, 477px\" \/><\/a><\/p> <p><a href=\"https:\/\/univet.hu\/wp-content\/uploads\/2025\/08\/ATE_tanevnyito_-cimlap-pdf.pdf\">Megh\u00edv\u00f3 let\u00f6lt\u00e9se pdf-ben.<\/a><\/p> <p><a href=\"https:\/\/univet.hu\/wp-content\/uploads\/2025\/08\/ATE_52_meghivo_tanevnyito_unnepseg_pdf.pdf\">Megh\u00edv\u00f3 let\u00f6lt\u00e9se pdf-ben. &#8211; 1<\/a><\/p> <p><a href=\"https:\/\/univet.hu\/wp-content\/uploads\/2025\/08\/ATE_52_betetlep_tanevnyito_unnepseg_pdf.pdf\">Megh\u00edv\u00f3 let\u00f6lt\u00e9se pdf-ben. &#8211; 2<\/a><\/p>","protected":false},"excerpt":{"rendered":"<p>Az \u00fcnneps\u00e9gen k\u00e9sz\u00fclt fot\u00f3k\u00e9rt kattintson IDE.\u00a0 A fot\u00f3kat k\u00e9sz\u00edtette: D\u00f6rmer Zsuzsanna Megh\u00edv\u00f3 let\u00f6lt\u00e9se pdf-ben. Megh\u00edv\u00f3 let\u00f6lt\u00e9se pdf-ben. &#8211; 1 Megh\u00edv\u00f3 let\u00f6lt\u00e9se pdf-ben. &#8211; 2<\/p>\n","protected":false},"author":2518,"featured_media":0,"parent":0,"menu_order":0,"comment_status":"closed","ping_status":"closed","template":"","meta":{"_acf_changed":false,"footnotes":""},"categories":[],"tags":[],"class_list":["post-187668","page","type-page","status-publish","hentry"],"acf":[],"_links":{"self":[{"href":"https:\/\/univet.hu\/hu\/wp-json\/wp\/v2\/pages\/187668","targetHints":{"allow":["GET"]}}],"collection":[{"href":"https:\/\/univet.hu\/hu\/wp-json\/wp\/v2\/pages"}],"about":[{"href":"https:\/\/univet.hu\/hu\/wp-json\/wp\/v2\/types\/page"}],"author":[{"embeddable":true,"href":"https:\/\/univet.hu\/hu\/wp-json\/wp\/v2\/users\/2518"}],"replies":[{"embeddable":true,"href":"https:\/\/univet.hu\/hu\/wp-json\/wp\/v2\/comments?post=187668"}],"version-history":[{"count":5,"href":"https:\/\/univet.hu\/hu\/wp-json\/wp\/v2\/pages\/187668\/revisions"}],"predecessor-version":[{"id":190297,"href":"https:\/\/univet.hu\/hu\/wp-json\/wp\/v2\/pages\/187668\/revisions\/190297"}],"wp:attachment":[{"href":"https:\/\/univet.hu\/hu\/wp-json\/wp\/v2\/media?parent=187668"}],"wp:term":[{"taxonomy":"category","embeddable":true,"href":"https:\/\/univet.hu\/hu\/wp-json\/wp\/v2\/categories?post=187668"},{"taxonomy":"post_tag","embeddable":true,"href":"https:\/\/univet.hu\/hu\/wp-json\/wp\/v2\/tags?post=187668"}],"curies":[{"name":"wp","href":"https:\/\/api.w.org\/{rel}","templated":true}]}}