{"id":187762,"date":"2025-07-08T08:01:35","date_gmt":"2025-07-08T06:01:35","guid":{"rendered":"https:\/\/univet.hu\/?page_id=187762"},"modified":"2025-12-02T17:34:29","modified_gmt":"2025-12-02T16:34:29","slug":"zootaxo2025","status":"publish","type":"page","link":"https:\/\/univet.hu\/hu\/zootaxo2025\/","title":{"rendered":"II. Magyar Zootaxon\u00f3miai Konferencia"},"content":{"rendered":"<h1>II. Magyar Zootaxon\u00f3miai Konferencia<\/h1> <p><img loading=\"lazy\" decoding=\"async\" class=\"aligncenter wp-image-196549 size-full\" src=\"https:\/\/univet.hu\/wp-content\/uploads\/2025\/12\/ForHPDSC00439.jpg\" alt=\"\" width=\"960\" height=\"304\" srcset=\"https:\/\/univet.hu\/wp-content\/uploads\/2025\/12\/ForHPDSC00439.jpg 960w, https:\/\/univet.hu\/wp-content\/uploads\/2025\/12\/ForHPDSC00439-320x101.jpg 320w, https:\/\/univet.hu\/wp-content\/uploads\/2025\/12\/ForHPDSC00439-768x243.jpg 768w\" sizes=\"auto, (max-width: 960px) 100vw, 960px\" \/><\/p> <p>Kedves Koll\u00e9g\u00e1k!<\/p> <p>Sok szeretettel l\u00e1ttunk titeket vend\u00e9g\u00fcl a II. Magyar Zootaxon\u00f3miai Konferenci\u00e1n! A megnyit\u00f3 \u00e9s a k\u00e9t plen\u00e1ris el\u0151ad\u00e1s lejjebb n\u00e9zhet\u0151 vissza.<\/p> <p><a href=\"https:\/\/www.youtube.com\/playlist?list=PLlBhx8qYGYOL5nvFBnBOvmiR44wVZ39tY\"><span style=\"font-size: 14pt\"><strong>LINK A VIDE\u00d3KHOZ<\/strong><\/span><\/a>\u00a0 \u00a0<span style=\"font-size: 14pt\"><strong> <a href=\"https:\/\/allatorvosiegyetem-my.sharepoint.com\/:b:\/g\/personal\/szu9164_univet_hu\/EWUwZctNcIlIjIw6C3q6U-oBX3wPHVI9_wMi-FxgLfS29g?e=Bq4tam\">A KONFERENCIA PROGRAMJA<\/a>\u00a0<\/strong><\/span><\/p> <p><span style=\"font-size: 14pt\"><strong>A DI\u00c1KEL\u0150AD\u00c1SVERSENY EREDM\u00c9NYEI<\/strong><\/span><\/p> <p><img loading=\"lazy\" decoding=\"async\" class=\"alignnone wp-image-196552 size-large\" src=\"https:\/\/univet.hu\/wp-content\/uploads\/2025\/12\/FOR-HP-DSCF2615-3-960x640.jpg\" alt=\"\" width=\"960\" height=\"640\" srcset=\"https:\/\/univet.hu\/wp-content\/uploads\/2025\/12\/FOR-HP-DSCF2615-3-960x640.jpg 960w, https:\/\/univet.hu\/wp-content\/uploads\/2025\/12\/FOR-HP-DSCF2615-3-320x213.jpg 320w, https:\/\/univet.hu\/wp-content\/uploads\/2025\/12\/FOR-HP-DSCF2615-3-768x512.jpg 768w, https:\/\/univet.hu\/wp-content\/uploads\/2025\/12\/FOR-HP-DSCF2615-3.jpg 1200w\" sizes=\"auto, (max-width: 960px) 100vw, 960px\" \/><\/p> <p><strong>MSc kateg\u00f3ri\u00e1ban:<\/strong><\/p> <p><strong>I. hely<\/strong> <strong>Varga Nimr\u00f3d<\/strong> \u00c1llatorvostudom\u00e1nyi Egyetem<\/p> <p><strong>II. hely Bata Adri\u00e1n<\/strong> \u00c1llatorvostudom\u00e1nyi Egyetem<\/p> <p><strong>III. hely K\u00e1rp\u00e1ti Marcell<\/strong> Biol\u00f3gia \u00e9s Geol\u00f3gia Kar, Babe\u015f-Bolyai Tudom\u00e1nyegyetem<\/p> <p>&nbsp;<\/p> <p><strong>PhD hallgat\u00f3 kateg\u00f3ri\u00e1ban<\/strong><\/p> <p><strong>I. hely Tak\u00e1cs-V\u00e1g\u00f3 Hunor<\/strong> \u00c1llatorvostudom\u00e1nyi Egyetem, Zool\u00f3giai Tansz\u00e9k<\/p> <p><strong>II. hely<\/strong> <strong>Gabriela Pa\u010dkov\u00e1<\/strong> Department of Zoology, Faculty of Science, Palacky University<\/p> <p><strong>III. hely<\/strong> <strong>Magyar J\u00e1nos<\/strong> ELTE TTK FFI-\u0150sl\u00e9nytani Tansz\u00e9k<\/p> <p>&nbsp;<\/p> <p><strong>WWF Magyarorsz\u00e1g k\u00fcl\u00f6nd\u00edja: Fekete Erik<\/strong> \u00c9rdi V\u00f6r\u00f6smarty Mih\u00e1ly Gimn\u00e1zium<\/p> <p>&nbsp;<\/p> <p><strong>Pensoft Kiad\u00f3 publik\u00e1l\u00e1si d\u00edj: Schlitt Bence P\u00e9ter<\/strong> ELTE TTK, Biol\u00f3gia Int\u00e9zet<\/p> <p>&nbsp;<\/p> <p>Mindenkinek gratul\u00e1lunk, \u00e9s minden el\u0151ad\u00f3nak k\u00f6sz\u00f6nj\u00fck, hogy el\u0151ad\u00e1s\u00e1val hozz\u00e1j\u00e1rult a szakmai program magas sz\u00ednvonal\u00e1hoz!<\/p> <p>&nbsp;<\/p> <p>&nbsp;<\/p> <p style=\"text-align: justify\">A konferencia szakmai programja november 27.-\u00e9n reggel 9:00-t\u00f3l kb. 18:00-ig tart. Az ezut\u00e1ni k\u00f6tetlen szakmai beszelgetest szint\u00e9n az Aul\u00e1ban fogjuk rendezni. M\u00e1snap, november 28.-\u00e1n reggel 9:00-t\u00f3l kezd\u0151dik a szakmai program, \u00e9s 18:15kor \u00e9r v\u00e9get.<\/p> <p style=\"text-align: justify\">A konferenci\u00e1n a hagyom\u00e1nyos 15 perces el\u0151ad\u00e1sok (ide\u00e1lisan: 10 perc el\u0151ad\u00e1s + 5 perc k\u00e9rd\u00e9sek \u00e9s v\u00e1laszok) mellett posztereket is be lehet mutatni, illetve term\u00e9szetesen csak r\u00e9sztvev\u0151k\u00e9nt is lehet regisztr\u00e1lni. Ut\u00f3bbit kifejezetten aj\u00e1nljuk zootaxon\u00f3mia ir\u00e1nt \u00e9rdekl\u0151d\u0151 egyetemi hallgat\u00f3knak \u00e9s gimnazist\u00e1knak is.<\/p> <p style=\"text-align: justify\">A konferencia els\u0151dleges c\u00e9lja term\u00e9szetesen az is, mint minden szakter\u00fcleti konferenci\u00e1\u00e9: bemutassuk eredm\u00e9nyeinket a koll\u00e9g\u00e1inknak \u00e9s megvitassuk \u0151ket. Nem musz\u00e1j akt\u00edv t\u00e9m\u00e1r\u00f3l, eredm\u00e9nyekr\u0151l besz\u00e1molni, hanem a kutat\u00e1si t\u00e9m\u00e1t, a taxont, \u00e9s annak \u00e9rdekess\u00e9g\u00e9t is be lehet mutatni, hiszen a konferencia egyik legnagyobb priort\u00e1sa az ut\u00e1np\u00f3tl\u00e1s-nevel\u00e9s.\u00a0 Mivel a tavalyi kedvez\u0151 tapasztalatok alapj\u00e1n sz\u00e1mos fiatalt vonzott az esem\u00e9ny,\u00a0 az esti besz\u00e9lget\u00e9s az \u0151 ig\u00e9nyeikhez igaz\u00edtjuk majd (r\u00e9szletek k\u00e9s\u0151bb).<br \/> H\u00edvtunk k\u00e9t k\u00fclf\u00f6ldi, nemzetk\u00f6zi szinten magasan jegyzett kutat\u00f3 kolleg\u00e1t, akik plen\u00e1ris el\u0151ad\u00e1sokat tartanak.<\/p> <p style=\"text-align: justify\">Az el\u0151ad\u00e1sokat lehet angolul is \u00e9s magyarul is tartani, absztraktra azonban mindenk\u00e9ppen sz\u00fcks\u00e9g lesz. A k\u00fclf\u00f6ldi r\u00e9sztvev\u0151kre gondolva, arra k\u00e9r\u00fcnk mindenkit, hogy lehet\u0151s\u00e9g szerint, az di\u00e1kat angol nyelven k\u00e9sz\u00edts\u00e9k el.<\/p> <p>Az el\u0151ad\u00f3 di\u00e1kok legjobb posztereit \u00e9s el\u0151ad\u00e1sait d\u00edjazzuk. A legjobb poszter \u00e9s legjobb el\u0151ad\u00e1s ezen fel\u00fcl Zsoldos M\u00e1rton kiv\u00e1l\u00f3 illusztr\u00e1tor 1-1 felaj\u00e1nlott (alant l\u00e1that\u00f3) festm\u00e9ny\u00e9t kapja meg .<\/p> <p><img loading=\"lazy\" decoding=\"async\" class=\"alignnone size-medium wp-image-190399\" src=\"https:\/\/univet.hu\/wp-content\/uploads\/2025\/09\/Barlangi-vak-ugrovillas-320x216.jpg\" alt=\"\" width=\"320\" height=\"216\" srcset=\"https:\/\/univet.hu\/wp-content\/uploads\/2025\/09\/Barlangi-vak-ugrovillas-320x216.jpg 320w, https:\/\/univet.hu\/wp-content\/uploads\/2025\/09\/Barlangi-vak-ugrovillas-960x648.jpg 960w, https:\/\/univet.hu\/wp-content\/uploads\/2025\/09\/Barlangi-vak-ugrovillas-768x518.jpg 768w, https:\/\/univet.hu\/wp-content\/uploads\/2025\/09\/Barlangi-vak-ugrovillas.jpg 1000w\" sizes=\"auto, (max-width: 320px) 100vw, 320px\" \/> <img loading=\"lazy\" decoding=\"async\" class=\"alignnone size-medium wp-image-190402\" src=\"https:\/\/univet.hu\/wp-content\/uploads\/2025\/09\/Piros-legivadasz-Pyrrhosoma-nymphula-320x313.jpg\" alt=\"\" width=\"320\" height=\"313\" srcset=\"https:\/\/univet.hu\/wp-content\/uploads\/2025\/09\/Piros-legivadasz-Pyrrhosoma-nymphula-320x313.jpg 320w, https:\/\/univet.hu\/wp-content\/uploads\/2025\/09\/Piros-legivadasz-Pyrrhosoma-nymphula-960x940.jpg 960w, https:\/\/univet.hu\/wp-content\/uploads\/2025\/09\/Piros-legivadasz-Pyrrhosoma-nymphula-768x752.jpg 768w, https:\/\/univet.hu\/wp-content\/uploads\/2025\/09\/Piros-legivadasz-Pyrrhosoma-nymphula.jpg 1000w\" sizes=\"auto, (max-width: 320px) 100vw, 320px\" \/><\/p> <p><strong>Tervezett plen\u00e1ris el\u0151ad\u00f3k:<\/strong><\/p> <p><a href=\"https:\/\/www.nhm.at\/nesrine_akkari\">Dr. Nesrine Akkari<\/a> Curator of the collection Myriapoda, Naturhistorisches Museum, Wien<\/p> <p><a href=\"https:\/\/scholar.google.hu\/citations?hl=en&amp;user=X2mztGoAAAAJ&amp;view_op=list_works&amp;sortby=pubdate\">Dr. Yuri Kantor<\/a> Leading researcher, A.N. Severtzov Institute of Ecology and Evolution: Moscow, Russian Federation<\/p> <p>&nbsp;<\/p> <p style=\"text-align: justify\">A konferenci\u00e1ra a regisztr\u00e1ci\u00f3 d\u00edjtalan. A termeket az \u00c1llatorvostudom\u00e1nyi Egyetem, a k\u00e1v\u00e9t \u00e9s a pog\u00e1cs\u00e1kat a HUN-REN Agr\u00e1rtudom\u00e1nyi Kutat\u00f3k\u00f6zpont biztos\u00edtja. A t\u00e1mogat\u00f3k log\u00f3it az oldal alj\u00e1n t\u00fcntett\u00fck fel. <strong>Az Aul\u00e1ba lehet hozni enni- \u00e9s innival\u00f3kat, a t\u00e1rsas\u00e1gi esem\u00e9ny 20:00 \u00f3r\u00e1ig tart<\/strong>. Az eb\u00e9dsz\u00fcnet 90 perces lesz, ezalatt a k\u00f6rny\u00e9k sz\u00e1mtalan \u00e9tterm\u00e9ben mindenki meg tud eb\u00e9delni. Az egyetem ter\u00fclet\u00e9n parkol\u00e1sra nincsen lehet\u0151s\u00e9g.<\/p> <p>A szervez\u0151k:<\/p> <p><a href=\"https:\/\/univet.hu\/hu\/egyetem\/munkatarsak\/szuts-tamas\/\">Sz\u0171ts Tam\u00e1s<\/a>, \u00c1llatorvostudom\u00e1nyi Egyetem, Biol\u00f3giai Int\u00e9zet, Budapest<\/p> <p><a href=\"https:\/\/atk.hun-ren.hu\/en\/munkatarsak\/pall-gergely-barna-en\/\">P\u00e1ll-Gergely Barna<\/a>, HUN-REN Agr\u00e1rtudom\u00e1nyi Kutat\u00f3k\u00f6zpont, N\u00f6v\u00e9nyv\u00e9delmi Int\u00e9zet, Martonv\u00e1s\u00e1r<\/p> <p><a href=\"https:\/\/atk.hun-ren.hu\/hu\/munkatarsak\/kontschan-jeno\/\">Kontsch\u00e1n Jen\u0151<\/a>, HUN-REN Agr\u00e1rtudom\u00e1nyi Kutat\u00f3k\u00f6zpont, N\u00f6v\u00e9nyv\u00e9delmi Int\u00e9zet, Martonv\u00e1s\u00e1r<\/p> <p><a href=\"https:\/\/univet.hu\/hu\/egyetem\/munkatarsak\/hornok-sandor\/\">Hornok S\u00e1ndor<\/a>, \u00c1llatorvostudom\u00e1nyi Egyetem, Parazitol\u00f3giai \u00e9s \u00c1llattani Tansz\u00e9k; HUN-REN-\u00c1TE Kl\u00edmav\u00e1ltoz\u00e1s: \u00daj V\u00e9rsz\u00edv\u00f3 Parazit\u00e1k \u00e9s Vector-borne K\u00f3rokoz\u00f3k Kutat\u00f3csoport<\/p> <p><a href=\"https:\/\/uni-eszterhazy.hu\/api\/media\/file\/0175977a67e2b8ff15f1144923dc6e6c6c24f92e\">Mur\u00e1nyi D\u00e1vid<\/a>, Eszterh\u00e1zy K\u00e1roly Katolikus Egyetem<\/p> <p><a href=\"https:\/\/www.researchgate.net\/profile\/Zoltan-Feher-2\">Feh\u00e9r Zolt\u00e1n<\/a>, WWF Magyarorsz\u00e1g<\/p> <p><a href=\"https:\/\/www.mbt-biologia.hu\/\">Magyar Biol\u00f3giai T\u00e1rsas\u00e1g<\/a><\/p> <p><strong>Program<br \/> Cs\u00fct\u00f6rt\u00f6k November 27<\/strong><\/p> <p><strong>10 perces el\u0151ad\u00e1sok + 5 perc diszkusszi\u00f3<\/strong><\/p> <p><strong>Szekci\u00f3 I\u00a0 Levezet\u0151 eln\u00f6k: P\u00e1ll-Gergely Barna<\/strong><\/p> <p>8:30 Rektori k\u00f6sz\u00f6nt\u0151\/megnyit\u00f3<br \/> 9:00 PLENARY (45p): Nesrine Akkari: Towards an integrative future of collection-based systematics, with examples from research on Myriapoda<br \/> 9:45 P\u00e1ll-Gergely Barna: Az Alycaeinae alcsal\u00e1d a Himal\u00e1j\u00e1ban \u00e9s a k\u00f6rny\u00e9k\u00e9n: 11 \u00faj faj \u00e9s 44 szinon\u00edm<br \/> 10:00 Robin Kundrata: Systematics and evolution of Elateroidea (Coleoptera): recent advances, major gaps, and future prospects<br \/> 10:15 Daniel Brhane: Revision and Delineation of the <em>Geocoris ater<\/em> Group (Heteroptera: Geocoridae) with an Emphasis on the African Species<\/p> <p><strong>10:30-11:00: K\u00e1v\u00e9sz\u00fcnet<\/strong><\/p> <p><strong>Szekci\u00f3 II Levezet\u0151 eln\u00f6k: K\u00f3bor P\u00e9ter<\/strong><\/p> <p>11:00 Gabriela Pa\u010dkov\u00e1: Systematics and diversity of Palearctic Artematopodidae (Coleoptera: Elateroidea)<br \/> 11:15 \u00c1gnes Tur\u00f3ci: Intraspecific variation in the mating behaviour of a terrestrial slug<br \/> 11:30 Bata Adri\u00e1n: New data of New Caledonian microsnail (<em>Cylindrovertilla, Gastrocopta, Nesopupa, Ptychopatula<\/em>) genera<\/p> <p><strong>11:45 -12:00: KONFERENCIAFOT\u00d3<\/strong><\/p> <p><strong>12:00 -13:00: Eb\u00e9dsz\u00fcnet\u00a0<\/strong><\/p> <p><strong>Szekci\u00f3 III Levezet\u0151 eln\u00f6k: Cs\u0151sz S\u00e1ndor<\/strong><\/p> <p>13:00 Varga Zolt\u00e1n S\u00e1ndor: K\u00f6z\u00e9p-\u00c1zsia hegyvid\u00e9keir\u0151l a sztyepp\u00e9kre \u2013 lepk\u00e9ink sokf\u00e9les\u00e9g\u00e9nek fontos forr\u00e1sa<br \/> 13:15 Kiss Bal\u00e1zs: A <em>Zaprionus<\/em> fajok (Diptera: Drosophilidae) eur\u00f3pai terjed\u00e9se \u00e9s a Z. indianus Gupta, 1970 els\u0151 magyarorsz\u00e1gi el\u0151fordul\u00e1sa<br \/> 13:30 Dulai Alfr\u00e9d: Eur\u00f3pa kainozo\u00f3s Brachiopoda faun\u00e1ja: vissza a taxon\u00f3miai alapokhoz<br \/> 13:45 Jancs\u00f3 Bor\u00f3ka-Zsuzs\u00e1nna: A <em>Dicranota<\/em> Zetterstedt, 1838 nemzets\u00e9g (Diptera: Pediciidae) l\u00e1rv\u00e1inak faji szint\u0171 azonos\u00edt\u00e1sa a K\u00e1rp\u00e1tokban: az integrat\u00edv adatok kiemelt szerepe<br \/> 14:00: Er\u0151ss Zolt\u00e1n P\u00e9ter: A tan\u00e1ri sz\u00edv \u00e9s a kutat\u00f3i szem \u2013 \u00f6t \u00e9vtized a term\u00e9szet szolg\u00e1lat\u00e1ban \u00e9s m\u00e9g nincs v\u00e9ge<br \/> 14:15 Nagy Hajnalka: A molekul\u00e1ris taxon\u00f3mia szerepe az egym\u00e1shoz nagyon hasonl\u00f3 telev\u00e9nyf\u00e9reg fajok elk\u00fcl\u00f6n\u00edt\u00e9s\u00e9ben<\/p> <p><strong>14:30-15:00: POSZTERSZEKCI\u00d3 \u00e9s K\u00e1v\u00e9sz\u00fcnet<\/strong><\/p> <p><strong>Szekci\u00f3 IV Levezet\u0151 eln\u00f6k: V\u00f6r\u00f6s Judit<\/strong><\/p> <p>15:00 Fekete Erik: A Tardigrada t\u00f6rzs taxon\u00f3miai vizsg\u00e1lata Magyarorsz\u00e1gon \u00e9s hat\u00e1r menti ter\u00fcletein<br \/> 15:15 Szinet\u00e1r Csaba : Arachnol\u00f3giai vizsg\u00e1latok a Duna-delta n\u00e1dasaiban (2025)<br \/> 15:30 Szab\u00f3 M\u00e1rton: (Bakony-hegys\u00e9g) k\u00e9s\u0151 kr\u00e9ta kor\u00fa borosty\u00e1nz\u00e1rv\u00e1nyai: kutat\u00e1st\u00f6rt\u00e9net \u00e9s legfrisebb eredm\u00e9nyek<br \/> 15:45 Babocsay Gergely: A PDF-be z\u00e1rt \u00e9l\u0151vil\u00e1g kiszabad\u00edt\u00e1sa digit\u00e1lis eszk\u00f6z\u00f6kkel<br \/> 16:00 Schlitt Bence P\u00e9ter: A kab\u00f3c\u00e1k taxon\u00f3miai kutat\u00e1sa a Magyar Term\u00e9szettudom\u00e1nyi M\u00fazeumban (Hemiptera: Auchenorrhyncha)<br \/> 16:15 B\u00e1lint Zsolt: K\u00f6lt\u00e9szet vagy val\u00f3s\u00e1g: molekul\u00e1ris vagy morfol\u00f3giai adatokon alapul\u00f3 oszt\u00e1lyoz\u00e1s<\/p> <p><strong>16:30-17:00: POSZTERSZEKCI\u00d3 \u00e9s K\u00e1v\u00e9sz\u00fcnet<\/strong><\/p> <p><strong>Szekci\u00f3 V Levezet\u0151 eln\u00f6k: D\u00e9nes Anna<\/strong><\/p> <p>17:00 Szita \u00c9va: A<em> Planococcus vovae<\/em> (Nasonov) (Hemiptera: Coccomorpha: Pseudococcidae) molekul\u00e1ris \u00e9s morfol\u00f3giai anal\u00edzise<br \/> 17:15 Magyar J\u00e1nos: A H\u00e1tszegi-medence k\u00e9s\u0151 kr\u00e9ta \u201erejtett hadroszaurusz\u00e1nak\u201d \u00faj leletei<br \/> 17:30 Kis Patrik: A Beginner\u2019s Guide by a Beginner: egy kezd\u0151 csigataxon\u00f3mus feljegyz\u00e9sei<\/p> <p><strong>SOCIAL EVENT: 18.00 \u2013 20:00 Kerekasztalbesz\u00e9lget\u00e9s arr\u00f3l, hogy milyen probl\u00e9m\u00e1kat l\u00e1tnak a leend\u0151 taxon\u00f3musok &#8211; Moder\u00e1tor: Feh\u00e9r Zolt\u00e1n<\/strong><\/p> <p><strong>P\u00e9ntek November 28<\/strong><\/p> <p><strong>Szekci\u00f3 VI Levezet\u0151 eln\u00f6k: P\u00e1ll-Gergely Barna<\/strong><\/p> <p>9:00: PLENARY: Yuri Kantor: History of taxonomy in Russia and its present role in zoology<br \/> 9:45 Tak\u00e1cs-V\u00e1g\u00f3 Hunor: Game of Thorns: cheliceral ornaments of <em>Bathippus<\/em> and <em>Canama<\/em> as species limitation characters<br \/> 10:00 Vuka\u0161in Goj\u0161ina: Towards the taxonomic revision of the land snail genus <em>Acinolaemus<\/em> Thompson &amp; Upatham, 1997 in Southeast Asia<br \/> 10:15 Dr. Keve Gerg\u0151: Taxonomy in para-clinics: detection of new and invasive species during veterinary work<\/p> <p><strong>10:30-11:00: K\u00e1v\u00e9sz\u00fcnet<\/strong><\/p> <p><strong>Szekci\u00f3 VII Levezet\u0151 eln\u00f6k: Feh\u00e9r Zolt\u00e1n<\/strong><\/p> <p>11:00 K\u00f3bor P\u00e9ter: Egy \u00e9vtized a nagyszem\u0171 bodob\u00e1csok b\u0171v\u00f6let\u00e9ben (Heteroptera: Lygaeoidea: Geocoridae)<br \/> 11:15 Valk\u00f3 Vir\u00e1g: K\u00e9t kontinens p\u00e1nc\u00e9los dinoszauruszai: a Struthiosaurinae saj\u00e1tos taxon\u00f3miai \u00f6sszet\u00e9tele<br \/> 11:30 Mayer \u00c1d\u00e1m S\u00e1ndor: Az <em>Omoedus<\/em> sensu Zhang \u00e9s Maddison csoport vizsg\u00e1lata<\/p> <p><strong>11:45-13:00: Eb\u00e9dsz\u00fcnet<\/strong><\/p> <p><strong>Szekci\u00f3 VIII Levezet\u0151 eln\u00f6k: Mur\u00e1nyi D\u00e1vid<\/strong><\/p> <p>13:00 D\u00e9nes Anna: A rom\u00e1niai \u00e1lk\u00e9r\u00e9szek friss\u00edtett fajlist\u00e1ja \u2013 tudom\u00e1nyra \u00e9s az orsz\u00e1g faun\u00e1j\u00e1ra \u00faj fajok<br \/> 13:15 Ronkay L\u00e1szl\u00f3: Az eur\u00e1zsiai <em>Euxoa<\/em> fauna rev\u00edzi\u00f3ja. A <em>Pleonectopoda<\/em> \u00e9s <em>Orosagrotis<\/em> subgenusok.<br \/> 13:30 Borza P\u00e9ter: A magyarorsz\u00e1gi nagy kopolty\u00fal\u00e1b\u00fa r\u00e1kok (Crustacea: Branchiopoda: Anostraca, Notostraca, Spinicaudata, Laevicaudata) kutat\u00e1s\u00e1nak \u00e9s meg\u0151rz\u00e9s\u00e9nek aktu\u00e1lis feladatai<br \/> 13:45 T\u00f3th Bal\u00e1zs: Vannak m\u00e9g csod\u00e1k: egy rejt\u00e9lyes lepkefaj \u00fajrafelfedez\u00e9se<br \/> 14:00 Kolcs\u00e1r Levente-P\u00e9ter: \u00daj red\u0151s sz\u00fanyogok (Ptychopteridae) az Orient\u00e1lis r\u00e9gi\u00f3b\u00f3l \u00e9s a csal\u00e1d els\u0151 vil\u00e1gkatal\u00f3gusa<br \/> 14:15 Dr. Kutasi Csaba: Fut\u00f3bogarak (Coleoptera: Carabidae) vizsg\u00e1lata a Bakonyban<\/p> <p><strong>14:30-15:00: K\u00e1v\u00e9sz\u00fcnet<\/strong><\/p> <p><strong>Szekci\u00f3 IX Levezet\u0151 eln\u00f6k: Kolcs\u00e1r Levente P\u00e9ter<\/strong><\/p> <p>15:00 Varga Nimr\u00f3d: First steps towards the revision of the genus <em>Neoitamus<\/em> Osten-Sacken, 1878: Palaearctic and Oriental Realms.<br \/> 15:15 Dr. Mur\u00e1nyi D\u00e1vid: Mit tudunk Eur\u00f3pa legnagyobb test\u0171 \u00e1lk\u00e9r\u00e9szeir\u0151l?<br \/> 15:30 Tak\u00e1cs Attila S\u00e1ndor: Zs\u00e1k a foltj\u00e1t, tudom\u00e1nyra \u00e9s faun\u00e1ra \u00faj zs\u00e1kosmoly fajok (Coleophoridae) a magyar faun\u00e1ban<br \/> 15:45 F\u00f6ldi Krist\u00f3f: \u00daj \u00e9s kev\u00e9ss\u00e9 ismert <em>Brachyptera<\/em> fajok G\u00f6r\u00f6gorsz\u00e1gb\u00f3l (Plecoptera: Taeniopterygidae)<br \/> 16:00 K\u00e1rp\u00e1ti Marcell: A <em>Panorpa alpina<\/em> Rambur, 1842 (Insecta: Mecoptera) fajkomplex vizsg\u00e1lata molekul\u00e1ris \u00e9s morfometriai m\u00f3dszerekkel Rom\u00e1ni\u00e1ban<br \/> 16:15 L\u00f3czi Zsolt: Van m\u00e9g mit felfedezni! \u2013 Az Andrenidae csal\u00e1d taxon\u00f3miai \u00e9s filogenetikai felt\u00e1rts\u00e1ga<\/p> <p><strong>16:30-17:00: K\u00e1v\u00e9sz\u00fcnet<\/strong><\/p> <p><strong>Szekci\u00f3 X Levezet\u0151 eln\u00f6k: Kors\u00f3s Zolt\u00e1n<\/strong><\/p> <p>17:00 Juh\u00e1sz \u00c1kos: <em>Praepusa magyaricus<\/em> \u00faj csontv\u00e1z-elemeinek \u00e9s faji \u00e9rv\u00e9nyess\u00e9g\u00e9nek vizsg\u00e1lata: els\u0151 eredm\u00e9nyek<br \/> 17:15 Papp Viktor: Gomb\u00e1k \u00e9s \u00e1llatok: k\u00f6z\u00f6s filogenetikai gy\u00f6kerek, elt\u00e9r\u0151 taxon\u00f3miai utak?<br \/> 17:30 Dr. Nagy Antal: T\u00e1pl\u00e1lkoz\u00e1si attrakt\u00e1nsokkal felszerelt csapd\u00e1k \u2013 \u00faj lehet\u0151s\u00e9gek a felfedez\u0151 rovarfaunisztikai kutat\u00e1sokban<br \/> 17:45 Kov\u00e1cs Tibor: Magyarok cselekedetei Batant\u00e1n: szitak\u00f6t\u00e9szet<br \/> 18:00 T\u00f3th M\u00e1ria: Determining the diet of a Miocene carnivorous mammal based on hair patterns preserved in coprolites<\/p> <p><strong>18:30: Z\u00e1r\u00f3sz\u00f3, eredm\u00e9nyhirdet\u00e9s<\/strong><\/p> <p><img loading=\"lazy\" decoding=\"async\" class=\"alignnone wp-image-187763 size-large\" src=\"https:\/\/univet.hu\/wp-content\/uploads\/2025\/07\/16b2bbf7-79d4-4517-bd29-643a16ce5cee-960x540.jpeg\" alt=\"\" width=\"960\" height=\"540\" srcset=\"https:\/\/univet.hu\/wp-content\/uploads\/2025\/07\/16b2bbf7-79d4-4517-bd29-643a16ce5cee-960x540.jpeg 960w, https:\/\/univet.hu\/wp-content\/uploads\/2025\/07\/16b2bbf7-79d4-4517-bd29-643a16ce5cee-320x180.jpeg 320w, https:\/\/univet.hu\/wp-content\/uploads\/2025\/07\/16b2bbf7-79d4-4517-bd29-643a16ce5cee-768x432.jpeg 768w, https:\/\/univet.hu\/wp-content\/uploads\/2025\/07\/16b2bbf7-79d4-4517-bd29-643a16ce5cee-1536x864.jpeg 1536w, https:\/\/univet.hu\/wp-content\/uploads\/2025\/07\/16b2bbf7-79d4-4517-bd29-643a16ce5cee.jpeg 1920w\" sizes=\"auto, (max-width: 960px) 100vw, 960px\" \/><br \/> T\u00e1mogat\u00f3k:<\/p> <p><a href=\"http:\/\/univet.hu\/\"><img loading=\"lazy\" decoding=\"async\" class=\"alignnone wp-image-101764\" src=\"https:\/\/univet.hu\/wp-content\/uploads\/2024\/07\/k\u00e9p_2024-07-08_142208144-960x868.png\" alt=\"\" width=\"111\" height=\"100\" srcset=\"https:\/\/univet.hu\/wp-content\/uploads\/2024\/07\/k\u00e9p_2024-07-08_142208144-960x868.png 960w, https:\/\/univet.hu\/wp-content\/uploads\/2024\/07\/k\u00e9p_2024-07-08_142208144-320x289.png 320w, https:\/\/univet.hu\/wp-content\/uploads\/2024\/07\/k\u00e9p_2024-07-08_142208144-768x695.png 768w, https:\/\/univet.hu\/wp-content\/uploads\/2024\/07\/k\u00e9p_2024-07-08_142208144.png 2030w\" sizes=\"auto, (max-width: 111px) 100vw, 111px\" \/><\/a>\u00a0 \u00a0 \u00a0 \u00a0 \u00a0 \u00a0<img loading=\"lazy\" decoding=\"async\" class=\"alignnone wp-image-191653\" src=\"https:\/\/univet.hu\/wp-content\/uploads\/2025\/10\/AKADEMIAI_KIADO_2024_COL_1_hatternelk-320x267.png\" alt=\"\" width=\"118\" height=\"98\" srcset=\"https:\/\/univet.hu\/wp-content\/uploads\/2025\/10\/AKADEMIAI_KIADO_2024_COL_1_hatternelk-320x267.png 320w, https:\/\/univet.hu\/wp-content\/uploads\/2025\/10\/AKADEMIAI_KIADO_2024_COL_1_hatternelk-960x800.png 960w, https:\/\/univet.hu\/wp-content\/uploads\/2025\/10\/AKADEMIAI_KIADO_2024_COL_1_hatternelk-768x640.png 768w, https:\/\/univet.hu\/wp-content\/uploads\/2025\/10\/AKADEMIAI_KIADO_2024_COL_1_hatternelk.png 1417w\" sizes=\"auto, (max-width: 118px) 100vw, 118px\" \/>\u00a0 \u00a0 \u00a0 \u00a0 \u00a0 \u00a0 \u00a0 \u00a0 \u00a0 \u00a0 \u00a0\u00a0<a href=\"https:\/\/atk.hun-ren.hu\"><img loading=\"lazy\" decoding=\"async\" class=\"alignnone wp-image-101762\" src=\"https:\/\/univet.hu\/wp-content\/uploads\/2024\/07\/k\u00e9p_2024-07-08_140619582-960x271.png\" alt=\"\" width=\"247\" height=\"100\" \/><\/a>\u00a0 \u00a0 \u00a0 \u00a0 \u00a0 \u00a0 <a href=\"https:\/\/www.typotex.hu\/\"><img loading=\"lazy\" decoding=\"async\" class=\"alignnone wp-image-105456\" src=\"https:\/\/univet.hu\/wp-content\/uploads\/2024\/11\/Typotex_Logo_2018_color_flat-960x630.png\" alt=\"\" width=\"152\" height=\"100\" srcset=\"https:\/\/univet.hu\/wp-content\/uploads\/2024\/11\/Typotex_Logo_2018_color_flat-960x630.png 960w, https:\/\/univet.hu\/wp-content\/uploads\/2024\/11\/Typotex_Logo_2018_color_flat-320x210.png 320w, https:\/\/univet.hu\/wp-content\/uploads\/2024\/11\/Typotex_Logo_2018_color_flat-768x504.png 768w\" sizes=\"auto, (max-width: 152px) 100vw, 152px\" \/><\/a><\/p> <p><img loading=\"lazy\" decoding=\"async\" class=\"alignnone wp-image-189971\" src=\"https:\/\/univet.hu\/wp-content\/uploads\/2025\/09\/PENSOFT_logo-journals-in-entomology-01-320x122.png\" alt=\"\" width=\"261\" height=\"100\" srcset=\"https:\/\/univet.hu\/wp-content\/uploads\/2025\/09\/PENSOFT_logo-journals-in-entomology-01-320x122.png 320w, https:\/\/univet.hu\/wp-content\/uploads\/2025\/09\/PENSOFT_logo-journals-in-entomology-01-960x367.png 960w, https:\/\/univet.hu\/wp-content\/uploads\/2025\/09\/PENSOFT_logo-journals-in-entomology-01-768x294.png 768w, https:\/\/univet.hu\/wp-content\/uploads\/2025\/09\/PENSOFT_logo-journals-in-entomology-01-1536x588.png 1536w, https:\/\/univet.hu\/wp-content\/uploads\/2025\/09\/PENSOFT_logo-journals-in-entomology-01-2048x784.png 2048w\" sizes=\"auto, (max-width: 261px) 100vw, 261px\" \/> \u00a0<img loading=\"lazy\" decoding=\"async\" class=\"alignnone wp-image-190415\" src=\"https:\/\/univet.hu\/wp-content\/uploads\/2025\/09\/MBT_logo-320x255.jpg\" alt=\"\" width=\"125\" height=\"100\" \/> \u00a0<img loading=\"lazy\" decoding=\"async\" class=\"alignnone wp-image-191657 size-full\" src=\"https:\/\/univet.hu\/wp-content\/uploads\/2025\/10\/fekete-logo-ne\u0301gyzet-1-e1759755856115.png\" alt=\"\" width=\"100\" height=\"100\" \/> \u00a0<img loading=\"lazy\" decoding=\"async\" class=\"alignnone wp-image-194502\" src=\"https:\/\/univet.hu\/wp-content\/uploads\/2025\/10\/dd17c9ae-297c-4b9c-bb9c-91cbb3884f05-e1761907076132-231x320.jpeg\" alt=\"\" width=\"74\" height=\"100\" \/> \u00a0 <img loading=\"lazy\" decoding=\"async\" class=\"alignnone wp-image-194497\" src=\"https:\/\/univet.hu\/wp-content\/uploads\/2025\/10\/wwf_logo_large_rgb_72dpi_1_1_1_1_783732-e1761906895746-233x320.webp\" alt=\"\" width=\"74\" height=\"100\" \/><\/p>","protected":false},"excerpt":{"rendered":"<p>II. Magyar Zootaxon\u00f3miai Konferencia Kedves Koll\u00e9g\u00e1k! Sok szeretettel l\u00e1ttunk titeket vend\u00e9g\u00fcl a II. Magyar Zootaxon\u00f3miai Konferenci\u00e1n! A megnyit\u00f3 \u00e9s a k\u00e9t plen\u00e1ris el\u0151ad\u00e1s lejjebb n\u00e9zhet\u0151 vissza. LINK A VIDE\u00d3KHOZ\u00a0 \u00a0 A KONFERENCIA PROGRAMJA\u00a0 A DI\u00c1KEL\u0150AD\u00c1SVERSENY EREDM\u00c9NYEI MSc kateg\u00f3ri\u00e1ban: I. hely Varga Nimr\u00f3d \u00c1llatorvostudom\u00e1nyi Egyetem II. hely Bata Adri\u00e1n \u00c1llatorvostudom\u00e1nyi Egyetem III. hely K\u00e1rp\u00e1ti Marcell Biol\u00f3gia<\/p>\n","protected":false},"author":1586,"featured_media":0,"parent":0,"menu_order":0,"comment_status":"closed","ping_status":"closed","template":"","meta":{"_acf_changed":false,"footnotes":""},"categories":[],"tags":[],"class_list":["post-187762","page","type-page","status-publish","hentry"],"acf":[],"_links":{"self":[{"href":"https:\/\/univet.hu\/hu\/wp-json\/wp\/v2\/pages\/187762","targetHints":{"allow":["GET"]}}],"collection":[{"href":"https:\/\/univet.hu\/hu\/wp-json\/wp\/v2\/pages"}],"about":[{"href":"https:\/\/univet.hu\/hu\/wp-json\/wp\/v2\/types\/page"}],"author":[{"embeddable":true,"href":"https:\/\/univet.hu\/hu\/wp-json\/wp\/v2\/users\/1586"}],"replies":[{"embeddable":true,"href":"https:\/\/univet.hu\/hu\/wp-json\/wp\/v2\/comments?post=187762"}],"version-history":[{"count":5,"href":"https:\/\/univet.hu\/hu\/wp-json\/wp\/v2\/pages\/187762\/revisions"}],"predecessor-version":[{"id":196599,"href":"https:\/\/univet.hu\/hu\/wp-json\/wp\/v2\/pages\/187762\/revisions\/196599"}],"wp:attachment":[{"href":"https:\/\/univet.hu\/hu\/wp-json\/wp\/v2\/media?parent=187762"}],"wp:term":[{"taxonomy":"category","embeddable":true,"href":"https:\/\/univet.hu\/hu\/wp-json\/wp\/v2\/categories?post=187762"},{"taxonomy":"post_tag","embeddable":true,"href":"https:\/\/univet.hu\/hu\/wp-json\/wp\/v2\/tags?post=187762"}],"curies":[{"name":"wp","href":"https:\/\/api.w.org\/{rel}","templated":true}]}}