{"id":187769,"date":"2025-07-08T08:00:25","date_gmt":"2025-07-08T06:00:25","guid":{"rendered":"https:\/\/univet.hu\/hu\/oktatas\/tanulmanyi-osztaly\/allasajanlatok\/new_child_page-2\/"},"modified":"2025-07-14T09:34:58","modified_gmt":"2025-07-14T07:34:58","slug":"vettrade-kft","status":"publish","type":"page","link":"https:\/\/univet.hu\/hu\/oktatas\/tanulmanyi-osztaly\/allasajanlatok\/vettrade-kft\/","title":{"rendered":"VetTrade Kft."},"content":{"rendered":"<p>2025.07.14<\/p> <p><img loading=\"lazy\" decoding=\"async\" class=\"alignnone size-full wp-image-187770\" src=\"https:\/\/univet.hu\/wp-content\/uploads\/2025\/07\/VetTrade.jpg\" alt=\"\" width=\"107\" height=\"107\" \/><\/p> <p>Keress\u00fck azt a nem praktiz\u00e1l\u00f3 \u00e1llatorvost, aki sz\u00edvesen foglalkozik m\u00e1rkak\u00e9pviselettel, technikai t\u00e1mogat\u00e1st ny\u00fajt a sales csapatnak, valamint szoros kapcsolatot tart partnereinkkel.<\/p> <p>T\u00e1rgyal\u00f3k\u00e9pes angol nyelvtud\u00e1s sz\u00fcks\u00e9ges.<\/p> <p>Munkav\u00e9gz\u00e9s helye: IV. ker\u00fclet, Login Business Park<\/p> <p>\u00c9rdekl\u0151dni \u00e9s jelentkezni az al\u00e1bbi email-c\u00edmen lehet: <a class=\"decrypt\" rel=\"cbscbsb\/fhzfeAwfuusbef\/iv\" href=\"javascript:void(0);\">[Kattintson az emailc\u00edmhez]<\/a><\/p> <p>K\u00f6sz\u00f6nj\u00fck!<\/p> <p>&nbsp;<\/p> <p>2025.07.08.<\/p> <p><img loading=\"lazy\" decoding=\"async\" class=\"alignnone size-full wp-image-187770\" src=\"https:\/\/univet.hu\/wp-content\/uploads\/2025\/07\/VetTrade.jpg\" alt=\"\" width=\"107\" height=\"107\" \/><\/p> <p>Kiv\u00e1l\u00f3 lehet\u0151s\u00e9g arra, hogy gyakorlati tapasztalatokat szerezz \u00e9s b\u0151v\u00edtsd szakmai tud\u00e1sodat!<\/p> <p>Csatlakozz valamelyik \u00e1llatpatik\u00e1nkhoz f\u0151\u00e1ll\u00e1s\u00fa patikus vagy \u00e1llatorvos poz\u00edci\u00f3ban, vagy ak\u00e1r helyettesk\u00e9nt!<\/p> <p>Helysz\u00ednek: Tata, Budapest XII. ker\u00fclet \u00e9s Budapest XVIII. ker\u00fclet<\/p> <p>\u00c9rdekl\u0151dni \u00e9s jelentkezni az al\u00e1bbi email-c\u00edmen lehet: <a class=\"decrypt\" rel=\"cbscbsb\/fhzfeAwfuusbef\/iv\" href=\"javascript:void(0);\">[Kattintson az emailc\u00edmhez]<\/a><\/p>","protected":false},"excerpt":{"rendered":"<p>2025.07.14 Keress\u00fck azt a nem praktiz\u00e1l\u00f3 \u00e1llatorvost, aki sz\u00edvesen foglalkozik m\u00e1rkak\u00e9pviselettel, technikai t\u00e1mogat\u00e1st ny\u00fajt a sales csapatnak, valamint szoros kapcsolatot tart partnereinkkel. T\u00e1rgyal\u00f3k\u00e9pes angol nyelvtud\u00e1s sz\u00fcks\u00e9ges. Munkav\u00e9gz\u00e9s helye: IV. ker\u00fclet, Login Business Park \u00c9rdekl\u0151dni \u00e9s jelentkezni az al\u00e1bbi email-c\u00edmen lehet: [Kattintson az emailc\u00edmhez] K\u00f6sz\u00f6nj\u00fck! &nbsp; 2025.07.08. Kiv\u00e1l\u00f3 lehet\u0151s\u00e9g arra, hogy gyakorlati tapasztalatokat szerezz \u00e9s b\u0151v\u00edtsd<\/p>\n","protected":false},"author":5795,"featured_media":0,"parent":26415,"menu_order":0,"comment_status":"open","ping_status":"open","template":"","meta":{"_acf_changed":false,"footnotes":""},"categories":[],"tags":[],"class_list":["post-187769","page","type-page","status-publish","hentry"],"acf":[],"_links":{"self":[{"href":"https:\/\/univet.hu\/hu\/wp-json\/wp\/v2\/pages\/187769","targetHints":{"allow":["GET"]}}],"collection":[{"href":"https:\/\/univet.hu\/hu\/wp-json\/wp\/v2\/pages"}],"about":[{"href":"https:\/\/univet.hu\/hu\/wp-json\/wp\/v2\/types\/page"}],"author":[{"embeddable":true,"href":"https:\/\/univet.hu\/hu\/wp-json\/wp\/v2\/users\/5795"}],"replies":[{"embeddable":true,"href":"https:\/\/univet.hu\/hu\/wp-json\/wp\/v2\/comments?post=187769"}],"version-history":[{"count":2,"href":"https:\/\/univet.hu\/hu\/wp-json\/wp\/v2\/pages\/187769\/revisions"}],"predecessor-version":[{"id":187951,"href":"https:\/\/univet.hu\/hu\/wp-json\/wp\/v2\/pages\/187769\/revisions\/187951"}],"up":[{"embeddable":true,"href":"https:\/\/univet.hu\/hu\/wp-json\/wp\/v2\/pages\/26415"}],"wp:attachment":[{"href":"https:\/\/univet.hu\/hu\/wp-json\/wp\/v2\/media?parent=187769"}],"wp:term":[{"taxonomy":"category","embeddable":true,"href":"https:\/\/univet.hu\/hu\/wp-json\/wp\/v2\/categories?post=187769"},{"taxonomy":"post_tag","embeddable":true,"href":"https:\/\/univet.hu\/hu\/wp-json\/wp\/v2\/tags?post=187769"}],"curies":[{"name":"wp","href":"https:\/\/api.w.org\/{rel}","templated":true}]}}