{"id":187907,"date":"2025-07-10T08:25:32","date_gmt":"2025-07-10T06:25:32","guid":{"rendered":"https:\/\/univet.hu\/hu\/oktatas\/tanulmanyi-osztaly\/allasajanlatok\/new_child_page-2\/"},"modified":"2025-09-25T10:29:07","modified_gmt":"2025-09-25T08:29:07","slug":"ujbuda-medical-center","status":"publish","type":"page","link":"https:\/\/univet.hu\/hu\/oktatas\/tanulmanyi-osztaly\/allasajanlatok\/ujbuda-medical-center\/","title":{"rendered":"\u00dajbuda Medical Center"},"content":{"rendered":"<p>2025.09.25<\/p> <p><strong>VEZET\u0150 \u00c1LLATORVOST KERES\u00dcNK \u00daJONNAN INDUL\u00d3 \u00c1LLATK\u00d3RH\u00c1ZUNKBA \u2013 BUDAPEST XI. KER\u00dcLET<\/strong><\/p> <p>Az \u00dajbuda Medical Center szakmai \u00e9s \u00fczleti tapasztalat\u00e1ra \u00e9p\u00edtve egy <strong>\u00faj, modern, magas sz\u00ednvonal\u00fa \u00e1llatk\u00f3rh\u00e1z<\/strong> l\u00e9trehoz\u00e1s\u00e1n dolgozunk Budapest XI. ker\u00fclet\u00e9ben. A projekt jelenleg az indul\u00e1si f\u00e1zisban tart, infrastrukt\u00far\u00e1nk (ingatlan, diagnosztikai h\u00e1tt\u00e9r \u2013 pl. CT, MR, stb.) m\u00e1r rendelkez\u00e9sre \u00e1ll. Most keress\u00fck azt a <strong>motiv\u00e1lt, tapasztalt, hossz\u00fa t\u00e1von gondolkod\u00f3 szakembert<\/strong>, aki szakmai vezet\u0151k\u00e9nt csatlakozna a projekt\u00fcnkh\u00f6z, \u00e9s seg\u00edtene<\/p> <p>VEZET\u0150 \u00c1LLATORVOST KERES\u00dcNK \u00daJONNAN INDUL\u00d3 \u00c1LLATK\u00d3RH\u00c1ZUNKBA \u2013 BUDAPEST XI. KER\u00dcLET<\/p> <p>Az \u00dajbuda Medical Center szakmai \u00e9s \u00fczleti tapasztalat\u00e1ra \u00e9p\u00edtve egy \u00faj, modern, magas sz\u00ednvonal\u00fa \u00e1llatk\u00f3rh\u00e1z l\u00e9trehoz\u00e1s\u00e1n dolgozunk Budapest XI. ker\u00fclet\u00e9ben. A projekt jelenleg az indul\u00e1si f\u00e1zisban tart, infrastrukt\u00far\u00e1nk (ingatlan, diagnosztikai h\u00e1tt\u00e9r \u2013 pl. CT, MR, stb.) m\u00e1r rendelkez\u00e9sre \u00e1ll. Most keress\u00fck azt a motiv\u00e1lt, tapasztalt, hossz\u00fa t\u00e1von gondolkod\u00f3 szakembert, aki szakmai vezet\u0151k\u00e9nt csatlakozna a projekt\u00fcnkh\u00f6z, \u00e9s seg\u00edtene fel\u00e9p\u00edteni az orvosi csapatot \u00e9s a szolg\u00e1ltat\u00e1si strukt\u00far\u00e1t.<\/p> <p>Amit k\u00edn\u00e1lunk:<\/p> <ul> <li><strong>Kiemelt, strat\u00e9giai szerepk\u00f6r egy \u00faj \u00e1llatk\u00f3rh\u00e1z fel\u00e9p\u00edt\u00e9s\u00e9ben<\/strong><\/li> <li>Modern, j\u00f3l felszerelt k\u00f6rnyezet (diagnosztikai eszk\u00f6z\u00f6kkel)<\/li> <li>Magas szakmai auton\u00f3mia, d\u00f6nt\u00e9shozatali lehet\u0151s\u00e9gek<\/li> <li>Versenyk\u00e9pes j\u00f6vedelem \u00e9s hossz\u00fa t\u00e1v\u00fa egy\u00fcttm\u0171k\u00f6d\u00e9s lehet\u0151s\u00e9ge<\/li> <li>Lehet\u0151s\u00e9g saj\u00e1t szakmai koncepci\u00f3 megval\u00f3s\u00edt\u00e1s\u00e1ra<\/li> <\/ul> <p>Amit keres\u00fcnk:<\/p> <ul> <li>\u00c1llatorvosi v\u00e9gzetts\u00e9g \u00e9s akt\u00edv szakmai tapasztalat, prefer\u00e1ltan kis\u00e1llat-gy\u00f3gy\u00e1szatban<\/li> <li>Vezet\u0151i szeml\u00e9let, \u00f6n\u00e1ll\u00f3s\u00e1g, csapat\u00e9p\u00edt\u0151 k\u00e9szs\u00e9g<\/li> <li>Nyitotts\u00e1g egy \u00faj szakmai egys\u00e9g l\u00e9trehoz\u00e1s\u00e1ban val\u00f3 akt\u00edv r\u00e9szv\u00e9telre<\/li> <li>Elhivatotts\u00e1g a magas sz\u00ednvonal\u00fa betegell\u00e1t\u00e1s \u00e9s \u00fcgyf\u00e9l\u00e9lm\u00e9ny ir\u00e1nt<\/li> <\/ul> <p>Ha inspir\u00e1l a lehet\u0151s\u00e9g, hogy <strong>ne csak egy rendel\u0151ben dolgozz, hanem egy j\u00f6v\u0151\u00e1ll\u00f3 szakmai k\u00f6zpontot \u00e9p\u00edts,<\/strong> v\u00e1rjuk jelentkez\u00e9sed f\u00e9nyk\u00e9pes \u00f6n\u00e9letrajzzal \u00e9s fizet\u00e9si ig\u00e9ny megjel\u00f6l\u00e9s\u00e9vel a k\u00f6vetkez\u0151 e-mail c\u00edmen: <a class=\"decrypt\" rel=\"{tjspthbcpsAvkcvebnfejdbmdfoufs\/iv\" href=\"javascript:void(0);\">[Kattintson az emailc\u00edmhez]<\/a><\/p> <p>&nbsp;<\/p> <p>2025.07.10<\/p> <p><span style=\"font-size: 14pt\"><strong>VEZET\u0150 \u00c1LLATORVOST KERES\u00dcNK \u00daJONNAN INDUL\u00d3 \u00c1LLATK\u00d3RH\u00c1ZUNKBA \u2013 BUDAPEST XI. KER\u00dcLET<\/strong><\/span><\/p> <p>Az \u00dajbuda Medical Center szakmai \u00e9s \u00fczleti tapasztalat\u00e1ra \u00e9p\u00edtve egy \u00faj, modern, magas sz\u00ednvonal\u00fa \u00e1llatk\u00f3rh\u00e1z l\u00e9trehoz\u00e1s\u00e1n dolgozunk Budapest XI. ker\u00fclet\u00e9ben. A projekt jelenleg az indul\u00e1si f\u00e1zisban tart, infrastrukt\u00far\u00e1nk (ingatlan, diagnosztikai h\u00e1tt\u00e9r \u2013 pl. CT, MR, stb.) m\u00e1r rendelkez\u00e9sre \u00e1ll. Most keress\u00fck azt a motiv\u00e1lt, tapasztalt, hossz\u00fa t\u00e1von gondolkod\u00f3 szakembert, aki szakmai vezet\u0151k\u00e9nt csatlakozna a projekt\u00fcnkh\u00f6z, \u00e9s seg\u00edtene fel\u00e9p\u00edteni az orvosi csapatot \u00e9s a szolg\u00e1ltat\u00e1si strukt\u00far\u00e1t.<\/p> <p>Amit k\u00edn\u00e1lunk:<\/p> <p>\u00b7 Kiemelt, strat\u00e9giai szerepk\u00f6r egy \u00faj \u00e1llatk\u00f3rh\u00e1z fel\u00e9p\u00edt\u00e9s\u00e9ben<\/p> <p>\u00b7 Modern, j\u00f3l felszerelt k\u00f6rnyezet (diagnosztikai eszk\u00f6z\u00f6kkel)<\/p> <p>\u00b7 Magas szakmai auton\u00f3mia, d\u00f6nt\u00e9shozatali lehet\u0151s\u00e9gek<\/p> <p>\u00b7 Versenyk\u00e9pes j\u00f6vedelem \u00e9s hossz\u00fa t\u00e1v\u00fa egy\u00fcttm\u0171k\u00f6d\u00e9s lehet\u0151s\u00e9ge<\/p> <p>\u00b7 Lehet\u0151s\u00e9g saj\u00e1t szakmai koncepci\u00f3 megval\u00f3s\u00edt\u00e1s\u00e1ra<\/p> <p>Amit keres\u00fcnk:<\/p> <p>\u00b7 \u00c1llatorvosi v\u00e9gzetts\u00e9g \u00e9s akt\u00edv szakmai tapasztalat, prefer\u00e1ltan kis\u00e1llat-gy\u00f3gy\u00e1szatban<\/p> <p>\u00b7 Vezet\u0151i szeml\u00e9let, \u00f6n\u00e1ll\u00f3s\u00e1g, csapat\u00e9p\u00edt\u0151 k\u00e9szs\u00e9g<\/p> <p>\u00b7 Nyitotts\u00e1g egy \u00faj szakmai egys\u00e9g l\u00e9trehoz\u00e1s\u00e1ban val\u00f3 akt\u00edv r\u00e9szv\u00e9telre<\/p> <p>\u00b7 Elhivatotts\u00e1g a magas sz\u00ednvonal\u00fa betegell\u00e1t\u00e1s \u00e9s \u00fcgyf\u00e9l\u00e9lm\u00e9ny ir\u00e1nt<\/p> <p>Ha inspir\u00e1l a lehet\u0151s\u00e9g, hogy ne csak egy rendel\u0151ben dolgozz, hanem egy j\u00f6v\u0151\u00e1ll\u00f3 szakmai k\u00f6zpontot \u00e9p\u00edts, v\u00e1rjuk jelentkez\u00e9sed f\u00e9nyk\u00e9pes \u00f6n\u00e9letrajzzal \u00e9s fizet\u00e9si ig\u00e9ny megjel\u00f6l\u00e9s\u00e9vel a k\u00f6vetkez\u0151 e-mail c\u00edmen: <a class=\"decrypt\" rel=\"{tjspthbcpsAvkcvebnfejdbmdfoufs\/iv\" href=\"javascript:void(0);\">[Kattintson az emailc\u00edmhez]<\/a><\/p>","protected":false},"excerpt":{"rendered":"<p>2025.09.25 VEZET\u0150 \u00c1LLATORVOST KERES\u00dcNK \u00daJONNAN INDUL\u00d3 \u00c1LLATK\u00d3RH\u00c1ZUNKBA \u2013 BUDAPEST XI. KER\u00dcLET Az \u00dajbuda Medical Center szakmai \u00e9s \u00fczleti tapasztalat\u00e1ra \u00e9p\u00edtve egy \u00faj, modern, magas sz\u00ednvonal\u00fa \u00e1llatk\u00f3rh\u00e1z l\u00e9trehoz\u00e1s\u00e1n dolgozunk Budapest XI. ker\u00fclet\u00e9ben. A projekt jelenleg az indul\u00e1si f\u00e1zisban tart, infrastrukt\u00far\u00e1nk (ingatlan, diagnosztikai h\u00e1tt\u00e9r \u2013 pl. CT, MR, stb.) m\u00e1r rendelkez\u00e9sre \u00e1ll. Most keress\u00fck azt a motiv\u00e1lt,<\/p>\n","protected":false},"author":5795,"featured_media":0,"parent":26415,"menu_order":0,"comment_status":"open","ping_status":"open","template":"","meta":{"_acf_changed":false,"footnotes":""},"categories":[],"tags":[],"class_list":["post-187907","page","type-page","status-publish","hentry"],"acf":[],"_links":{"self":[{"href":"https:\/\/univet.hu\/hu\/wp-json\/wp\/v2\/pages\/187907","targetHints":{"allow":["GET"]}}],"collection":[{"href":"https:\/\/univet.hu\/hu\/wp-json\/wp\/v2\/pages"}],"about":[{"href":"https:\/\/univet.hu\/hu\/wp-json\/wp\/v2\/types\/page"}],"author":[{"embeddable":true,"href":"https:\/\/univet.hu\/hu\/wp-json\/wp\/v2\/users\/5795"}],"replies":[{"embeddable":true,"href":"https:\/\/univet.hu\/hu\/wp-json\/wp\/v2\/comments?post=187907"}],"version-history":[{"count":3,"href":"https:\/\/univet.hu\/hu\/wp-json\/wp\/v2\/pages\/187907\/revisions"}],"predecessor-version":[{"id":191116,"href":"https:\/\/univet.hu\/hu\/wp-json\/wp\/v2\/pages\/187907\/revisions\/191116"}],"up":[{"embeddable":true,"href":"https:\/\/univet.hu\/hu\/wp-json\/wp\/v2\/pages\/26415"}],"wp:attachment":[{"href":"https:\/\/univet.hu\/hu\/wp-json\/wp\/v2\/media?parent=187907"}],"wp:term":[{"taxonomy":"category","embeddable":true,"href":"https:\/\/univet.hu\/hu\/wp-json\/wp\/v2\/categories?post=187907"},{"taxonomy":"post_tag","embeddable":true,"href":"https:\/\/univet.hu\/hu\/wp-json\/wp\/v2\/tags?post=187907"}],"curies":[{"name":"wp","href":"https:\/\/api.w.org\/{rel}","templated":true}]}}