{"id":188279,"date":"2025-07-28T08:28:01","date_gmt":"2025-07-28T06:28:01","guid":{"rendered":"https:\/\/univet.hu\/hu\/oktatas\/tanulmanyi-osztaly\/new_child_page\/"},"modified":"2025-10-17T09:20:30","modified_gmt":"2025-10-17T07:20:30","slug":"szallaslehetosegek","status":"publish","type":"page","link":"https:\/\/univet.hu\/hu\/oktatas\/tanulmanyi-osztaly\/szallaslehetosegek\/","title":{"rendered":"Sz\u00e1ll\u00e1slehet\u0151s\u00e9gek"},"content":{"rendered":"<p>2025.10.17<\/p> <blockquote class=\"wp-embedded-content\" data-secret=\"xQAddy9Ttq\"><p><a href=\"https:\/\/univet.hu\/hu\/oktatas\/tanulmanyi-osztaly\/szallaslehetosegek\/vii-ker-damjanich-utca\/\">VII. ker &#8211; Damjanich utca<\/a><\/p><\/blockquote> <p><iframe loading=\"lazy\" class=\"wp-embedded-content\" sandbox=\"allow-scripts\" security=\"restricted\" style=\"position: absolute; visibility: hidden;\" title=\"&#8220;VII. ker &#8211; Damjanich utca&#8221; &#8212; \u00c1llatorvostudom\u00e1nyi Egyetem Budapest\" src=\"https:\/\/univet.hu\/hu\/oktatas\/tanulmanyi-osztaly\/szallaslehetosegek\/vii-ker-damjanich-utca\/embed\/#?secret=qXg692TNBU#?secret=xQAddy9Ttq\" data-secret=\"xQAddy9Ttq\" width=\"600\" height=\"338\" frameborder=\"0\" marginwidth=\"0\" marginheight=\"0\" scrolling=\"no\"><\/iframe><\/p> <p>&nbsp;<\/p> <p>2025.08.28<\/p> <blockquote class=\"wp-embedded-content\" data-secret=\"I8jm1eOhwQ\"><p><a href=\"https:\/\/univet.hu\/hu\/oktatas\/tanulmanyi-osztaly\/szallaslehetosegek\/xiii-ker-lehet-ut\/\">XIII. ker &#8211; Lehet \u00fat<\/a><\/p><\/blockquote> <p><iframe loading=\"lazy\" class=\"wp-embedded-content\" sandbox=\"allow-scripts\" security=\"restricted\" style=\"position: absolute; visibility: hidden;\" title=\"&#8220;XIII. ker &#8211; Lehet \u00fat&#8221; &#8212; \u00c1llatorvostudom\u00e1nyi Egyetem Budapest\" src=\"https:\/\/univet.hu\/hu\/oktatas\/tanulmanyi-osztaly\/szallaslehetosegek\/xiii-ker-lehet-ut\/embed\/#?secret=ugXXCCqhDN#?secret=I8jm1eOhwQ\" data-secret=\"I8jm1eOhwQ\" width=\"600\" height=\"338\" frameborder=\"0\" marginwidth=\"0\" marginheight=\"0\" scrolling=\"no\"><\/iframe><\/p> <p>&nbsp;<\/p> <p>2025.08.28<\/p> <blockquote class=\"wp-embedded-content\" data-secret=\"QM2mNSmxjf\"><p><a href=\"https:\/\/univet.hu\/hu\/oktatas\/tanulmanyi-osztaly\/szallaslehetosegek\/vii-ker-dohany-utca\/\">VII. Ker &#8211; Doh\u00e1ny utca<\/a><\/p><\/blockquote> <p><iframe loading=\"lazy\" class=\"wp-embedded-content\" sandbox=\"allow-scripts\" security=\"restricted\" style=\"position: absolute; visibility: hidden;\" title=\"&#8220;VII. Ker &#8211; Doh\u00e1ny utca&#8221; &#8212; \u00c1llatorvostudom\u00e1nyi Egyetem Budapest\" src=\"https:\/\/univet.hu\/hu\/oktatas\/tanulmanyi-osztaly\/szallaslehetosegek\/vii-ker-dohany-utca\/embed\/#?secret=txL6fOFp09#?secret=QM2mNSmxjf\" data-secret=\"QM2mNSmxjf\" width=\"600\" height=\"338\" frameborder=\"0\" marginwidth=\"0\" marginheight=\"0\" scrolling=\"no\"><\/iframe><\/p> <p>&nbsp;<\/p> <p>2025.07.28<\/p> <blockquote class=\"wp-embedded-content\" data-secret=\"xazutcNXFG\"><p><a href=\"https:\/\/univet.hu\/hu\/oktatas\/tanulmanyi-osztaly\/szallaslehetosegek\/xiv-ker-zuglo-chazar-andras-utca\/\">XIV. ker &#8211; Zugl\u00f3- Ch\u00e1z\u00e1r Andr\u00e1s utca<\/a><\/p><\/blockquote> <p><iframe loading=\"lazy\" class=\"wp-embedded-content\" sandbox=\"allow-scripts\" security=\"restricted\" style=\"position: absolute; visibility: hidden;\" title=\"&#8220;XIV. ker &#8211; Zugl\u00f3- Ch\u00e1z\u00e1r Andr\u00e1s utca&#8221; &#8212; \u00c1llatorvostudom\u00e1nyi Egyetem Budapest\" src=\"https:\/\/univet.hu\/hu\/oktatas\/tanulmanyi-osztaly\/szallaslehetosegek\/xiv-ker-zuglo-chazar-andras-utca\/embed\/#?secret=pgryqEEEaR#?secret=xazutcNXFG\" data-secret=\"xazutcNXFG\" width=\"600\" height=\"338\" frameborder=\"0\" marginwidth=\"0\" marginheight=\"0\" scrolling=\"no\"><\/iframe><\/p>","protected":false},"excerpt":{"rendered":"<p>2025.10.17 &nbsp; 2025.08.28 &nbsp; 2025.08.28 &nbsp; 2025.07.28<\/p>\n","protected":false},"author":5795,"featured_media":0,"parent":615,"menu_order":26,"comment_status":"open","ping_status":"open","template":"","meta":{"_acf_changed":false,"footnotes":""},"categories":[],"tags":[],"class_list":["post-188279","page","type-page","status-publish","hentry"],"acf":[],"_links":{"self":[{"href":"https:\/\/univet.hu\/hu\/wp-json\/wp\/v2\/pages\/188279","targetHints":{"allow":["GET"]}}],"collection":[{"href":"https:\/\/univet.hu\/hu\/wp-json\/wp\/v2\/pages"}],"about":[{"href":"https:\/\/univet.hu\/hu\/wp-json\/wp\/v2\/types\/page"}],"author":[{"embeddable":true,"href":"https:\/\/univet.hu\/hu\/wp-json\/wp\/v2\/users\/5795"}],"replies":[{"embeddable":true,"href":"https:\/\/univet.hu\/hu\/wp-json\/wp\/v2\/comments?post=188279"}],"version-history":[{"count":5,"href":"https:\/\/univet.hu\/hu\/wp-json\/wp\/v2\/pages\/188279\/revisions"}],"predecessor-version":[{"id":192725,"href":"https:\/\/univet.hu\/hu\/wp-json\/wp\/v2\/pages\/188279\/revisions\/192725"}],"up":[{"embeddable":true,"href":"https:\/\/univet.hu\/hu\/wp-json\/wp\/v2\/pages\/615"}],"wp:attachment":[{"href":"https:\/\/univet.hu\/hu\/wp-json\/wp\/v2\/media?parent=188279"}],"wp:term":[{"taxonomy":"category","embeddable":true,"href":"https:\/\/univet.hu\/hu\/wp-json\/wp\/v2\/categories?post=188279"},{"taxonomy":"post_tag","embeddable":true,"href":"https:\/\/univet.hu\/hu\/wp-json\/wp\/v2\/tags?post=188279"}],"curies":[{"name":"wp","href":"https:\/\/api.w.org\/{rel}","templated":true}]}}