{"id":188284,"date":"2025-07-28T08:48:20","date_gmt":"2025-07-28T06:48:20","guid":{"rendered":"https:\/\/univet.hu\/hu\/oktatas\/tanulmanyi-osztaly\/szallaslehetosegek\/new_child_page\/"},"modified":"2025-07-28T09:01:09","modified_gmt":"2025-07-28T07:01:09","slug":"xiv-ker-zuglo-chazar-andras-utca","status":"publish","type":"page","link":"https:\/\/univet.hu\/hu\/oktatas\/tanulmanyi-osztaly\/szallaslehetosegek\/xiv-ker-zuglo-chazar-andras-utca\/","title":{"rendered":"XIV. ker &#8211; Zugl\u00f3- Ch\u00e1z\u00e1r Andr\u00e1s utca"},"content":{"rendered":"<p>2025.07.28<\/p> <div> <p class=\"x_MsoNormal\"><strong>KIAD\u00d3 LAK\u00c1S ZUGL\u00d3BAN A CH\u00c1Z\u00c1R ANDR\u00c1S UTC\u00c1BAN<\/strong>&#8211; Keleti pu.-t\u00f3l egy buszmeg\u00e1ll\u00f3ra, \u00c1llatorvosi Egyetemt\u0151l bkv-val 15percre<\/p> <\/div> <div> <p class=\"x_MsoNormal\" aria-hidden=\"true\">Ig\u00e9nyes,modern t\u00e1rsash\u00e1z 6. emelet\u00e9n tal\u00e1lhat\u00f3 a lak\u00e1s, 50 m2 alapter\u00fclettel(nappali+h\u00e1l\u00f3) amelyhez t\u00e1gas, bels\u0151 udvarra n\u00e9z\u0151 terasz tartozik.<\/p> <\/div> <div> <p class=\"x_MsoNormal\" aria-hidden=\"true\">A lak\u00e1s b\u00fatorozott-g\u00e9pes\u00edtett, vil\u00e1gos nappalival, felszerelt konyh\u00e1val, l\u00e9gkondicion\u00e1lt h\u00e1l\u00f3szob\u00e1val, f\u00fcrd\u0151szob\u00e1val \u00e9s egy k\u00fcl\u00f6n mosd\u00f3val, amely t\u00e1rol\u00f3helyk\u00e9nt is haszn\u00e1lhat\u00f3. \u00c1lland\u00f3 portaszolg\u00e1lat, m\u00e9lygar\u00e1zs az \u00e9p\u00fcletben.<\/p> <\/div> <div> <p class=\"x_MsoNormal\" aria-hidden=\"true\">V\u00e1rosliget gyalog 5 percre<\/p> <\/div> <div> <p class=\"x_MsoNormal\">Pusk\u00e1s Stadion &amp; Park fut\u00f3p\u00e1ly\u00e0val<\/p> <\/div> <div> <p class=\"x_MsoNormal\">\ufe0fR\u00e9csei Center bev\u00e1s\u00e1rl\u00f3k\u00f6zpont (DM, Prima, konditerem, k\u00e1v\u00e9z\u00f3, stb.) a k\u00f6zvetlen szomsz\u00e9ds\u00e1gban<\/p> <\/div> <div> <p class=\"x_MsoNormal\">Kiv\u00e1l\u00f3 \u00e9ttermek p\u00e1r percre<\/p> <\/div> <div> <p class=\"x_MsoNormal\">\u00a0Nagyon j\u00f3 t\u00f6megk\u00f6zleked\u00e9s, buszmeg\u00e1ll\u00f3 1 percre (5,7,110,112,133E, 30)<\/p> <\/div> <div> <p class=\"x_MsoNormal\" aria-hidden=\"true\">-Havi d\u00edj: 260 ezer Ft\/h\u00f3 +rezsi-kktg (kb.50 ezer Ft) ,2 havi kauci\u00f3 sz\u00fcks\u00e9ges, azonnal k\u00f6lt\u00f6zhet\u0151, kis\u00e1llat,doh\u00e1nyz\u00e1s nem megengedett<\/p> <\/div> <div> <p data-olk-copy-source=\"MessageBody\"> <p data-olk-copy-source=\"MessageBody\"><strong>APARTMENT FOR RENT IN ZUGL\u00d3, ON CH\u00c1Z\u00c1R ANDR\u00c1S STREET<\/strong><\/p> <p class=\"x_MsoNormal\" data-olk-copy-source=\"MessageBody\">The apartment is located on the 6th floor, with a floor area of\u00a0\u200b\u200b50 m2, which includes a spacious terrace overlooking the inner courtyard.<\/p> <\/div> <div> <p class=\"x_MsoNormal\" aria-hidden=\"true\">The apartment is furnished, ideal for 2 people, with a bright living room, equipped kitchen, air-conditioned bedroom, bathroom and a separate toilet, which can also be used as storage space. Permanent reception service, underground garage rental option in the building.<\/p> <\/div> <div> <p class=\"x_MsoNormal\" aria-hidden=\"true\">City Park 5 minutes walk<\/p> <\/div> <div> <p class=\"x_MsoNormal\">Pusk\u00e1s Stadium &amp; Park with running track<\/p> <\/div> <div> <p class=\"x_MsoNormal\">R\u00e9csei center shopping center (DM, Prima, gym, caf\u00e9, etc.) in the immediate vicinity<\/p> <\/div> <div> <p class=\"x_MsoNormal\">Excellent restaurants a few minutes away<\/p> <\/div> <div> <p class=\"x_MsoNormal\">Bus stop 1 minute away (5,7,110,112,133E, 30)<\/p> <p><img loading=\"lazy\" decoding=\"async\" class=\"alignnone size-thumbnail wp-image-188286\" src=\"https:\/\/univet.hu\/wp-content\/uploads\/2025\/07\/01-320x320.png\" alt=\"\" width=\"320\" height=\"320\" srcset=\"https:\/\/univet.hu\/wp-content\/uploads\/2025\/07\/01-320x320.png 320w, https:\/\/univet.hu\/wp-content\/uploads\/2025\/07\/01-640x640.png 640w\" sizes=\"auto, (max-width: 320px) 100vw, 320px\" \/> <img loading=\"lazy\" decoding=\"async\" class=\"alignnone size-medium wp-image-188289\" src=\"https:\/\/univet.hu\/wp-content\/uploads\/2025\/07\/02-240x320.png\" alt=\"\" width=\"240\" height=\"320\" srcset=\"https:\/\/univet.hu\/wp-content\/uploads\/2025\/07\/02-240x320.png 240w, https:\/\/univet.hu\/wp-content\/uploads\/2025\/07\/02-720x960.png 720w, https:\/\/univet.hu\/wp-content\/uploads\/2025\/07\/02-768x1024.png 768w, https:\/\/univet.hu\/wp-content\/uploads\/2025\/07\/02-1152x1536.png 1152w, https:\/\/univet.hu\/wp-content\/uploads\/2025\/07\/02.png 1536w\" sizes=\"auto, (max-width: 240px) 100vw, 240px\" \/> <img loading=\"lazy\" decoding=\"async\" class=\"alignnone size-medium wp-image-188292\" src=\"https:\/\/univet.hu\/wp-content\/uploads\/2025\/07\/03-299x320.png\" alt=\"\" width=\"299\" height=\"320\" srcset=\"https:\/\/univet.hu\/wp-content\/uploads\/2025\/07\/03-299x320.png 299w, https:\/\/univet.hu\/wp-content\/uploads\/2025\/07\/03-897x960.png 897w, https:\/\/univet.hu\/wp-content\/uploads\/2025\/07\/03-768x822.png 768w, https:\/\/univet.hu\/wp-content\/uploads\/2025\/07\/03-1435x1536.png 1435w, https:\/\/univet.hu\/wp-content\/uploads\/2025\/07\/03.png 1912w\" sizes=\"auto, (max-width: 299px) 100vw, 299px\" \/> <img loading=\"lazy\" decoding=\"async\" class=\"alignnone size-medium wp-image-188295\" src=\"https:\/\/univet.hu\/wp-content\/uploads\/2025\/07\/04-240x320.png\" alt=\"\" width=\"240\" height=\"320\" srcset=\"https:\/\/univet.hu\/wp-content\/uploads\/2025\/07\/04-240x320.png 240w, https:\/\/univet.hu\/wp-content\/uploads\/2025\/07\/04-720x960.png 720w, https:\/\/univet.hu\/wp-content\/uploads\/2025\/07\/04-768x1024.png 768w, https:\/\/univet.hu\/wp-content\/uploads\/2025\/07\/04-1152x1536.png 1152w, https:\/\/univet.hu\/wp-content\/uploads\/2025\/07\/04.png 1536w\" sizes=\"auto, (max-width: 240px) 100vw, 240px\" \/> <img loading=\"lazy\" decoding=\"async\" class=\"alignnone size-medium wp-image-188298\" src=\"https:\/\/univet.hu\/wp-content\/uploads\/2025\/07\/05-240x320.png\" alt=\"\" width=\"240\" height=\"320\" srcset=\"https:\/\/univet.hu\/wp-content\/uploads\/2025\/07\/05-240x320.png 240w, https:\/\/univet.hu\/wp-content\/uploads\/2025\/07\/05-720x960.png 720w, https:\/\/univet.hu\/wp-content\/uploads\/2025\/07\/05-768x1024.png 768w, https:\/\/univet.hu\/wp-content\/uploads\/2025\/07\/05-1152x1536.png 1152w, https:\/\/univet.hu\/wp-content\/uploads\/2025\/07\/05.png 1536w\" sizes=\"auto, (max-width: 240px) 100vw, 240px\" \/> <img loading=\"lazy\" decoding=\"async\" class=\"alignnone size-medium wp-image-188301\" src=\"https:\/\/univet.hu\/wp-content\/uploads\/2025\/07\/06-240x320.png\" alt=\"\" width=\"240\" height=\"320\" srcset=\"https:\/\/univet.hu\/wp-content\/uploads\/2025\/07\/06-240x320.png 240w, https:\/\/univet.hu\/wp-content\/uploads\/2025\/07\/06-720x960.png 720w, https:\/\/univet.hu\/wp-content\/uploads\/2025\/07\/06-768x1024.png 768w, https:\/\/univet.hu\/wp-content\/uploads\/2025\/07\/06-1152x1536.png 1152w, https:\/\/univet.hu\/wp-content\/uploads\/2025\/07\/06.png 1536w\" sizes=\"auto, (max-width: 240px) 100vw, 240px\" \/><\/p> <\/div>","protected":false},"excerpt":{"rendered":"<p>2025.07.28 KIAD\u00d3 LAK\u00c1S ZUGL\u00d3BAN A CH\u00c1Z\u00c1R ANDR\u00c1S UTC\u00c1BAN&#8211; Keleti pu.-t\u00f3l egy buszmeg\u00e1ll\u00f3ra, \u00c1llatorvosi Egyetemt\u0151l bkv-val 15percre Ig\u00e9nyes,modern t\u00e1rsash\u00e1z 6. emelet\u00e9n tal\u00e1lhat\u00f3 a lak\u00e1s, 50 m2 alapter\u00fclettel(nappali+h\u00e1l\u00f3) amelyhez t\u00e1gas, bels\u0151 udvarra n\u00e9z\u0151 terasz tartozik. A lak\u00e1s b\u00fatorozott-g\u00e9pes\u00edtett, vil\u00e1gos nappalival, felszerelt konyh\u00e1val, l\u00e9gkondicion\u00e1lt h\u00e1l\u00f3szob\u00e1val, f\u00fcrd\u0151szob\u00e1val \u00e9s egy k\u00fcl\u00f6n mosd\u00f3val, amely t\u00e1rol\u00f3helyk\u00e9nt is haszn\u00e1lhat\u00f3. \u00c1lland\u00f3 portaszolg\u00e1lat, m\u00e9lygar\u00e1zs az<\/p>\n","protected":false},"author":5795,"featured_media":0,"parent":188279,"menu_order":0,"comment_status":"open","ping_status":"open","template":"","meta":{"_acf_changed":false,"footnotes":""},"categories":[],"tags":[],"class_list":["post-188284","page","type-page","status-publish","hentry"],"acf":[],"_links":{"self":[{"href":"https:\/\/univet.hu\/hu\/wp-json\/wp\/v2\/pages\/188284","targetHints":{"allow":["GET"]}}],"collection":[{"href":"https:\/\/univet.hu\/hu\/wp-json\/wp\/v2\/pages"}],"about":[{"href":"https:\/\/univet.hu\/hu\/wp-json\/wp\/v2\/types\/page"}],"author":[{"embeddable":true,"href":"https:\/\/univet.hu\/hu\/wp-json\/wp\/v2\/users\/5795"}],"replies":[{"embeddable":true,"href":"https:\/\/univet.hu\/hu\/wp-json\/wp\/v2\/comments?post=188284"}],"version-history":[{"count":5,"href":"https:\/\/univet.hu\/hu\/wp-json\/wp\/v2\/pages\/188284\/revisions"}],"predecessor-version":[{"id":188308,"href":"https:\/\/univet.hu\/hu\/wp-json\/wp\/v2\/pages\/188284\/revisions\/188308"}],"up":[{"embeddable":true,"href":"https:\/\/univet.hu\/hu\/wp-json\/wp\/v2\/pages\/188279"}],"wp:attachment":[{"href":"https:\/\/univet.hu\/hu\/wp-json\/wp\/v2\/media?parent=188284"}],"wp:term":[{"taxonomy":"category","embeddable":true,"href":"https:\/\/univet.hu\/hu\/wp-json\/wp\/v2\/categories?post=188284"},{"taxonomy":"post_tag","embeddable":true,"href":"https:\/\/univet.hu\/hu\/wp-json\/wp\/v2\/tags?post=188284"}],"curies":[{"name":"wp","href":"https:\/\/api.w.org\/{rel}","templated":true}]}}