{"id":188321,"date":"2025-07-28T12:51:32","date_gmt":"2025-07-28T10:51:32","guid":{"rendered":"https:\/\/univet.hu\/hu\/egyetem\/szervezeti-egysegek\/allatvedelmi-jogi-elemzo-es-modszertani-kozpont\/ev-allatvedo-ovodaja-es-altalanos-iskolaja-palyazat\/new_child_page\/"},"modified":"2025-08-29T10:36:01","modified_gmt":"2025-08-29T08:36:01","slug":"uj-gyermek-oldal","status":"publish","type":"page","link":"https:\/\/univet.hu\/hu\/egyetem\/szervezeti-egysegek\/allatvedelmi-jogi-elemzo-es-modszertani-kozpont\/ev-allatvedo-ovodaja-es-altalanos-iskolaja-palyazat\/uj-gyermek-oldal\/","title":{"rendered":"A 2025. \u00e9vi p\u00e1ly\u00e1zat  (nyertesek, \u00e1llatbar\u00e1t int\u00e9zm\u00e9nyek, d\u00edjak, el\u0151ad\u00e1sok)"},"content":{"rendered":"<p>Rekordsz\u00e1m\u00fa p\u00e1ly\u00e1z\u00f3 \u00e9s \u00faj d\u00edjak az \u00e1llatv\u00e9delem szolg\u00e1lat\u00e1ban<\/p> <p>\u00dajabb m\u00e9rf\u00f6ldk\u0151 az \u00e1llatv\u00e9delem \u00e9s az oktat\u00e1s ter\u00e9n: ism\u00e9t rekordsz\u00e1m\u00fa, 553 int\u00e9zm\u00e9ny kapja meg az \u201e\u00c1llatbar\u00e1t\u201d c\u00edmet<br \/> 18 nyertes int\u00e9zm\u00e9nyt hirdettek<br \/> t\u00f6bb mint f\u00e9lezer oktat\u00e1si \u00e9s gyermekv\u00e9delmi int\u00e9zm\u00e9ny p\u00e1ly\u00e1zott<\/p> <p>Az \u00c1llatorvostudom\u00e1nyi Egyetemen adt\u00e1k \u00e1t az \u201e\u00c9v \u00c1llatv\u00e9d\u0151 B\u00f6lcs\u0151d\u00e9je, \u00d3vod\u00e1ja, \u00c1ltal\u00e1nos iskol\u00e1ja, K\u00f6z\u00e9piskol\u00e1ja, Gy\u00f3gypedag\u00f3giai Int\u00e9zm\u00e9nye \u00e9s Gyermekotthona 2025\u201d dobog\u00f3sainak okleveleit j\u00fanius 23-\u00e1n \u00e9s 24-\u00e9n, Budapesten. Az \u201e\u00c1llatv\u00e9delem gyerekeknek\u201d szerkeszt\u0151bizotts\u00e1ga az \u00c1llatorvostudom\u00e1nyi Egyetem \u00c1llatv\u00e9delmi, Jogi, Elemz\u0151- \u00e9s M\u00f3dszertani K\u00f6zpontj\u00e1nak szakmai t\u00e1mogat\u00e1s\u00e1val m\u00e1r \u00f6t\u00f6dik alkalommal hirdette meg az \u00e1llatv\u00e9d\u0151 \u00e9s \u00e1llatbar\u00e1t c\u00edmek elnyer\u00e9s\u00e9t c\u00e9lz\u00f3 p\u00e1ly\u00e1zat\u00e1t az oktat\u00e1si int\u00e9zm\u00e9nyek sz\u00e1m\u00e1ra. A p\u00e1ly\u00e1zatra olyan int\u00e9zm\u00e9nyek jelentkez\u00e9s\u00e9t v\u00e1rt\u00e1k, akik t\u00f6rekednek arra, hogy be\u00e9p\u00edts\u00e9k a felel\u0151s \u00e1llattart\u00e1st a nevel\u00e9sbe v\u00e1ltozatos \u00e9s kreat\u00edv programok seg\u00edts\u00e9g\u00e9vel.<\/p> <p>Az el\u0151z\u0151 p\u00e1ly\u00e1zatok siker\u00e9t mutatja, hogy a kor\u00e1bbi \u00e9vhez k\u00e9pest ism\u00e9t jelent\u0151sen n\u00f6vekedett a versenyz\u0151 int\u00e9zm\u00e9nyek sz\u00e1ma. Az \u00e1prilis 30-i hat\u00e1rid\u0151ig \u00f6sszesen 553 egy\u00e9ni p\u00e1ly\u00e1zat \u00e9rkezett, (34 \u00c1llatbar\u00e1t B\u00f6lcs\u0151de, 296 \u00c1llatbar\u00e1t \u00d3voda, 45 \u00d6r\u00f6k\u00f6s \u00c1llatbar\u00e1t \u00d3voda, 126 \u00c1llatbar\u00e1t \u00c1ltal\u00e1nos Iskola, 12 \u00d6r\u00f6k\u00f6s \u00c1llatbar\u00e1t \u00c1ltal\u00e1nos Iskola, 21 \u00c1llatbar\u00e1t Gy\u00f3gypedag\u00f3giai Int\u00e9zm\u00e9ny, 16 \u00c1llatbar\u00e1t K\u00f6z\u00e9piskola, 3 \u00c1llatbar\u00e1t Gyermekotthon). Valamennyi p\u00e1ly\u00e1z\u00f3 int\u00e9zm\u00e9ny teljes\u00edtette a minimumk\u00f6vetelm\u00e9nyeket, \u00edgy jogosultt\u00e1 v\u00e1ltak az \u201e\u00c1llatbar\u00e1t\u201d c\u00edm haszn\u00e1lat\u00e1ra egy \u00e9ven kereszt\u00fcl. Id\u00e9n el\u0151sz\u00f6r 45 \u00f3voda \u00e9s 12 \u00e1ltal\u00e1nos iskola nyerte el az \u201e\u00d6r\u00f6k\u00f6s \u00c1llatbar\u00e1t\u201d c\u00edmet, amelyet kiemelked\u0151 teljes\u00edtm\u00e9ny\u00fck elismer\u00e9sek\u00e9nt viselhetnek visszavon\u00e1sig. Ez a rangos elismer\u00e9s azoknak az int\u00e9zm\u00e9nyeknek j\u00e1r, amelyek hossz\u00fa t\u00e1von \u00e9s p\u00e9ldamutat\u00f3 m\u00f3don val\u00f3s\u00edtj\u00e1k meg az \u00e1llatv\u00e9delmi nevel\u00e9st a mindennapokban.<\/p> <p>A be\u00e9rkezett munk\u00e1kat egy \u00e1llatv\u00e9delmi \u00e9s pedag\u00f3gus szakemberekb\u0151l \u00e1ll\u00f3 zs\u0171ri b\u00edr\u00e1lta el. A p\u00e1ly\u00e1zatok nyertesei a d\u00edjakat \u00e9s okleveleket \u2013 imm\u00e1r hagyom\u00e1nyosan \u2013 az \u00c1llatorvostudom\u00e1nyi Egyetemen megrendezett \u00fcnneps\u00e9gen vehett\u00e9k \u00e1t. Minden kateg\u00f3ri\u00e1ban h\u00e1rom helyezettet d\u00edjaztak, \u00edgy \u00f6sszesen 18 nyertes int\u00e9zm\u00e9nyt hirdettek a j\u00faniusi d\u00edj\u00e1tad\u00f3n. Az esem\u00e9ny \u00fcnnep\u00e9lyes hangulat\u00e1t tov\u00e1bb emelte, hogy az els\u0151 napon Ov\u00e1di P\u00e9ter, az \u00e1llatv\u00e9delmi cselekv\u00e9si terv kidolgoz\u00e1s\u00e1\u00e9rt \u00e9s v\u00e9grehajt\u00e1s\u00e1\u00e9rt felel\u0151s korm\u00e1nybiztos, m\u00edg a m\u00e1sodik napon Balatoni Katalin, a pedag\u00f3giai innov\u00e1ci\u00f3k el\u0151mozd\u00edt\u00e1s\u00e1\u00e9rt \u00e9s a csal\u00e1dbar\u00e1t oktat\u00e1si k\u00f6rnyezet er\u0151s\u00edt\u00e9s\u00e9\u00e9rt felel\u0151s minisztereln\u00f6ki biztos adta \u00e1t a d\u00edjakat.<\/p> <p>A pedag\u00f3gusok, akik nap mint nap elk\u00f6telezetten dolgoznak azon, hogy di\u00e1kjaikban tudatos \u00e9s etikus magatart\u00e1st alak\u00edtsanak ki, d\u00edjaz\u00e1sra m\u00e9lt\u00f3 er\u0151fesz\u00edt\u00e9seket tesznek. \u00c9ppen ez\u00e9rt j\u00f6tt l\u00e9tre az \u00c1llatv\u00e9delmi Oktat\u00e1s\u00e9rt Alap\u00edtv\u00e1ny \u00e9s az \u00c1llatorvostudom\u00e1nyi Egyetem \u00c1llatv\u00e9delmi K\u00f6zpontj\u00e1nak egy\u00fcttm\u0171k\u00f6d\u00e9s\u00e9ben az \u00c1llatbar\u00e1t Nagyk\u00f6vet Program. A c\u00edmet id\u00e9n 46 pedag\u00f3gus vehette \u00e1t az \u00fcnnep\u00e9lyes d\u00edj\u00e1tad\u00f3n, miut\u00e1n letett\u00e9k az esk\u00fct.<br \/> Az idei \u00e9v \u00fajdons\u00e1ga az \u00c1llatbar\u00e1t B\u00e1zisint\u00e9zm\u00e9ny c\u00edm bevezet\u00e9se volt az \u00c1llatv\u00e9delmi Oktat\u00e1s\u00e9rt Alap\u00edtv\u00e1nynak k\u00f6sz\u00f6nhet\u0151en, amelyet azok az int\u00e9zm\u00e9nyek nyerhettek el, amelyek v\u00e1llalt\u00e1k, hogy k\u00fcl\u00f6n tan\u00f3r\u00e1t, szakk\u00f6rt vagy m\u00e1s rendszeres programot szentelnek az \u00e1llatv\u00e9delem t\u00e9m\u00e1j\u00e1nak, valamint akt\u00edvan k\u00f6zrem\u0171k\u00f6dnek az oktat\u00e1si anyagok kidolgoz\u00e1s\u00e1ban is. Ezzel a l\u00e9p\u00e9ssel orsz\u00e1gos szinten is p\u00e9ld\u00e1t mutatnak a felel\u0151s \u00e1llattart\u00e1s tan\u00edt\u00e1s\u00e1ban \u00e9s az \u00e1llatv\u00e9delmi szeml\u00e9letform\u00e1l\u00e1sban.<\/p> <p>S\u00f3tonyi P\u00e9ter, az \u00c1llatorvostudom\u00e1nyi Egyetem rektora a d\u00edj\u00e1tad\u00f3 el\u0151tt elmondta: az \u00e1llatv\u00e9delem nem csup\u00e1n \u00e1llateg\u00e9szs\u00e9g\u00fcgyi vagy jogi k\u00e9rd\u00e9s, hanem t\u00e1rsadalmi felel\u0151ss\u00e9g is, amely az oktat\u00e1sban gy\u00f6kerezik. Az \u00c1llatorvostudom\u00e1nyi Egyetem \u00e9len j\u00e1r abban, hogy ezt a szeml\u00e9letet kutat\u00e1si \u00e9s k\u00e9pz\u00e9si szinten, valamint az oktat\u00e1si int\u00e9zm\u00e9nyekkel val\u00f3 egy\u00fcttm\u0171k\u00f6d\u00e9s r\u00e9v\u00e9n is terjessze. A rektor k\u00fcl\u00f6n megk\u00f6sz\u00f6nte azoknak a pedag\u00f3gusoknak \u00e9s int\u00e9zm\u00e9nyeknek a munk\u00e1j\u00e1t, akik b\u00e1tran v\u00e1llalj\u00e1k az \u00fatt\u00f6r\u0151 szerepet a gyermekek \u00e1llatv\u00e9delmi \u00e9rz\u00e9keny\u00edt\u00e9s\u00e9ben.<br \/> Vetter Szilvia, az \u00c1llatorvostudom\u00e1nyi Egyetem \u00c1llatv\u00e9delmi K\u00f6zpontj\u00e1nak vezet\u0151je r\u00e1mutatott: az \u00e1llatv\u00e9delem \u00fcgye ma m\u00e1r nem csup\u00e1n erk\u00f6lcsi m\u00e9rce, hanem j\u00f6v\u0151form\u00e1l\u00f3 eszk\u00f6z \u2013 ir\u00e1nyt\u0171 egy emberibb vil\u00e1g fel\u00e9. Hogy t\u00edz-h\u00fasz \u00e9v m\u00falva egy egy\u00fctt\u00e9rz\u0151bb, felel\u0151sebb t\u00e1rsadalomban \u00e9l\u00fcnk-e, azon is m\u00falik, mit tanulnak ma a gyerekek az \u00e9let tisztelet\u00e9r\u0151l, az \u00e9l\u0151l\u00e9nyek k\u00f6zti kapcsolatr\u00f3l. A k\u00f6zpontvezet\u0151 szerint a fiatalok sz\u00edv\u00e9ben egyre t\u00f6bb a hely az \u00e1llatoknak \u2013 \u00e9s a fej\u00fckben is: nyitottak a tudom\u00e1nyosan megalapozott, tudatos \u00e1llattart\u00e1si ismeretekre. Az oktat\u00e1s \u00edgy nemcsak tananyag, hanem t\u00e1rsadalmi t\u00fck\u00f6r \u00e9s ir\u00e1nyv\u00e1lt\u00f3 kar: szeml\u00e9letet form\u00e1l, \u00e9rt\u00e9krendet \u00e9p\u00edt, \u00e9s felel\u0151s d\u00f6nt\u00e9shoz\u00f3kat nevel \u2013 akik nemcsak l\u00e1tj\u00e1k a j\u00f6v\u0151t, de alak\u00edtj\u00e1k is azt.<br \/> Koska Hedvig, az \u00c1llatv\u00e9delmi K\u00f6zpont k\u00f6zpontvezet\u0151-helyettese, az \u00c1llatv\u00e9delmi Oktat\u00e1s\u00e9rt Alap\u00edtv\u00e1ny eln\u00f6ke elmondta, hogy felemel\u0151 \u00e9rz\u00e9s volt az 553 int\u00e9zm\u00e9ny p\u00e1ly\u00e1zat\u00e1t olvasni, hiszen ezekb\u0151l egy\u00e9rtelm\u0171en kirajzol\u00f3dik, hogy Magyarorsz\u00e1gon egyre t\u00f6bb pedag\u00f3gus \u00e9s nevel\u0151k\u00f6z\u00f6ss\u00e9g dolgozik az\u00e9rt, hogy az \u00e1llatok tisztelete \u00e9s a felel\u0151s \u00e1llattart\u00e1s \u00e9rt\u00e9kei m\u00e1r gyermekkorban term\u00e9szetess\u00e9 v\u00e1ljanak. Hangs\u00falyozta, hogy ezek az int\u00e9zm\u00e9nyek olyan szeml\u00e9letet \u00e9s elk\u00f6telezetts\u00e9get k\u00e9pviselnek, amely hossz\u00fa t\u00e1von k\u00e9pes form\u00e1lni a t\u00e1rsadalmat, \u00e9s hozz\u00e1j\u00e1rulni egy egy\u00fctt\u00e9rz\u0151bb, etikusabb j\u00f6v\u0151h\u00f6z.<\/p> <p>A d\u00edjkioszt\u00f3 \u00fcnneps\u00e9geken k\u00f6sz\u00f6nt\u0151t mondott Gregor Bernadett J\u00e1szai Mari d\u00edjas sz\u00ednm\u0171v\u00e9szn\u0151, \u00e9rdemes m\u0171v\u00e9sz, Osztoicsn\u00e9 Cz\u00e9der Andrea r. alezredes, a BRFK B\u0171nmegel\u0151z\u00e9si Oszt\u00e1ly vezet\u0151je, Diamantopoulusn\u00e9 dr. Kenyeres Gabriella f\u0151oszt\u00e1lyvezet\u0151, Igazs\u00e1g\u00fcgyi Miniszt\u00e9rium (\u00c1ldozatseg\u00edt\u00e9s) \u00e9s Dr. Kir\u00e1ly P\u00e9ter, a Rex Kutyaotthon Alap\u00edtv\u00e1ny vezet\u0151je.<br \/> Az \u00c1llatbar\u00e1t Oktat\u00e1si Int\u00e9zm\u00e9nyek d\u00edj\u00e1tad\u00f3 els\u0151 napj\u00e1n ker\u00fclt sor a Gazdijogsi LIVE c\u00edm\u0171 besz\u00e9lget\u00e9sre, amely a felel\u0151s \u00e1llattart\u00e1s mai kih\u00edv\u00e1sait, tapasztalatait \u00e9s lehets\u00e9ges megold\u00e1sait j\u00e1rta k\u00f6r\u00fcl. A besz\u00e9lget\u00e9st Petrus Krisztina moder\u00e1lta, a r\u00e9sztvev\u0151k: S\u00e1ndor Ferenc Alex, probl\u00e9m\u00e1s kuty\u00e1k rehabilit\u00e1ci\u00f3j\u00e1ra \u00e9s szocializ\u00e1ci\u00f3j\u00e1ra specializ\u00e1l\u00f3dott kutyatr\u00e9ner; Angyal Zsolt, az Akela Kuty\u00e1s Sport Egyes\u00fclet alap\u00edt\u00f3ja \u00e9s vezet\u0151je, t\u00f6bbsz\u00f6r\u00f6s flyball Eur\u00f3pa-bajnok; valamint Szab\u00f3 Vikt\u00f3ria, habilit\u00e1ci\u00f3s kutyakik\u00e9pz\u0151, \u00c9rt\u00e9k \u00e9s Min\u0151s\u00e9g Nagyd\u00edjas Gazdi Coach\u00ae. A m\u00e1sodik napon Mit ad az \u00e1llatassziszt\u00e1lt foglalkoz\u00e1s az iskol\u00e1soknak? c\u00edmmel folytat\u00f3dott a program, ahol L\u00e9czfalvi Kinga \u00e1llatassziszt\u00e1lt terapeuta (kutya, ag\u00e1ma, sikl\u00f3, tekn\u0151s \u00e9s cs\u00f3t\u00e1ny), dr. Balogh M\u00f3nika LL.M., \u00e1llatassziszt\u00e1lt terapeuta (macska), valamint Hok Andrea, a BarangoL\u00d3 program vezet\u0151je osztott\u00e1k meg tapasztalataikat a nagyobb gyerekekkel v\u00e9gzett foglalkoz\u00e1sok hat\u00e1sair\u00f3l.<\/p> <p>A 2025. \u00e9vi p\u00e1ly\u00e1zat gy\u0151ztesei:<br \/> Az \u201e\u00c9v \u00c1llatv\u00e9d\u0151 B\u00f6lcs\u0151d\u00e9je 2025\u201d p\u00e1ly\u00e1zat nyertesei:<br \/> 1. Az \u201e\u00c9v \u00c1llatv\u00e9d\u0151 B\u00f6lcs\u0151d\u00e9je 2025\u201d: Hern\u00e1dn\u00e9meti Napk\u00f6zi Otthonos \u00d3voda \u00e9s B\u00f6lcs\u0151de<br \/> 2. II. helyezett: XXII. Ker\u00fcleti Egyes\u00edtett B\u00f6lcs\u0151de<br \/> 3. III. helyezett: Apr\u00f3cska B\u00f6lcs\u0151de Tagint\u00e9zm\u00e9ny<br \/> Az \u201e\u00c9v \u00c1llatv\u00e9d\u0151 \u00d3vod\u00e1ja 2025\u201d p\u00e1ly\u00e1zat nyertesei:<br \/> 4. Az \u201e\u00c9v \u00c1llatv\u00e9d\u0151 \u00d3vod\u00e1ja 2025\u201d: \u00c9rdi Sziv\u00e1rv\u00e1ny \u00d3voda, Meseh\u00e1z Tag\u00f3vod\u00e1ja<br \/> 5. II. helyezett: Verpel\u00e9ti Gy\u00f6ngyszem \u00d3voda \u00e9s Gy\u00f6ngyik\u00e9k B\u00f6lcs\u0151de<br \/> 6. III. helyezett: Veszpr\u00e9mi Ringat\u00f3 K\u00f6rzeti \u00d3voda<br \/> Az \u201e\u00c9v \u00c1llatv\u00e9d\u0151 \u00c1ltal\u00e1nos Iskol\u00e1ja 2025\u201d p\u00e1ly\u00e1zat nyertesei:<br \/> 7. Az \u201e\u00c9v \u00c1llatv\u00e9d\u0151 \u00c1ltal\u00e1nos Iskol\u00e1ja 2025\u201d: Ny\u00edregyh\u00e1zi Arany J\u00e1nos Gimn\u00e1zium \u00c1ltal\u00e1nos Iskola \u00e9s Koll\u00e9gium Szab\u00f3 L\u0151rinc Tagint\u00e9zm\u00e9ny<br \/> 8. II. helyezett: Sziget\u00fajfalui M\u00f3ra Ferenc \u00c1ltal\u00e1nos Iskola<br \/> 9. III. helyezett: Veszpr\u00e9mi D\u00f3zsa Gy\u00f6rgy N\u00e9met Nemzetis\u00e9gi Nyelvoktat\u00f3 \u00c1ltal\u00e1nos Iskola<br \/> Az \u201e\u00c9v \u00c1llatv\u00e9d\u0151 Gy\u00f3gypedag\u00f3giai Int\u00e9zm\u00e9nye 2025\u201d p\u00e1ly\u00e1zat nyertesei:<br \/> 10. Az \u201e\u00c9v \u00c1llatv\u00e9d\u0151 Gy\u00f3gypedag\u00f3giai Int\u00e9zm\u00e9nye 2025\u201d: T\u00f3th Antal Egys\u00e9ges Gy\u00f3gypedag\u00f3giai M\u00f3dszertani Int\u00e9zm\u00e9ny \u00d3voda, \u00c1ltal\u00e1nos Iskola, Szakiskola, Koll\u00e9gium<br \/> 11. II. helyezett: Kozmutza Fl\u00f3ra \u00d3voda, \u00c1ltal\u00e1nos Iskola, Szakiskola, Koll\u00e9gium, Egys\u00e9ges Gy\u00f3gypedag\u00f3giai M\u00f3dszertani Int\u00e9zm\u00e9ny<br \/> 12. III. helyezett: Borsod-Aba\u00faj-Zempl\u00e9n V\u00e1rmegyei \u00d3voda, \u00c1ltal\u00e1nos Iskola, Szakiskola, K\u00e9szs\u00e9gfejleszt\u0151 Iskola, Fejleszt\u0151 Nevel\u00e9st-Oktat\u00e1st V\u00e9gz\u0151 Iskola, Koll\u00e9gium \u00e9s Egys\u00e9ges Gy\u00f3gypedag\u00f3giai M\u00f3dszertani Int\u00e9zm\u00e9ny<br \/> Az \u201e\u00c9v \u00c1llatv\u00e9d\u0151 K\u00f6z\u00e9piskol\u00e1ja 2025\u201d p\u00e1ly\u00e1zat nyertesei:<br \/> 13. Az \u201e\u00c9v \u00c1llatv\u00e9d\u0151 K\u00f6z\u00e9piskol\u00e1ja 2025\u201d: T\u00f6r\u00f6k J\u00e1nos Reform\u00e1tus Oktat\u00e1si K\u00f6zpont &#8211; \u00c1ltal\u00e1nos Iskola, Gimn\u00e1zium, Szakgimn\u00e1zium, Technikum, Szakk\u00e9pz\u0151 iskola \u00e9s B\u00f6lcs\u0151de<br \/> 14. II. helyezett: Benk\u0151 Istv\u00e1n Reform\u00e1tus \u00c1ltal\u00e1nos Iskola \u00e9s Gimn\u00e1zium<br \/> 15. III. helyezett: Duna\u00fajv\u00e1rosi Szakk\u00e9pz\u00e9si Centrum Lor\u00e1ntffy Zsuzsanna Technikum \u00e9s Koll\u00e9gium<br \/> Az \u201e\u00c9v \u00c1llatv\u00e9d\u0151 Gyermekotthona 2025\u201d p\u00e1ly\u00e1zat nyertesei:<br \/> 16. Az \u201e\u00c9v \u00c1llatv\u00e9d\u0151 Gyermekotthona 2025\u201d: Gyermekv\u00e9delmi K\u00f6zpont J\u00e1sz-Nagykun- Szolnok V\u00e1rmegye VI.-VII. Szakmai Egys\u00e9g<br \/> 17. II. helyezett: Gyermekotthoni K\u00f6zpont Hajd\u00fa-Bihar V\u00e1rmegye, 5. Sz\u00e1m\u00fa Szakmai Egys\u00e9g<br \/> 18. III. helyezett: Gyermekotthoni K\u00f6zpont Hajd\u00fa-Bihar V\u00e1rmegye 6. sz\u00e1m\u00fa Gyermekotthon<\/p> <p>A Zs\u0171ri tagjai:<br \/> 1. \u00c1d\u00e1m Andrea, BM, K\u00f6znevel\u00e9s\u00e9rt Felel\u0151s Helyettes \u00c1llamtitk\u00e1rs\u00e1g, K\u00f6znevel\u00e9si Finansz\u00edroz\u00e1si Oszt\u00e1ly, k\u00f6znevel\u00e9si p\u00e9nz\u00fcgyi referens;<br \/> 2. Gyurcs\u00f3 Gyul\u00e1n\u00e9, \u00dajbuda GAMESZ \u00dajbudai Pedag\u00f3giai Iroda, Tagint\u00e9zm\u00e9ny vezet\u0151je, Comenius-d\u00edjas \u00f3voda- \u00e9s iskolapedag\u00f3gus;<br \/> 3. Kenyeres Erika, civil \u00e1llatv\u00e9d\u0151, k\u00f6z\u00e9piskolai tan\u00e1r, a Mancs a sz\u00edvre ifj\u00fas\u00e1gi centrum Alap\u00edtv\u00e1ny kur\u00e1tora;<br \/> 4. Dr. Koska Hedvig, az \u00c1llatv\u00e9delem gyerekeknek f\u0151szerkeszt\u0151je, az \u00c1llatorvostudom\u00e1nyi Egyetem \u00c1llatv\u00e9delmi K\u00f6zpont k\u00f6zpontvezet\u0151-helyettese, Ov\u00e1di P\u00e9ter korm\u00e1nybiztos szakmai vezet\u0151je;<br \/> 5. Lizanecz Edina, BM, K\u00f6znevel\u00e9s\u00e9rt Felel\u0151s Helyettes \u00c1llamtitk\u00e1rs\u00e1g, K\u00f6znevel\u00e9si \u00e9s Szakk\u00e9pz\u00e9si Programkoordin\u00e1ci\u00f3s Oszt\u00e1ly, kisgyermekkori-\u00f3vodai referens;<br \/> 6. Prof. Dr. Paulovics Anita PhD., egyetemi tan\u00e1r, tanulm\u00e1nyi \u00e9s \u00e1ltal\u00e1nos d\u00e9k\u00e1nhelyettes, int\u00e9zetigazgat\u00f3, Miskolci Egyetem, \u00c1llam- \u00e9s Jogtudom\u00e1nyi Kar, \u00c1llamtudom\u00e1nyi Int\u00e9zet<br \/> 7. Dr. T\u00f3th Szabina, az \u00c1llatorvostudom\u00e1nyi Egyetem \u00c1llatv\u00e9delmi K\u00f6zpont tansz\u00e9ki \u00e1llatorvosa, egzotikus szak\u00e1llatorvos, vad\u00e1llatment\u0151;<br \/> 8. Dr. Turkovicsn\u00e9 Dr. Koncz Ibolya, a Miskolci Egyetem, \u00c1llam- \u00e9s Jogtudom\u00e1nyi Kar Jogt\u00f6rt\u00e9neti \u00e9s Jogelm\u00e9leti Int\u00e9zet, Jogt\u00f6rt\u00e9neti Tansz\u00e9k tansz\u00e9kvezet\u0151je<br \/> 9. Dr. Vetter Szilvia PhD., az \u00c1llatorvostudom\u00e1nyi Egyetem \u00c1llatv\u00e9delmi Jogi, Elemz\u0151- \u00e9s M\u00f3dszertani K\u00f6zpont vezet\u0151je, \u00e1llatv\u00e9delmi jog\u00e1sz, oktat\u00f3, mesek\u00f6nyv\u00edr\u00f3.<br \/> A p\u00e1ly\u00e1zat idei d\u00edjai:<br \/> 1. helyezettek:<br \/> 1. Falra akaszthat\u00f3 oklev\u00e9l<br \/> 2. \u00c1llatassziszt\u00e1lt foglalkoz\u00e1s az int\u00e9zm\u00e9nyben (kutya \u00e9s macska)<br \/> 3. M\u00fazeumpedag\u00f3giai foglalkoz\u00e1s a hatvani Sz\u00e9chenyi Zsigmond Vad\u00e1szati M\u00fazeumban<br \/> 4. L\u00e1togat\u00e1s \u00e9s szeml\u00e9letform\u00e1l\u00f3 el\u0151ad\u00e1s az \u00dcr\u00f6mi \u00c1llatotthonban<br \/> 5. L\u00e1togat\u00e1s egy vad\u00e1llatment\u0151 \u00e1llatorvosi rendel\u0151ben (T\u00fcskev\u00e1r \u00c1llatorvosi Rendel\u0151)<br \/> 6. Jane Goodall Magyarorsz\u00e1gi Int\u00e9zete: k\u00f6nyvcsomag, el\u0151ad\u00e1s k\u00f6rnyezetv\u00e9delmi, \u00e1llatv\u00e9delmi t\u00e9m\u00e1ban \u00e9s virtu\u00e1lis csimp\u00e1nz \u00f6r\u00f6kbefogad\u00e1s<br \/> 7. \u201eAnya! Ugye, megtarthatom?\u201d mesek\u00f6nyv (Vetter Szilvia)<br \/> 8. Zserb\u00f3, az id\u0151s labrador t\u00f6rt\u00e9nete mesek\u00f6nyv (Koska Hedvig)<br \/> 9. Miel\u0151tt az eny\u00e9m lett\u00e9l&#8230; mesek\u00f6nyv (Koska Hedvig)<br \/> 2. helyezettek:<br \/> 10. Falra akaszthat\u00f3 oklev\u00e9l<br \/> 11. \u00c1llatassziszt\u00e1lt foglalkoz\u00e1s az int\u00e9zm\u00e9nyben (kutya)<br \/> 12. M\u00fazeumpedag\u00f3giai foglalkoz\u00e1s a hatvani Sz\u00e9chenyi Zsigmond Vad\u00e1szati M\u00fazeumban<br \/> 13. L\u00e1togat\u00e1s \u00e9s szeml\u00e9letform\u00e1l\u00f3 el\u0151ad\u00e1s az \u00dcr\u00f6mi \u00c1llatotthonban<br \/> 14. L\u00e1togat\u00e1s egy vad\u00e1llatment\u0151 \u00e1llatorvosi rendel\u0151ben (T\u00fcskev\u00e1r \u00c1llatorvosi Rendel\u0151)<br \/> 15. Jane Goodall Magyarorsz\u00e1gi Int\u00e9zete: virtu\u00e1lis csimp\u00e1nz \u00f6r\u00f6kbefogad\u00e1s<br \/> 3. helyezettek:<br \/> 16. Falra akaszthat\u00f3 oklev\u00e9l<br \/> 17. \u00c1llatassziszt\u00e1lt foglalkoz\u00e1s az int\u00e9zm\u00e9nyben (kutya)<br \/> 18. M\u00fazeumpedag\u00f3giai foglalkoz\u00e1s a hatvani Sz\u00e9chenyi Zsigmond Vad\u00e1szati M\u00fazeumban<br \/> 19. L\u00e1togat\u00e1s \u00e9s szeml\u00e9letform\u00e1l\u00f3 el\u0151ad\u00e1s az \u00dcr\u00f6mi \u00c1llatotthonban<br \/> 20. L\u00e1togat\u00e1s egy vad\u00e1llatment\u0151 \u00e1llatorvosi rendel\u0151ben (T\u00fcskev\u00e1r \u00c1llatorvosi Rendel\u0151)<br \/> 21. Jane Goodall Magyarorsz\u00e1gi Int\u00e9zete: virtu\u00e1lis csimp\u00e1nz \u00f6r\u00f6kbefogad\u00e1s<\/p> <p>Az oklevelek, t\u00e1rgyi aj\u00e1nd\u00e9kok \u00e9s \u00e9lm\u00e9nymeglepet\u00e9sek mellett az \u00c1llatorvostudom\u00e1nyi Egyetem \u00c1llatv\u00e9delmi K\u00f6zpontja \u2013 a tavalyi \u00e9vhez hasonl\u00f3an \u2013 id\u00e9n is \u00e1llatv\u00e9delmi programot tartott valamennyi \u00e1llatbar\u00e1t oktat\u00e1si int\u00e9zm\u00e9ny sz\u00e1m\u00e1ra, az \u00f6sszegy\u0171jt\u00f6tt j\u00f3 gyakorlatokra alapozva. Az elismert szak\u00e9rt\u0151k r\u00e9szv\u00e9tel\u00e9vel zajl\u00f3 kerekasztal-besz\u00e9lget\u00e9sek sor\u00e1n sz\u00f3 esett a kuty\u00e1s, macsk\u00e1s \u00e9s lovas \u00e1llat-assziszt\u00e1lt foglalkoz\u00e1sok tapasztalatair\u00f3l, valamint a felel\u0151s \u00e1llattart\u00e1st n\u00e9pszer\u0171s\u00edt\u0151 Gazdijogsi programr\u00f3l is. A l\u00e1togat\u00f3knak lehet\u0151s\u00e9ge ny\u00edlt megismerkedni az al\u00e1bbi szervezetekkel is: \u00c1ldozatseg\u00edt\u0151 K\u00f6zpont, \u00c1llatbar\u00e1t pedag\u00f3gusok, Budakeszi Vadaspark, Budapesti Rend\u0151r-f\u0151kapit\u00e1nys\u00e1g, F\u0151v\u00e1rosi \u00c1llat- \u00e9s N\u00f6v\u00e9nykert, Jane Goodall Int\u00e9zet, K\u00f6z\u00f6s u\u0308gyu\u0308nk az \u00e1llatv\u00e9delem Alap\u00edtv\u00e1ny, Magyar Vad\u00e1szg\u00f6r\u00e9ny Klub, Rex Kutyaotthon Alap\u00edtv\u00e1ny, Sz\u00e9chenyi Zsigmond Vad\u00e1szati M\u00fazeum, \u00dcr\u00f6mi \u00c1llatotthon.<\/p> <p>A 2025. \u00e9vi p\u00e1ly\u00e1zat gy\u0151zteseinek list\u00e1ja, a zs\u0171ri tagjai, az elismer\u00e9sek t\u00e1rgyi tartalma \u00e9s a d\u00edjakat t\u00e1mogat\u00f3 partnerek teljes list\u00e1ja az al\u00e1bbi linken \u00e9rhet\u0151 el:<\/p> <p><a href=\"https:\/\/allatvedelemgyerekeknek.hu\/bejegyzesek\/hirek\/553-oktatasi-intezmeny-kapta-meg-az-allatbarat-cimet\/\">553 \u00e1llatbar\u00e1t int\u00e9zm\u00e9ny list\u00e1ja<\/a><\/p> <div> <hr \/> <\/div> <p>Tov\u00e1bbi inform\u00e1ci\u00f3: <strong>\u00c1llatorvostudom\u00e1nyi Egyetem \u2013 \u00c1llatv\u00e9delmi K\u00f6zpont<\/strong><br \/> E-mail: <a><a class=\"decrypt\" rel=\"bmmbuwfefmnjlp{qpouAvojwfu\/iv\" href=\"javascript:void(0);\">[Kattintson az emailc\u00edmhez]<\/a><\/a><br \/> Web: <a>univet.hu\/&#8230;<\/a><br \/> Facebook: <a href=\"https:\/\/www.facebook.com\/AllatvedelmiKozpont\/\">@AllatvedelmiKozpont<\/a><br \/> Instagram: <a href=\"https:\/\/www.instagram.com\/allatvedelemgyerekeknek\/\">@allatvedelemgyerekeknek<\/a><br \/> TikTok: <a class=\"decrypt\" rel=\"iuuqt;00xxx\/ujlupl\/dpn0Abmmbuwfefmfnhzfsflflofl\" href=\"javascript:void(0);\">[Kattintson az emailc\u00edmhez]<\/a><\/p> <p>&nbsp;<\/p>","protected":false},"excerpt":{"rendered":"<p>Rekordsz\u00e1m\u00fa p\u00e1ly\u00e1z\u00f3 \u00e9s \u00faj d\u00edjak az \u00e1llatv\u00e9delem szolg\u00e1lat\u00e1ban \u00dajabb m\u00e9rf\u00f6ldk\u0151 az \u00e1llatv\u00e9delem \u00e9s az oktat\u00e1s ter\u00e9n: ism\u00e9t rekordsz\u00e1m\u00fa, 553 int\u00e9zm\u00e9ny kapja meg az \u201e\u00c1llatbar\u00e1t\u201d c\u00edmet 18 nyertes int\u00e9zm\u00e9nyt hirdettek t\u00f6bb mint f\u00e9lezer oktat\u00e1si \u00e9s gyermekv\u00e9delmi int\u00e9zm\u00e9ny p\u00e1ly\u00e1zott Az \u00c1llatorvostudom\u00e1nyi Egyetemen adt\u00e1k \u00e1t az \u201e\u00c9v \u00c1llatv\u00e9d\u0151 B\u00f6lcs\u0151d\u00e9je, \u00d3vod\u00e1ja, \u00c1ltal\u00e1nos iskol\u00e1ja, K\u00f6z\u00e9piskol\u00e1ja, Gy\u00f3gypedag\u00f3giai Int\u00e9zm\u00e9nye \u00e9s Gyermekotthona 2025\u201d<\/p>\n","protected":false},"author":3837,"featured_media":0,"parent":73570,"menu_order":10,"comment_status":"open","ping_status":"open","template":"","meta":{"_acf_changed":false,"footnotes":""},"categories":[],"tags":[],"class_list":["post-188321","page","type-page","status-publish","hentry"],"acf":[],"_links":{"self":[{"href":"https:\/\/univet.hu\/hu\/wp-json\/wp\/v2\/pages\/188321","targetHints":{"allow":["GET"]}}],"collection":[{"href":"https:\/\/univet.hu\/hu\/wp-json\/wp\/v2\/pages"}],"about":[{"href":"https:\/\/univet.hu\/hu\/wp-json\/wp\/v2\/types\/page"}],"author":[{"embeddable":true,"href":"https:\/\/univet.hu\/hu\/wp-json\/wp\/v2\/users\/3837"}],"replies":[{"embeddable":true,"href":"https:\/\/univet.hu\/hu\/wp-json\/wp\/v2\/comments?post=188321"}],"version-history":[{"count":4,"href":"https:\/\/univet.hu\/hu\/wp-json\/wp\/v2\/pages\/188321\/revisions"}],"predecessor-version":[{"id":189681,"href":"https:\/\/univet.hu\/hu\/wp-json\/wp\/v2\/pages\/188321\/revisions\/189681"}],"up":[{"embeddable":true,"href":"https:\/\/univet.hu\/hu\/wp-json\/wp\/v2\/pages\/73570"}],"wp:attachment":[{"href":"https:\/\/univet.hu\/hu\/wp-json\/wp\/v2\/media?parent=188321"}],"wp:term":[{"taxonomy":"category","embeddable":true,"href":"https:\/\/univet.hu\/hu\/wp-json\/wp\/v2\/categories?post=188321"},{"taxonomy":"post_tag","embeddable":true,"href":"https:\/\/univet.hu\/hu\/wp-json\/wp\/v2\/tags?post=188321"}],"curies":[{"name":"wp","href":"https:\/\/api.w.org\/{rel}","templated":true}]}}