{"id":188504,"date":"2025-07-31T10:57:39","date_gmt":"2025-07-31T08:57:39","guid":{"rendered":"https:\/\/univet.hu\/hu\/oktatas\/tanulmanyi-osztaly\/new_child_page\/"},"modified":"2025-07-31T10:59:55","modified_gmt":"2025-07-31T08:59:55","slug":"erettsegi-elokeszito","status":"publish","type":"page","link":"https:\/\/univet.hu\/hu\/oktatas\/tanulmanyi-osztaly\/erettsegi-elokeszito\/","title":{"rendered":"\u00c9retts\u00e9gi el\u0151k\u00e9sz\u00edt\u0151"},"content":{"rendered":"<p>&nbsp;<\/p> <p><strong>Tov\u00e1bbi inform\u00e1ci\u00f3k\u00e9rt kattintson ide: <a href=\"https:\/\/univet.hu\/hu\/felveteli\/erettsegi-elokeszito\/\">https:\/\/univet.hu\/hu\/felveteli\/erettsegi-elokeszito\/<\/a><\/strong><\/p>","protected":false},"excerpt":{"rendered":"<p>&nbsp; Tov\u00e1bbi inform\u00e1ci\u00f3k\u00e9rt kattintson ide: https:\/\/univet.hu\/hu\/felveteli\/erettsegi-elokeszito\/<\/p>\n","protected":false},"author":2518,"featured_media":0,"parent":615,"menu_order":0,"comment_status":"open","ping_status":"open","template":"","meta":{"_acf_changed":false,"footnotes":""},"categories":[],"tags":[],"class_list":["post-188504","page","type-page","status-publish","hentry"],"acf":[],"_links":{"self":[{"href":"https:\/\/univet.hu\/hu\/wp-json\/wp\/v2\/pages\/188504","targetHints":{"allow":["GET"]}}],"collection":[{"href":"https:\/\/univet.hu\/hu\/wp-json\/wp\/v2\/pages"}],"about":[{"href":"https:\/\/univet.hu\/hu\/wp-json\/wp\/v2\/types\/page"}],"author":[{"embeddable":true,"href":"https:\/\/univet.hu\/hu\/wp-json\/wp\/v2\/users\/2518"}],"replies":[{"embeddable":true,"href":"https:\/\/univet.hu\/hu\/wp-json\/wp\/v2\/comments?post=188504"}],"version-history":[{"count":1,"href":"https:\/\/univet.hu\/hu\/wp-json\/wp\/v2\/pages\/188504\/revisions"}],"predecessor-version":[{"id":188505,"href":"https:\/\/univet.hu\/hu\/wp-json\/wp\/v2\/pages\/188504\/revisions\/188505"}],"up":[{"embeddable":true,"href":"https:\/\/univet.hu\/hu\/wp-json\/wp\/v2\/pages\/615"}],"wp:attachment":[{"href":"https:\/\/univet.hu\/hu\/wp-json\/wp\/v2\/media?parent=188504"}],"wp:term":[{"taxonomy":"category","embeddable":true,"href":"https:\/\/univet.hu\/hu\/wp-json\/wp\/v2\/categories?post=188504"},{"taxonomy":"post_tag","embeddable":true,"href":"https:\/\/univet.hu\/hu\/wp-json\/wp\/v2\/tags?post=188504"}],"curies":[{"name":"wp","href":"https:\/\/api.w.org\/{rel}","templated":true}]}}