{"id":188556,"date":"2025-08-04T10:47:09","date_gmt":"2025-08-04T08:47:09","guid":{"rendered":"https:\/\/univet.hu\/hu\/new_child_page-2\/"},"modified":"2025-08-29T10:05:26","modified_gmt":"2025-08-29T08:05:26","slug":"acta-animalia-hungarica","status":"publish","type":"page","link":"https:\/\/univet.hu\/hu\/egyetem\/szervezeti-egysegek\/allatvedelmi-jogi-elemzo-es-modszertani-kozpont\/acta-animalia-hungarica\/","title":{"rendered":"Acta Animalia Hungarica"},"content":{"rendered":"<div class=\"uagb-ifb-title-wrap\"> <h2 class=\"uagb-ifb-title\">A r\u00e9gi\u00f3 els\u0151 interdiszciplin\u00e1ris, k\u00e9tnyelv\u0171 \u00e1llatv\u00e9delmi tudom\u00e1nyos foly\u00f3irata<\/h2> <\/div> <p class=\"uagb-ifb-desc\">Az \u201eActa Animalia Hungarica\u201d (tov\u00e1bbiakban AAH) a Miskolci Egyetem \u00c1llam- \u00e9s Jogtudom\u00e1nyi Kar\u00e1nak 2024-ben alap\u00edtott tudom\u00e1nyos foly\u00f3irata, amely az \u00c1llatorvostudom\u00e1nyi Egyetem \u00c1llatv\u00e9delmi Jogi, Elemz\u0151 \u00e9s M\u00f3dszertani K\u00f6zpontj\u00e1nak t\u00e1mogat\u00e1s\u00e1val m\u0171k\u00f6dik.<\/p> <p>A foly\u00f3irat c\u00e9lja az \u00e1llatv\u00e9delem \u00e9s \u00e1llatj\u00f3ll\u00e9t tudom\u00e1nyos diskurzus\u00e1nak el\u0151seg\u00edt\u00e9se, k\u00fcl\u00f6n\u00f6s figyelmet ford\u00edtva az \u00e1llatv\u00e9delmi jog \u00e9s az \u00e1llatorvosi tudom\u00e1nyok interdiszciplin\u00e1ris megk\u00f6zel\u00edt\u00e9s\u00e9re. A foly\u00f3irat szerkeszt\u00e9si ir\u00e1nyelvei a fenntarthat\u00f3s\u00e1g \u00e9s a \u201eOne Health, One Welfare\u201d koncepci\u00f3j\u00e1ra \u00e9p\u00edtenek, amelyek hangs\u00falyozz\u00e1k az emberek, \u00e1llatok \u00e9s k\u00f6rnyezet k\u00f6z\u00f6tti komplex kapcsolatok integr\u00e1lt kezel\u00e9s\u00e9t. A fenntarthat\u00f3s\u00e1g az \u00e1llatv\u00e9delmi gyakorlatok \u00f6kol\u00f3giai, t\u00e1rsadalmi \u00e9s gazdas\u00e1gi dimenzi\u00f3it is \u00e9rinti, biztos\u00edtva, hogy a kutat\u00e1sok \u00e9s alkalmaz\u00e1sok a hossz\u00fa t\u00e1v\u00fa j\u00f3ll\u00e9t \u00e9s stabilit\u00e1s \u00e9rdek\u00e9ben t\u00f6rt\u00e9njenek.<\/p> <div class=\"uagb-ifb-title-wrap\"> <h3 class=\"uagb-ifb-title\">Az Acta Animalia Hungarica c\u00e9lja az \u00e1llatv\u00e9delem \u00e9s \u00e1llatj\u00f3ll\u00e9t tudom\u00e1nyos alap\u00fa megk\u00f6zel\u00edt\u00e9seinek terjeszt\u00e9se.<\/h3> <p>Legyen \u00d6n is Szerz\u0151nk!\u200b<\/p> <div class=\"textwidget\"> <p>Folyamatosan v\u00e1rjuk a k\u00e9ziratokat az <a class=\"decrypt\" rel=\"jogpAbdubbojnbmjbivohbsjdb\/iv\" href=\"javascript:void(0);\">[Kattintson az emailc\u00edmhez]<\/a> e-mail c\u00edmen.<\/p> <\/div> <p>B\u0151vebben: <a href=\"https:\/\/www.actaanimaliahungarica.hu\/\">https:\/\/www.actaanimaliahungarica.hu\/<\/a><\/p> <\/div> <div class=\"uagb-ifb-separator\"> <div class=\"wp-block-uagb-advanced-heading uagb-block-2c6a3ea6 aos-init aos-animate\" data-aos=\"fade-left\" data-aos-duration=\"400\" data-aos-delay=\"0\" data-aos-easing=\"ease\" data-aos-once=\"true\"> <h3 class=\"uagb-heading-text\"><a href=\"https:\/\/www.facebook.com\/actaanimaliahungarica\">K\u00f6vessen minket!\u200b<\/a><\/h3> <\/div> <p><a href=\"http:\/\/facebook.com\/actaanimaliahungarica\">facebook.com\/actaanimaliahungarica<\/a><\/p> <\/div>","protected":false},"excerpt":{"rendered":"<p>A r\u00e9gi\u00f3 els\u0151 interdiszciplin\u00e1ris, k\u00e9tnyelv\u0171 \u00e1llatv\u00e9delmi tudom\u00e1nyos foly\u00f3irata Az \u201eActa Animalia Hungarica\u201d (tov\u00e1bbiakban AAH) a Miskolci Egyetem \u00c1llam- \u00e9s Jogtudom\u00e1nyi Kar\u00e1nak 2024-ben alap\u00edtott tudom\u00e1nyos foly\u00f3irata, amely az \u00c1llatorvostudom\u00e1nyi Egyetem \u00c1llatv\u00e9delmi Jogi, Elemz\u0151 \u00e9s M\u00f3dszertani K\u00f6zpontj\u00e1nak t\u00e1mogat\u00e1s\u00e1val m\u0171k\u00f6dik. A foly\u00f3irat c\u00e9lja az \u00e1llatv\u00e9delem \u00e9s \u00e1llatj\u00f3ll\u00e9t tudom\u00e1nyos diskurzus\u00e1nak el\u0151seg\u00edt\u00e9se, k\u00fcl\u00f6n\u00f6s figyelmet ford\u00edtva az \u00e1llatv\u00e9delmi jog \u00e9s az<\/p>\n","protected":false},"author":3837,"featured_media":0,"parent":61160,"menu_order":5,"comment_status":"open","ping_status":"closed","template":"","meta":{"_acf_changed":false,"footnotes":""},"categories":[],"tags":[],"class_list":["post-188556","page","type-page","status-publish","hentry"],"acf":[],"_links":{"self":[{"href":"https:\/\/univet.hu\/hu\/wp-json\/wp\/v2\/pages\/188556","targetHints":{"allow":["GET"]}}],"collection":[{"href":"https:\/\/univet.hu\/hu\/wp-json\/wp\/v2\/pages"}],"about":[{"href":"https:\/\/univet.hu\/hu\/wp-json\/wp\/v2\/types\/page"}],"author":[{"embeddable":true,"href":"https:\/\/univet.hu\/hu\/wp-json\/wp\/v2\/users\/3837"}],"replies":[{"embeddable":true,"href":"https:\/\/univet.hu\/hu\/wp-json\/wp\/v2\/comments?post=188556"}],"version-history":[{"count":4,"href":"https:\/\/univet.hu\/hu\/wp-json\/wp\/v2\/pages\/188556\/revisions"}],"predecessor-version":[{"id":189610,"href":"https:\/\/univet.hu\/hu\/wp-json\/wp\/v2\/pages\/188556\/revisions\/189610"}],"up":[{"embeddable":true,"href":"https:\/\/univet.hu\/hu\/wp-json\/wp\/v2\/pages\/61160"}],"wp:attachment":[{"href":"https:\/\/univet.hu\/hu\/wp-json\/wp\/v2\/media?parent=188556"}],"wp:term":[{"taxonomy":"category","embeddable":true,"href":"https:\/\/univet.hu\/hu\/wp-json\/wp\/v2\/categories?post=188556"},{"taxonomy":"post_tag","embeddable":true,"href":"https:\/\/univet.hu\/hu\/wp-json\/wp\/v2\/tags?post=188556"}],"curies":[{"name":"wp","href":"https:\/\/api.w.org\/{rel}","templated":true}]}}