{"id":188752,"date":"2025-08-14T09:51:28","date_gmt":"2025-08-14T07:51:28","guid":{"rendered":"https:\/\/univet.hu\/hu\/oktatas\/tanulmanyi-osztaly\/allasajanlatok\/new_child_page-2\/"},"modified":"2025-08-14T09:51:28","modified_gmt":"2025-08-14T07:51:28","slug":"bosnyak-teri-allatpatika","status":"publish","type":"page","link":"https:\/\/univet.hu\/hu\/oktatas\/tanulmanyi-osztaly\/allasajanlatok\/bosnyak-teri-allatpatika\/","title":{"rendered":"Bosny\u00e1k t\u00e9ri \u00c1llatpatika"},"content":{"rendered":"<div> <p class=\"x_MsoNormal\" data-olk-copy-source=\"MessageBody\">A 14. ker\u00fcleti Bosny\u00e1k t\u00e9ri \u00e1llatpatik\u00e1ba \u00e1llatorvos munkat\u00e1rsat keres\u00fcnk.<\/p> <\/div> <div> <ul> <li class=\"x_MsoNormal\">Nyitvatart\u00e1s h\u00e9tk\u00f6znapokon: 9:00-17:00<\/li> <li class=\"x_MsoNormal\">4 vagy 8 \u00f3r\u00e1s m\u0171szakban.<\/li> <li class=\"x_MsoNormal\">Feladatk\u00f6r\u00f6k: \u00e9rt\u00e9kes\u00edt\u00e9s, telefonos kapcsolattart\u00e1s, \u00e1rufelt\u00f6lt\u00e9s, lelt\u00e1raz\u00e1s.<\/li> <li class=\"x_MsoNormal\">Versenyk\u00e9pes fizet\u00e9s<\/li> <\/ul> <\/div> <div> <p class=\"x_MsoNormal\" aria-hidden=\"true\">El\u00e9rhet\u0151s\u00e9gek:<\/p> <p class=\"x_MsoNormal\" aria-hidden=\"true\">E-mail: <a class=\"decrypt\" rel=\"kbocb{\/kboboAhnbjm\/dpn\" href=\"javascript:void(0);\">[Kattintson az emailc\u00edmhez]<\/a><\/p> <\/div> <div> <p class=\"x_MsoNormal\">Telefon: +36209313243<\/p> <\/div>","protected":false},"excerpt":{"rendered":"<p>A 14. ker\u00fcleti Bosny\u00e1k t\u00e9ri \u00e1llatpatik\u00e1ba \u00e1llatorvos munkat\u00e1rsat keres\u00fcnk. Nyitvatart\u00e1s h\u00e9tk\u00f6znapokon: 9:00-17:00 4 vagy 8 \u00f3r\u00e1s m\u0171szakban. Feladatk\u00f6r\u00f6k: \u00e9rt\u00e9kes\u00edt\u00e9s, telefonos kapcsolattart\u00e1s, \u00e1rufelt\u00f6lt\u00e9s, lelt\u00e1raz\u00e1s. Versenyk\u00e9pes fizet\u00e9s El\u00e9rhet\u0151s\u00e9gek: E-mail: [Kattintson az emailc\u00edmhez] Telefon: +36209313243<\/p>\n","protected":false},"author":5795,"featured_media":0,"parent":26415,"menu_order":0,"comment_status":"open","ping_status":"open","template":"","meta":{"_acf_changed":false,"footnotes":""},"categories":[],"tags":[],"class_list":["post-188752","page","type-page","status-publish","hentry"],"acf":[],"_links":{"self":[{"href":"https:\/\/univet.hu\/hu\/wp-json\/wp\/v2\/pages\/188752","targetHints":{"allow":["GET"]}}],"collection":[{"href":"https:\/\/univet.hu\/hu\/wp-json\/wp\/v2\/pages"}],"about":[{"href":"https:\/\/univet.hu\/hu\/wp-json\/wp\/v2\/types\/page"}],"author":[{"embeddable":true,"href":"https:\/\/univet.hu\/hu\/wp-json\/wp\/v2\/users\/5795"}],"replies":[{"embeddable":true,"href":"https:\/\/univet.hu\/hu\/wp-json\/wp\/v2\/comments?post=188752"}],"version-history":[{"count":1,"href":"https:\/\/univet.hu\/hu\/wp-json\/wp\/v2\/pages\/188752\/revisions"}],"predecessor-version":[{"id":188753,"href":"https:\/\/univet.hu\/hu\/wp-json\/wp\/v2\/pages\/188752\/revisions\/188753"}],"up":[{"embeddable":true,"href":"https:\/\/univet.hu\/hu\/wp-json\/wp\/v2\/pages\/26415"}],"wp:attachment":[{"href":"https:\/\/univet.hu\/hu\/wp-json\/wp\/v2\/media?parent=188752"}],"wp:term":[{"taxonomy":"category","embeddable":true,"href":"https:\/\/univet.hu\/hu\/wp-json\/wp\/v2\/categories?post=188752"},{"taxonomy":"post_tag","embeddable":true,"href":"https:\/\/univet.hu\/hu\/wp-json\/wp\/v2\/tags?post=188752"}],"curies":[{"name":"wp","href":"https:\/\/api.w.org\/{rel}","templated":true}]}}