{"id":1889,"date":"2018-04-05T00:31:25","date_gmt":"2018-04-04T22:25:39","guid":{"rendered":"http:\/\/univet.hu\/oktatas\/tdk\/dijaink-tamogatoink-2017\/"},"modified":"2025-03-25T13:48:25","modified_gmt":"2025-03-25T12:48:25","slug":"dijaink-tamogatoink","status":"publish","type":"page","link":"https:\/\/univet.hu\/hu\/oktatas\/tdk\/dijaink-tamogatoink\/","title":{"rendered":"D\u00edjaink, t\u00e1mogat\u00f3ink"},"content":{"rendered":"<p><a href=\"https:\/\/univet.hu\" data-replaced=\"true\">Home<\/a> \u00bb D\u00edjak<\/p> <h1><b>D\u00edjaink, t\u00e1mogat\u00f3ink<\/b><\/h1> <table class=\"charttbl\" cellspacing=\"0\" cellpadding=\"3\" align=\"center\"> <tbody> <tr> <td class=\"charttd1\"><b>D\u00edj<\/b><\/td> <td class=\"charttd1\">Adom\u00e1nyoz\u00f3\/\u00c1tad\u00f3<\/td> <\/tr> <tr> <td class=\"charttd\" style=\"width: 380px\"><b>\u00c1TE Rektori d\u00edj<\/b><\/td> <td class=\"charttd\">Dr. S\u00f3tonyi P\u00e9ter<\/td> <\/tr> <tr> <td class=\"charttd\" style=\"width: 380px\"><\/td> <td class=\"charttd\"><\/td> <\/tr> <tr> <td class=\"charttd\" style=\"width: 380px\"><b>Medveczky d\u00edj az Alpha-Vet \u00c1llatgy\u00f3gy\u00e1szati Kft. t\u00e1mogat\u00e1s\u00e1val<\/b><\/td> <td class=\"charttd\">Dr. M\u00f3r\u00e9 Attila<\/td> <\/tr> <tr> <td class=\"charttd\" style=\"width: 380px\"><b>Dr. Kov\u00e1cs Ferenc eml\u00e9kd\u00edj<\/b><\/td> <td class=\"charttd\">Dr. Kov\u00e1cs Melinda<\/td> <\/tr> <tr> <td class=\"charttd\" style=\"width: 380px\"><b>Ceva Phylaxia Kutat\u00e1si \u00e9s fejleszt\u00e9si k\u00fcl\u00f6nd\u00edj<\/b><\/td> <td class=\"charttd\">Dr. P\u00e9nzes Zolt\u00e1n<\/td> <\/tr> <tr> <td class=\"charttd\" style=\"width: 380px\"><b>MSD k\u00fcl\u00f6nd\u00edj<\/b><\/td> <td class=\"charttd\">Dr. Szamk\u00f3 Tam\u00e1s<\/td> <\/tr> <tr> <td class=\"charttd\" style=\"width: 380px\"><b>Tuboly Tam\u00e1s d\u00edj<\/b><\/td> <td class=\"charttd\">Dr. F\u00f6ldi J\u00f3zsef, Dr. Oravecz M\u00e1rton<\/td> <\/tr> <tr> <td class=\"charttd\" style=\"width: 380px\"><b>Normat\u00edv Kutat\u00e1si Alap &#8211; alaptudom\u00e1ny d\u00edj<\/b><\/td> <td class=\"charttd\">Dr. V\u00f6r\u00f6s K\u00e1roly<\/td> <\/tr> <tr> <td class=\"charttd\" style=\"width: 380px\"><b>Normat\u00edv Kutat\u00e1si Alap &#8211; alkalmazott tudom\u00e1ny d\u00edj<\/b><\/td> <td class=\"charttd\">Dr. V\u00f6r\u00f6s K\u00e1roly<\/td> <\/tr> <tr> <td class=\"charttd\" style=\"width: 380px\"><b>Alap\u00edtv\u00e1ny az \u00c1llatorvos-tudom\u00e1ny\u00e9rt d\u00edj<\/b><\/td> <td class=\"charttd\">Dr. Freny\u00f3 L\u00e1szl\u00f3<\/td> <\/tr> <tr> <td class=\"charttd\" style=\"width: 380px\"><b>\u00c1llatgy\u00f3gy\u00e1szati K\u00f6zpont \u00e9s Rendel\u0151 d\u00edja<\/b><\/td> <td class=\"charttd\">Dr. B\u00edr\u00f3 P\u00e9ter G\u00e1bor<\/td> <\/tr> <tr> <td class=\"charttd\" style=\"width: 380px\"><b>ATEV Feh\u00e9rjefeldolgoz\u00f3 Zrt. d\u00edj<\/b><\/td> <td class=\"charttd\">Gyetvai Imre<\/td> <\/tr> <tr> <td class=\"charttd\" style=\"width: 380px\"><b>Biol\u00f3giai Int\u00e9zet d\u00edj<\/b><\/td> <td class=\"charttd\">Dr. Szab\u00f3 P\u00e9ter<\/td> <\/tr> <tr> <td class=\"charttd\" style=\"width: 380px\"><b>Boehringer Ingelheim d\u00edj<\/b><\/td> <td class=\"charttd\">Kopasz G\u00e1bor<\/td> <\/tr> <tr> <td class=\"charttd\" style=\"width: 380px\"><b>CEVA-PHYLAXIA d\u00edj<\/b><\/td> <td class=\"charttd\">Dr. Medveczki Andr\u00e1s<\/td> <\/tr> <tr> <td class=\"charttd\" style=\"width: 380px\"><b>Corden Kft. d\u00edj<\/b><\/td> <td class=\"charttd\">Dr. M\u00e1ri R\u00f3bert<\/td> <\/tr> <tr> <td class=\"charttd\" style=\"width: 380px\"><b>Dr. Csuta Lajos d\u00edj<\/b><\/td> <td class=\"charttd\">Dr. Csuta Lajos<\/td> <\/tr> <tr> <td class=\"charttd\" style=\"width: 380px\"><b>Dr. Kocsis R\u00f3bert d\u00edj<\/b><\/td> <td class=\"charttd\">Dr. Kocsis R\u00f3bert<\/td> <\/tr> <tr> <td class=\"charttd\" style=\"width: 380px\"><b>Dr. Kurucz J\u00e1nos d\u00edj<\/b><\/td> <td class=\"charttd\">Dr. Kurucz J\u00e1nos<\/td> <\/tr> <tr> <td class=\"charttd\" style=\"width: 380px\"><b>Dr. Lor\u00e1szk\u00f3 G\u00e1bor d\u00edj<\/b><\/td> <td class=\"charttd\">Dr. Lor\u00e1szk\u00f3 G\u00e1bor<\/td> <\/tr> <tr> <td class=\"charttd\" style=\"width: 380px\"><b>Dr. N\u00e1ndorfi Zot\u00e1n d\u00edj<\/b><\/td> <td class=\"charttd\">Dr. N\u00e1ndorfi Zolt\u00e1n<\/td> <\/tr> <tr> <td class=\"charttd\" style=\"width: 380px\"><b>Dr. P\u00e1k Andr\u00e1s d\u00edj<\/b><\/td> <td class=\"charttd\">Dr. P\u00e1k Andr\u00e1s<\/td> <\/tr> <tr> <td class=\"charttd\" style=\"width: 380px\"><b>Dr. Sz\u00e9kely \u00c1llateg\u00e9szs\u00e9g\u00fcgyi Kft. d\u00edj<\/b><\/td> <td class=\"charttd\">Dr. Sz\u00e9kely B\u00e9la<\/td> <\/tr> <tr> <td class=\"charttd\" style=\"width: 380px\"><b>Fenyves B\u00e9la alap\u00edtv\u00e1ny d\u00edja<\/b><\/td> <td class=\"charttd\">Mocz\u00f3 Margit<\/td> <\/tr> <tr> <td class=\"charttd\" style=\"width: 380px\"><b>H\u00d6K d\u00edj<\/b><\/td> <td class=\"charttd\">Orod\u00e1n Tam\u00e1s<\/td> <\/tr> <tr> <td class=\"charttd\" style=\"width: 380px\"><b>Huszenicza Gyula d\u00edj<\/b><\/td> <td class=\"charttd\">Dr. F\u00f6ldi J\u00f3zsef, Dr. Markus Gabriella<\/td> <\/tr> <tr> <td class=\"charttd\" style=\"width: 380px\"><b>J\u00e1noska M\u00e1t\u00e9 d\u00edj<\/b><\/td> <td class=\"charttd\">Dr. Benk\u0151 M\u00e1ria<\/td> <\/tr> <tr> <td class=\"charttd\" style=\"width: 380px\"><b>Koll\u00e9giumi d\u00edj<\/b><\/td> <td class=\"charttd\">Dr. Szalay Ferenc<\/td> <\/tr> <tr> <td class=\"charttd\" style=\"width: 380px\"><b>Kom-Vet Kft. Okavango Kis\u00e1llat szakrendel\u0151 d\u00edj<\/b><\/td> <td class=\"charttd\">Dr. Murav\u00f6lgyi L\u00e1szl\u00f3<\/td> <\/tr> <tr> <td class=\"charttd\" style=\"width: 380px\"><b>K\u00f6nyvt\u00e1ri d\u00edj<\/b><\/td> <td class=\"charttd\">Winkler Bea<\/td> <\/tr> <tr> <td class=\"charttd\" style=\"width: 380px\"><b>KRKA d\u00edj<\/b><\/td> <td class=\"charttd\">Sz\u00e1nt\u00f3 Mikl\u00f3s<\/td> <\/tr> <tr> <td class=\"charttd\" style=\"width: 380px\"><b>Magyar \u00c1llatorvosok Vil\u00e1gszervezete d\u00edj<\/b><\/td> <td class=\"charttd\">Dr. Szieberth Istv\u00e1n<\/td> <\/tr> <tr> <td class=\"charttd\" style=\"width: 380px\"><b>Magyar Buiatrikus T\u00e1rsas\u00e1g<\/b><\/td> <td class=\"charttd\">Dr. Szenci Ott\u00f3<\/td> <\/tr> <tr> <td class=\"charttd\" style=\"width: 380px\"><b>Magyar Kis\u00e1llatgy\u00f3gy\u00e1sz \u00c1llatorvosok Egyes\u00fclete d\u00edj<\/b><\/td> <td class=\"charttd\">Dr. B\u00edr\u00f3 Ferenc<\/td> <\/tr> <tr> <td class=\"charttd\" style=\"width: 380px\"><b>Magyar L\u00f3gy\u00f3gy\u00e1sz \u00c1llatorvosok Egyes\u00fclete d\u00edj<\/b><\/td> <td class=\"charttd\">Dr. B\u00e1ba Andr\u00e1s<\/td> <\/tr> <tr> <td class=\"charttd\" style=\"width: 380px\"><b>M\u00c1OK d\u00edj<\/b><\/td> <td class=\"charttd\">Dr. G\u00f6nczi G\u00e1bor<\/td> <\/tr> <tr> <td class=\"charttd\" style=\"width: 380px\"><b>M\u00c1OK F\u0151v\u00e1rosi Szervezete d\u00edj<\/b><\/td> <td class=\"charttd\">Dr. Pint\u00e9r Zsolt, Dr. Per\u00e9nyi J\u00e1nos<\/td> <\/tr> <tr> <td class=\"charttd\" style=\"width: 380px\"><b>M\u00c1OK Kom\u00e1rom-Esztergom Megyei Szervezete d\u00edj<\/b><\/td> <td class=\"charttd\">Dr. Bog\u00e1r Istv\u00e1n<\/td> <\/tr> <tr> <td class=\"charttd\" style=\"width: 380px\"><b>M\u00c1OK Pannon szervezete d\u00edj<\/b><\/td> <td class=\"charttd\">Dr. Sz\u00ednesi Andr\u00e1s<\/td> <\/tr> <tr> <td class=\"charttd\" style=\"width: 380px\"><b>M\u00c1OK Pest Megyei Szervezete d\u00edj<\/b><\/td> <td class=\"charttd\">Dr. Hirnmetzl G\u00e1bor<\/td> <\/tr> <tr> <td class=\"charttd\" style=\"width: 380px\"><b>MO\u00c1E Baromfi-eg\u00e9szs\u00e9g\u00fcgyi T\u00e1rsas\u00e1g d\u00edj<\/b><\/td> <td class=\"charttd\">Dr. Paljak J\u00e1nos, Dr. Szalay D\u00e9nes<\/td> <\/tr> <tr> <td class=\"charttd\" style=\"width: 380px\"><b>MSD Animal Health d\u00edj<\/b><\/td> <td class=\"charttd\">Dr. Szamk\u00f3 Tam\u00e1s<\/td> <\/tr> <tr> <td class=\"charttd\" style=\"width: 380px\"><b>N\u00c9BIH d\u00edj, F\u00f6ldm\u0171vel\u00e9s\u00fcgyi Miniszt\u00e9rium d\u00edj<\/b><\/td> <td class=\"charttd\">Dr. Oravecz M\u00e1rton<\/td> <\/tr> <tr> <td class=\"charttd\" style=\"width: 380px\"><b>Omega vetLab d\u00edj<\/b><\/td> <td class=\"charttd\">Dr. Szalay D\u00e9nes<\/td> <\/tr> <tr> <td class=\"charttd\" style=\"width: 380px\"><b>Pumukli \u00c1llatorvosi Rendel\u0151<\/b><\/td> <td class=\"charttd\">Dr. Szentp\u00e9teri Zselyke<\/td> <\/tr> <tr> <td class=\"charttd\" style=\"width: 380px\"><b>ROYAL CANIN d\u00edj<\/b><\/td> <td class=\"charttd\">Dr. Magdus Melinda<\/td> <\/tr> <tr> <td class=\"charttd\" style=\"width: 380px\"><b>Semmelweis Orvostudom\u00e1nyi Egyetem Sz\u00edvcentrum d\u00edj<\/b><\/td> <td class=\"charttd\">Dr. Merkely B\u00e9la<\/td> <\/tr> <tr> <td class=\"charttd\" style=\"width: 380px\"><b>Talpas \u00c1llatorvosi Rendel\u0151 d\u00edj<\/b><\/td> <td class=\"charttd\">Dr. Papp Antal<\/td> <\/tr> <tr> <td class=\"charttd\" style=\"width: 380px\"><b>Term\u00e9szettudom\u00e1nyi M\u00fazeum d\u00edj<\/b><\/td> <td class=\"charttd\">Dr. Kors\u00f3s Zolt\u00e1n, Dr. Feh\u00e9r Zolt\u00e1n<\/td> <\/tr> <tr> <td class=\"charttd\" style=\"width: 380px\"><b>TolnAgro \u00c1llatgy\u00f3gy\u00e1szati Kft. d\u00edj<\/b><\/td> <td class=\"charttd\">Dr. Varga J\u00f3zsef<\/td> <\/tr> <tr> <td class=\"charttd\" style=\"width: 380px\"><b>Tov\u00e1bbk\u00e9pz\u00e9si \u00e9s Kutat\u00e1sszervez\u00e9si K\u00f6zpont d\u00edj<\/b><\/td> <td class=\"charttd\">Dr. \u00d3zsv\u00e1ri L\u00e1szl\u00f3<\/td> <\/tr> <tr> <td class=\"charttd\" style=\"width: 380px\"><b>Trovet Hungary Kft d\u00edj<\/b><\/td> <td class=\"charttd\">Dr. N\u00e1ndorfi Zolt\u00e1n<\/td> <\/tr> <tr> <td class=\"charttd\" style=\"width: 380px\"><b>VET-Image d\u00edj<\/b><\/td> <td class=\"charttd\">Dr. Per\u00e9nyi J\u00e1nos<\/td> <\/tr> <tr> <td class=\"charttd\" style=\"width: 380px\"><b>Vida-Vet Kft. d\u00edj<\/b><\/td> <td class=\"charttd\">Dr. Vida Imre<\/td> <\/tr> <tr> <td class=\"charttd\" style=\"width: 380px\"><b>Zoetis Hungary d\u00edj<\/b><\/td> <td class=\"charttd\">Dr. Hal\u00e1sz T\u00edmea, Dr. Jelencsics Zsombor<\/td> <\/tr> <\/tbody> <\/table> <p>&nbsp;<\/p>","protected":false},"excerpt":{"rendered":"<p>Home \u00bb D\u00edjak D\u00edjaink, t\u00e1mogat\u00f3ink D\u00edj Adom\u00e1nyoz\u00f3\/\u00c1tad\u00f3 \u00c1TE Rektori d\u00edj Dr. S\u00f3tonyi P\u00e9ter Medveczky d\u00edj az Alpha-Vet \u00c1llatgy\u00f3gy\u00e1szati Kft. t\u00e1mogat\u00e1s\u00e1val Dr. M\u00f3r\u00e9 Attila Dr. Kov\u00e1cs Ferenc eml\u00e9kd\u00edj Dr. Kov\u00e1cs Melinda Ceva Phylaxia Kutat\u00e1si \u00e9s fejleszt\u00e9si k\u00fcl\u00f6nd\u00edj Dr. P\u00e9nzes Zolt\u00e1n MSD k\u00fcl\u00f6nd\u00edj Dr. Szamk\u00f3 Tam\u00e1s Tuboly Tam\u00e1s d\u00edj Dr. F\u00f6ldi J\u00f3zsef, Dr. Oravecz M\u00e1rton Normat\u00edv Kutat\u00e1si<\/p>\n","protected":false},"author":1,"featured_media":0,"parent":817,"menu_order":212,"comment_status":"closed","ping_status":"closed","template":"","meta":{"_acf_changed":false,"footnotes":""},"categories":[],"tags":[],"class_list":["post-1889","page","type-page","status-publish","hentry"],"acf":[],"_links":{"self":[{"href":"https:\/\/univet.hu\/hu\/wp-json\/wp\/v2\/pages\/1889","targetHints":{"allow":["GET"]}}],"collection":[{"href":"https:\/\/univet.hu\/hu\/wp-json\/wp\/v2\/pages"}],"about":[{"href":"https:\/\/univet.hu\/hu\/wp-json\/wp\/v2\/types\/page"}],"author":[{"embeddable":true,"href":"https:\/\/univet.hu\/hu\/wp-json\/wp\/v2\/users\/1"}],"replies":[{"embeddable":true,"href":"https:\/\/univet.hu\/hu\/wp-json\/wp\/v2\/comments?post=1889"}],"version-history":[{"count":2,"href":"https:\/\/univet.hu\/hu\/wp-json\/wp\/v2\/pages\/1889\/revisions"}],"predecessor-version":[{"id":177695,"href":"https:\/\/univet.hu\/hu\/wp-json\/wp\/v2\/pages\/1889\/revisions\/177695"}],"up":[{"embeddable":true,"href":"https:\/\/univet.hu\/hu\/wp-json\/wp\/v2\/pages\/817"}],"wp:attachment":[{"href":"https:\/\/univet.hu\/hu\/wp-json\/wp\/v2\/media?parent=1889"}],"wp:term":[{"taxonomy":"category","embeddable":true,"href":"https:\/\/univet.hu\/hu\/wp-json\/wp\/v2\/categories?post=1889"},{"taxonomy":"post_tag","embeddable":true,"href":"https:\/\/univet.hu\/hu\/wp-json\/wp\/v2\/tags?post=1889"}],"curies":[{"name":"wp","href":"https:\/\/api.w.org\/{rel}","templated":true}]}}