{"id":1891,"date":"2018-04-05T00:31:55","date_gmt":"2018-04-04T22:26:10","guid":{"rendered":"http:\/\/univet.hu\/oktatas\/tdk\/magyar-tudomany-unnepe\/"},"modified":"2018-04-05T02:31:55","modified_gmt":"2018-04-05T00:31:55","slug":"magyar-tudomany-unnepe","status":"publish","type":"page","link":"https:\/\/univet.hu\/hu\/oktatas\/tdk\/magyar-tudomany-unnepe\/","title":{"rendered":"Magyar Tudom\u00e1ny \u00dcnnepe"},"content":{"rendered":"<p>          <a href=\"https:\/\/univet.hu\" data-replaced=\"true\">Home<\/a>          &raquo; MT\u00dc          <\/p> <h1>            <b>Magyar Tudom\u00e1ny \u00dcnnepe<\/b>          <\/h1> <p>          Az idei Tudom\u00e1nyos Di\u00e1kk\u00f6ri Konferencia rendezv\u00e9nnyel csatlakozunk a Magyar Tudom\u00e1ny \u00dcnnepe rendezv\u00e9nysorozathoz. B\u0151vebb inform\u00e1ci\u00f3t az  <a href=\"http:\/\/mta.hu\/tudomanyunnep\" data-replaced=\"true\">MTA honlapj\u00e1n<\/a> lehet olvasni. Ehhez meg kell feleln\u00fcnk az Arculati elv\u00e1r\u00e1soknak. Ehhez ny\u00fajt seg\u00edts\u00e9get a k\u00f6vetkez\u0151 k\u00e9t dokumentum:                    <\/p> <ul> <li>            <a href=\"data\/mtu2017_arculati_utmutato.pdf\" data-replaced=\"true\">arculati elemek<\/a> \u00fatmutat\u00f3 <li>             <a href=\"data\/mtu2017_logo_sablonok.zip\" data-replaced=\"true\">logok \u00e9s sablonok<\/a>           <\/ul> <p>          Tov\u00e1bbi inform\u00e1ci\u00f3kat az \u00e9rintetteknek emailben k\u00fcld\u00fcnk.          <\/p>","protected":false},"excerpt":{"rendered":"<p>Home &raquo; MT\u00dc Magyar Tudom\u00e1ny \u00dcnnepe Az idei Tudom\u00e1nyos Di\u00e1kk\u00f6ri Konferencia rendezv\u00e9nnyel csatlakozunk a Magyar Tudom\u00e1ny \u00dcnnepe rendezv\u00e9nysorozathoz. B\u0151vebb inform\u00e1ci\u00f3t az MTA honlapj\u00e1n lehet olvasni. Ehhez meg kell feleln\u00fcnk az Arculati elv\u00e1r\u00e1soknak. Ehhez ny\u00fajt seg\u00edts\u00e9get a k\u00f6vetkez\u0151 k\u00e9t dokumentum: arculati elemek \u00fatmutat\u00f3 logok \u00e9s sablonok Tov\u00e1bbi inform\u00e1ci\u00f3kat az \u00e9rintetteknek emailben k\u00fcld\u00fcnk.<\/p>\n","protected":false},"author":1,"featured_media":0,"parent":817,"menu_order":218,"comment_status":"closed","ping_status":"closed","template":"","meta":{"_acf_changed":false,"footnotes":""},"categories":[],"tags":[],"class_list":["post-1891","page","type-page","status-publish","hentry"],"acf":[],"_links":{"self":[{"href":"https:\/\/univet.hu\/hu\/wp-json\/wp\/v2\/pages\/1891","targetHints":{"allow":["GET"]}}],"collection":[{"href":"https:\/\/univet.hu\/hu\/wp-json\/wp\/v2\/pages"}],"about":[{"href":"https:\/\/univet.hu\/hu\/wp-json\/wp\/v2\/types\/page"}],"author":[{"embeddable":true,"href":"https:\/\/univet.hu\/hu\/wp-json\/wp\/v2\/users\/1"}],"replies":[{"embeddable":true,"href":"https:\/\/univet.hu\/hu\/wp-json\/wp\/v2\/comments?post=1891"}],"version-history":[{"count":0,"href":"https:\/\/univet.hu\/hu\/wp-json\/wp\/v2\/pages\/1891\/revisions"}],"up":[{"embeddable":true,"href":"https:\/\/univet.hu\/hu\/wp-json\/wp\/v2\/pages\/817"}],"wp:attachment":[{"href":"https:\/\/univet.hu\/hu\/wp-json\/wp\/v2\/media?parent=1891"}],"wp:term":[{"taxonomy":"category","embeddable":true,"href":"https:\/\/univet.hu\/hu\/wp-json\/wp\/v2\/categories?post=1891"},{"taxonomy":"post_tag","embeddable":true,"href":"https:\/\/univet.hu\/hu\/wp-json\/wp\/v2\/tags?post=1891"}],"curies":[{"name":"wp","href":"https:\/\/api.w.org\/{rel}","templated":true}]}}