{"id":1892,"date":"2018-04-05T00:32:11","date_gmt":"2018-04-04T22:26:26","guid":{"rendered":"http:\/\/univet.hu\/oktatas\/tdk\/felhivas\/"},"modified":"2025-03-25T13:54:53","modified_gmt":"2025-03-25T12:54:53","slug":"1892-2","status":"publish","type":"page","link":"https:\/\/univet.hu\/hu\/oktatas\/tdk\/1892-2\/","title":{"rendered":"Felh\u00edv\u00e1s"},"content":{"rendered":"<p><a href=\"https:\/\/univet.hu\" data-replaced=\"true\">Home<\/a> \u00bb Felh\u00edv\u00e1s<\/p> <h1><b>Felh\u00edv\u00e1s<\/b><\/h1> <p>Az \u00c1llatorvostudom\u00e1nyi Egyetem 2025. \u00e9vi TDK konfereci\u00e1j\u00e1r\u00f3l az \u00e9rtes\u00edt\u00e9s a <a href=\"http:\/\/tdk.univet.hu\">TDK oldalon<\/a> lesz el\u00e9rhet\u0151 2025. szeptember\u00e9t\u0151l.<\/p> <p><b>Dr. R\u00e1cz Bence<\/b><br \/> egyetemi tan\u00e1r<br \/> TDK t\u00e1rs-eln\u00f6k<\/p> <p><b>Dr. S\u00f3tonyi P\u00e9ter<\/b><br \/> egyetemi tan\u00e1r<br \/> TDK eln\u00f6k<\/p>","protected":false},"excerpt":{"rendered":"<p>Home \u00bb Felh\u00edv\u00e1s Felh\u00edv\u00e1s Az \u00c1llatorvostudom\u00e1nyi Egyetem 2025. \u00e9vi TDK konfereci\u00e1j\u00e1r\u00f3l az \u00e9rtes\u00edt\u00e9s a TDK oldalon lesz el\u00e9rhet\u0151 2025. szeptember\u00e9t\u0151l. Dr. R\u00e1cz Bence egyetemi tan\u00e1r TDK t\u00e1rs-eln\u00f6k Dr. S\u00f3tonyi P\u00e9ter egyetemi tan\u00e1r TDK eln\u00f6k<\/p>\n","protected":false},"author":1,"featured_media":0,"parent":817,"menu_order":220,"comment_status":"closed","ping_status":"closed","template":"","meta":{"_acf_changed":false,"footnotes":""},"categories":[],"tags":[],"class_list":["post-1892","page","type-page","status-publish","hentry"],"acf":[],"_links":{"self":[{"href":"https:\/\/univet.hu\/hu\/wp-json\/wp\/v2\/pages\/1892","targetHints":{"allow":["GET"]}}],"collection":[{"href":"https:\/\/univet.hu\/hu\/wp-json\/wp\/v2\/pages"}],"about":[{"href":"https:\/\/univet.hu\/hu\/wp-json\/wp\/v2\/types\/page"}],"author":[{"embeddable":true,"href":"https:\/\/univet.hu\/hu\/wp-json\/wp\/v2\/users\/1"}],"replies":[{"embeddable":true,"href":"https:\/\/univet.hu\/hu\/wp-json\/wp\/v2\/comments?post=1892"}],"version-history":[{"count":3,"href":"https:\/\/univet.hu\/hu\/wp-json\/wp\/v2\/pages\/1892\/revisions"}],"predecessor-version":[{"id":177700,"href":"https:\/\/univet.hu\/hu\/wp-json\/wp\/v2\/pages\/1892\/revisions\/177700"}],"up":[{"embeddable":true,"href":"https:\/\/univet.hu\/hu\/wp-json\/wp\/v2\/pages\/817"}],"wp:attachment":[{"href":"https:\/\/univet.hu\/hu\/wp-json\/wp\/v2\/media?parent=1892"}],"wp:term":[{"taxonomy":"category","embeddable":true,"href":"https:\/\/univet.hu\/hu\/wp-json\/wp\/v2\/categories?post=1892"},{"taxonomy":"post_tag","embeddable":true,"href":"https:\/\/univet.hu\/hu\/wp-json\/wp\/v2\/tags?post=1892"}],"curies":[{"name":"wp","href":"https:\/\/api.w.org\/{rel}","templated":true}]}}