{"id":1894,"date":"2018-04-05T00:32:42","date_gmt":"2018-04-04T22:26:57","guid":{"rendered":"http:\/\/univet.hu\/oktatas\/tdk\/fenykepalbumok\/"},"modified":"2018-04-05T02:32:42","modified_gmt":"2018-04-05T00:32:42","slug":"fenykepalbumok","status":"publish","type":"page","link":"https:\/\/univet.hu\/hu\/oktatas\/tdk\/fenykepalbumok\/","title":{"rendered":"F\u00e9nyk\u00e9palbumok"},"content":{"rendered":"<p>          <a href=\"https:\/\/univet.hu\" data-replaced=\"true\">Home<\/a>          &raquo; F\u00e9nyk\u00e9palbumok          <\/p> <h1>            <b>F\u00e9nyk\u00e9palbumok<\/b>          <\/h1> <p>          2005 \u00f3ta a TDK konferenci\u00e1n k\u00e9sz\u00edtett k\u00e9pekb\u0151l <b>digit\u00e1lis fot\u00f3albumokat<\/b> rendez\u00fcnk \u00f6ssze. Az albumokat err\u0151l a honlap-oldalr\u00f3l lehet el\u00e9rni. A fot\u00f3albumok f\u0151oldal\u00e1n l\u00e9v\u0151 kisk\u00e9pekre kattintva a k\u00e9pek nagy\u00edthat\u00f3k. A k\u00e9pek k\u00f6z\u00f6tt az &#8222;el\u0151z\u0151 k\u00e9p&#8221; \u00e9s &#8222;k\u00f6vetkez\u0151 k\u00e9p&#8221; gombokkal lehet s\u00e9t\u00e1lni. Ugyanakkor a hivatkozott f\u0151oldalr\u00f3l a harmadik sorb\u00f3l egyben let\u00f6lthet\u0151k a k\u00e9pek ZIP f\u00e1jlban lekicsiny\u00edtett (1 megapixeles) m\u00e9retben, valamint az eredeti (7 megapixeles) form\u00e1ban. A kism\u00e9ret\u0171 k\u00e9peket akkor \u00e9rdemes let\u00f6lteni, ha valakinek lass\u00fa a h\u00e1l\u00f3ja. A nagym\u00e9ret\u0171 k\u00e9pek j\u00f3l nagy\u00edthat\u00f3k, hagyom\u00e1nyos fot\u00f3pap\u00edrra el\u0151h\u00edvathat\u00f3k.          <\/p> <p>          A k\u00f6vetkez\u0151 digit\u00e1lis fot\u00f3albumok \u00e9rhet\u0151k el:          <\/p> <ul> <li>            <b>F\u00e9nyk\u00e9palbumok<\/b> <a href=\"http:\/\/www.vetphysiol.hu\/pics\/tdk\/\" data-replaced=\"true\">gy\u0171jtem\u00e9nye<\/a>          <\/ul> <h2>            <b>2016<\/b>          <\/h2> <ul> <li>            <b>2015. \u00e9vi TDK konferencia<\/b> el\u0151ad\u00e1sok <a href=\"http:\/\/www.vetphysiol.hu\/pics\/tdk\/\" data-replaced=\"truetdk2016\/\">fot\u00f3albuma<\/a>. <li>            <b>2015. \u00e9vi TDK konferencia<\/b> d\u00edjkioszt\u00f3 \u00fcnneps\u00e9g <a href=\"http:\/\/www.vetphysiol.hu\/pics\/tdk\/\" data-replaced=\"truetdk2016dij\/\">fot\u00f3albuma<\/a>. <li>            <b>2015. \u00e9vi TDK konferencia<\/b> fogad\u00e1s <a href=\"http:\/\/www.vetphysiol.hu\/pics\/tdk\/\" data-replaced=\"truetdk2016fogadas\/\">fot\u00f3albuma<\/a>.          <\/ul> <h2>            <b>2015<\/b>          <\/h2> <ul> <li>            <b>2015. \u00e9vi TDK konferencia<\/b> el\u0151ad\u00e1sok <a href=\"http:\/\/www.vetphysiol.hu\/pics\/tdk\/\" data-replaced=\"truetdk2015\/\">fot\u00f3albuma<\/a>. <li>            <b>2015. \u00e9vi TDK konferencia<\/b> d\u00edjkioszt\u00f3 \u00fcnneps\u00e9g <a href=\"http:\/\/www.vetphysiol.hu\/pics\/tdk\/\" data-replaced=\"truetdk2015dij\/\">fot\u00f3albuma<\/a>. <li>            <b>2015. \u00e9vi TDK konferencia<\/b> fogad\u00e1s <a href=\"http:\/\/www.vetphysiol.hu\/pics\/tdk\/\" data-replaced=\"truetdk2015fogadas\/\">fot\u00f3albuma<\/a>.          <\/ul> <h2>            <b>2014<\/b>          <\/h2> <ul> <li>            <b>2014. \u00e9vi TDK konferencia<\/b> \u00e1llatorvos szekci\u00f3j\u00e1nak <a href=\"http:\/\/www.vetphysiol.hu\/pics\/tdk\/\" data-replaced=\"truetdk2014\/\">fot\u00f3albuma<\/a>. <li>            <b>2014. \u00e9vi TDK konferencia<\/b> biol\u00f3gus szekci\u00f3j\u00e1nak <a href=\"http:\/\/www.vetphysiol.hu\/pics\/tdk\/\" data-replaced=\"truetdk2014bio\/\">fot\u00f3albuma<\/a>. <li>            <b>2014. \u00e9vi TDK konferencia<\/b> d\u00edjkioszt\u00f3 \u00fcnneps\u00e9g <a href=\"http:\/\/www.vetphysiol.hu\/pics\/tdk\/\" data-replaced=\"truetdk2014dij\/\">fot\u00f3albuma<\/a>. <li>            <b>2014. \u00e9vi TDK konferencia<\/b> fogad\u00e1s <a href=\"http:\/\/www.vetphysiol.hu\/pics\/tdk\/\" data-replaced=\"truetdk2014fogadas\/\">fot\u00f3albuma<\/a>.          <\/ul> <h2>            <b>2013<\/b>          <\/h2> <ul> <li>            <b>2013. \u00e9vi TDK konferencia<\/b> megnyit\u00f3j\u00e1nak <a href=\"pictures\/tdk2013\/\" data-replaced=\"true\">fot\u00f3albuma<\/a>. <li>            <b>2013. \u00e9vi TDK konferencia<\/b> Aula el\u0151ad\u00e1sok <a href=\"pictures\/tdk2013aula\/\" data-replaced=\"true\">fot\u00f3albuma<\/a>. <li>            <b>2013. \u00e9vi TDK konferencia<\/b> d\u00edjkioszt\u00f3 \u00fcnneps\u00e9g <a href=\"pictures\/tdk2013dij\/\" data-replaced=\"true\">fot\u00f3albuma<\/a>. <li>            <b>2013. \u00e9vi TDK konferencia<\/b> d\u00edjkioszt\u00f3 \u00fcnneps\u00e9g m\u00e1sik <a href=\"pictures\/tdk2013dij2\/\" data-replaced=\"true\">fot\u00f3albuma<\/a>. <li>            <b>2013. \u00e9vi TDK konferencia<\/b> fogad\u00e1s <a href=\"pictures\/tdk2013fogadas\/\" data-replaced=\"true\">fot\u00f3albuma<\/a>.          <\/ul> <h2>            <b>2012<\/b>          <\/h2> <ul> <li>            <b>2012. \u00e9vi TDK konferencia<\/b> \u00e1llatorvos szekci\u00f3j\u00e1nak <a href=\"pictures\/tdk2012\/\" data-replaced=\"true\">fot\u00f3albuma<\/a>. <li>            <b>2012. \u00e9vi TDK konferencia<\/b> biol\u00f3gus szekci\u00f3j\u00e1nak <a href=\"pictures\/tdk2012bio\/\" data-replaced=\"true\">fot\u00f3albuma<\/a>. <li>            <b>2012. \u00e9vi TDK konferencia<\/b> d\u00edjkioszt\u00f3 \u00fcnneps\u00e9g <a href=\"pictures\/tdk2012dij\/\" data-replaced=\"true\">fot\u00f3albuma<\/a>.          <\/ul> <h2>            <b>2011<\/b>          <\/h2> <ul> <li>            <b>2011. \u00e9vi TDK konferencia<\/b> \u00e1llatorvos szekci\u00f3j\u00e1nak <a href=\"pictures\/tdk2011\/\" data-replaced=\"true\">fot\u00f3albuma<\/a>. <li>            <b>2011. \u00e9vi TDK konferencia<\/b> biol\u00f3gus szekci\u00f3j\u00e1nak <a href=\"pictures\/tdk2011bio\/\" data-replaced=\"true\">fot\u00f3albuma<\/a>. <li>            <b>2011. \u00e9vi TDK konferencia<\/b> d\u00edjkioszt\u00f3 \u00fcnneps\u00e9g <a href=\"pictures\/tdk2011dij\/\" data-replaced=\"true\">fot\u00f3albuma<\/a>.          <\/ul> <h2>            <b>2010<\/b>          <\/h2> <ul> <li>            <b>2010. \u00e9vi TDK konferencia<\/b>  <a href=\"pictures\/tdk2010\/\" data-replaced=\"true\">fot\u00f3albuma<\/a> <li>            <b>2010. \u00e9vi TDK konferencia<\/b> d\u00edjkioszt\u00f3 \u00fcnneps\u00e9g <a href=\"pictures\/tdk2010dij\/\" data-replaced=\"true\">fot\u00f3albuma<\/a>          <\/ul> <h2>            <b>2009<\/b>          <\/h2> <ul> <li>            <b>2009. \u00e9vi TDK konferencia<\/b> \u00e1llatorvos\/zool\u00f3gus szekci\u00f3j\u00e1nak <a href=\"pictures\/tdk2009\/\" data-replaced=\"true\">fot\u00f3albuma<\/a>. <li>            <b>2009. \u00e9vi TDK konferencia<\/b> biol\u00f3gus szekci\u00f3j\u00e1nak <a href=\"pictures\/tdk2009bio\/\" data-replaced=\"true\">fot\u00f3albuma<\/a>. <li>            <b>2009. \u00e9vi TDK konferencia<\/b> d\u00edjkioszt\u00f3 \u00fcnneps\u00e9g <a href=\"pictures\/tdk2009dij\/\" data-replaced=\"true\">fot\u00f3albuma<\/a>. <li>            <b>2009. \u00e9vi TDK konferencia<\/b>  <a href=\"pictures\/tdk2009timea\/\" data-replaced=\"true\">fot\u00f3albuma<\/a> Moln\u00e1r T\u00edmea felv\u00e9teleib\u0151l.          <\/ul> <h2>            <b>2005-2008<\/b>          <\/h2> <ul> <li>            <b>2008. \u00e9vi TDK konferencia<\/b> <a href=\"pictures\/tdk2008\/\" data-replaced=\"true\">fot\u00f3albuma<\/a>. <li>            <b>2008. \u00e9vi TDK konferencia<\/b> d\u00edjkioszt\u00f3 \u00fcnneps\u00e9g <a href=\"pictures\/tdk2008dij\/\" data-replaced=\"true\">fot\u00f3albuma<\/a>. <li>            <b>2007. \u00e9vi TDK konferencia<\/b> <a href=\"pictures\/tdk2007\/\" data-replaced=\"true\">fot\u00f3albuma<\/a>. <li>            <b>2007. \u00e9vi TDK konferencia<\/b> d\u00edjkioszt\u00f3 \u00fcnneps\u00e9g <a href=\"pictures\/tdk2007dij\/\" data-replaced=\"true\">fot\u00f3albuma<\/a>. <li>            <b>2006. \u00e9vi TDK konferencia<\/b> d\u00edjkioszt\u00f3 \u00fcnneps\u00e9g <a href=\"pictures\/tdk2006\/\" data-replaced=\"true\">fot\u00f3albuma<\/a>. <li>            <b>2005. \u00e9vi TDK konferencia<\/b> d\u00edjkioszt\u00f3 \u00fcnneps\u00e9g  <a href=\"pictures\/tdk2005\/\" data-replaced=\"true\">fot\u00f3albuma<\/a>.           <\/ul>","protected":false},"excerpt":{"rendered":"<p>Home &raquo; F\u00e9nyk\u00e9palbumok F\u00e9nyk\u00e9palbumok 2005 \u00f3ta a TDK konferenci\u00e1n k\u00e9sz\u00edtett k\u00e9pekb\u0151l digit\u00e1lis fot\u00f3albumokat rendez\u00fcnk \u00f6ssze. Az albumokat err\u0151l a honlap-oldalr\u00f3l lehet el\u00e9rni. A fot\u00f3albumok f\u0151oldal\u00e1n l\u00e9v\u0151 kisk\u00e9pekre kattintva a k\u00e9pek nagy\u00edthat\u00f3k. A k\u00e9pek k\u00f6z\u00f6tt az &#8222;el\u0151z\u0151 k\u00e9p&#8221; \u00e9s &#8222;k\u00f6vetkez\u0151 k\u00e9p&#8221; gombokkal lehet s\u00e9t\u00e1lni. Ugyanakkor a hivatkozott f\u0151oldalr\u00f3l a harmadik sorb\u00f3l egyben let\u00f6lthet\u0151k a k\u00e9pek ZIP<\/p>\n","protected":false},"author":1,"featured_media":0,"parent":817,"menu_order":224,"comment_status":"closed","ping_status":"closed","template":"","meta":{"_acf_changed":false,"footnotes":""},"categories":[],"tags":[],"class_list":["post-1894","page","type-page","status-publish","hentry"],"acf":[],"_links":{"self":[{"href":"https:\/\/univet.hu\/hu\/wp-json\/wp\/v2\/pages\/1894","targetHints":{"allow":["GET"]}}],"collection":[{"href":"https:\/\/univet.hu\/hu\/wp-json\/wp\/v2\/pages"}],"about":[{"href":"https:\/\/univet.hu\/hu\/wp-json\/wp\/v2\/types\/page"}],"author":[{"embeddable":true,"href":"https:\/\/univet.hu\/hu\/wp-json\/wp\/v2\/users\/1"}],"replies":[{"embeddable":true,"href":"https:\/\/univet.hu\/hu\/wp-json\/wp\/v2\/comments?post=1894"}],"version-history":[{"count":0,"href":"https:\/\/univet.hu\/hu\/wp-json\/wp\/v2\/pages\/1894\/revisions"}],"up":[{"embeddable":true,"href":"https:\/\/univet.hu\/hu\/wp-json\/wp\/v2\/pages\/817"}],"wp:attachment":[{"href":"https:\/\/univet.hu\/hu\/wp-json\/wp\/v2\/media?parent=1894"}],"wp:term":[{"taxonomy":"category","embeddable":true,"href":"https:\/\/univet.hu\/hu\/wp-json\/wp\/v2\/categories?post=1894"},{"taxonomy":"post_tag","embeddable":true,"href":"https:\/\/univet.hu\/hu\/wp-json\/wp\/v2\/tags?post=1894"}],"curies":[{"name":"wp","href":"https:\/\/api.w.org\/{rel}","templated":true}]}}