{"id":1895,"date":"2018-04-05T00:32:57","date_gmt":"2018-04-04T22:27:12","guid":{"rendered":"http:\/\/univet.hu\/oktatas\/tdk\/archivum\/"},"modified":"2018-04-12T19:27:10","modified_gmt":"2018-04-12T17:27:10","slug":"archivum","status":"publish","type":"page","link":"https:\/\/univet.hu\/hu\/oktatas\/tdk\/archivum\/","title":{"rendered":"Arch\u00edvum"},"content":{"rendered":"<p><a href=\"https:\/\/univet.hu\" data-replaced=\"true\">Home<\/a> \u00bb Arch\u00edvum<\/p> <h1><b>Arch\u00edvum<\/b><\/h1> <p>A kor\u00e1bbi \u00e9vek TDK konferenci\u00e1inak adatait ez alatt a men\u00fcpont alatt tekintheti meg.<br \/> <a class=\"basublink\" href=\"http:\/\/www2.univet.hu\/tdk\/tdk2016.php\" data-replaced=\"true\">2016. TDK<\/a><br \/> <a class=\"basublink\" href=\"http:\/\/www2.univet.hu\/tdk\/2015otdk.php\" data-replaced=\"true\">OTDK 2015.<\/a><br \/> <a class=\"basublink\" href=\"http:\/\/www2.univet.hu\/tdk\/tdk2015.php\" data-replaced=\"true\">2015. TDK<\/a><br \/> <a class=\"basublink\" href=\"http:\/\/www2.univet.hu\/tdk\/tdk2014.php\" data-replaced=\"true\">2014. TDK<\/a><br \/> <a class=\"basublink\" href=\"http:\/\/www2.univet.hu\/tdk\/tdk2013.php\" data-replaced=\"true\">2013. TDK<\/a><br \/> <a class=\"basublink\" href=\"http:\/\/www2.univet.hu\/tdk\/tamop2013.php\" data-replaced=\"true\">T\u00e1mop 2013<\/a><br \/> <a class=\"basublink\" href=\"http:\/\/www2.univet.hu\/tdk\/otdk2013a.php\" data-replaced=\"true\">OTDK 2013<\/a><br \/> <a class=\"basublink\" href=\"http:\/\/www2.univet.hu\/tdk\/tdk2012.php\" data-replaced=\"true\">2012. TDK<\/a><br \/> <a class=\"basublink\" href=\"http:\/\/www2.univet.hu\/tdk\/tamop2012.php\" data-replaced=\"true\">T\u00e1mop 2012<\/a><br \/> <a class=\"basublink\" href=\"http:\/\/www2.univet.hu\/tdk\/tdk2011.php\" data-replaced=\"true\">2011. TDK<\/a><br \/> <a class=\"basublink\" href=\"http:\/\/www2.univet.hu\/tdk\/tdk2010.php\" data-replaced=\"true\">2010. TDK<\/a><br \/> <a class=\"basublink\" href=\"http:\/\/www2.univet.hu\/tdk\/tdk2009.php\" data-replaced=\"true\">2009. TDK<\/a><br \/> <a class=\"basublink\" href=\"http:\/\/www2.univet.hu\/tdk\/otdk2009.php\" data-replaced=\"true\">2009. OTDK<\/a><br \/> <a class=\"basublink\" href=\"http:\/\/www2.univet.hu\/tdk\/2008fo.php\" data-replaced=\"true\">2008. TDK<\/a><br \/> <a class=\"basublink\" href=\"http:\/\/www2.univet.hu\/tdk\/2007fo.php\" data-replaced=\"true\">2007. TDK<\/a><br \/> <a class=\"basublink\" href=\"http:\/\/www2.univet.hu\/tdk\/2006fo.php\" data-replaced=\"true\">2006. TDK<\/a><br \/> <a class=\"basublink\" href=\"http:\/\/www2.univet.hu\/tdk\/2005fo.php\" data-replaced=\"true\">2005. TDK<\/a><br \/> <a class=\"basublink\" href=\"http:\/\/www2.univet.hu\/tdk\/2004fo.php\" data-replaced=\"true\">2004. TDK<\/a><br \/> <a class=\"basublink\" href=\"http:\/\/www2.univet.hu\/tdk\/2003fo.php\" data-replaced=\"true\">2003. TDK<\/a><br \/> <a class=\"basublink\" href=\"http:\/\/www2.univet.hu\/tdk\/2002fo.php\" data-replaced=\"true\">2002. TDK<\/a><\/p>","protected":false},"excerpt":{"rendered":"<p>Home \u00bb Arch\u00edvum Arch\u00edvum A kor\u00e1bbi \u00e9vek TDK konferenci\u00e1inak adatait ez alatt a men\u00fcpont alatt tekintheti meg. 2016. TDK OTDK 2015. 2015. TDK 2014. TDK 2013. TDK T\u00e1mop 2013 OTDK 2013 2012. TDK T\u00e1mop 2012 2011. TDK 2010. TDK 2009. TDK 2009. OTDK 2008. TDK 2007. TDK 2006. TDK 2005. TDK 2004. TDK 2003. TDK<\/p>\n","protected":false},"author":1,"featured_media":0,"parent":817,"menu_order":227,"comment_status":"closed","ping_status":"closed","template":"","meta":{"_acf_changed":false,"footnotes":""},"categories":[],"tags":[],"class_list":["post-1895","page","type-page","status-publish","hentry"],"acf":[],"_links":{"self":[{"href":"https:\/\/univet.hu\/hu\/wp-json\/wp\/v2\/pages\/1895","targetHints":{"allow":["GET"]}}],"collection":[{"href":"https:\/\/univet.hu\/hu\/wp-json\/wp\/v2\/pages"}],"about":[{"href":"https:\/\/univet.hu\/hu\/wp-json\/wp\/v2\/types\/page"}],"author":[{"embeddable":true,"href":"https:\/\/univet.hu\/hu\/wp-json\/wp\/v2\/users\/1"}],"replies":[{"embeddable":true,"href":"https:\/\/univet.hu\/hu\/wp-json\/wp\/v2\/comments?post=1895"}],"version-history":[{"count":0,"href":"https:\/\/univet.hu\/hu\/wp-json\/wp\/v2\/pages\/1895\/revisions"}],"up":[{"embeddable":true,"href":"https:\/\/univet.hu\/hu\/wp-json\/wp\/v2\/pages\/817"}],"wp:attachment":[{"href":"https:\/\/univet.hu\/hu\/wp-json\/wp\/v2\/media?parent=1895"}],"wp:term":[{"taxonomy":"category","embeddable":true,"href":"https:\/\/univet.hu\/hu\/wp-json\/wp\/v2\/categories?post=1895"},{"taxonomy":"post_tag","embeddable":true,"href":"https:\/\/univet.hu\/hu\/wp-json\/wp\/v2\/tags?post=1895"}],"curies":[{"name":"wp","href":"https:\/\/api.w.org\/{rel}","templated":true}]}}