{"id":1896,"date":"2018-04-05T00:33:12","date_gmt":"2018-04-04T22:27:28","guid":{"rendered":"http:\/\/univet.hu\/oktatas\/tdk\/tdk-szabalyzat\/"},"modified":"2023-12-13T14:04:32","modified_gmt":"2023-12-13T13:04:32","slug":"tdk-szabalyzat","status":"publish","type":"page","link":"https:\/\/univet.hu\/hu\/oktatas\/tdk\/tdk-szabalyzat\/","title":{"rendered":"TDK Szab\u00e1lyzat"},"content":{"rendered":"<p>          <a href=\"https:\/\/univet.hu\" data-replaced=\"true\">Home<\/a>          &raquo; Szab\u00e1lyzat          <\/p> <h1>            <b>TDK Szab\u00e1lyzat<\/b>          <\/h1> <p>          K\u00e9rj\u00fck, hogy a <a href=\"https:\/\/tdk.univet.hu\/szabalyzat.php\" target=\"_blank\">TDK szab\u00e1lyzatot<\/a> figyelmesen olvass\u00e1k v\u00e9gig!          <\/p>","protected":false},"excerpt":{"rendered":"<p>Home &raquo; Szab\u00e1lyzat TDK Szab\u00e1lyzat K\u00e9rj\u00fck, hogy a TDK szab\u00e1lyzatot figyelmesen olvass\u00e1k v\u00e9gig!<\/p>\n","protected":false},"author":1,"featured_media":0,"parent":817,"menu_order":231,"comment_status":"closed","ping_status":"closed","template":"","meta":{"_acf_changed":false,"footnotes":""},"categories":[],"tags":[],"class_list":["post-1896","page","type-page","status-publish","hentry"],"acf":[],"_links":{"self":[{"href":"https:\/\/univet.hu\/hu\/wp-json\/wp\/v2\/pages\/1896","targetHints":{"allow":["GET"]}}],"collection":[{"href":"https:\/\/univet.hu\/hu\/wp-json\/wp\/v2\/pages"}],"about":[{"href":"https:\/\/univet.hu\/hu\/wp-json\/wp\/v2\/types\/page"}],"author":[{"embeddable":true,"href":"https:\/\/univet.hu\/hu\/wp-json\/wp\/v2\/users\/1"}],"replies":[{"embeddable":true,"href":"https:\/\/univet.hu\/hu\/wp-json\/wp\/v2\/comments?post=1896"}],"version-history":[{"count":0,"href":"https:\/\/univet.hu\/hu\/wp-json\/wp\/v2\/pages\/1896\/revisions"}],"up":[{"embeddable":true,"href":"https:\/\/univet.hu\/hu\/wp-json\/wp\/v2\/pages\/817"}],"wp:attachment":[{"href":"https:\/\/univet.hu\/hu\/wp-json\/wp\/v2\/media?parent=1896"}],"wp:term":[{"taxonomy":"category","embeddable":true,"href":"https:\/\/univet.hu\/hu\/wp-json\/wp\/v2\/categories?post=1896"},{"taxonomy":"post_tag","embeddable":true,"href":"https:\/\/univet.hu\/hu\/wp-json\/wp\/v2\/tags?post=1896"}],"curies":[{"name":"wp","href":"https:\/\/api.w.org\/{rel}","templated":true}]}}