{"id":189606,"date":"2025-08-28T15:29:06","date_gmt":"2025-08-28T13:29:06","guid":{"rendered":"https:\/\/univet.hu\/hu\/oktatas\/tanulmanyi-osztaly\/szallaslehetosegek\/new_child_page\/"},"modified":"2025-08-28T15:35:53","modified_gmt":"2025-08-28T13:35:53","slug":"vii-ker-dohany-utca","status":"publish","type":"page","link":"https:\/\/univet.hu\/hu\/oktatas\/tanulmanyi-osztaly\/szallaslehetosegek\/vii-ker-dohany-utca\/","title":{"rendered":"VII. Ker &#8211; Doh\u00e1ny utca"},"content":{"rendered":"<p>2025.08.28<\/p> <p><a href=\"https:\/\/univet.hu\/wp-content\/uploads\/2025\/08\/ALBERLET_Dohany_utca_HU.pdf\" target=\"_blank\" rel=\"noopener\">Kiad\u00f3 lak\u00e1s &#8211; Doh\u00e1ny utca<\/a><\/p> <p><a href=\"https:\/\/univet.hu\/wp-content\/uploads\/2025\/08\/ALBERLET_Dohany_utca_EN.pdf\" target=\"_blank\" rel=\"noopener\">Flat for Rent &#8211; Doh\u00e1ny Street<\/a><\/p>","protected":false},"excerpt":{"rendered":"<p>2025.08.28 Kiad\u00f3 lak\u00e1s &#8211; Doh\u00e1ny utca Flat for Rent &#8211; Doh\u00e1ny Street<\/p>\n","protected":false},"author":5795,"featured_media":0,"parent":188279,"menu_order":0,"comment_status":"open","ping_status":"open","template":"","meta":{"_acf_changed":false,"footnotes":""},"categories":[],"tags":[],"class_list":["post-189606","page","type-page","status-publish","hentry"],"acf":[],"_links":{"self":[{"href":"https:\/\/univet.hu\/hu\/wp-json\/wp\/v2\/pages\/189606","targetHints":{"allow":["GET"]}}],"collection":[{"href":"https:\/\/univet.hu\/hu\/wp-json\/wp\/v2\/pages"}],"about":[{"href":"https:\/\/univet.hu\/hu\/wp-json\/wp\/v2\/types\/page"}],"author":[{"embeddable":true,"href":"https:\/\/univet.hu\/hu\/wp-json\/wp\/v2\/users\/5795"}],"replies":[{"embeddable":true,"href":"https:\/\/univet.hu\/hu\/wp-json\/wp\/v2\/comments?post=189606"}],"version-history":[{"count":2,"href":"https:\/\/univet.hu\/hu\/wp-json\/wp\/v2\/pages\/189606\/revisions"}],"predecessor-version":[{"id":189649,"href":"https:\/\/univet.hu\/hu\/wp-json\/wp\/v2\/pages\/189606\/revisions\/189649"}],"up":[{"embeddable":true,"href":"https:\/\/univet.hu\/hu\/wp-json\/wp\/v2\/pages\/188279"}],"wp:attachment":[{"href":"https:\/\/univet.hu\/hu\/wp-json\/wp\/v2\/media?parent=189606"}],"wp:term":[{"taxonomy":"category","embeddable":true,"href":"https:\/\/univet.hu\/hu\/wp-json\/wp\/v2\/categories?post=189606"},{"taxonomy":"post_tag","embeddable":true,"href":"https:\/\/univet.hu\/hu\/wp-json\/wp\/v2\/tags?post=189606"}],"curies":[{"name":"wp","href":"https:\/\/api.w.org\/{rel}","templated":true}]}}