{"id":189626,"date":"2025-08-28T15:16:16","date_gmt":"2025-08-28T13:16:16","guid":{"rendered":"https:\/\/univet.hu\/hu\/egyetem\/szervezeti-egysegek\/allatvedelmi-jogi-elemzo-es-modszertani-kozpont\/konferenciak-szakmai-napok\/new_child_page\/"},"modified":"2025-08-28T15:47:20","modified_gmt":"2025-08-28T13:47:20","slug":"allatvedelmi-szakember-talalkozo-2023-aprilis-14","status":"publish","type":"page","link":"https:\/\/univet.hu\/hu\/egyetem\/szervezeti-egysegek\/allatvedelmi-jogi-elemzo-es-modszertani-kozpont\/konferenciak-szakmai-napok\/allatvedelmi-szakember-talalkozo-2023-aprilis-14\/","title":{"rendered":"I. Diplom\u00e1s \u00c1llatv\u00e9delmi Szakember Tal\u00e1lkoz\u00f3 2023"},"content":{"rendered":"<div class=\"xdj266r x14z9mp xat24cr x1lziwak x1vvkbs x126k92a\"> <div dir=\"auto\">Er\u0151s\u00f6d\u0151 \u00e1llatv\u00e9delmi szakemberg\u00e1rda \u2013 C\u00e9l az egy\u00fcttes fell\u00e9p\u00e9s \u00e1llatv\u00e9delmi \u00fcgyekben!<\/div> <\/div> <div class=\"x14z9mp xat24cr x1lziwak x1vvkbs xtlvy1s x126k92a\"> <div dir=\"auto\">Egyed\u00fcl\u00e1ll\u00f3 szakmai tal\u00e1lkoz\u00f3t szervezett az \u00c1llatorvostudom\u00e1nyi Egyetem a Magyarorsz\u00e1gon els\u0151 \u00edzben indult \u00e9s azonnal nagy n\u00e9pszer\u0171s\u00e9gnek \u00f6rvend\u0151 \u00c1llatv\u00e9delmi szak\u00e1llatorvos \u00e9s \u00c1llatv\u00e9delmi szakjog\u00e1sz k\u00e9pz\u00e9sek r\u00e9sztvev\u0151i sz\u00e1m\u00e1ra. A tal\u00e1lkoz\u00f3n t\u00f6bb mint 50 \u00e1llatv\u00e9delmi szakember \u2013 szak\u00e1llatorvos \u00e9s szakjog\u00e1sz hallgat\u00f3k \u00e9s oktat\u00f3ik \u2013 vettek r\u00e9szt Budapesten, az \u00c1llatorvostudom\u00e1nyi Egyetemen, 2023. \u00e1prilis 14-\u00e9n. A szervez\u0151k c\u00e9lja az volt, hogy a legkorszer\u0171bb \u00e1llatv\u00e9delmi ismeretekkel b\u00edr\u00f3 szakemberek szem\u00e9lyesen is megismerhess\u00e9k egym\u00e1st \u00e9s sz\u00e1m\u00edthassanak egym\u00e1s hathat\u00f3s seg\u00edts\u00e9g\u00e9re az \u00e1llatv\u00e9delmi elj\u00e1r\u00e1sok sor\u00e1n.<\/div> <\/div> <div class=\"x14z9mp xat24cr x1lziwak x1vvkbs xtlvy1s x126k92a\"> <div dir=\"auto\">Az esem\u00e9nyt Prof. Dr. S\u00f3tonyi P\u00e9ter, az \u00c1llatorvostudom\u00e1nyi Egyetem rektora nyitotta meg. K\u00f6sz\u00f6nt\u0151j\u00e9ben kiemelte, hogy az orsz\u00e1g egyetlen \u00e1llatorvosk\u00e9pz\u0151 int\u00e9zm\u00e9nyek\u00e9nt els\u0151dleges feladatuk, hogy oktat\u00e1ssal \u00e9s kutat\u00e1ssal seg\u00edts\u00e9k az \u00e1llatok \u00fcgy\u00e9t. B\u00e1r az \u00e1llatorvosok mindig is az \u00e1llatv\u00e9delem nagyk\u00f6vetei voltak, az elm\u00falt id\u0151szakban az \u00e1llatv\u00e9delem \u00f6n\u00e1ll\u00f3 kutat\u00e1si ter\u00fclett\u00e9, diszcipl\u00edn\u00e1v\u00e1 n\u0151tte ki mag\u00e1t a nemzetk\u00f6zi tudom\u00e1nyos \u00e9letben. Az \u00c1llatorvostudom\u00e1nyi Egyetem ennek a folyamatnak az \u00e9l\u00e9re \u00e1llt Magyarorsz\u00e1gon. Felismerte, hogy akkor lehet a leghat\u00e9konyabban k\u00e9pviselni az \u00e1llatv\u00e9delmet, ha az \u00e1llatorvosok, jog\u00e1szok, pszichol\u00f3gusok, kriminol\u00f3gusok \u00e9s m\u00e9g sok m\u00e1s szakember egy\u00fcttm\u0171k\u00f6dik.<\/div> <\/div> <div class=\"x14z9mp xat24cr x1lziwak x1vvkbs xtlvy1s x126k92a\"> <div dir=\"auto\">A kilencvenes \u00e9vekben Dr. Visnyei L\u00e1szl\u00f3 kandid\u00e1tus, ny. egyetemi docens \u00e1ltal megkezdett \u00e1llatv\u00e9delmi oktat\u00e1st 2017 \u00f3ta k\u00f6telez\u0151 tant\u00e1rggy\u00e1 tett\u00e9k az Egyetemen az els\u0151 \u00e9vesek sz\u00e1m\u00e1ra. Az \u00c1llatv\u00e9delmi Jogi, Elemz\u0151- \u00e9s M\u00f3dszertani K\u00f6zpont 2021. \u00e9vi l\u00e9trehoz\u00e1s\u00e1val egyid\u0151ben pedig egy \u00fajabb k\u00f6telez\u0151 t\u00e1rgy \u2013 az \u00d6sszehasonl\u00edt\u00f3 \u00e1llatv\u00e9delem \u2013 oktat\u00e1s\u00e1t is megkezdt\u00e9k a negyed\u00e9ves \u00e1llatorvos hallgat\u00f3knak. Az \u00e1llatv\u00e9delmi ismereteket h\u00e1rom nyelven hallgathatj\u00e1k a leend\u0151 \u00e1llatorvosok.<\/div> <\/div> <div class=\"x14z9mp xat24cr x1lziwak x1vvkbs xtlvy1s x126k92a\"> <div dir=\"auto\">A folyamat k\u00f6vetkez\u0151 l\u00e9pcs\u0151jek\u00e9nt, 2022 \u0151sz\u00e9n elindultak haz\u00e1nkban a diplom\u00e1s \u00e1llatorvosokat, illetve jog\u00e1szokat c\u00e9lz\u00f3 \u00e1llatv\u00e9delmi szak\u00e1llatorvos \u00e9s \u00e1llatv\u00e9delmi szakjog\u00e1sz k\u00e9pz\u00e9sek, el\u0151bbi az \u00c1llatorvostudom\u00e1nyi Egyetemen, ut\u00f3bbi az \u00c1llatorvostudom\u00e1nyi Egyetem \u00e9s a Miskolci Egyetem k\u00f6z\u00f6s k\u00e9pz\u00e9sek\u00e9nt.<\/div> <\/div> <div class=\"x14z9mp xat24cr x1lziwak x1vvkbs xtlvy1s x126k92a\"> <div dir=\"auto\">Az \u00c1llatv\u00e9delmi szak\u00e1llatorvos k\u00e9pz\u00e9sre azok a v\u00e9gzett \u00e1llatorvosok jelentkezhettek, akik legal\u00e1bb h\u00e1rom \u00e9ves \u00e1ltal\u00e1nos \u00e1llatorvosi szakmai gyakorlattal rendelkeznek, a k\u00e9pz\u00e9s szakfelel\u0151se Dr. habil Fodor Kinga PhD. a Labor\u00e1llattudom\u00e1nyi \u00e9s \u00c1llatv\u00e9delmi Tansz\u00e9k tansz\u00e9kvezet\u0151 egyetemi docense, t\u00e1rsszakfelel\u0151se pedig Dr. Gyurcs\u00f3 Adrienn tov\u00e1bbk\u00e9pz\u00e9si igazgat\u00f3, az \u00c1llatv\u00e9delmi K\u00f6zpont munkat\u00e1rsa.<\/div> <\/div> <div class=\"x14z9mp xat24cr x1lziwak x1vvkbs xtlvy1s x126k92a\"> <div dir=\"auto\">Az \u00c1llatv\u00e9delmi szakjog\u00e1szk\u00e9pz\u00e9st a Miskolci Egyetem r\u00e9sz\u00e9r\u0151l az \u00c1llam- \u00e9s Jogtudom\u00e1nyi Kar, az \u00c1llatorvostudom\u00e1nyi Egyetem r\u00e9sz\u00e9r\u0151l az \u00c1llatv\u00e9delmi Jogi, Elemz\u0151- \u00e9s M\u00f3dszertani K\u00f6zpont koordin\u00e1lja. A hi\u00e1nyp\u00f3tl\u00f3 k\u00e9pz\u00e9s n\u00e9pszer\u0171s\u00e9g\u00e9t mutatja, hogy a jelentkezettek sz\u00e1ma alapj\u00e1n \u00faj rekord sz\u00fcletett a miskolci szakjog\u00e1szk\u00e9pz\u00e9sek t\u00f6rt\u00e9net\u00e9ben, az els\u0151 \u00e9vfolyam hallgat\u00f3i k\u00f6z\u00f6tt t\u00f6bbek k\u00f6z\u00f6tt jegyz\u0151k, \u00fcgyv\u00e9dek, b\u00edr\u00f3k \u00e9s rend\u0151rnyomoz\u00f3k is vannak. A k\u00e9pz\u00e9s felel\u0151sei Prof. Dr. Paulovics Anita a Miskolci Egyetem d\u00e9k\u00e1nhelyettese, szakfelel\u0151s \u00e9s Dr. Vetter Szilvia PhD. az \u00c1llatorvostudom\u00e1nyi Egyetem \u00c1llatv\u00e9delmi K\u00f6zpontj\u00e1nak vezet\u0151je.<\/div> <\/div> <div class=\"x14z9mp xat24cr x1lziwak x1vvkbs xtlvy1s x126k92a\"> <div dir=\"auto\">Az \u00c1llatv\u00e9delmi szak\u00e1llatorvos \u00e9s szakjog\u00e1sz tal\u00e1lkoz\u00f3 r\u00e9sztvev\u0151i Fodor Kinga \u00e9s Vetter Szilvia k\u00f6sz\u00f6nt\u0151je ut\u00e1n meghallgathatt\u00e1k Pink\u00f3czi Di\u00e1na, a Mancs a K\u00e9zben Ment\u0151kuty\u00e1s Egyes\u00fclet eln\u00f6k\u00e9nek el\u0151ad\u00e1s\u00e1t is, amelynek t\u00e9m\u00e1ja a t\u00f6r\u00f6korsz\u00e1gi f\u00f6ldreng\u00e9s \u00e9s az ott folytatott ment\u0151kuty\u00e1s tev\u00e9kenys\u00e9g volt. A szak\u00e1llatorvosok \u00e9s szakjog\u00e1szok megtekinthett\u00e9k az \u00c1llatorvostudom\u00e1nyi Egyetemen \u00e9ppen zajl\u00f3 EQUUS napok keret\u00e9ben megrendezett lovaskocsis felvonul\u00e1st, melynek fogat\u00e1t hagyom\u00e1nyosan a rektor vezeti. Az \u00e1llatv\u00e9delmi kv\u00edzj\u00e1t\u00e9kban \u00e9s az azt k\u00f6vet\u0151 csapat\u00e9p\u00edt\u0151 j\u00e1t\u00e9kokban is akt\u00edvan r\u00e9szt vettek az \u00e1llatv\u00e9delmi szakemberek.<\/div> <\/div> <div class=\"x14z9mp xat24cr x1lziwak x1vvkbs xtlvy1s x126k92a\"> <div dir=\"auto\">Cikk el\u00e9rhet\u0151 itt: <span class=\"html-span xdj266r x14z9mp xat24cr x1lziwak xexx8yu xyri2b x18d9i69 x1c1uobl x1hl2dhg x16tdsg8 x1vvkbs\"><a class=\"x1i10hfl xjbqb8w x1ejq31n x18oe1m7 x1sy0etr xstzfhl x972fbf x10w94by x1qhh985 x14e42zd x9f619 x1ypdohk xt0psk2 x3ct3a4 xdj266r x14z9mp xat24cr x1lziwak xexx8yu xyri2b x18d9i69 x1c1uobl x16tdsg8 x1hl2dhg xggy1nq x1a2a7pz xkrqix3 x1sur9pj x1fey0fg x1s688f\" role=\"link\" href=\"https:\/\/univet.hu\/hu\/2023\/04\/18\/erosodo-allatvedelmi-szakembergarda-cel-az-egyuttes-fellepes-allatvedelmi-ugyekben\/?fbclid=IwZXh0bgNhZW0CMTAAYnJpZBEwT1B5bmMzQmc2R1JCVjBYTAEe3uWpdiZpwgp7acWq14C0_jH3jO6r58H_bd_64nyEaC2Uwd0w0HiPjze8jIc_aem_Wd2LjmI4ICfQcnHLkdcVMQ\" target=\"_blank\" rel=\"nofollow noopener noreferrer\">https:\/\/univet.hu\/&#8230;\/erosodo-allatvedelmi&#8230;\/<\/a><\/span><\/div> <\/div>","protected":false},"excerpt":{"rendered":"<p>Er\u0151s\u00f6d\u0151 \u00e1llatv\u00e9delmi szakemberg\u00e1rda \u2013 C\u00e9l az egy\u00fcttes fell\u00e9p\u00e9s \u00e1llatv\u00e9delmi \u00fcgyekben! Egyed\u00fcl\u00e1ll\u00f3 szakmai tal\u00e1lkoz\u00f3t szervezett az \u00c1llatorvostudom\u00e1nyi Egyetem a Magyarorsz\u00e1gon els\u0151 \u00edzben indult \u00e9s azonnal nagy n\u00e9pszer\u0171s\u00e9gnek \u00f6rvend\u0151 \u00c1llatv\u00e9delmi szak\u00e1llatorvos \u00e9s \u00c1llatv\u00e9delmi szakjog\u00e1sz k\u00e9pz\u00e9sek r\u00e9sztvev\u0151i sz\u00e1m\u00e1ra. A tal\u00e1lkoz\u00f3n t\u00f6bb mint 50 \u00e1llatv\u00e9delmi szakember \u2013 szak\u00e1llatorvos \u00e9s szakjog\u00e1sz hallgat\u00f3k \u00e9s oktat\u00f3ik \u2013 vettek r\u00e9szt Budapesten, az \u00c1llatorvostudom\u00e1nyi<\/p>\n","protected":false},"author":3837,"featured_media":0,"parent":79574,"menu_order":11,"comment_status":"open","ping_status":"open","template":"","meta":{"_acf_changed":false,"footnotes":""},"categories":[],"tags":[],"class_list":["post-189626","page","type-page","status-publish","hentry"],"acf":[],"_links":{"self":[{"href":"https:\/\/univet.hu\/hu\/wp-json\/wp\/v2\/pages\/189626","targetHints":{"allow":["GET"]}}],"collection":[{"href":"https:\/\/univet.hu\/hu\/wp-json\/wp\/v2\/pages"}],"about":[{"href":"https:\/\/univet.hu\/hu\/wp-json\/wp\/v2\/types\/page"}],"author":[{"embeddable":true,"href":"https:\/\/univet.hu\/hu\/wp-json\/wp\/v2\/users\/3837"}],"replies":[{"embeddable":true,"href":"https:\/\/univet.hu\/hu\/wp-json\/wp\/v2\/comments?post=189626"}],"version-history":[{"count":4,"href":"https:\/\/univet.hu\/hu\/wp-json\/wp\/v2\/pages\/189626\/revisions"}],"predecessor-version":[{"id":189653,"href":"https:\/\/univet.hu\/hu\/wp-json\/wp\/v2\/pages\/189626\/revisions\/189653"}],"up":[{"embeddable":true,"href":"https:\/\/univet.hu\/hu\/wp-json\/wp\/v2\/pages\/79574"}],"wp:attachment":[{"href":"https:\/\/univet.hu\/hu\/wp-json\/wp\/v2\/media?parent=189626"}],"wp:term":[{"taxonomy":"category","embeddable":true,"href":"https:\/\/univet.hu\/hu\/wp-json\/wp\/v2\/categories?post=189626"},{"taxonomy":"post_tag","embeddable":true,"href":"https:\/\/univet.hu\/hu\/wp-json\/wp\/v2\/tags?post=189626"}],"curies":[{"name":"wp","href":"https:\/\/api.w.org\/{rel}","templated":true}]}}