{"id":189630,"date":"2025-08-28T15:30:58","date_gmt":"2025-08-28T13:30:58","guid":{"rendered":"https:\/\/univet.hu\/hu\/egyetem\/szervezeti-egysegek\/allatvedelmi-jogi-elemzo-es-modszertani-kozpont\/gazdijogsi\/new_child_page\/"},"modified":"2025-08-28T15:30:58","modified_gmt":"2025-08-28T13:30:58","slug":"egzotikus-gazdijogsi-kepzes","status":"publish","type":"page","link":"https:\/\/univet.hu\/hu\/egyetem\/szervezeti-egysegek\/allatvedelmi-jogi-elemzo-es-modszertani-kozpont\/gazdijogsi\/egzotikus-gazdijogsi-kepzes\/","title":{"rendered":"Egzotikus Gazdijogsi k\u00e9pz\u00e9s"},"content":{"rendered":"<p data-start=\"219\" data-end=\"273\"><strong data-start=\"219\" data-end=\"273\">Sikeresen lezajlott az egzotikus Gazdijogsi k\u00e9pz\u00e9s<\/strong><\/p> <p data-start=\"275\" data-end=\"494\">2024 november\u00e9ben megrendez\u00e9sre ker\u00fclt az egzotikus Gazdijogsi k\u00e9pz\u00e9s, amelynek keret\u00e9ben a r\u00e9sztvev\u0151k elsaj\u00e1t\u00edthatt\u00e1k az egzotikus \u00e1llatok \u2013 k\u00f6zt\u00fck kiseml\u0151s\u00f6k, h\u00fcll\u0151k \u00e9s madarak \u2013 tart\u00e1s\u00e1nak \u00e9s t\u00e1pl\u00e1l\u00e1s\u00e1nak alapjait.<\/p> <p data-start=\"496\" data-end=\"751\">A program gyakorlati \u00fatmutat\u00e1st ny\u00fajtott arra vonatkoz\u00f3an is, hogy mely t\u00fcnetek \u00e9szlel\u00e9sekor sz\u00fcks\u00e9ges egzotikus szak\u00e1llatorvoshoz fordulni, valamint betekint\u00e9st adott az egzotikus \u00e1llatok tart\u00e1s\u00e1nak jogi szab\u00e1lyoz\u00e1s\u00e1ba \u00e9s az \u00e1llatv\u00e9delmi alapismeretekbe.<\/p> <p data-start=\"496\" data-end=\"751\">Az \u201eEgzotikus Gazdijogsi\u201d program c\u00e9lja, hogy a leend\u0151 gazdik minden sz\u00fcks\u00e9ges tud\u00e1st megszerezzenek ezeknek a k\u00fcl\u00f6nleges \u00e1llatoknak a felel\u0151s gondoz\u00e1s\u00e1hoz.<\/p> <p data-start=\"753\" data-end=\"867\">A k\u00e9pz\u00e9s ir\u00e1nti nagy \u00e9rdekl\u0151d\u00e9s visszaigazolja, milyen fontos a tudatos, felel\u0151s egzotikus \u00e1llattart\u00e1s t\u00e1mogat\u00e1sa.<\/p> <div class=\"x14z9mp xat24cr x1lziwak x1vvkbs xtlvy1s x126k92a\"> <div dir=\"auto\"><img decoding=\"async\" src=\"https:\/\/scontent-vie1-1.xx.fbcdn.net\/v\/t39.30808-6\/494166910_1249857307144715_5965636919306613349_n.jpg?_nc_cat=106&amp;ccb=1-7&amp;_nc_sid=127cfc&amp;_nc_ohc=zWDEBGb5o_MQ7kNvwEWosSB&amp;_nc_oc=AdmPw1xr3-MaazKKez3JQELKIholR8mA8D_TKQgegXrXUPwbkeyyCwZ2VGLiGL040FY&amp;_nc_zt=23&amp;_nc_ht=scontent-vie1-1.xx&amp;_nc_gid=sD9H58zf6qz5wS5WdrI1AA&amp;oh=00_AfVYfdm737PFR2zgUID4qQ2d5ziQYJjoTlJY2uyGUZqF3Q&amp;oe=68B614E9\" alt=\"Nem \u00e9rhet\u0151 el le\u00edr\u00e1s a f\u00e9nyk\u00e9phez.\" \/><\/div> <\/div>","protected":false},"excerpt":{"rendered":"<p>Sikeresen lezajlott az egzotikus Gazdijogsi k\u00e9pz\u00e9s 2024 november\u00e9ben megrendez\u00e9sre ker\u00fclt az egzotikus Gazdijogsi k\u00e9pz\u00e9s, amelynek keret\u00e9ben a r\u00e9sztvev\u0151k elsaj\u00e1t\u00edthatt\u00e1k az egzotikus \u00e1llatok \u2013 k\u00f6zt\u00fck kiseml\u0151s\u00f6k, h\u00fcll\u0151k \u00e9s madarak \u2013 tart\u00e1s\u00e1nak \u00e9s t\u00e1pl\u00e1l\u00e1s\u00e1nak alapjait. A program gyakorlati \u00fatmutat\u00e1st ny\u00fajtott arra vonatkoz\u00f3an is, hogy mely t\u00fcnetek \u00e9szlel\u00e9sekor sz\u00fcks\u00e9ges egzotikus szak\u00e1llatorvoshoz fordulni, valamint betekint\u00e9st adott az egzotikus \u00e1llatok<\/p>\n","protected":false},"author":3837,"featured_media":0,"parent":67208,"menu_order":0,"comment_status":"open","ping_status":"open","template":"","meta":{"_acf_changed":false,"footnotes":""},"categories":[],"tags":[],"class_list":["post-189630","page","type-page","status-publish","hentry"],"acf":[],"_links":{"self":[{"href":"https:\/\/univet.hu\/hu\/wp-json\/wp\/v2\/pages\/189630","targetHints":{"allow":["GET"]}}],"collection":[{"href":"https:\/\/univet.hu\/hu\/wp-json\/wp\/v2\/pages"}],"about":[{"href":"https:\/\/univet.hu\/hu\/wp-json\/wp\/v2\/types\/page"}],"author":[{"embeddable":true,"href":"https:\/\/univet.hu\/hu\/wp-json\/wp\/v2\/users\/3837"}],"replies":[{"embeddable":true,"href":"https:\/\/univet.hu\/hu\/wp-json\/wp\/v2\/comments?post=189630"}],"version-history":[{"count":1,"href":"https:\/\/univet.hu\/hu\/wp-json\/wp\/v2\/pages\/189630\/revisions"}],"predecessor-version":[{"id":189640,"href":"https:\/\/univet.hu\/hu\/wp-json\/wp\/v2\/pages\/189630\/revisions\/189640"}],"up":[{"embeddable":true,"href":"https:\/\/univet.hu\/hu\/wp-json\/wp\/v2\/pages\/67208"}],"wp:attachment":[{"href":"https:\/\/univet.hu\/hu\/wp-json\/wp\/v2\/media?parent=189630"}],"wp:term":[{"taxonomy":"category","embeddable":true,"href":"https:\/\/univet.hu\/hu\/wp-json\/wp\/v2\/categories?post=189630"},{"taxonomy":"post_tag","embeddable":true,"href":"https:\/\/univet.hu\/hu\/wp-json\/wp\/v2\/tags?post=189630"}],"curies":[{"name":"wp","href":"https:\/\/api.w.org\/{rel}","templated":true}]}}