{"id":189651,"date":"2025-08-28T15:44:45","date_gmt":"2025-08-28T13:44:45","guid":{"rendered":"https:\/\/univet.hu\/hu\/egyetem\/szervezeti-egysegek\/allatvedelmi-jogi-elemzo-es-modszertani-kozpont\/konferenciak-szakmai-napok\/new_child_page\/"},"modified":"2025-08-28T15:44:45","modified_gmt":"2025-08-28T13:44:45","slug":"allatvedelmi-aktualitasok-2024-ii-diplomas-allatvedelmi-szakember-talalkozo","status":"publish","type":"page","link":"https:\/\/univet.hu\/hu\/egyetem\/szervezeti-egysegek\/allatvedelmi-jogi-elemzo-es-modszertani-kozpont\/konferenciak-szakmai-napok\/allatvedelmi-aktualitasok-2024-ii-diplomas-allatvedelmi-szakember-talalkozo\/","title":{"rendered":"\u00c1llatv\u00e9delmi Aktualit\u00e1sok 2024 \u2013 II. Diplom\u00e1s \u00c1llatv\u00e9delmi Szakember Tal\u00e1lkoz\u00f3"},"content":{"rendered":"<div class=\"xdj266r x14z9mp xat24cr x1lziwak x1vvkbs x126k92a\"> <div dir=\"auto\"><span class=\"html-span xexx8yu xyri2b x18d9i69 x1c1uobl x1hl2dhg x16tdsg8 x1vvkbs x3nfvp2 x1j61x8r x1fcty0u xdj266r xat24cr xm2jcoa x1mpyi22 xxymvpz xlup9mm x1kky2od\"><img loading=\"lazy\" decoding=\"async\" class=\"xz74otr x15mokao x1ga7v0g x16uus16 xbiv7yw\" src=\"https:\/\/static.xx.fbcdn.net\/images\/emoji.php\/v9\/tde\/1\/16\/1f43e.png\" alt=\"\" width=\"16\" height=\"16\" \/><\/span> SIKERESEN Z\u00c1RULT AZ \u00c1LLATV\u00c9DELMI SZAKEMBEREK M\u00c1SODIK TAL\u00c1LKOZ\u00d3JA AZ \u00c1LLATORVOSTUDOM\u00c1NYI EGYETEMEN! <span class=\"html-span xexx8yu xyri2b x18d9i69 x1c1uobl x1hl2dhg x16tdsg8 x1vvkbs x3nfvp2 x1j61x8r x1fcty0u xdj266r xat24cr xm2jcoa x1mpyi22 xxymvpz xlup9mm x1kky2od\"><img loading=\"lazy\" decoding=\"async\" class=\"xz74otr x15mokao x1ga7v0g x16uus16 xbiv7yw\" src=\"https:\/\/static.xx.fbcdn.net\/images\/emoji.php\/v9\/tde\/1\/16\/1f43e.png\" alt=\"\" width=\"16\" height=\"16\" \/><\/span><\/div> <div dir=\"auto\"><\/div> <\/div> <div class=\"x14z9mp xat24cr x1lziwak x1vvkbs xtlvy1s x126k92a\"> <div dir=\"auto\">A konferenci\u00e1r\u00f3l sz\u00f3l\u00f3 t\u00f6bb mint 5 \u00f3r\u00e1s felv\u00e9tel el\u00e9rhet\u0151 itt: <span class=\"html-span xdj266r x14z9mp xat24cr x1lziwak xexx8yu xyri2b x18d9i69 x1c1uobl x1hl2dhg x16tdsg8 x1vvkbs\"><a class=\"x1i10hfl xjbqb8w x1ejq31n x18oe1m7 x1sy0etr xstzfhl x972fbf x10w94by x1qhh985 x14e42zd x9f619 x1ypdohk xt0psk2 x3ct3a4 xdj266r x14z9mp xat24cr x1lziwak xexx8yu xyri2b x18d9i69 x1c1uobl x16tdsg8 x1hl2dhg xggy1nq x1a2a7pz xkrqix3 x1sur9pj x1fey0fg x1s688f\" role=\"link\" href=\"https:\/\/www.youtube.com\/watch?v=IVt2dqbltqc&amp;t=123s&amp;fbclid=IwZXh0bgNhZW0CMTAAYnJpZBEwT1B5bmMzQmc2R1JCVjBYTAEex-y5PpqJ7FTL16J3fMioDOfwjig5gGgPWOa5aVvL_9I9n_0z1IhxJUgROlw_aem_ulzYkMLPGvz8dYc7Sot-pg\" target=\"_blank\" rel=\"nofollow noopener noreferrer\">https:\/\/www.youtube.com\/watch?v=IVt2dqbltqc&amp;t=123s<\/a><\/span><\/div> <div dir=\"auto\"><\/div> <\/div> <div class=\"x14z9mp xat24cr x1lziwak x1vvkbs xtlvy1s x126k92a\"> <div dir=\"auto\">2024. november 12-\u00e9n m\u00e1sodik alkalommal gy\u0171lt \u00f6ssze t\u00f6bb mint 100 diplom\u00e1s \u00e1llatv\u00e9delmi szakember \u2013 \u00e1llatorvosok, jog\u00e1szok, pedag\u00f3gusok \u00e9s hallgat\u00f3k \u2013 az \u201e\u00c1llatv\u00e9delmi Aktualit\u00e1sok 2024 \u2013 II. Diplom\u00e1s \u00c1llatv\u00e9delmi Szakember Tal\u00e1lkoz\u00f3n\u201d, hogy megvitass\u00e1k az \u00e1llatv\u00e9delem legfontosabb k\u00e9rd\u00e9seit, megossz\u00e1k szakmai tud\u00e1sukat \u00e9s b\u0151v\u00edts\u00e9k ismereteiket. Az esem\u00e9nynek az \u00c1llatorvostudom\u00e1nyi Egyetem adott otthont. <span class=\"html-span xexx8yu xyri2b x18d9i69 x1c1uobl x1hl2dhg x16tdsg8 x1vvkbs x3nfvp2 x1j61x8r x1fcty0u xdj266r xat24cr xm2jcoa x1mpyi22 xxymvpz xlup9mm x1kky2od\"><img loading=\"lazy\" decoding=\"async\" class=\"xz74otr x15mokao x1ga7v0g x16uus16 xbiv7yw\" src=\"https:\/\/static.xx.fbcdn.net\/images\/emoji.php\/v9\/t70\/1\/16\/1f415.png\" alt=\"\" width=\"16\" height=\"16\" \/><\/span><span class=\"html-span xexx8yu xyri2b x18d9i69 x1c1uobl x1hl2dhg x16tdsg8 x1vvkbs x3nfvp2 x1j61x8r x1fcty0u xdj266r xat24cr xm2jcoa x1mpyi22 xxymvpz xlup9mm x1kky2od\"><img loading=\"lazy\" decoding=\"async\" class=\"xz74otr x15mokao x1ga7v0g x16uus16 xbiv7yw\" src=\"https:\/\/static.xx.fbcdn.net\/images\/emoji.php\/v9\/t54\/1\/16\/1f408.png\" alt=\"\" width=\"16\" height=\"16\" \/><\/span><\/div> <\/div> <div class=\"x14z9mp xat24cr x1lziwak x1vvkbs xtlvy1s x126k92a\"> <div dir=\"auto\">A konferenci\u00e1t S\u00f3tonyi P\u00e9ter, az \u00c1llatorvostudom\u00e1nyi Egyetem rektora nyitotta meg, majd d\u00e9lut\u00e1n Ov\u00e1di P\u00e9ter \u00e1llatv\u00e9delem\u00e9rt felel\u0151s korm\u00e1nybiztos ismertette a korm\u00e1ny leg\u00fajabb int\u00e9zked\u00e9seit, valamint k\u00f6zelj\u00f6v\u0151re vonatkoz\u00f3 terveit .<\/div> <\/div> <div class=\"x14z9mp xat24cr x1lziwak x1vvkbs xtlvy1s x126k92a\"> <div dir=\"auto\"><span class=\"html-span xexx8yu xyri2b x18d9i69 x1c1uobl x1hl2dhg x16tdsg8 x1vvkbs x3nfvp2 x1j61x8r x1fcty0u xdj266r xat24cr xm2jcoa x1mpyi22 xxymvpz xlup9mm x1kky2od\"><img loading=\"lazy\" decoding=\"async\" class=\"xz74otr x15mokao x1ga7v0g x16uus16 xbiv7yw\" src=\"https:\/\/static.xx.fbcdn.net\/images\/emoji.php\/v9\/t72\/1\/16\/1f538.png\" alt=\"\" width=\"16\" height=\"16\" \/><\/span> A nap folyam\u00e1n 16 el\u0151ad\u00e1s hangzott el a szakter\u00fclet 19 jeles k\u00e9pvisel\u0151j\u00e9t\u0151l, \u00e9rintve olyan t\u00e9m\u00e1kat, mint: lovak j\u00f3ll\u00e9t\u00e9nek jogi szab\u00e1lyoz\u00e1sa, bioterrorizmus az \u00e1llatv\u00e9delemben, helyes f\u00e9nyk\u00e9pez\u00e9si technik\u00e1k \u00e1llatv\u00e9delmi \u00fcgyekben, macskatart\u00e1sr\u00f3l sz\u00f3l\u00f3 leg\u00fajabb kutat\u00e1sok, borjak j\u00f3ll\u00e9te.<\/div> <\/div> <div class=\"x14z9mp xat24cr x1lziwak x1vvkbs xtlvy1s x126k92a\"> <div dir=\"auto\">A konferenci\u00e1n online r\u00e9szt vett Sean Butler, a Cambridge-i Egyetem professzora, aki az \u00e1llatjogok \u00e9s a hagyom\u00e1nyos \u00e1llatv\u00e9delmi jog k\u00f6z\u00f6tti k\u00fcl\u00f6nbs\u00e9gekr\u0151l \u00e9s hasonl\u00f3s\u00e1gokr\u00f3l tartott el\u0151ad\u00e1st. Emellett hallhattunk az Orsz\u00e1gos Polg\u00e1r\u0151r Sz\u00f6vets\u00e9g \u00e9s a Budapesti Rend\u0151rf\u0151kapit\u00e1nys\u00e1g \u00e1llatv\u00e9delmi tev\u00e9kenys\u00e9g\u00e9r\u0151l is \u2013 ut\u00f3bbit egy ukrajnai h\u00e1bor\u00fab\u00f3l mentett szolg\u00e1lati kutya, Ramb\u00f3 is k\u00e9pviselte! <span class=\"html-span xexx8yu xyri2b x18d9i69 x1c1uobl x1hl2dhg x16tdsg8 x1vvkbs x3nfvp2 x1j61x8r x1fcty0u xdj266r xat24cr xm2jcoa x1mpyi22 xxymvpz xlup9mm x1kky2od\"><img loading=\"lazy\" decoding=\"async\" class=\"xz74otr x15mokao x1ga7v0g x16uus16 xbiv7yw\" src=\"https:\/\/static.xx.fbcdn.net\/images\/emoji.php\/v9\/tde\/1\/16\/1f43e.png\" alt=\"\" width=\"16\" height=\"16\" \/><\/span><span class=\"html-span xexx8yu xyri2b x18d9i69 x1c1uobl x1hl2dhg x16tdsg8 x1vvkbs x3nfvp2 x1j61x8r x1fcty0u xdj266r xat24cr xm2jcoa x1mpyi22 xxymvpz xlup9mm x1kky2od\"><img loading=\"lazy\" decoding=\"async\" class=\"xz74otr x15mokao x1ga7v0g x16uus16 xbiv7yw\" src=\"https:\/\/static.xx.fbcdn.net\/images\/emoji.php\/v9\/t70\/1\/16\/1f415.png\" alt=\"\" width=\"16\" height=\"16\" \/><\/span><\/div> <\/div> <div class=\"x14z9mp xat24cr x1lziwak x1vvkbs xtlvy1s x126k92a\"> <div dir=\"auto\"><span class=\"html-span xexx8yu xyri2b x18d9i69 x1c1uobl x1hl2dhg x16tdsg8 x1vvkbs x3nfvp2 x1j61x8r x1fcty0u xdj266r xat24cr xm2jcoa x1mpyi22 xxymvpz xlup9mm x1kky2od\"><img loading=\"lazy\" decoding=\"async\" class=\"xz74otr x15mokao x1ga7v0g x16uus16 xbiv7yw\" src=\"https:\/\/static.xx.fbcdn.net\/images\/emoji.php\/v9\/tff\/1\/16\/1f3a5.png\" alt=\"\" width=\"16\" height=\"16\" \/><\/span> Az el\u0151ad\u00e1sok b\u00e1rki sz\u00e1m\u00e1ra ingyenesen megtekinthet\u0151ek online a k\u00f6vetkez\u0151 linken: XY<\/div> <\/div> <div class=\"x14z9mp xat24cr x1lziwak x1vvkbs xtlvy1s x126k92a\"> <div dir=\"auto\">Ez az esem\u00e9ny ism\u00e9t bizony\u00edtotta, hogy az \u00e1llatv\u00e9delem nemcsak hivat\u00e1s, hanem k\u00f6z\u00f6s \u00fcgy\u00fcnk, amely\u00e9rt \u00e9rdemes \u00f6sszefogni. <span class=\"html-span xexx8yu xyri2b x18d9i69 x1c1uobl x1hl2dhg x16tdsg8 x1vvkbs x3nfvp2 x1j61x8r x1fcty0u xdj266r xat24cr xm2jcoa x1mpyi22 xxymvpz xlup9mm x1kky2od\"><img loading=\"lazy\" decoding=\"async\" class=\"xz74otr x15mokao x1ga7v0g x16uus16 xbiv7yw\" src=\"https:\/\/static.xx.fbcdn.net\/images\/emoji.php\/v9\/t94\/1\/16\/1f49a.png\" alt=\"\" width=\"16\" height=\"16\" \/><\/span><\/div> <\/div> <div class=\"x14z9mp xat24cr x1lziwak x1vvkbs xtlvy1s x126k92a\"> <div dir=\"auto\">A k\u00f6vetkez\u0151 el\u0151ad\u00e1sok hangzottak el:<\/div> <\/div> <div class=\"x14z9mp xat24cr x1lziwak x1vvkbs xtlvy1s x126k92a\"> <div dir=\"auto\">01:18 Megnyit\u00f3 \u00e9s Rektori K\u00f6sz\u00f6nt\u0151. El\u0151ad\u00f3: Prof. Dr. S\u00f3tonyi P\u00e9ter, rektor (\u00c1llatorvostudom\u00e1nyi Egyetem)<\/div> <div dir=\"auto\">Moder\u00e1tor: Dr. Vetter Szilvia PhD. az \u00c1TE \u00c1llatv\u00e9delmi K\u00f6zpont vezet\u0151je<\/div> <\/div> <div class=\"x14z9mp xat24cr x1lziwak x1vvkbs xtlvy1s x126k92a\"> <div dir=\"auto\">12:07 \u201eK\u00f3stol\u00f3\u201d friss \u00e1llatv\u00e9delmi kutat\u00e1sainkb\u00f3l. Netnogr\u00e1fia, ivartalan\u00edt\u00e1s, zoof\u00edlia aktu\u00e1lis kutat\u00e1si eredm\u00e9nyei. El\u0151ad\u00f3: Dr. Vetter Szilvia PhD. LL.M. (\u00c1llatorvostudom\u00e1nyi Egyetem)<\/div> <\/div> <div class=\"x14z9mp xat24cr x1lziwak x1vvkbs xtlvy1s x126k92a\"> <div dir=\"auto\">26:00 Az Acta Animalia Hungarica, Magyarorsz\u00e1g els\u0151 \u00e1llatv\u00e9delmi tudom\u00e1nyos foly\u00f3irat\u00e1nak bemutat\u00e1sa. El\u0151ad\u00f3: Prof. Dr. Paulovics Anita (Miskolci Egyetem)<\/div> <\/div> <div class=\"x14z9mp xat24cr x1lziwak x1vvkbs xtlvy1s x126k92a\"> <div dir=\"auto\">43:15 Az \u00e1llatjog \u00e9s \u00e1llatv\u00e9delem jogi megk\u00f6zel\u00edt\u00e9se. Animal Rights vs. Traditional Animal Welfare (ANGOL NYELVEN). El\u0151ad\u00f3: Prof. Dr. Sean Butler (Cambridge Centre for Animal Rights Law \u2013 t\u00e1rsalap\u00edt\u00f3 \u00e9s igazgat\u00f3)<\/div> <\/div> <div class=\"x14z9mp xat24cr x1lziwak x1vvkbs xtlvy1s x126k92a\"> <div dir=\"auto\">1:14:25 Bioterrorizmus \u00e9s \u00e1llatv\u00e9delem. Prof. Dr. \u00d3zsv\u00e1ri L\u00e1szl\u00f3 rektorhelyettes (\u00c1llatorvostudom\u00e1nyi Egyetem)<\/div> <\/div> <div class=\"x14z9mp xat24cr x1lziwak x1vvkbs xtlvy1s x126k92a\"> <div dir=\"auto\">1:37:45 Helyes f\u00e9nyk\u00e9pez\u00e9si technika \u00e1llatv\u00e9delmi \u00fcgyekben. El\u0151ad\u00f3: Dr. Lor\u00e1szk\u00f3 G\u00e1bor Phd. (\u00c1llatorvostudom\u00e1nyi Egyetem)<\/div> <\/div> <div class=\"x14z9mp xat24cr x1lziwak x1vvkbs xtlvy1s x126k92a\"> <div dir=\"auto\">1:50:19 A BRFK \u00e1llatv\u00e9delmi tev\u00e9kenys\u00e9ge. El\u0151ad\u00f3k: Cz\u00e9der Andrea r. alezredes, Desk\u00f3 Gyula r. alezredes \u00e9s Ramb\u00f3 (BRFK)<\/div> <\/div> <div class=\"x14z9mp xat24cr x1lziwak x1vvkbs xtlvy1s x126k92a\"> <div dir=\"auto\">2:19:33 Az \u00e1llam \u00e1llatv\u00e9delmi t\u00f6rekv\u00e9sei Magyarorsz\u00e1gon. El\u0151ad\u00f3: Ov\u00e1di P\u00e9ter korm\u00e1nybiztos (Igazs\u00e1g\u00fcgyi Miniszt\u00e9rium)<\/div> <\/div> <div class=\"x14z9mp xat24cr x1lziwak x1vvkbs xtlvy1s x126k92a\"> <div dir=\"auto\">2:49:34 Bioetikai megfontol\u00e1sok \u00e9s h\u00e9tk\u00f6znapi \u00edt\u00e9letalkot\u00e1s. El\u0151ad\u00f3: Dr. habil. Fodor Kinga (\u00c1llatorvostudom\u00e1nyi Egyetem)<\/div> <\/div> <div class=\"x14z9mp xat24cr x1lziwak x1vvkbs xtlvy1s x126k92a\"> <div dir=\"auto\">3:19:00 A lovak j\u00f3ll\u00e9t\u00e9nek jogi szab\u00e1lyoz\u00e1sa. El\u0151ad\u00f3k: Dr. K\u00f6b\u00f6l Bogl\u00e1rka DVM, Dr. Karlovitz Kinga LL.M.<\/div> <\/div> <div class=\"x14z9mp xat24cr x1lziwak x1vvkbs xtlvy1s x126k92a\"> <div dir=\"auto\">3:43:17 Az OPSZ Szolg\u00e1lati Kuty\u00e1s \u00e9s \u00c1llatv\u00e9delmi Tagozat bemutat\u00e1sa. El\u0151ad\u00f3k: Dr. Frigyer L\u00e1szl\u00f3 r. alezredes, Dr. Dar\u00f3czi Istv\u00e1n LL.M. (OPSZ)<\/div> <\/div> <div class=\"x14z9mp xat24cr x1lziwak x1vvkbs xtlvy1s x126k92a\"> <div dir=\"auto\">4:06:48 Az ivartalan\u00edt\u00e1s nemzetk\u00f6zi \u00e1llatorvosi meg\u00edt\u00e9l\u00e9se. El\u0151ad\u00f3: Dr. M\u00fcller Linda PhD. (\u00c1llatorvostudom\u00e1nyi Egyetem)<\/div> <\/div> <div class=\"x14z9mp xat24cr x1lziwak x1vvkbs xtlvy1s x126k92a\"> <div dir=\"auto\">4:30:23 Betekint\u00e9s a Sz\u00e1zadv\u00e9g macskatart\u00e1sr\u00f3l sz\u00f3l\u00f3 \u00faj kutat\u00e1s\u00e1ba. El\u0151ad\u00f3: Dr. Horv\u00e1th Orsolya PhD. (Sz\u00e1zadv\u00e9g)<\/div> <\/div> <div class=\"x14z9mp xat24cr x1lziwak x1vvkbs xtlvy1s x126k92a\"> <div dir=\"auto\">4:53:00 Az \u00c1llatv\u00e9delmi Szakjog\u00e1szok Egyes\u00fclet\u00e9nek bemutat\u00e1sa. El\u0151ad\u00f3: Dr. Orczy-Sturmann \u00c1gnes LL.M. (\u00c1SZ)<\/div> <\/div> <div class=\"x14z9mp xat24cr x1lziwak x1vvkbs xtlvy1s x126k92a\"> <div dir=\"auto\">5:03:04 Az \u00c1llatv\u00e9delmi T\u00e9mah\u00e9t \u00e9s \u00c1llatbar\u00e1t Oktat\u00e1si Int\u00e9zm\u00e9nyek p\u00e1ly\u00e1zat. El\u0151ad\u00f3: Dr. Koska Hedvig DVM (\u00c1llatorvostudom\u00e1nyi Egyetem)<\/div> <\/div> <div class=\"x14z9mp xat24cr x1lziwak x1vvkbs xtlvy1s x126k92a\"> <div dir=\"auto\"><span class=\"html-span xdj266r x14z9mp xat24cr x1lziwak xexx8yu xyri2b x18d9i69 x1c1uobl x1hl2dhg x16tdsg8 x1vvkbs\"><a class=\"x1i10hfl xjbqb8w x1ejq31n x18oe1m7 x1sy0etr xstzfhl x972fbf x10w94by x1qhh985 x14e42zd x9f619 x1ypdohk xt0psk2 x3ct3a4 xdj266r x14z9mp xat24cr x1lziwak xexx8yu xyri2b x18d9i69 x1c1uobl x16tdsg8 x1hl2dhg xggy1nq x1a2a7pz xkrqix3 x1sur9pj x1fey0fg x1s688f\" role=\"link\" href=\"https:\/\/www.facebook.com\/hashtag\/%C3%A1llatv%C3%A9delem?__eep__=6&amp;__cft__[0]=AZWPnogYfrDZu3ddlp6TmsB46R8jENGIMbkPlUW6rGEAkyGAn9xo-VRtDpX6QtGZoq6w58jyuQiMHhO_IhZ0rlEl6Mk68gnTkmbUMoJjhM_U6vCNuRNDTv7Vd3T0-NpPzHiK02QPwFL7ielhoQF5037_T6Si64iS30hQu3_jHIrRNi9qRIlRO7abJLEZ79yASRE&amp;__tn__=*NK-R\">#\u00e1llatv\u00e9delem<\/a><\/span> <span class=\"html-span xdj266r x14z9mp xat24cr x1lziwak xexx8yu xyri2b x18d9i69 x1c1uobl x1hl2dhg x16tdsg8 x1vvkbs\"><a class=\"x1i10hfl xjbqb8w x1ejq31n x18oe1m7 x1sy0etr xstzfhl x972fbf x10w94by x1qhh985 x14e42zd x9f619 x1ypdohk xt0psk2 x3ct3a4 xdj266r x14z9mp xat24cr x1lziwak xexx8yu xyri2b x18d9i69 x1c1uobl x16tdsg8 x1hl2dhg xggy1nq x1a2a7pz xkrqix3 x1sur9pj x1fey0fg x1s688f\" role=\"link\" href=\"https:\/\/www.facebook.com\/hashtag\/diplom%C3%A1sszakemberek?__eep__=6&amp;__cft__[0]=AZWPnogYfrDZu3ddlp6TmsB46R8jENGIMbkPlUW6rGEAkyGAn9xo-VRtDpX6QtGZoq6w58jyuQiMHhO_IhZ0rlEl6Mk68gnTkmbUMoJjhM_U6vCNuRNDTv7Vd3T0-NpPzHiK02QPwFL7ielhoQF5037_T6Si64iS30hQu3_jHIrRNi9qRIlRO7abJLEZ79yASRE&amp;__tn__=*NK-R\">#diplom\u00e1sszakemberek<\/a><\/span> <span class=\"html-span xdj266r x14z9mp xat24cr x1lziwak xexx8yu xyri2b x18d9i69 x1c1uobl x1hl2dhg x16tdsg8 x1vvkbs\"><a class=\"x1i10hfl xjbqb8w x1ejq31n x18oe1m7 x1sy0etr xstzfhl x972fbf x10w94by x1qhh985 x14e42zd x9f619 x1ypdohk xt0psk2 x3ct3a4 xdj266r x14z9mp xat24cr x1lziwak xexx8yu xyri2b x18d9i69 x1c1uobl x16tdsg8 x1hl2dhg xggy1nq x1a2a7pz xkrqix3 x1sur9pj x1fey0fg x1s688f\" role=\"link\" href=\"https:\/\/www.facebook.com\/hashtag\/egy%C3%BCttaz%C3%A1llatok%C3%A9rt?__eep__=6&amp;__cft__[0]=AZWPnogYfrDZu3ddlp6TmsB46R8jENGIMbkPlUW6rGEAkyGAn9xo-VRtDpX6QtGZoq6w58jyuQiMHhO_IhZ0rlEl6Mk68gnTkmbUMoJjhM_U6vCNuRNDTv7Vd3T0-NpPzHiK02QPwFL7ielhoQF5037_T6Si64iS30hQu3_jHIrRNi9qRIlRO7abJLEZ79yASRE&amp;__tn__=*NK-R\">#egy\u00fcttaz\u00e1llatok\u00e9rt<\/a><\/span> <span class=\"html-span xdj266r x14z9mp xat24cr x1lziwak xexx8yu xyri2b x18d9i69 x1c1uobl x1hl2dhg x16tdsg8 x1vvkbs\"><a class=\"x1i10hfl xjbqb8w x1ejq31n x18oe1m7 x1sy0etr xstzfhl x972fbf x10w94by x1qhh985 x14e42zd x9f619 x1ypdohk xt0psk2 x3ct3a4 xdj266r x14z9mp xat24cr x1lziwak xexx8yu xyri2b x18d9i69 x1c1uobl x16tdsg8 x1hl2dhg xggy1nq x1a2a7pz xkrqix3 x1sur9pj x1fey0fg x1s688f\" role=\"link\" href=\"https:\/\/www.facebook.com\/hashtag\/%C3%A1llatorvostudom%C3%A1nyiegyetem?__eep__=6&amp;__cft__[0]=AZWPnogYfrDZu3ddlp6TmsB46R8jENGIMbkPlUW6rGEAkyGAn9xo-VRtDpX6QtGZoq6w58jyuQiMHhO_IhZ0rlEl6Mk68gnTkmbUMoJjhM_U6vCNuRNDTv7Vd3T0-NpPzHiK02QPwFL7ielhoQF5037_T6Si64iS30hQu3_jHIrRNi9qRIlRO7abJLEZ79yASRE&amp;__tn__=*NK-R\">#\u00c1llatorvostudom\u00e1nyiEgyetem<\/a><\/span> <span class=\"html-span xdj266r x14z9mp xat24cr x1lziwak xexx8yu xyri2b x18d9i69 x1c1uobl x1hl2dhg x16tdsg8 x1vvkbs\"><a class=\"x1i10hfl xjbqb8w x1ejq31n x18oe1m7 x1sy0etr xstzfhl x972fbf x10w94by x1qhh985 x14e42zd x9f619 x1ypdohk xt0psk2 x3ct3a4 xdj266r x14z9mp xat24cr x1lziwak xexx8yu xyri2b x18d9i69 x1c1uobl x16tdsg8 x1hl2dhg xggy1nq x1a2a7pz xkrqix3 x1sur9pj x1fey0fg x1s688f\" role=\"link\" href=\"https:\/\/www.facebook.com\/hashtag\/%C3%A1llatv%C3%A9delmik%C3%B6zpont?__eep__=6&amp;__cft__[0]=AZWPnogYfrDZu3ddlp6TmsB46R8jENGIMbkPlUW6rGEAkyGAn9xo-VRtDpX6QtGZoq6w58jyuQiMHhO_IhZ0rlEl6Mk68gnTkmbUMoJjhM_U6vCNuRNDTv7Vd3T0-NpPzHiK02QPwFL7ielhoQF5037_T6Si64iS30hQu3_jHIrRNi9qRIlRO7abJLEZ79yASRE&amp;__tn__=*NK-R\">#\u00e1llatv\u00e9delmik\u00f6zpont<\/a><\/span><\/div> <\/div>","protected":false},"excerpt":{"rendered":"<p>SIKERESEN Z\u00c1RULT AZ \u00c1LLATV\u00c9DELMI SZAKEMBEREK M\u00c1SODIK TAL\u00c1LKOZ\u00d3JA AZ \u00c1LLATORVOSTUDOM\u00c1NYI EGYETEMEN! A konferenci\u00e1r\u00f3l sz\u00f3l\u00f3 t\u00f6bb mint 5 \u00f3r\u00e1s felv\u00e9tel el\u00e9rhet\u0151 itt: https:\/\/www.youtube.com\/watch?v=IVt2dqbltqc&amp;t=123s 2024. november 12-\u00e9n m\u00e1sodik alkalommal gy\u0171lt \u00f6ssze t\u00f6bb mint 100 diplom\u00e1s \u00e1llatv\u00e9delmi szakember \u2013 \u00e1llatorvosok, jog\u00e1szok, pedag\u00f3gusok \u00e9s hallgat\u00f3k \u2013 az \u201e\u00c1llatv\u00e9delmi Aktualit\u00e1sok 2024 \u2013 II. Diplom\u00e1s \u00c1llatv\u00e9delmi Szakember Tal\u00e1lkoz\u00f3n\u201d, hogy megvitass\u00e1k az \u00e1llatv\u00e9delem<\/p>\n","protected":false},"author":3837,"featured_media":0,"parent":79574,"menu_order":10,"comment_status":"open","ping_status":"open","template":"","meta":{"_acf_changed":false,"footnotes":""},"categories":[],"tags":[],"class_list":["post-189651","page","type-page","status-publish","hentry"],"acf":[],"_links":{"self":[{"href":"https:\/\/univet.hu\/hu\/wp-json\/wp\/v2\/pages\/189651","targetHints":{"allow":["GET"]}}],"collection":[{"href":"https:\/\/univet.hu\/hu\/wp-json\/wp\/v2\/pages"}],"about":[{"href":"https:\/\/univet.hu\/hu\/wp-json\/wp\/v2\/types\/page"}],"author":[{"embeddable":true,"href":"https:\/\/univet.hu\/hu\/wp-json\/wp\/v2\/users\/3837"}],"replies":[{"embeddable":true,"href":"https:\/\/univet.hu\/hu\/wp-json\/wp\/v2\/comments?post=189651"}],"version-history":[{"count":1,"href":"https:\/\/univet.hu\/hu\/wp-json\/wp\/v2\/pages\/189651\/revisions"}],"predecessor-version":[{"id":189652,"href":"https:\/\/univet.hu\/hu\/wp-json\/wp\/v2\/pages\/189651\/revisions\/189652"}],"up":[{"embeddable":true,"href":"https:\/\/univet.hu\/hu\/wp-json\/wp\/v2\/pages\/79574"}],"wp:attachment":[{"href":"https:\/\/univet.hu\/hu\/wp-json\/wp\/v2\/media?parent=189651"}],"wp:term":[{"taxonomy":"category","embeddable":true,"href":"https:\/\/univet.hu\/hu\/wp-json\/wp\/v2\/categories?post=189651"},{"taxonomy":"post_tag","embeddable":true,"href":"https:\/\/univet.hu\/hu\/wp-json\/wp\/v2\/tags?post=189651"}],"curies":[{"name":"wp","href":"https:\/\/api.w.org\/{rel}","templated":true}]}}