{"id":190373,"date":"2025-09-10T13:36:52","date_gmt":"2025-09-10T11:36:52","guid":{"rendered":"https:\/\/univet.hu\/hu\/marek-jozsef-alapitvany\/new_child_page\/"},"modified":"2025-10-07T12:47:38","modified_gmt":"2025-10-07T10:47:38","slug":"kozzeteteli-adatok","status":"publish","type":"page","link":"https:\/\/univet.hu\/hu\/marek-jozsef-alapitvany\/kozerdeku-adatok\/kozzeteteli-adatok\/","title":{"rendered":"IV. K\u00f6zadat keres\u0151"},"content":{"rendered":"<p><a href=\"https:\/\/www.kozadat.hu\/kereso\/kozfeladatot-ellato-szervek\/adatlap\/8455\">Hivatkoz\u00e1s<\/a> egys\u00e9ges k\u00f6zadatkeres\u0151 rendszerre.<\/p> <p>&nbsp;<\/p> <p>&nbsp;<\/p>","protected":false},"excerpt":{"rendered":"<p>Hivatkoz\u00e1s egys\u00e9ges k\u00f6zadatkeres\u0151 rendszerre. &nbsp; &nbsp;<\/p>\n","protected":false},"author":852,"featured_media":0,"parent":191682,"menu_order":4,"comment_status":"open","ping_status":"open","template":"","meta":{"_acf_changed":false,"footnotes":""},"categories":[],"tags":[],"class_list":["post-190373","page","type-page","status-publish","hentry"],"acf":[],"_links":{"self":[{"href":"https:\/\/univet.hu\/hu\/wp-json\/wp\/v2\/pages\/190373","targetHints":{"allow":["GET"]}}],"collection":[{"href":"https:\/\/univet.hu\/hu\/wp-json\/wp\/v2\/pages"}],"about":[{"href":"https:\/\/univet.hu\/hu\/wp-json\/wp\/v2\/types\/page"}],"author":[{"embeddable":true,"href":"https:\/\/univet.hu\/hu\/wp-json\/wp\/v2\/users\/852"}],"replies":[{"embeddable":true,"href":"https:\/\/univet.hu\/hu\/wp-json\/wp\/v2\/comments?post=190373"}],"version-history":[{"count":5,"href":"https:\/\/univet.hu\/hu\/wp-json\/wp\/v2\/pages\/190373\/revisions"}],"predecessor-version":[{"id":190466,"href":"https:\/\/univet.hu\/hu\/wp-json\/wp\/v2\/pages\/190373\/revisions\/190466"}],"up":[{"embeddable":true,"href":"https:\/\/univet.hu\/hu\/wp-json\/wp\/v2\/pages\/191682"}],"wp:attachment":[{"href":"https:\/\/univet.hu\/hu\/wp-json\/wp\/v2\/media?parent=190373"}],"wp:term":[{"taxonomy":"category","embeddable":true,"href":"https:\/\/univet.hu\/hu\/wp-json\/wp\/v2\/categories?post=190373"},{"taxonomy":"post_tag","embeddable":true,"href":"https:\/\/univet.hu\/hu\/wp-json\/wp\/v2\/tags?post=190373"}],"curies":[{"name":"wp","href":"https:\/\/api.w.org\/{rel}","templated":true}]}}