{"id":191123,"date":"2025-09-25T12:36:43","date_gmt":"2025-09-25T10:36:43","guid":{"rendered":"https:\/\/univet.hu\/hu\/oktatas\/tanulmanyi-osztaly\/allasajanlatok\/new_child_page-2\/"},"modified":"2025-09-25T12:36:43","modified_gmt":"2025-09-25T10:36:43","slug":"erdvet-allatorvosi-rendelo","status":"publish","type":"page","link":"https:\/\/univet.hu\/hu\/oktatas\/tanulmanyi-osztaly\/allasajanlatok\/erdvet-allatorvosi-rendelo\/","title":{"rendered":"\u00c9rdVet \u00c1llatorvosi Rendel\u0151"},"content":{"rendered":"<p>2025.09.25<\/p> <p><strong>\u00c1llatorvos poz\u00edci\u00f3<\/strong><\/p> <p>&nbsp;<\/p> <p>\u00c9rd-Parkv\u00e1rosban m\u0171k\u00f6d\u0151 \u00e1llatorvosi rendel\u0151nkbe keress\u00fck megl\u00e9v\u0151 h\u00e1rom \u00e1llatorvosunk mell\u00e9 r\u00e9sz- vagy ak\u00e1r teljes munkaid\u0151be \u00faj koll\u00e9g\u00e1nkat, azonnali kezd\u00e9ssel.<\/p> <p>Csal\u00e1dias rendel\u0151nk t\u00f6bb \u00e9vtizedes m\u00faltra tekint vissza, folyamatosan b\u0151v\u00fcl\u0151 pacient\u00far\u00e1nknak k\u00f6sz\u00f6nhet\u0151en azonban a csapat b\u0151v\u00edt\u00e9se is sz\u00fcks\u00e9gess\u00e9 v\u00e1lt, ehhez keres\u00fcnk hossz\u00fa t\u00e1vra koll\u00e9g\u00e1t, aki heti legal\u00e1bb 3 h\u00e9tk\u00f6znapot (9:30-19:30) \u00e9s havi egy szombati munkanapot (9:30-13:30) tudna v\u00e1llalni.<\/p> <p>Rendel\u0151nk szinte kiz\u00e1r\u00f3lag kutya-macska praxis, melyet igyeksz\u00fcnk a lehet\u0151 legmagasabb szinten a legt\u00f6bb odafigyel\u00e9ssel ell\u00e1tni. Ezt seg\u00edti az \u00e1lland\u00f3 2-3 f\u0151s szakk\u00e9pzett asszisztencia, recepci\u00f3 valamint kimagasl\u00f3 m\u0171szerezetts\u00e9g\u00fcnk is. Sz\u00e9les k\u00f6r\u0171 h\u00e1zi laborral rendelkez\u00fcnk, digit\u00e1lis r\u00f6ntgen, modern altat\u00f3g\u00e9ppel felszerelt m\u0171t\u0151, k\u00fcl\u00f6n inf\u00fazi\u00f3s helyis\u00e9g, hospitaliz\u00e1l\u00e1si lehet\u0151s\u00e9g, fog\u00e1szati kezel\u0151egys\u00e9g, videootoszk\u00f3p, merev valamint flexibilis endoszk\u00f3p, minden kezel\u0151ben ultrahang k\u00e9sz\u00fcl\u00e9k, kisz\u00e1ll\u00e1sokhoz c\u00e9ges g\u00e9pkocsi seg\u00edtik a munk\u00e1t.<\/p> <p>Praxisfiloz\u00f3fi\u00e1nk egyik f\u0151 \u00e9p\u00edt\u0151k\u00f6ve a kommunik\u00e1ci\u00f3, a gazdikkal val\u00f3 szem\u00e9lyes kapcsolat kialak\u00edt\u00e1sa, \u00edgy olyan koll\u00e9g\u00e1t keres\u00fcnk, aki ezeken az \u00e9rt\u00e9keken osztozik, valamint k\u00e9pes a csapat r\u00e9sz\u00e9v\u00e9 v\u00e1lni, szolg\u00e1ltat\u00e1sk\u00f6zpont\u00fa szeml\u00e9let\u00fcnket mag\u00e1\u00e9v\u00e1 tenni \u00e9s hossz\u00fa t\u00e1vra tervezni. B\u00e1r kis rendel\u0151h\u00f6z k\u00e9pest nagy esetsz\u00e1mmal \u00e9s nem id\u0151pontos rendszerben dolgozunk, nem szeretn\u00e9nk fut\u00f3szalag rendel\u0151v\u00e9 v\u00e1lni: fontosnak tartjuk az esetekre t\u00f6rt\u00e9n\u0151 maxim\u00e1lis odafigyel\u00e9st, ut\u00e1naj\u00e1r\u00e1st, az ut\u00e1nk\u00f6vet\u00e9st, a diagnosztikai lehet\u0151s\u00e9gek kihaszn\u00e1l\u00e1s\u00e1t \u00e9s a pozit\u00edv \u00fcgyf\u00e9l \u00e9lm\u00e9nyt.<\/p> <p>R\u00e9g\u00f3ta m\u0171k\u00f6d\u0151 praxis l\u00e9v\u00e9n stabil pacient\u00far\u00e1val rendelkez\u00fcnk \u00e9s vannak bev\u00e1lt protokolljaink, ugyanakkor nyitottak \u00e9s innovat\u00edvak vagyunk \u00e9s ezt v\u00e1rjuk leend\u0151 koll\u00e9g\u00e1nkt\u00f3l is. Anyagilag is t\u00e1mogatjuk szakmai fejl\u0151d\u00e9sedet, \u00f6tleteidre \u00e9s el\u0151remutat\u00f3 \u00faj\u00edt\u00e1sokra nyitottak vagyunk.<\/p> <p>\u00d6r\u00f6mmel venn\u00e9nk, ha a m\u0171t\u0151ben is szeretn\u00e9l dolgozni, els\u0151sorban l\u00e1gyszervi m\u0171t\u00e9teket v\u00e9gz\u00fcnk.<br \/> T\u00e1mogatjuk \u00e9s seg\u00edtj\u00fck a specializ\u00e1l\u00f3d\u00e1st, ha egy ter\u00fcletben szeretn\u00e9l jobban elm\u00e9ly\u00fclni, n\u00e1lunk megteheted!<\/p> <p>Anyagilag is igyeksz\u00fcnk koll\u00e9g\u00e1inkat megbecs\u00fclni, \u00f3rab\u00e9res d\u00edjad mellett \u00e9s a tov\u00e1bbk\u00e9pz\u00e9seid anyagi t\u00e1mogat\u00e1s\u00e1n t\u00fal, kamarai tagd\u00edjad \u00e9s felel\u0151ss\u00e9gbiztos\u00edt\u00e1sod is \u00e1tv\u00e1llaljuk, munkahelyi \u00e9tkez\u00e9sed \u00e9s bej\u00e1r\u00e1sod fizetj\u00fck, saj\u00e1t \u00e1llataid ell\u00e1t\u00e1s\u00e1t \u00e9s gy\u00f3gyszerk\u00f6lts\u00e9g\u00e9t beszerz\u00e9si \u00e1ron biztos\u00edtjuk, hogy a fizet\u00e9sed t\u00e9nyleg magadra tudd ford\u00edtani.<\/p> <p>\u00d6r\u00fcln\u00e9nk ha m\u00e1r lenne legal\u00e1bb n\u00e9mi klinikai tapasztalatod, de p\u00e1lyakezd\u0151k jelentkez\u00e9s\u00e9t is sz\u00edvesen fogadjuk!<\/p> <p>Jelentkez\u00e9sedet emailben az <a class=\"decrypt\" rel=\"jogpAfsewfu\/iv\" href=\"javascript:void(0);\">[Kattintson az emailc\u00edmhez]<\/a> c\u00edmen v\u00e1rjuk vagy telefonon a 30\/339-9876-os sz\u00e1mon.<\/p>","protected":false},"excerpt":{"rendered":"<p>2025.09.25 \u00c1llatorvos poz\u00edci\u00f3 &nbsp; \u00c9rd-Parkv\u00e1rosban m\u0171k\u00f6d\u0151 \u00e1llatorvosi rendel\u0151nkbe keress\u00fck megl\u00e9v\u0151 h\u00e1rom \u00e1llatorvosunk mell\u00e9 r\u00e9sz- vagy ak\u00e1r teljes munkaid\u0151be \u00faj koll\u00e9g\u00e1nkat, azonnali kezd\u00e9ssel. Csal\u00e1dias rendel\u0151nk t\u00f6bb \u00e9vtizedes m\u00faltra tekint vissza, folyamatosan b\u0151v\u00fcl\u0151 pacient\u00far\u00e1nknak k\u00f6sz\u00f6nhet\u0151en azonban a csapat b\u0151v\u00edt\u00e9se is sz\u00fcks\u00e9gess\u00e9 v\u00e1lt, ehhez keres\u00fcnk hossz\u00fa t\u00e1vra koll\u00e9g\u00e1t, aki heti legal\u00e1bb 3 h\u00e9tk\u00f6znapot (9:30-19:30) \u00e9s havi egy szombati<\/p>\n","protected":false},"author":5795,"featured_media":0,"parent":26415,"menu_order":0,"comment_status":"open","ping_status":"open","template":"","meta":{"_acf_changed":false,"footnotes":""},"categories":[],"tags":[],"class_list":["post-191123","page","type-page","status-publish","hentry"],"acf":[],"_links":{"self":[{"href":"https:\/\/univet.hu\/hu\/wp-json\/wp\/v2\/pages\/191123","targetHints":{"allow":["GET"]}}],"collection":[{"href":"https:\/\/univet.hu\/hu\/wp-json\/wp\/v2\/pages"}],"about":[{"href":"https:\/\/univet.hu\/hu\/wp-json\/wp\/v2\/types\/page"}],"author":[{"embeddable":true,"href":"https:\/\/univet.hu\/hu\/wp-json\/wp\/v2\/users\/5795"}],"replies":[{"embeddable":true,"href":"https:\/\/univet.hu\/hu\/wp-json\/wp\/v2\/comments?post=191123"}],"version-history":[{"count":1,"href":"https:\/\/univet.hu\/hu\/wp-json\/wp\/v2\/pages\/191123\/revisions"}],"predecessor-version":[{"id":191125,"href":"https:\/\/univet.hu\/hu\/wp-json\/wp\/v2\/pages\/191123\/revisions\/191125"}],"up":[{"embeddable":true,"href":"https:\/\/univet.hu\/hu\/wp-json\/wp\/v2\/pages\/26415"}],"wp:attachment":[{"href":"https:\/\/univet.hu\/hu\/wp-json\/wp\/v2\/media?parent=191123"}],"wp:term":[{"taxonomy":"category","embeddable":true,"href":"https:\/\/univet.hu\/hu\/wp-json\/wp\/v2\/categories?post=191123"},{"taxonomy":"post_tag","embeddable":true,"href":"https:\/\/univet.hu\/hu\/wp-json\/wp\/v2\/tags?post=191123"}],"curies":[{"name":"wp","href":"https:\/\/api.w.org\/{rel}","templated":true}]}}