{"id":191213,"date":"2022-05-25T13:35:39","date_gmt":"2022-05-25T11:35:39","guid":{"rendered":"https:\/\/univet.hu\/egyetem\/munkatarsak\/dr-csintalanne-steiner-monika\/"},"modified":"2026-02-10T03:55:50","modified_gmt":"2026-02-10T02:55:50","slug":"dr-csintalanne-steiner-monika","status":"publish","type":"page","link":"https:\/\/univet.hu\/hu\/egyetem\/munkatarsak\/dr-csintalanne-steiner-monika\/","title":{"rendered":"M\u00f3nika Csintalann\u00e9 Steiner"},"content":{"rendered":"<h2><span style=\"font-size: 12pt\">Angol 4. \u00e9s 5. \u00e9vfolyamok, valamint 4. \u00e9s\u00a0 5. \u00e9v ut\u00e1ni inakt\u00edv hallgat\u00f3k<\/span><\/h2>","protected":false},"excerpt":{"rendered":"<p>Angol 4. \u00e9s 5. \u00e9vfolyamok, valamint 4. \u00e9s\u00a0 5. \u00e9v ut\u00e1ni inakt\u00edv hallgat\u00f3k<\/p>\n","protected":false},"author":5824,"featured_media":0,"parent":858,"menu_order":0,"comment_status":"open","ping_status":"open","template":"","meta":{"_acf_changed":false,"footnotes":""},"categories":[],"tags":[],"class_list":["post-191213","page","type-page","status-publish","hentry"],"acf":[],"_links":{"self":[{"href":"https:\/\/univet.hu\/hu\/wp-json\/wp\/v2\/pages\/191213","targetHints":{"allow":["GET"]}}],"collection":[{"href":"https:\/\/univet.hu\/hu\/wp-json\/wp\/v2\/pages"}],"about":[{"href":"https:\/\/univet.hu\/hu\/wp-json\/wp\/v2\/types\/page"}],"author":[{"embeddable":true,"href":"https:\/\/univet.hu\/hu\/wp-json\/wp\/v2\/users\/5824"}],"replies":[{"embeddable":true,"href":"https:\/\/univet.hu\/hu\/wp-json\/wp\/v2\/comments?post=191213"}],"version-history":[{"count":2,"href":"https:\/\/univet.hu\/hu\/wp-json\/wp\/v2\/pages\/191213\/revisions"}],"predecessor-version":[{"id":191218,"href":"https:\/\/univet.hu\/hu\/wp-json\/wp\/v2\/pages\/191213\/revisions\/191218"}],"up":[{"embeddable":true,"href":"https:\/\/univet.hu\/hu\/wp-json\/wp\/v2\/pages\/858"}],"wp:attachment":[{"href":"https:\/\/univet.hu\/hu\/wp-json\/wp\/v2\/media?parent=191213"}],"wp:term":[{"taxonomy":"category","embeddable":true,"href":"https:\/\/univet.hu\/hu\/wp-json\/wp\/v2\/categories?post=191213"},{"taxonomy":"post_tag","embeddable":true,"href":"https:\/\/univet.hu\/hu\/wp-json\/wp\/v2\/tags?post=191213"}],"curies":[{"name":"wp","href":"https:\/\/api.w.org\/{rel}","templated":true}]}}