{"id":191650,"date":"2025-10-06T14:59:07","date_gmt":"2025-10-06T12:59:07","guid":{"rendered":"https:\/\/univet.hu\/hu\/oktatas\/tanulmanyi-osztaly\/allasajanlatok\/new_child_page-2\/"},"modified":"2025-10-06T15:02:09","modified_gmt":"2025-10-06T13:02:09","slug":"etelevet-allatorvosi-rendelo","status":"publish","type":"page","link":"https:\/\/univet.hu\/hu\/oktatas\/tanulmanyi-osztaly\/allasajanlatok\/etelevet-allatorvosi-rendelo\/","title":{"rendered":"EteleVet \u00c1llatorvosi rendel\u0151"},"content":{"rendered":"<p>2025.10.06<\/p> <div> <div> <p class=\"x_MsoNormal\"><b><span data-olk-copy-source=\"MessageBody\">\u00c1llatorvost keres\u00fcnk r\u00e9szmunkaid\u0151ben az EteleVet \u00c1llatorvosi rendel\u0151be!<\/span><\/b><\/p> <\/div> <\/div> <div> <div> <p class=\"x_MsoNormal\">Az\u00a0<b>EteleVet<\/b>\u00a0csal\u00e1dias, j\u00f3l felszerelt \u00e1llatorvosi rendel\u0151 Budapesten, a\u00a0<b>Kelenf\u00f6ldi p\u00e1lyaudvarn\u00e1l<\/b>, k\u00f6nnyen megk\u00f6zel\u00edthet\u0151 helyen.<\/p> <\/div> <\/div> <div> <div> <p class=\"x_MsoNormal\">Ha szeretn\u00e9l bar\u00e1ts\u00e1gos l\u00e9gk\u00f6rben, modern k\u00f6rnyezetben dolgozni, \u00e9s fontos sz\u00e1modra a min\u0151s\u00e9gi betegell\u00e1t\u00e1s, v\u00e1rjuk jelentkez\u00e9sedet.<\/p> <\/div> <\/div> <div> <div> <p class=\"x_MsoNormal\"><b>Amit k\u00edn\u00e1lunk:<\/b><\/p> <\/div> <\/div> <div> <div> <ul type=\"disc\"> <li class=\"x_MsoNormal\">R\u00e9szmunkaid\u0151s munkalehet\u0151s\u00e9g: heti 20 \u00f3ra (h\u00e9tk\u00f6znap)<\/li> <\/ul> <\/div> <\/div> <div> <div> <ul type=\"disc\"> <li class=\"x_MsoNormal\">\u00d3rab\u00e9r: nett\u00f3 5.500 Ft\/\u00f3ra<\/li> <\/ul> <\/div> <\/div> <div> <div> <ul type=\"disc\"> <li class=\"x_MsoNormal\">Modern felszerel\u00e9s: altat\u00f3g\u00e9p, turbin\u00e1s fog\u00e1szati eszk\u00f6z\u00f6k, oxig\u00e9nkoncentr\u00e1tor, MyLab Seven ultrahang (sz\u00edv \u00e9s hasi vizsg\u00e1latok)<\/li> <\/ul> <\/div> <\/div> <div> <div> <ul type=\"disc\"> <li class=\"x_MsoNormal\">Kis l\u00e9tsz\u00e1m\u00fa, \u00f6sszeszokott csapat, csal\u00e1dias hangulat<\/li> <\/ul> <\/div> <\/div> <div> <div> <ul type=\"disc\"> <li class=\"x_MsoNormal\">V\u00e1ltozatos esetek, szakmai fejl\u0151d\u00e9si lehet\u0151s\u00e9g<\/li> <\/ul> <\/div> <\/div> <div> <div> <p class=\"x_MsoNormal\"><b>Elv\u00e1r\u00e1sok:<\/b><\/p> <\/div> <\/div> <div> <div> <ul type=\"disc\"> <li class=\"x_MsoNormal\">\u00c1llatorvosi diploma<\/li> <\/ul> <\/div> <\/div> <div> <div> <ul type=\"disc\"> <li class=\"x_MsoNormal\">Legal\u00e1bb 6 h\u00f3nap gyakorlati tapasztalat kis\u00e1llatpraxisban<\/li> <\/ul> <\/div> <\/div> <div> <div> <ul type=\"disc\"> <li class=\"x_MsoNormal\">J\u00f3 kommunik\u00e1ci\u00f3s k\u00e9szs\u00e9g, empatikus hozz\u00e1\u00e1ll\u00e1s<\/li> <\/ul> <\/div> <\/div> <div> <div> <p class=\"x_MsoNormal\"><b>El\u0151nyt jelent, de nem felt\u00e9tel:<\/b><\/p> <\/div> <\/div> <div> <div> <ul type=\"disc\"> <li class=\"x_MsoNormal\">Tapasztalat l\u00e1gyszervi seb\u00e9szetben<\/li> <\/ul> <\/div> <\/div> <div> <div> <ul type=\"disc\"> <li class=\"x_MsoNormal\">Ultrahangos j\u00e1rtass\u00e1g (sz\u00edv vagy hasi vizsg\u00e1latok)<\/li> <\/ul> <\/div> <\/div> <div> <div> <p class=\"x_MsoNormal\"><b>Munkav\u00e9gz\u00e9s helye:<\/b><br \/> EteleVet \u00e1llatorvosi rendel\u0151 \u2013 XI. ker\u00fclet, Kelenf\u00f6ldi p\u00e1lyaudvar mellett.<\/p> <\/div> <\/div> <div> <div> <p class=\"x_MsoNormal\">Jelentkez\u00e9s: F\u00e9nyk\u00e9pes \u00f6n\u00e9letrajzot az\u00a0<b><a class=\"decrypt\" rel=\"jogpAfufmfwfu\/iv\" href=\"javascript:void(0);\">[Kattintson az emailc\u00edmhez]<\/a>\u00a0<\/b>c\u00edmre v\u00e1runk.<\/p> <\/div> <\/div>","protected":false},"excerpt":{"rendered":"<p>2025.10.06 \u00c1llatorvost keres\u00fcnk r\u00e9szmunkaid\u0151ben az EteleVet \u00c1llatorvosi rendel\u0151be! Az\u00a0EteleVet\u00a0csal\u00e1dias, j\u00f3l felszerelt \u00e1llatorvosi rendel\u0151 Budapesten, a\u00a0Kelenf\u00f6ldi p\u00e1lyaudvarn\u00e1l, k\u00f6nnyen megk\u00f6zel\u00edthet\u0151 helyen. Ha szeretn\u00e9l bar\u00e1ts\u00e1gos l\u00e9gk\u00f6rben, modern k\u00f6rnyezetben dolgozni, \u00e9s fontos sz\u00e1modra a min\u0151s\u00e9gi betegell\u00e1t\u00e1s, v\u00e1rjuk jelentkez\u00e9sedet. Amit k\u00edn\u00e1lunk: R\u00e9szmunkaid\u0151s munkalehet\u0151s\u00e9g: heti 20 \u00f3ra (h\u00e9tk\u00f6znap) \u00d3rab\u00e9r: nett\u00f3 5.500 Ft\/\u00f3ra Modern felszerel\u00e9s: altat\u00f3g\u00e9p, turbin\u00e1s fog\u00e1szati eszk\u00f6z\u00f6k, oxig\u00e9nkoncentr\u00e1tor, MyLab Seven<\/p>\n","protected":false},"author":5795,"featured_media":0,"parent":26415,"menu_order":0,"comment_status":"open","ping_status":"open","template":"","meta":{"_acf_changed":false,"footnotes":""},"categories":[],"tags":[],"class_list":["post-191650","page","type-page","status-publish","hentry"],"acf":[],"_links":{"self":[{"href":"https:\/\/univet.hu\/hu\/wp-json\/wp\/v2\/pages\/191650","targetHints":{"allow":["GET"]}}],"collection":[{"href":"https:\/\/univet.hu\/hu\/wp-json\/wp\/v2\/pages"}],"about":[{"href":"https:\/\/univet.hu\/hu\/wp-json\/wp\/v2\/types\/page"}],"author":[{"embeddable":true,"href":"https:\/\/univet.hu\/hu\/wp-json\/wp\/v2\/users\/5795"}],"replies":[{"embeddable":true,"href":"https:\/\/univet.hu\/hu\/wp-json\/wp\/v2\/comments?post=191650"}],"version-history":[{"count":2,"href":"https:\/\/univet.hu\/hu\/wp-json\/wp\/v2\/pages\/191650\/revisions"}],"predecessor-version":[{"id":191652,"href":"https:\/\/univet.hu\/hu\/wp-json\/wp\/v2\/pages\/191650\/revisions\/191652"}],"up":[{"embeddable":true,"href":"https:\/\/univet.hu\/hu\/wp-json\/wp\/v2\/pages\/26415"}],"wp:attachment":[{"href":"https:\/\/univet.hu\/hu\/wp-json\/wp\/v2\/media?parent=191650"}],"wp:term":[{"taxonomy":"category","embeddable":true,"href":"https:\/\/univet.hu\/hu\/wp-json\/wp\/v2\/categories?post=191650"},{"taxonomy":"post_tag","embeddable":true,"href":"https:\/\/univet.hu\/hu\/wp-json\/wp\/v2\/tags?post=191650"}],"curies":[{"name":"wp","href":"https:\/\/api.w.org\/{rel}","templated":true}]}}