{"id":192145,"date":"2025-10-13T12:37:54","date_gmt":"2025-10-13T10:37:54","guid":{"rendered":"https:\/\/univet.hu\/hu\/egyetem\/munkatarsak\/varhidi_zsoka-2\/"},"modified":"2026-02-10T03:57:34","modified_gmt":"2026-02-10T02:57:34","slug":"varhidi-zsoka","status":"publish","type":"page","link":"https:\/\/univet.hu\/hu\/egyetem\/munkatarsak\/varhidi-zsoka\/","title":{"rendered":"V\u00e1rhidi Zs\u00f3ka"},"content":{"rendered":"<p><strong>Bemutatkoz\u00e1s<\/strong><\/p> <p>Dr. V\u00e1rhidi Zs\u00f3ka k\u00f6z\u00e9piskolai tanulm\u00e1nyait a Szegedi Radn\u00f3ti Mikl\u00f3s K\u00eds\u00e9rleti Gimn\u00e1ziumban v\u00e9gezte matematika tagozaton, majd 2021-ben szerzett diplom\u00e1t az \u00c1llatorvostudom\u00e1nyi Egyetemen. Ebben az \u00e9vben kezdte meg PhD tanulm\u00e1nyait, \u00e9s kapcsol\u00f3dott be az \u00c1llathigi\u00e9niai, \u00c1llom\u00e1ny-eg\u00e9szs\u00e9gtani Tansz\u00e9k \u00e9s Mobilklinika oktat\u00e1si-kutat\u00e1si feladataiba, \u00e1llatorvosi rendel\u0151ben v\u00e9gzett munka mellett. Jelenleg tansz\u00e9ki \u00e1llatorvosk\u00e9nt az Alkalmazott etol\u00f3gia kurzus egyik el\u0151ad\u00f3ja, rendszeresen tart mobilklinikai gyakorlatokat \u00e9s farmviziteket szarvasmarhatelepeken. Szakmai \u00e9rdekl\u0151d\u00e9si k\u00f6re \u00e9s kutat\u00e1si ter\u00fclete els\u0151sorban a tejhaszn\u00fa szarvasmarha szaporod\u00e1sbiol\u00f3gi\u00e1ja.<\/p> <p>Fogad\u00f3\u00f3ra: emailben el\u0151re egyeztetett id\u0151pontban<\/p> <p><strong>F\u0151bb kutat\u00e1si ter\u00fcletek:<\/strong><\/p> <p>Szarvasmarha m\u00e9hgyullad\u00e1s megel\u0151z\u00e9si lehet\u0151s\u00e9gei<\/p> <p><strong>Eddigi szakdolgozat\/TDK hallgat\u00f3k sz\u00e1ma:<\/strong><\/p> <p>2<\/p> <p><strong>MTMT:<\/strong><\/p> <p><a href=\"https:\/\/m2.mtmt.hu\/gui2\/?type=authors&amp;mode=browse&amp;sel=10067854&amp;view=simpleList\">https:\/\/m2.mtmt.hu\/gui2\/?type=authors&amp;mode=browse&amp;sel=10067854&amp;view=simpleList<\/a><\/p>","protected":false},"excerpt":{"rendered":"<p>Bemutatkoz\u00e1s Dr. V\u00e1rhidi Zs\u00f3ka k\u00f6z\u00e9piskolai tanulm\u00e1nyait a Szegedi Radn\u00f3ti Mikl\u00f3s K\u00eds\u00e9rleti Gimn\u00e1ziumban v\u00e9gezte matematika tagozaton, majd 2021-ben szerzett diplom\u00e1t az \u00c1llatorvostudom\u00e1nyi Egyetemen. Ebben az \u00e9vben kezdte meg PhD tanulm\u00e1nyait, \u00e9s kapcsol\u00f3dott be az \u00c1llathigi\u00e9niai, \u00c1llom\u00e1ny-eg\u00e9szs\u00e9gtani Tansz\u00e9k \u00e9s Mobilklinika oktat\u00e1si-kutat\u00e1si feladataiba, \u00e1llatorvosi rendel\u0151ben v\u00e9gzett munka mellett. Jelenleg tansz\u00e9ki \u00e1llatorvosk\u00e9nt az Alkalmazott etol\u00f3gia kurzus egyik el\u0151ad\u00f3ja, rendszeresen<\/p>\n","protected":false},"author":5824,"featured_media":0,"parent":858,"menu_order":0,"comment_status":"open","ping_status":"open","template":"","meta":{"_acf_changed":false,"footnotes":""},"categories":[],"tags":[],"class_list":["post-192145","page","type-page","status-publish","hentry"],"acf":[],"_links":{"self":[{"href":"https:\/\/univet.hu\/hu\/wp-json\/wp\/v2\/pages\/192145","targetHints":{"allow":["GET"]}}],"collection":[{"href":"https:\/\/univet.hu\/hu\/wp-json\/wp\/v2\/pages"}],"about":[{"href":"https:\/\/univet.hu\/hu\/wp-json\/wp\/v2\/types\/page"}],"author":[{"embeddable":true,"href":"https:\/\/univet.hu\/hu\/wp-json\/wp\/v2\/users\/5824"}],"replies":[{"embeddable":true,"href":"https:\/\/univet.hu\/hu\/wp-json\/wp\/v2\/comments?post=192145"}],"version-history":[{"count":4,"href":"https:\/\/univet.hu\/hu\/wp-json\/wp\/v2\/pages\/192145\/revisions"}],"predecessor-version":[{"id":192726,"href":"https:\/\/univet.hu\/hu\/wp-json\/wp\/v2\/pages\/192145\/revisions\/192726"}],"up":[{"embeddable":true,"href":"https:\/\/univet.hu\/hu\/wp-json\/wp\/v2\/pages\/858"}],"wp:attachment":[{"href":"https:\/\/univet.hu\/hu\/wp-json\/wp\/v2\/media?parent=192145"}],"wp:term":[{"taxonomy":"category","embeddable":true,"href":"https:\/\/univet.hu\/hu\/wp-json\/wp\/v2\/categories?post=192145"},{"taxonomy":"post_tag","embeddable":true,"href":"https:\/\/univet.hu\/hu\/wp-json\/wp\/v2\/tags?post=192145"}],"curies":[{"name":"wp","href":"https:\/\/api.w.org\/{rel}","templated":true}]}}