{"id":192675,"date":"2025-10-16T08:53:08","date_gmt":"2025-10-16T06:53:08","guid":{"rendered":"https:\/\/univet.hu\/hu\/oktatas\/tanulmanyi-osztaly\/allasajanlatok\/new_child_page-2\/"},"modified":"2025-10-16T09:01:18","modified_gmt":"2025-10-16T07:01:18","slug":"dr-bata-kft","status":"publish","type":"page","link":"https:\/\/univet.hu\/hu\/oktatas\/tanulmanyi-osztaly\/allasajanlatok\/dr-bata-kft\/","title":{"rendered":"Dr. Bata Kft."},"content":{"rendered":"<p>2025.10.16<\/p> <p>&nbsp;<\/p> <p style=\"text-align: center\"><span style=\"font-size: 14pt\"><strong>\u00c1LL\u00c1SLEHET<\/strong><strong>\u0150<\/strong><strong>S\u00c9G<\/strong><\/span><\/p> <p style=\"text-align: center\">Indulj vel\u00fcnk nemzetk\u00f6zi p\u00e1ly\u00e1ra!<\/p> <p>A term\u00e9szetes takarm\u00e1ny-kieg\u00e9sz\u00edt\u0151k vil\u00e1g\u00e1ban t\u00f6bb mint 30 \u00e9ve \u00e9len j\u00e1r\u00f3 Dr. Bata Zrt. kereskedelmi csapat\u00e1ba keres\u00fcnk<\/p> <p style=\"text-align: center\"><strong>export szakmai \u00e9rt\u00e9kes\u00edt\u0151 munkat\u00e1rsat<\/strong><\/p> <p>Ha \u00e9rdekel az \u00e1llateg\u00e9szs\u00e9g\u00fcgy, szeretsz emberekkel kapcsolatot \u00e9p\u00edteni, utazni \u00e9s egy olyan csapatban dolgozni, ahol a tud\u00e1s \u00e9s a fejl\u0151d\u00e9s val\u00f3ban sz\u00e1m\u00edt, n\u00e1lunk a helyed!<\/p> <p><strong>Mir\u0151l sz\u00f3l a munka?<\/strong><\/p> <ul> <li>Term\u00e9keink \u00e9rt\u00e9kes\u00edt\u00e9se \u00e9s szakmai t\u00e1mogat\u00e1sa t\u00f6bb mint 60 orsz\u00e1gban<\/li> <li>Kapcsolattart\u00e1s nemzetk\u00f6zi partnerekkel, testv\u00e9rc\u00e9gjeinkkel (Amerika \u00e9s \u00c1zsia)<\/li> <li>\u00daj piacok \u00e9s forgalmaz\u00f3k felkutat\u00e1sa<\/li> <li>Szakmai anyagok \u00e9s prezent\u00e1ci\u00f3k k\u00e9sz\u00edt\u00e9se<\/li> <li>Alkalmank\u00e9nt \u00e1llattart\u00f3 telepek, farmok l\u00e1togat\u00e1sa \u2013 ne agg\u00f3dj, nem kell csizm\u00e1ban kezdeni, de az \u00e1llatok ir\u00e1nti nyitotts\u00e1g elengedhetetlen<\/li> <li>R\u00e9szv\u00e9tel etet\u00e9si k\u00eds\u00e9rletek el\u0151k\u00e9sz\u00edt\u00e9s\u00e9ben a K+F csapattal egy\u00fctt<\/li> <li>Nemzetk\u00f6zi ki\u00e1ll\u00edt\u00e1sokon, partnertal\u00e1lkoz\u00f3kon val\u00f3 akt\u00edv r\u00e9szv\u00e9tel<\/li> <\/ul> <p>Amit t\u0151led v\u00e1runk:<\/p> <ul> <li>Fels\u0151fok\u00fa term\u00e9szettudom\u00e1nyi v\u00e9gzetts\u00e9g (\u00e1llatorvos, agr\u00e1rm\u00e9rn\u00f6k el\u0151ny)<\/li> <li>\u00c9vente kb. 60 nap k\u00fclf\u00f6ldi utaz\u00e1si hajland\u00f3s\u00e1g<\/li> <li>Magabiztos angol nyelvtud\u00e1s (spanyol, portug\u00e1l vagy k\u00ednai el\u0151nyt jelent)<\/li> <li>Alapvet\u0151 sz\u00e1m\u00edt\u00f3g\u00e9pes ismeretek (PowerPoint, Word, Excel)<\/li> <li>P\u00e1lyakezd\u0151k jelentkez\u00e9s\u00e9t is \u00f6r\u00f6mmel v\u00e1rjuk!<\/li> <\/ul> <p>Amit k\u00edn\u00e1lunk neked:<\/p> <ul> <li>Versenyk\u00e9pes fizet\u00e9s<\/li> <li>B\u00e9ren k\u00edv\u00fcli juttat\u00e1sok<\/li> <li>Munk\u00e1ba j\u00e1r\u00e1si t\u00e1mogat\u00e1s<\/li> <li>Inspir\u00e1l\u00f3, nemzetk\u00f6zi k\u00f6rnyezet, ahol sz\u00e1m\u00edt a v\u00e9lem\u00e9nyed<\/li> <\/ul> <p><strong>Munkav\u00e9gz\u00e9s helye:<\/strong>\u00a0\u00a0\u00a0\u00a0\u00a0\u00a0\u00a0\u00a0\u00a0\u00a0\u00a0\u00a0\u00a0\u00a0\u00a0\u00a0\u00a0\u00a0\u00a0\u00a0\u00a0\u00a0\u00a0\u00a0 2364 \u00d3csa, Pest megye \/ k\u00fclf\u00f6ld<\/p> <p><strong>Jelentkez\u00e9seket ide v\u00e1rjuk:<\/strong>\u00a0\u00a0\u00a0\u00a0\u00a0\u00a0\u00a0\u00a0\u00a0\u00a0\u00a0\u00a0\u00a0 <a class=\"decrypt\" rel=\"jspebAescbub\/dpn\" href=\"javascript:void(0);\">[Kattintson az emailc\u00edmhez]<\/a><\/p> <p>L\u00e1togassa meg honlapunkat: <a href=\"http:\/\/www.drbata.com\">www.drbata.com<\/a><\/p> <p>&nbsp;<\/p> <p><a href=\"https:\/\/univet.hu\/wp-content\/uploads\/2025\/10\/Allashirdetes-Dr.Bata-export-szakmai-ertekesito.pdf\" target=\"_blank\" rel=\"noopener\">Dr. Bata Kft. \u00e1llashirdet\u00e9se let\u00f6lt\u00e9se<\/a><\/p> <p><a href=\"https:\/\/univet.hu\/wp-content\/uploads\/2025\/10\/A-Position-for-Dr.Bata-export-technical-sales.pdf\" target=\"_blank\" rel=\"noopener\">A Position for Dr.Bata export technical sales<\/a><\/p>","protected":false},"excerpt":{"rendered":"<p>2025.10.16 &nbsp; \u00c1LL\u00c1SLEHET\u0150S\u00c9G Indulj vel\u00fcnk nemzetk\u00f6zi p\u00e1ly\u00e1ra! A term\u00e9szetes takarm\u00e1ny-kieg\u00e9sz\u00edt\u0151k vil\u00e1g\u00e1ban t\u00f6bb mint 30 \u00e9ve \u00e9len j\u00e1r\u00f3 Dr. Bata Zrt. kereskedelmi csapat\u00e1ba keres\u00fcnk export szakmai \u00e9rt\u00e9kes\u00edt\u0151 munkat\u00e1rsat Ha \u00e9rdekel az \u00e1llateg\u00e9szs\u00e9g\u00fcgy, szeretsz emberekkel kapcsolatot \u00e9p\u00edteni, utazni \u00e9s egy olyan csapatban dolgozni, ahol a tud\u00e1s \u00e9s a fejl\u0151d\u00e9s val\u00f3ban sz\u00e1m\u00edt, n\u00e1lunk a helyed! Mir\u0151l sz\u00f3l a<\/p>\n","protected":false},"author":5795,"featured_media":0,"parent":26415,"menu_order":0,"comment_status":"open","ping_status":"open","template":"","meta":{"_acf_changed":false,"footnotes":""},"categories":[],"tags":[],"class_list":["post-192675","page","type-page","status-publish","hentry"],"acf":[],"_links":{"self":[{"href":"https:\/\/univet.hu\/hu\/wp-json\/wp\/v2\/pages\/192675","targetHints":{"allow":["GET"]}}],"collection":[{"href":"https:\/\/univet.hu\/hu\/wp-json\/wp\/v2\/pages"}],"about":[{"href":"https:\/\/univet.hu\/hu\/wp-json\/wp\/v2\/types\/page"}],"author":[{"embeddable":true,"href":"https:\/\/univet.hu\/hu\/wp-json\/wp\/v2\/users\/5795"}],"replies":[{"embeddable":true,"href":"https:\/\/univet.hu\/hu\/wp-json\/wp\/v2\/comments?post=192675"}],"version-history":[{"count":5,"href":"https:\/\/univet.hu\/hu\/wp-json\/wp\/v2\/pages\/192675\/revisions"}],"predecessor-version":[{"id":192688,"href":"https:\/\/univet.hu\/hu\/wp-json\/wp\/v2\/pages\/192675\/revisions\/192688"}],"up":[{"embeddable":true,"href":"https:\/\/univet.hu\/hu\/wp-json\/wp\/v2\/pages\/26415"}],"wp:attachment":[{"href":"https:\/\/univet.hu\/hu\/wp-json\/wp\/v2\/media?parent=192675"}],"wp:term":[{"taxonomy":"category","embeddable":true,"href":"https:\/\/univet.hu\/hu\/wp-json\/wp\/v2\/categories?post=192675"},{"taxonomy":"post_tag","embeddable":true,"href":"https:\/\/univet.hu\/hu\/wp-json\/wp\/v2\/tags?post=192675"}],"curies":[{"name":"wp","href":"https:\/\/api.w.org\/{rel}","templated":true}]}}