{"id":193082,"date":"2025-10-20T13:45:23","date_gmt":"2025-10-20T11:45:23","guid":{"rendered":"https:\/\/univet.hu\/hu\/oktatas\/doktori-iskola\/tantargyak\/new_child_page-2\/"},"modified":"2025-10-20T13:45:23","modified_gmt":"2025-10-20T11:45:23","slug":"archiv","status":"publish","type":"page","link":"https:\/\/univet.hu\/hu\/oktatas\/doktori-iskola\/tantargyak\/archiv\/","title":{"rendered":"Arch\u00edv"},"content":{"rendered":"<h3><strong><span style=\"color: #ff9900\">2022\/2023\/1. &#8211;\u00a0 \u0151szi szemeszter<\/span><\/strong><\/h3> <p><strong>B\u0151vebb, a kurzusokat \u00e9rint\u0151 inform\u00e1ci\u00f3kr\u00f3l az adott t\u00e1rgy oktat\u00f3j\u00e1n\u00e1l tudnak \u00e9rdekl\u0151dni a hallgat\u00f3k.<\/strong><\/p> <table style=\"height: 551px;width: 996px\" width=\"1096\"> <tbody> <tr style=\"height: 28px\"> <td style=\"width: 101.938px;height: 28px;text-align: center\"><strong>K\u00f6telez\u0151 t\u00e1rgyak<\/strong><\/td> <td style=\"width: 98.7656px;height: 28px;text-align: center\"><strong>Terem<\/strong><\/td> <td style=\"width: 388.016px;height: 28px;text-align: center\"><strong>Tant\u00e1rgy<\/strong><\/td> <td style=\"width: 73.7188px;height: 28px;text-align: center\"><strong>Kredit<\/strong><\/td> <td style=\"width: 86.125px;height: 28px;text-align: center\"><strong>\u00d3rasz\u00e1m<\/strong><\/td> <td style=\"width: 118.469px;height: 28px;text-align: center\"><strong>Tant\u00e1rgyfelel\u0151s<\/strong><\/td> <td style=\"width: 82.9688px;height: 28px;text-align: center\"><strong>Id\u0151pont<\/strong><\/td> <\/tr> <tr style=\"height: 39px\"> <td style=\"width: 101.938px;height: 39px;text-align: center\">2022.09.05<\/td> <td style=\"width: 98.7656px;height: 39px;text-align: center\">h\u00e9tf\u0151i napokon N3 terem<\/td> <td style=\"width: 388.016px;height: 39px;text-align: center\"><strong>A1.1: A biostatisztika alapjai \u00e9s a kapcsol\u00f3d\u00f3 feladatok megold\u00e1sa sz\u00e1m\u00edt\u00f3g\u00e9p seg\u00edts\u00e9g\u00e9vel-1<\/strong><\/td> <td style=\"width: 73.7188px;height: 39px;text-align: center\">4<\/td> <td style=\"width: 86.125px;height: 39px;text-align: center\">32<\/td> <td style=\"width: 118.469px;height: 39px;text-align: center\">oktat\u00f3k: Dr. Lang Zsolt, Dr. Kov\u00e1cs \u00c1gnes<\/td> <td style=\"width: 82.9688px;height: 39px;text-align: center\">8:30<\/td> <\/tr> <tr style=\"height: 28px\"> <td style=\"width: 101.938px;height: 28px;text-align: center\">2022.09.12<\/td> <td style=\"width: 98.7656px;height: 28px;text-align: center\">h\u00e9tf\u0151i napokon N3 terem<\/td> <td style=\"width: 388.016px;height: 28px;text-align: center\">A biostatisztika alapjai \u00e9s a kapcsol\u00f3d\u00f3 feladatok megold\u00e1sa sz\u00e1m\u00edt\u00f3g\u00e9p seg\u00edts\u00e9g\u00e9vel-2<\/td> <td style=\"width: 73.7188px;height: 28px;text-align: center\">4<\/td> <td style=\"width: 86.125px;height: 28px;text-align: center\">32<\/td> <td style=\"width: 118.469px;height: 28px;text-align: center\">oktat\u00f3k: Dr. Lang Zsolt, Dr. Kov\u00e1cs \u00c1gnes<\/td> <td style=\"width: 82.9688px;height: 28px;text-align: center\">8:30<\/td> <\/tr> <tr style=\"height: 28px\"> <td style=\"width: 101.938px;height: 28px;text-align: center\">2022.09.19<\/td> <td style=\"width: 98.7656px;height: 28px;text-align: center\">h\u00e9tf\u0151i napokon N3 terem<\/td> <td style=\"width: 388.016px;height: 28px;text-align: center\">A biostatisztika alapjai \u00e9s a kapcsol\u00f3d\u00f3 feladatok megold\u00e1sa sz\u00e1m\u00edt\u00f3g\u00e9p seg\u00edts\u00e9g\u00e9vel-3<\/td> <td style=\"width: 73.7188px;height: 28px;text-align: center\">4<\/td> <td style=\"width: 86.125px;height: 28px;text-align: center\">32<\/td> <td style=\"width: 118.469px;height: 28px;text-align: center\">oktat\u00f3k: Dr. Lang Zsolt, Dr. Kov\u00e1cs \u00c1gnes<\/td> <td style=\"width: 82.9688px;height: 28px;text-align: center\">8:30<\/td> <\/tr> <tr style=\"height: 28px\"> <td style=\"width: 101.938px;height: 28px;text-align: center\">2022.09.26<\/td> <td style=\"width: 98.7656px;height: 28px;text-align: center\">h\u00e9tf\u0151i napokon N3 terem<\/td> <td style=\"width: 388.016px;height: 28px;text-align: center\">A biostatisztika alapjai \u00e9s a kapcsol\u00f3d\u00f3 feladatok megold\u00e1sa sz\u00e1m\u00edt\u00f3g\u00e9p seg\u00edts\u00e9g\u00e9vel-4<\/td> <td style=\"width: 73.7188px;height: 28px;text-align: center\">4<\/td> <td style=\"width: 86.125px;height: 28px;text-align: center\">32<\/td> <td style=\"width: 118.469px;height: 28px;text-align: center\">oktat\u00f3k: Dr. Lang Zsolt, Dr. Kov\u00e1cs \u00c1gnes<\/td> <td style=\"width: 82.9688px;height: 28px;text-align: center\">8:30<\/td> <\/tr> <tr style=\"height: 28px\"> <td style=\"width: 101.938px;height: 28px;text-align: center\">2022.10.03<\/td> <td style=\"width: 98.7656px;height: 28px;text-align: center\">h\u00e9tf\u0151i napokon N3 terem<\/td> <td style=\"width: 388.016px;height: 28px;text-align: center\"><strong>A1.2: Alkalmaz\u00e1sorint\u00e1lt biostatisztika Excelben-1<\/strong><\/td> <td style=\"width: 73.7188px;height: 28px;text-align: center\">1,5<\/td> <td style=\"width: 86.125px;height: 28px;text-align: center\">16<\/td> <td style=\"width: 118.469px;height: 28px;text-align: center\">Abonyi-T\u00f3th Zsolt<\/td> <td style=\"width: 82.9688px;height: 28px;text-align: center\">8:30<\/td> <\/tr> <tr style=\"height: 28px\"> <td style=\"width: 101.938px;height: 28px;text-align: center\">2022.10.10<\/td> <td style=\"width: 98.7656px;height: 28px;text-align: center\">h\u00e9tf\u0151i napokon N3 terem<\/td> <td style=\"width: 388.016px;height: 28px;text-align: center\">Alkalmaz\u00e1sorint\u00e1lt biostatisztika Excelben-2<\/td> <td style=\"width: 73.7188px;height: 28px;text-align: center\">1,5<\/td> <td style=\"width: 86.125px;height: 28px;text-align: center\">16<\/td> <td style=\"width: 118.469px;height: 28px;text-align: center\">Abonyi-T\u00f3th Zsolt<\/td> <td style=\"width: 82.9688px;height: 28px;text-align: center\">8:30<\/td> <\/tr> <tr style=\"height: 28px\"> <td style=\"width: 101.938px;height: 28px;text-align: center\">2022.10.17<\/td> <td style=\"width: 98.7656px;height: 28px;text-align: center\">h\u00e9tf\u0151i napokon N3 terem<\/td> <td style=\"width: 388.016px;height: 28px;text-align: center\"><strong>A1.3: K\u00eds\u00e9rletek tervez\u00e9s\u00e9nek \u00e9s ki\u00e9rt\u00e9kel\u00e9s\u00e9nek statisztikai m\u00f3dszerei-1<\/strong><\/td> <td style=\"width: 73.7188px;height: 28px;text-align: center\">4<\/td> <td style=\"width: 86.125px;height: 28px;text-align: center\">24<\/td> <td style=\"width: 118.469px;height: 28px;text-align: center\">H\u00e1rsfalvi P\u00e9ter<\/td> <td style=\"width: 82.9688px;height: 28px;text-align: center\">8:30<\/td> <\/tr> <tr style=\"height: 28px\"> <td style=\"width: 101.938px;height: 28px;text-align: center\">2022.10.24<\/td> <td style=\"width: 98.7656px;height: 28px;text-align: center\">h\u00e9tf\u0151i napokon N3 terem<\/td> <td style=\"width: 388.016px;height: 28px;text-align: center\">K\u00eds\u00e9rletek tervez\u00e9s\u00e9nek \u00e9s ki\u00e9rt\u00e9kel\u00e9s\u00e9nek statisztikai m\u00f3dszerei-2<\/td> <td style=\"width: 73.7188px;height: 28px;text-align: center\">4<\/td> <td style=\"width: 86.125px;height: 28px;text-align: center\">24<\/td> <td style=\"width: 118.469px;height: 28px;text-align: center\">H\u00e1rsfalvi P\u00e9ter<\/td> <td style=\"width: 82.9688px;height: 28px;text-align: center\">8:30<\/td> <\/tr> <tr style=\"height: 28px\"> <td style=\"width: 101.938px;height: 28px;text-align: center\">2022.11.07<\/td> <td style=\"width: 98.7656px;height: 28px;text-align: center\">h\u00e9tf\u0151i napokon N3 terem<\/td> <td style=\"width: 388.016px;height: 28px;text-align: center\">K\u00eds\u00e9rletek tervez\u00e9s\u00e9nek \u00e9s ki\u00e9rt\u00e9kel\u00e9s\u00e9nek statisztikai m\u00f3dszerei-3<\/td> <td style=\"width: 73.7188px;height: 28px;text-align: center\">4<\/td> <td style=\"width: 86.125px;height: 28px;text-align: center\">24<\/td> <td style=\"width: 118.469px;height: 28px;text-align: center\">H\u00e1rsfalvi P\u00e9ter<\/td> <td style=\"width: 82.9688px;height: 28px;text-align: center\">8:30<\/td> <\/tr> <tr style=\"height: 28px\"> <td style=\"width: 101.938px;height: 28px;text-align: center\">2022.11.14<\/td> <td style=\"width: 98.7656px;height: 28px;text-align: center\">h\u00e9tf\u0151i napokon N3 terem<\/td> <td style=\"width: 388.016px;height: 28px;text-align: center\">A1.8: K\u00f6nyvt\u00e1ri informatika-1<\/td> <td style=\"width: 73.7188px;height: 28px;text-align: center\">3<\/td> <td style=\"width: 86.125px;height: 28px;text-align: center\">16<\/td> <td style=\"width: 118.469px;height: 28px;text-align: center\">Bik\u00e1di Katalin<\/td> <td style=\"width: 82.9688px;height: 28px;text-align: center\">8:30<\/td> <\/tr> <tr style=\"height: 28px\"> <td style=\"width: 101.938px;height: 28px;text-align: center\">2022.11.21<\/td> <td style=\"width: 98.7656px;height: 28px;text-align: center\">h\u00e9tf\u0151i napokon N3 teremh\u00e9tf\u0151i napokon N3 terem<\/td> <td style=\"width: 388.016px;height: 28px;text-align: center\">K\u00f6nyvt\u00e1ri informatika-2<\/td> <td style=\"width: 73.7188px;height: 28px;text-align: center\">3<\/td> <td style=\"width: 86.125px;height: 28px;text-align: center\">16<\/td> <td style=\"width: 118.469px;height: 28px;text-align: center\">Bik\u00e1di Katalin<\/td> <td style=\"width: 82.9688px;height: 28px;text-align: center\">8:30<\/td> <\/tr> <tr style=\"height: 28px\"> <td style=\"width: 101.938px;height: 28px;text-align: center\">2022.11.28<\/td> <td style=\"width: 98.7656px;height: 28px;text-align: center\">h\u00e9tf\u0151i napokon N3 terem<\/td> <td style=\"width: 388.016px;height: 28px;text-align: center\"><strong>A1.4: Term\u00e9szettudom\u00e1nyos kutat\u00e1sok tervez\u00e9se-1<\/strong><\/td> <td style=\"width: 73.7188px;height: 28px;text-align: center\">4<\/td> <td style=\"width: 86.125px;height: 28px;text-align: center\">24<\/td> <td style=\"width: 118.469px;height: 28px;text-align: center\">Dr. Kis J\u00e1nos<\/td> <td style=\"width: 82.9688px;height: 28px;text-align: center\">8:30<\/td> <\/tr> <tr style=\"height: 28px\"> <td style=\"width: 101.938px;height: 28px;text-align: center\">2022.12.05<\/td> <td style=\"width: 98.7656px;height: 28px;text-align: center\">h\u00e9tf\u0151i napokon N3 terem<\/td> <td style=\"width: 388.016px;height: 28px;text-align: center\">Term\u00e9szettudom\u00e1nyos kutat\u00e1sok tervez\u00e9se-2<\/td> <td style=\"width: 73.7188px;height: 28px;text-align: center\">4<\/td> <td style=\"width: 86.125px;height: 28px;text-align: center\">24<\/td> <td style=\"width: 118.469px;height: 28px;text-align: center\">Dr. Kis J\u00e1nos<\/td> <td style=\"width: 82.9688px;height: 28px;text-align: center\">8:30<\/td> <\/tr> <tr style=\"height: 28px\"> <td style=\"width: 101.938px;height: 28px;text-align: center\">2022.12.12<\/td> <td style=\"width: 98.7656px;height: 28px;text-align: center\">h\u00e9tf\u0151i napokon N3 terem<\/td> <td style=\"width: 388.016px;height: 28px;text-align: center\">Term\u00e9szettudom\u00e1nyos kutat\u00e1sok tervez\u00e9se-3<\/td> <td style=\"width: 73.7188px;height: 28px;text-align: center\">4<\/td> <td style=\"width: 86.125px;height: 28px;text-align: center\">24<\/td> <td style=\"width: 118.469px;height: 28px;text-align: center\">Dr. Kis J\u00e1nos<\/td> <td style=\"width: 82.9688px;height: 28px;text-align: center\">8:30<\/td> <\/tr> <tr style=\"height: 48px\"> <td style=\"width: 101.938px;height: 48px;text-align: center\">2022.12.19<\/td> <td style=\"width: 98.7656px;height: 48px;text-align: center\">h\u00e9tf\u0151i napokon N3 terem<\/td> <td style=\"width: 388.016px;height: 48px;text-align: center\">Term\u00e9szettudom\u00e1nyos kutat\u00e1sok tervez\u00e9se &#8211; V (9:15-t\u0151l)<\/td> <td style=\"width: 73.7188px;height: 48px;text-align: center\">4<\/td> <td style=\"width: 86.125px;height: 48px;text-align: center\">24<\/td> <td style=\"width: 118.469px;height: 48px;text-align: center\">Dr. Kis J\u00e1nos<\/td> <td style=\"width: 82.9688px;height: 48px;text-align: center\">8:30<\/td> <\/tr> <tr style=\"height: 48px\"> <td style=\"width: 101.938px;height: 48px;text-align: center\"> <table width=\"115\"> <tbody> <tr> <td rowspan=\"7\" width=\"115\">2023. janu\u00e1r<\/td> <\/tr> <\/tbody> <\/table> <\/td> <td style=\"width: 98.7656px;height: 48px;text-align: center\"> <p>h\u00e9tf\u0151t\u0151l p\u00e9ntekig<\/p> <p>10 nap<\/td> <td style=\"width: 388.016px;height: 48px;text-align: center\"><strong>A1.5: Labor\u00e1llat-tudom\u00e1ny \u00e9s \u00e1llatv\u00e9delem (Tormay B\u00e9la terem)<\/strong><\/td> <td style=\"width: 73.7188px;height: 48px;text-align: center\">8<\/td> <td style=\"width: 86.125px;height: 48px;text-align: center\">80<\/td> <td style=\"width: 118.469px;height: 48px;text-align: center\">Dr. Fekete S\u00e1ndor Gy\u00f6rgy<\/td> <td style=\"width: 82.9688px;height: 48px;text-align: center\">angolul: 2023. janu\u00e1r 9-20. k\u00f6z\u00f6tt, magyarul: 2023. janu\u00e1r 3-17. k\u00f6z\u00f6tt<\/td> <\/tr> <tr style=\"height: 24px\"> <td style=\"width: 101.938px;height: 24px;text-align: center\">A31<\/td> <td style=\"width: 98.7656px;height: 24px;text-align: center\">t\u00f6mb\u00f6s\u00edtve<\/td> <td style=\"width: 388.016px;height: 24px;text-align: center\"><strong>\u00d6sszehasonl\u00edt\u00f3 virol\u00f3gia <\/strong><\/td> <td style=\"width: 73.7188px;height: 24px;text-align: center\">2<\/td> <td style=\"width: 86.125px;height: 24px;text-align: center\">10<\/td> <td style=\"width: 118.469px;height: 24px;text-align: center\">Dr. Harrach Bal\u00e1zs<\/td> <td style=\"width: 82.9688px;height: 24px;text-align: center\"><\/td> <\/tr> <\/tbody> <\/table> <p><\/p>","protected":false},"excerpt":{"rendered":"<p>2022\/2023\/1. &#8211;\u00a0 \u0151szi szemeszter B\u0151vebb, a kurzusokat \u00e9rint\u0151 inform\u00e1ci\u00f3kr\u00f3l az adott t\u00e1rgy oktat\u00f3j\u00e1n\u00e1l tudnak \u00e9rdekl\u0151dni a hallgat\u00f3k. K\u00f6telez\u0151 t\u00e1rgyak Terem Tant\u00e1rgy Kredit \u00d3rasz\u00e1m Tant\u00e1rgyfelel\u0151s Id\u0151pont 2022.09.05 h\u00e9tf\u0151i napokon N3 terem A1.1: A biostatisztika alapjai \u00e9s a kapcsol\u00f3d\u00f3 feladatok megold\u00e1sa sz\u00e1m\u00edt\u00f3g\u00e9p seg\u00edts\u00e9g\u00e9vel-1 4 32 oktat\u00f3k: Dr. Lang Zsolt, Dr. Kov\u00e1cs \u00c1gnes 8:30 2022.09.12 h\u00e9tf\u0151i napokon N3<\/p>\n","protected":false},"author":5394,"featured_media":0,"parent":757,"menu_order":0,"comment_status":"open","ping_status":"open","template":"","meta":{"_acf_changed":false,"footnotes":""},"categories":[],"tags":[],"class_list":["post-193082","page","type-page","status-publish","hentry"],"acf":[],"_links":{"self":[{"href":"https:\/\/univet.hu\/hu\/wp-json\/wp\/v2\/pages\/193082","targetHints":{"allow":["GET"]}}],"collection":[{"href":"https:\/\/univet.hu\/hu\/wp-json\/wp\/v2\/pages"}],"about":[{"href":"https:\/\/univet.hu\/hu\/wp-json\/wp\/v2\/types\/page"}],"author":[{"embeddable":true,"href":"https:\/\/univet.hu\/hu\/wp-json\/wp\/v2\/users\/5394"}],"replies":[{"embeddable":true,"href":"https:\/\/univet.hu\/hu\/wp-json\/wp\/v2\/comments?post=193082"}],"version-history":[{"count":1,"href":"https:\/\/univet.hu\/hu\/wp-json\/wp\/v2\/pages\/193082\/revisions"}],"predecessor-version":[{"id":193083,"href":"https:\/\/univet.hu\/hu\/wp-json\/wp\/v2\/pages\/193082\/revisions\/193083"}],"up":[{"embeddable":true,"href":"https:\/\/univet.hu\/hu\/wp-json\/wp\/v2\/pages\/757"}],"wp:attachment":[{"href":"https:\/\/univet.hu\/hu\/wp-json\/wp\/v2\/media?parent=193082"}],"wp:term":[{"taxonomy":"category","embeddable":true,"href":"https:\/\/univet.hu\/hu\/wp-json\/wp\/v2\/categories?post=193082"},{"taxonomy":"post_tag","embeddable":true,"href":"https:\/\/univet.hu\/hu\/wp-json\/wp\/v2\/tags?post=193082"}],"curies":[{"name":"wp","href":"https:\/\/api.w.org\/{rel}","templated":true}]}}