{"id":193098,"date":"2025-10-21T08:16:30","date_gmt":"2025-10-21T06:16:30","guid":{"rendered":"https:\/\/univet.hu\/hu\/oktatas\/tanulmanyi-osztaly\/allasajanlatok\/new_child_page-2\/"},"modified":"2025-10-21T08:17:06","modified_gmt":"2025-10-21T06:17:06","slug":"tappancs-allatorvosi-rendelo-tata","status":"publish","type":"page","link":"https:\/\/univet.hu\/hu\/oktatas\/tanulmanyi-osztaly\/allasajanlatok\/tappancs-allatorvosi-rendelo-tata\/","title":{"rendered":"Tappancs \u00c1llatorvosi Rendel\u0151, Tata"},"content":{"rendered":"<div> <p data-olk-copy-source=\"MessageBody\">2025.10.21<\/p> <p class=\"x_MsoNormal\" style=\"text-align: left\" data-olk-copy-source=\"MessageBody\"><strong><span style=\"font-size: 14pt\">\u00c1LLATORVOST KERES\u00dcNK!<\/span><\/strong><\/p> <p class=\"x_MsoNormal\" style=\"text-align: left\" data-olk-copy-source=\"MessageBody\">\u00c1llatorvos munkat\u00e1rsat keres\u00fcnk hossz\u00fa t\u00e1vra teljes munkaid\u0151re Tat\u00e1ra, a Tappancs \u00c1llatorvosi Rendel\u0151be.<\/p> <p class=\"x_MsoNormal\" style=\"text-align: left\" data-olk-copy-source=\"MessageBody\">V\u00e1rjuk \u00e1llatszeret\u0151, csapatban dolgozni tud\u00f3, fejl\u0151dni v\u00e1gy\u00f3, saj\u00e1t munk\u00e1ja ir\u00e1nt ig\u00e9nyes, prec\u00edz, j\u00f3 munkab\u00edr\u00e1s\u00fa, tapasztalt, vagy ak\u00e1r teljesen kezd\u0151 koll\u00e9g\u00e1k jelentkez\u00e9s\u00e9t is.<\/p> <p class=\"x_MsoNormal\" style=\"text-align: left\" data-olk-copy-source=\"MessageBody\">A szakmai munk\u00e1ban val\u00f3 fejl\u0151d\u00e9st tapasztalt koll\u00e9g\u00e1k seg\u00edtik, rendel\u0151nkben kis\u00e1llatgy\u00f3gy\u00e1sz szak\u00e1llatorvos, \u00e9s egzotikus \u00e1llatok szak\u00e1llatorvosa is dolgozik, az egyes szakir\u00e1nyokban val\u00f3 elm\u00e9ly\u00fcl\u00e9st sz\u00edvesen l\u00e1tjuk, ennek megszerz\u00e9s\u00e9hez t\u00e1mogat\u00e1st ny\u00fajtunk.<\/p> <p class=\"x_MsoNormal\" style=\"text-align: left\" data-olk-copy-source=\"MessageBody\">Rendel\u0151nkben nagyon alacsony a fluktu\u00e1ci\u00f3, \u00e1llatorvos koll\u00e9g\u00e1im hossz\u00fa \u00e9vek \u00f3ta dolgoznak vel\u00fcnk, r\u00e1d is hossz\u00fa t\u00e1vra sz\u00e1m\u00edtunk.<\/p> <p class=\"x_MsoNormal\" style=\"text-align: left\" data-olk-copy-source=\"MessageBody\">K\u00f6zel 20 \u00e9ve nagy esetsz\u00e1mmal foglalkozunk kuty\u00e1k, macsk\u00e1k \u00e9s egzotikus \u00e1llatok ell\u00e1t\u00e1s\u00e1val, munk\u00e1nkat seg\u00edt\u0151k\u00e9sz asszisztensek, \u00e9s kifejezetten modern eszk\u00f6zpark seg\u00edti \u2013 t\u00f6bbek k\u00f6z\u00f6tt Mindray DC-70 ultrahang, Visiovet digit\u00e1lis r\u00f6ntgen, KruuseModuflex altat\u00f3g\u00e9p mellet elektrokauter, hematol\u00f3gia- biok\u00e9miai, immunhisztok\u00e9miai laborautomata, video otoszk\u00f3p, \u00e9s m\u00e9g sorolhatn\u00e1m.<\/p> <p class=\"x_MsoNormal\" style=\"text-align: left\" data-olk-copy-source=\"MessageBody\">Nyitvatart\u00e1sunkkal igyeksz\u00fcnk maxim\u00e1lisan \u00fcgyf\u00e9lk\u00f6zpont\u00faak lenni, ez\u00e9rt felv\u00e1ltva d\u00e9lel\u0151tt\u00f6s \u00e9s d\u00e9lut\u00e1nos m\u0171szakok is vannak napi 7 \u00f3r\u00e1ban, valamint havi egy h\u00e9tv\u00e9gi napi 5 \u00f3r\u00e1ban, ami\u00e9rt term\u00e9szetesen szabad nap is j\u00e1r. \u00c9jszakai \u00fcgyelet\u00fcnk nincs.<\/p> <p class=\"x_MsoNormal\" style=\"text-align: left\" data-olk-copy-source=\"MessageBody\">Amennyiben t\u00f6bbet szeretn\u00e9l r\u00f3lunk megtudni, aj\u00e1nlom figyelmedbe a csatolt cikket:<br \/> <a id=\"anchor-ca9e8512-cc5b-35a9-c522-bd747612fbdc\" title=\"http:\/\/www.drmarkusmicroscopy.com\/sites\/default\/files\/2020-05\/Praxisvizit_KamAo_2016_3.pdf%5d(http:\/www.drmarkusmicroscopy.com\/sites\/default\/files\/2020-05\/Praxisvizit_KamAo_2016_3.pdf)\" href=\"http:\/\/www.drmarkusmicroscopy.com\/sites\/default\/files\/2020-05\/Praxisvizit_KamAo_2016_3.pdf%5d(http:\/www.drmarkusmicroscopy.com\/sites\/default\/files\/2020-05\/Praxisvizit_KamAo_2016_3.pdf)\" data-auth=\"NotApplicable\" data-linkindex=\"0\">http:\/\/www.drmarkusmicroscopy.com\/sites\/default\/files\/2020-05\/Praxisvizit_KamAo_2016_3.pdf<\/a><\/p> <p class=\"x_MsoNormal\" style=\"text-align: left\" data-olk-copy-source=\"MessageBody\">illetve l\u00e1togass el honlapunkra:<\/p> <p class=\"x_MsoNormal\" style=\"text-align: left\" data-olk-copy-source=\"MessageBody\"><a id=\"anchor-d9ca3d7b-5848-b031-76ef-32dd3cf6751a\" title=\"https:\/\/tappancsrendelo.hu\/%5d(https:\/tappancsrendelo.hu\/)\" href=\"https:\/\/tappancsrendelo.hu\/%5d(https:\/tappancsrendelo.hu\/)\" data-auth=\"NotApplicable\" data-linkindex=\"1\">https:\/\/tappancsrendelo.hu\/<\/a><\/p> <p class=\"x_MsoNormal\" style=\"text-align: left\" data-olk-copy-source=\"MessageBody\">Jelentkez\u00e9seket a <a class=\"decrypt\" rel=\"ubqqbodtjspebAhnbjm\/dpn\" href=\"javascript:void(0);\">[Kattintson az emailc\u00edmhez]<\/a>, illetve a 20\/9726800 sz\u00e1mon v\u00e1rjuk.<\/p> <p data-olk-copy-source=\"MessageBody\"> <\/div>","protected":false},"excerpt":{"rendered":"<p>2025.10.21 \u00c1LLATORVOST KERES\u00dcNK! \u00c1llatorvos munkat\u00e1rsat keres\u00fcnk hossz\u00fa t\u00e1vra teljes munkaid\u0151re Tat\u00e1ra, a Tappancs \u00c1llatorvosi Rendel\u0151be. V\u00e1rjuk \u00e1llatszeret\u0151, csapatban dolgozni tud\u00f3, fejl\u0151dni v\u00e1gy\u00f3, saj\u00e1t munk\u00e1ja ir\u00e1nt ig\u00e9nyes, prec\u00edz, j\u00f3 munkab\u00edr\u00e1s\u00fa, tapasztalt, vagy ak\u00e1r teljesen kezd\u0151 koll\u00e9g\u00e1k jelentkez\u00e9s\u00e9t is. A szakmai munk\u00e1ban val\u00f3 fejl\u0151d\u00e9st tapasztalt koll\u00e9g\u00e1k seg\u00edtik, rendel\u0151nkben kis\u00e1llatgy\u00f3gy\u00e1sz szak\u00e1llatorvos, \u00e9s egzotikus \u00e1llatok szak\u00e1llatorvosa is dolgozik, az<\/p>\n","protected":false},"author":5795,"featured_media":0,"parent":26415,"menu_order":0,"comment_status":"open","ping_status":"open","template":"","meta":{"_acf_changed":false,"footnotes":""},"categories":[],"tags":[],"class_list":["post-193098","page","type-page","status-publish","hentry"],"acf":[],"_links":{"self":[{"href":"https:\/\/univet.hu\/hu\/wp-json\/wp\/v2\/pages\/193098","targetHints":{"allow":["GET"]}}],"collection":[{"href":"https:\/\/univet.hu\/hu\/wp-json\/wp\/v2\/pages"}],"about":[{"href":"https:\/\/univet.hu\/hu\/wp-json\/wp\/v2\/types\/page"}],"author":[{"embeddable":true,"href":"https:\/\/univet.hu\/hu\/wp-json\/wp\/v2\/users\/5795"}],"replies":[{"embeddable":true,"href":"https:\/\/univet.hu\/hu\/wp-json\/wp\/v2\/comments?post=193098"}],"version-history":[{"count":2,"href":"https:\/\/univet.hu\/hu\/wp-json\/wp\/v2\/pages\/193098\/revisions"}],"predecessor-version":[{"id":193100,"href":"https:\/\/univet.hu\/hu\/wp-json\/wp\/v2\/pages\/193098\/revisions\/193100"}],"up":[{"embeddable":true,"href":"https:\/\/univet.hu\/hu\/wp-json\/wp\/v2\/pages\/26415"}],"wp:attachment":[{"href":"https:\/\/univet.hu\/hu\/wp-json\/wp\/v2\/media?parent=193098"}],"wp:term":[{"taxonomy":"category","embeddable":true,"href":"https:\/\/univet.hu\/hu\/wp-json\/wp\/v2\/categories?post=193098"},{"taxonomy":"post_tag","embeddable":true,"href":"https:\/\/univet.hu\/hu\/wp-json\/wp\/v2\/tags?post=193098"}],"curies":[{"name":"wp","href":"https:\/\/api.w.org\/{rel}","templated":true}]}}