{"id":19321,"date":"2018-09-19T10:49:28","date_gmt":"2018-09-19T08:49:28","guid":{"rendered":"http:\/\/univet.hu\/?page_id=19321"},"modified":"2026-02-10T04:02:33","modified_gmt":"2026-02-10T03:02:33","slug":"szekeres-sandor","status":"publish","type":"page","link":"https:\/\/univet.hu\/hu\/egyetem\/munkatarsak\/szekeres-sandor\/","title":{"rendered":"Szekeres S\u00e1ndor"},"content":{"rendered":"<p style=\"text-align: center;\"><span style=\"font-size: 14pt;\"><strong>Bemutatkoz\u00e1s<\/strong><\/span><\/p> <p>Dr. Szekeres S\u00e1ndor 2018-ban szerezte meg a PhD fokozat\u00e1t az \u00c1llatorvostudom\u00e1nyi Egyetem, \u00c1llatorvostudom\u00e1nyi Doktori Iskol\u00e1j\u00e1ban. V\u00e9gz\u00e9se ut\u00e1n 2018 szeptember\u00e9t\u0151l az \u00c1llatorvostudom\u00e1nyi Egyetem Parazitol\u00f3giai \u00e9s \u00c1llattani Tansz\u00e9k\u00e9n kezdett dolgozni \u00e9s az oktat\u00e1s mellett nagy szerepet j\u00e1tszik a tansz\u00e9k kutat\u00e1si tev\u00e9kenys\u00e9g\u00e9ben is. Az ut\u00f3bbi \u00e9vben pedig saj\u00e1t kutat\u00e1si ir\u00e1nyt kezdett, a kullancsok mellett az \u00e9l\u0151sk\u00f6d\u0151 atk\u00e1kra \u00e9s legyekre f\u00f3kusz\u00e1lva. Az ut\u00f3bbi n\u00e9gy \u00e9vben szerte\u00e1gaz\u00f3an vett r\u00e9szt k\u00fcl\u00f6nb\u00f6z\u0151 kutat\u00e1sokban. V\u00e1rosi s\u00fcn\u00f6k \u00e9s parazit\u00e1ik j\u00e1rv\u00e1nytani helyzet\u00e9t\u0151l (v\u00edrusokat is bele\u00e9rtve) kezdve, a k\u00fclf\u00f6ldi kullancsok j\u00e1rv\u00e1nytani \u00e9s filogenetikai helyzet\u00e9n \u00e1t az egy\u00e9b vektorok (bolh\u00e1k \u00e9s v\u00e9rsz\u00edv\u00f3 szuronyos ist\u00e1ll\u00f3legyek) \u00e9s madarak \u00e1ltal terjesztett parazitikus protozoonok t\u00e9mak\u00f6r\u00e9ben is kutatott. A kutat\u00e1sok sor\u00e1n nagy tapasztalatra tett szert sz\u00f6vetmint\u00e1k gy\u0171jt\u00e9s\u00e9ben (boncol\u00e1s), a mint\u00e1k feldolgoz\u00e1s\u00e1ban (DNS kivon\u00e1s, \u00faj protokollok adapt\u00e1l\u00e1sa, filogenetikai vizsg\u00e1latok) \u00e9s azok ki\u00e9rt\u00e9kel\u00e9s\u00e9ben. T\u00f6bb hazai \u00e9s nemzetk\u00f6zi kutat\u00e1si egy\u00fcttm\u0171k\u00f6d\u00e9snek is tagja. Szakter\u00fclet\u00e9n ny\u00fajtott kiv\u00e1l\u00f3 tudom\u00e1nyos munk\u00e1ja elismer\u00e9sek\u00e9nt 2021-ben Jermy Tibor-d\u00edj kit\u00fcntet\u00e9sben r\u00e9szes\u00fclt.<\/p> <p><strong>F\u0151bb kutat\u00e1si ter\u00fcletek: <\/strong><\/p> <ul> <li>V\u00e1rosi \u00f6kol\u00f3gia, parazit\u00e1k \u00e9s k\u00f3rokoz\u00f3inak j\u00e1rv\u00e1nytana, \u00edzeltl\u00e1b\u00fa ektoparazit\u00e1k (kullancsok, akt\u00e1k)<\/li> <\/ul> <p><strong>El\u0151rehalad\u00e1s<\/strong><\/p> <p>2019- tudom\u00e1nyos munkat\u00e1rs<\/p> <p>2020-egyetemi adjunktus<\/p> <p><strong>Szakmai szervezeti tags\u00e1g<\/strong><\/p> <p><strong>\u00a0<\/strong><strong>Eddigi szakdolgozat\/TDK hallgat\u00f3k sz\u00e1ma: <\/strong><\/p> <p>4<\/p> <table width=\"569\"> <tbody> <tr> <td colspan=\"2\" width=\"569\"><strong>PhD-hallgat\u00f3k<\/strong><\/td> <\/tr> <\/tbody> <\/table> <p>&nbsp;<\/p> <p><strong>Publik\u00e1ci\u00f3s lista (Top10)<\/strong><\/p> <p>MTMT:<\/p> <table style=\"height: 876px;\" width=\"999\"> <tbody> <tr style=\"height: 104px;\"> <td style=\"width: 47.0167px; height: 104px;\">1.<\/td> <td style=\"width: 937.183px; height: 104px;\">Jahfari, S ; Coipan, EC ; Fonville, M ; Docters, van Leeuwen A ; Hengeveld, PD ; Heylen, D ; Heyman, P ; van Maanen, C ; Butler, CM ; F\u00f6ldv\u00e1ri, G et al. Circulation of four Anaplasma phagocytophilum ecotypes in Europe PARASITES AND VECTORS 7 : 1 Paper: 365 , 11 p. (2014)<\/td> <\/tr> <tr style=\"height: 80px;\"> <td style=\"width: 47.0167px; height: 80px;\">2.<\/td> <td style=\"width: 937.183px; height: 80px;\">F\u00f6ldv\u00e1ri, G ; Siroky, P ; Majoros, G ; Szekeres, S ; Sprong, H Dermacentor reticulatus: a vector on the rise PARASITES AND VECTORS 9 Paper: 314 , 29 p. (2016)<\/td> <\/tr> <tr style=\"height: 104px;\"> <td style=\"width: 47.0167px; height: 104px;\">3.<\/td> <td style=\"width: 937.183px; height: 104px;\">F\u00f6ldv\u00e1ri, G ; Jahfari, S ; Rig\u00f3, K ; Szekeres, S ; Jablonszky, M ; Majoros, G ; T\u00f3th, M ; Moln\u00e1r, V ; Coipan, E C ; Sprong, H Candidatus Neoehrlichia mikurensis and Anaplasma phagocytophilum in urban hedgehogs\u00a0 EMERGING INFECTIOUS DISEASES 20 : 3 pp. 496-498. , 3 p. (2014)<\/td> <\/tr> <tr style=\"height: 104px;\"> <td style=\"width: 47.0167px; height: 104px;\">4.<\/td> <td style=\"width: 937.183px; height: 104px;\">Szekeres, S ; Coipan, EC ; Rig\u00f3, K ; Majoros, G ; Jahfari, S ; Sprong, H ; F\u00f6ldv\u00e1ri, G:\u00a0 Eco-epidemiology of Borrelia miyamotoi and Lyme borreliosis spirochetes in a popular hunting and recreational forest area in Hungary\u00a0 PARASITES AND VECTORS 8 p. 1 Paper: 309 , 8 p. (2015)<\/td> <\/tr> <tr style=\"height: 104px;\"> <td style=\"width: 47.0167px; height: 104px;\">5.<\/td> <td style=\"width: 937.183px; height: 104px;\">Szekeres, S ; Coipan, EC ; Rig\u00f3, K ; Majoros, G ; Jahfari, S ; Sprong, H ; F\u00f6ldv\u00e1ri, G: Candidatus Neoehrlichia mikurensis and Anaplasma phagocytophilum in natural rodent and tick communities in Southern Hungary\u00a0 TICKS AND TICK-BORNE DISEASES 6 : 2 pp. 111-116. , 6 p. (2015)<\/td> <\/tr> <tr style=\"height: 153px;\"> <td style=\"width: 47.0167px; height: 153px;\">6.<\/td> <td style=\"width: 937.183px; height: 153px;\">Szekeres, S ; Docters, van Leeuwen A ; Rig\u00f3, K ; Jablonszky, M ; Majoros, G ; Sprong, H ; F\u00f6ldv\u00e1ri, G: Prevalence and diversity of human pathogenic rickettsiae in urban versus rural habitats, Hungary\u00a0 EXPERIMENTAL AND APPLIED ACAROLOGY 68 : 2 pp. 223-226. , 4 p. (2016)<\/td> <\/tr> <tr style=\"height: 155px;\"> <td style=\"width: 47.0167px; height: 155px;\">7.<\/td> <td style=\"width: 937.183px; height: 155px;\">Szekeres, S ; L\u00fcgner, J ; Fingerle, V ; Margos, G ; F\u00f6ldv\u00e1ri, G:\u00a0 Prevalence of Borrelia miyamotoi and Borrelia burgdorferi sensu lato in questing ticks from a recreational coniferous forest of East Saxony, Germany\u00a0 TICKS AND TICK-BORNE DISEASES 8 : 6 pp. 922-927. , 6 p. (2017)<\/td> <\/tr> <tr style=\"height: 24px;\"> <td style=\"width: 47.0167px; height: 24px;\">8.<\/td> <td style=\"width: 937.183px; height: 24px;\">S\u00e1ndor, AD ; F\u00f6ldv\u00e1ri, M ; Krawczyk, AI ; Sprong, H ; Corduneanu, A ; Barti, L ; G\u00f6rf\u00f6l, T ; Est\u00f3k, P ; Kov\u00e1ts, D ; Szekeres, S et al. Eco-epidemiology of Novel Bartonella Genotypes from Parasitic Flies of Insectivorous Bats.\u00a0 MICROBIAL ECOLOGY 76 : 4 pp. 1076-1088. , 13 p. (2018)<\/td> <\/tr> <tr style=\"height: 24px;\"> <td style=\"width: 47.0167px; height: 24px;\">9.<\/td> <td style=\"width: 937.183px; height: 24px;\">Vilisics, Ferenc ; Szekeres, S\u00e1ndor ; Hornung, Erzs\u00e9bet:\u00a0 Size dependent differences in litter consumption of isopods: preliminary results\u00a0 ZOOKEYS 176 pp. 247-259. Paper: PMCID: PMC3335418 , 13 p. (2012)<\/td> <\/tr> <tr style=\"height: 24px;\"> <td style=\"width: 47.0167px; height: 24px;\">10.<\/td> <td style=\"width: 937.183px; height: 24px;\">Reuter, G ; Boros, \u00c1 ; F\u00f6ldv\u00e1ri, G ; Szekeres, S ; M\u00e1tics, R ; Kapusinszky, B ; Delwart, E ; Pankovics, P: Dicipivirus (family Picornaviridae) in wild Northern white-breasted hedgehog (Erinaceus roumanicus)\u00a0 ARCHIVES OF VIROLOGY 163 : 1 pp. 175-181. , 7 p. (2018)<\/td> <\/tr> <\/tbody> <\/table> <p>&nbsp;<\/p>","protected":false},"excerpt":{"rendered":"<p>Bemutatkoz\u00e1s Dr. Szekeres S\u00e1ndor 2018-ban szerezte meg a PhD fokozat\u00e1t az \u00c1llatorvostudom\u00e1nyi Egyetem, \u00c1llatorvostudom\u00e1nyi Doktori Iskol\u00e1j\u00e1ban. V\u00e9gz\u00e9se ut\u00e1n 2018 szeptember\u00e9t\u0151l az \u00c1llatorvostudom\u00e1nyi Egyetem Parazitol\u00f3giai \u00e9s \u00c1llattani Tansz\u00e9k\u00e9n kezdett dolgozni \u00e9s az oktat\u00e1s mellett nagy szerepet j\u00e1tszik a tansz\u00e9k kutat\u00e1si tev\u00e9kenys\u00e9g\u00e9ben is. Az ut\u00f3bbi \u00e9vben pedig saj\u00e1t kutat\u00e1si ir\u00e1nyt kezdett, a kullancsok mellett az \u00e9l\u0151sk\u00f6d\u0151 atk\u00e1kra<\/p>\n","protected":false},"author":5824,"featured_media":0,"parent":858,"menu_order":211,"comment_status":"closed","ping_status":"closed","template":"","meta":{"_acf_changed":false,"footnotes":""},"categories":[56],"tags":[],"class_list":["post-19321","page","type-page","status-publish","hentry","category-munkatarsak"],"acf":[],"_links":{"self":[{"href":"https:\/\/univet.hu\/hu\/wp-json\/wp\/v2\/pages\/19321","targetHints":{"allow":["GET"]}}],"collection":[{"href":"https:\/\/univet.hu\/hu\/wp-json\/wp\/v2\/pages"}],"about":[{"href":"https:\/\/univet.hu\/hu\/wp-json\/wp\/v2\/types\/page"}],"author":[{"embeddable":true,"href":"https:\/\/univet.hu\/hu\/wp-json\/wp\/v2\/users\/5824"}],"replies":[{"embeddable":true,"href":"https:\/\/univet.hu\/hu\/wp-json\/wp\/v2\/comments?post=19321"}],"version-history":[{"count":1,"href":"https:\/\/univet.hu\/hu\/wp-json\/wp\/v2\/pages\/19321\/revisions"}],"predecessor-version":[{"id":199660,"href":"https:\/\/univet.hu\/hu\/wp-json\/wp\/v2\/pages\/19321\/revisions\/199660"}],"up":[{"embeddable":true,"href":"https:\/\/univet.hu\/hu\/wp-json\/wp\/v2\/pages\/858"}],"wp:attachment":[{"href":"https:\/\/univet.hu\/hu\/wp-json\/wp\/v2\/media?parent=19321"}],"wp:term":[{"taxonomy":"category","embeddable":true,"href":"https:\/\/univet.hu\/hu\/wp-json\/wp\/v2\/categories?post=19321"},{"taxonomy":"post_tag","embeddable":true,"href":"https:\/\/univet.hu\/hu\/wp-json\/wp\/v2\/tags?post=19321"}],"curies":[{"name":"wp","href":"https:\/\/api.w.org\/{rel}","templated":true}]}}