{"id":194742,"date":"2025-11-10T09:41:58","date_gmt":"2025-11-10T08:41:58","guid":{"rendered":"https:\/\/univet.hu\/hu\/oktatas\/tanulmanyi-osztaly\/allasajanlatok\/new_child_page-2\/"},"modified":"2025-11-10T09:42:16","modified_gmt":"2025-11-10T08:42:16","slug":"turul-allatkorhaz","status":"publish","type":"page","link":"https:\/\/univet.hu\/hu\/oktatas\/tanulmanyi-osztaly\/allasajanlatok\/turul-allatkorhaz\/","title":{"rendered":"Turul \u00c1llatk\u00f3rh\u00e1z"},"content":{"rendered":"<p style=\"text-align: left\" align=\"center\">2025.11.10<\/p> <p class=\"x_MsoNormal\" align=\"center\"><b><span data-olk-copy-source=\"MessageBody\">\u00c1ll\u00e1shirdet\u00e9s<\/span><\/b><\/p> <p class=\"x_MsoNormal\"><b>Helysz\u00edn:<\/b>\u00a0G\u00f6d\u00f6ll\u0151, Turul \u00c1llatk\u00f3rh\u00e1z<br \/> <b>Munkak\u00f6r:<\/b>\u00a0\u00c1llatorvos (teljes munkaid\u0151)<\/p> <p class=\"x_MsoNormal\">J\u00f3l felszerelt, modern\u00a0<b>\u00e1llatorvosi rendel\u0151nk<\/b>\u00a0tapasztalattal rendelkez\u0151\u00a0<b>\u00e1llatorvost<\/b>\u00a0keres csapatunkba. Rendel\u0151nkben fert\u0151z\u0151-\u00e9s nem fert\u0151z\u0151 k\u00f3rh\u00e1zi ell\u00e1t\u00e1st, l\u00e1gyszervi seb\u00e9szetet, ambul\u00e1ns beteg\u00e1ll\u00e1t\u00e1st v\u00e9gz\u00fcnk.<\/p> <p class=\"x_MsoNormal\"><b><\/b><b>\u00a0Amit k\u00edn\u00e1lunk:<\/b><\/p> <ul type=\"disc\"> <li class=\"x_MsoNormal\">Versenyk\u00e9pes fizet\u00e9s<\/li> <li class=\"x_MsoNormal\">Korszer\u0171 diagnosztikai eszk\u00f6z\u00f6k (digit\u00e1lis r\u00f6ntgen, ultrahang, labor, fog\u00e1szati egys\u00e9g stb\u2026)<\/li> <li class=\"x_MsoNormal\">T\u00e1mogat\u00f3, \u00f6sszetart\u00f3 csapat<\/li> <li class=\"x_MsoNormal\">Folyamatos szakmai fejl\u0151d\u00e9si lehet\u0151s\u00e9g<\/li> <li class=\"x_MsoNormal\">Kellemes munkak\u00f6rnyezet, stabil h\u00e1tt\u00e9r<\/li> <\/ul> <p class=\"x_MsoNormal\"><b><\/b><b>\u00a0Elv\u00e1r\u00e1sok:<\/b><\/p> <ul type=\"disc\"> <li class=\"x_MsoNormal\">\u00c1llatorvosi diploma<\/li> <li class=\"x_MsoNormal\">Legal\u00e1bb 1\u20132 \u00e9v gyakorlati tapasztalat kis\u00e1llatgy\u00f3gy\u00e1szatban<\/li> <li class=\"x_MsoNormal\">Prec\u00edz, empatikus hozz\u00e1\u00e1ll\u00e1s az \u00e1llatokhoz \u00e9s gazdikhoz egyar\u00e1nt<\/li> <li class=\"x_MsoNormal\">\u00d6n\u00e1ll\u00f3 \u00e9s csapatban val\u00f3 munkav\u00e9gz\u00e9sre val\u00f3 k\u00e9pess\u00e9g<\/li> <\/ul> <p class=\"x_MsoNormal\">F\u00e9nyk\u00e9pes \u00f6n\u00e9letrajzot \u00e9s r\u00f6vid motiv\u00e1ci\u00f3s levelet a k\u00f6vetkez\u0151 e-mail c\u00edmre v\u00e1runk:<\/p> <p class=\"x_MsoNormal\"><b><\/b><b>\u00a0Jelentkez\u00e9s:\u00a0<a class=\"decrypt\" rel=\"hpepmmpjbmmbupswptAhnbjm\/dpn\" href=\"javascript:void(0);\">[Kattintson az emailc\u00edmhez]<\/a><\/b><\/p>","protected":false},"excerpt":{"rendered":"<p>2025.11.10 \u00c1ll\u00e1shirdet\u00e9s Helysz\u00edn:\u00a0G\u00f6d\u00f6ll\u0151, Turul \u00c1llatk\u00f3rh\u00e1z Munkak\u00f6r:\u00a0\u00c1llatorvos (teljes munkaid\u0151) J\u00f3l felszerelt, modern\u00a0\u00e1llatorvosi rendel\u0151nk\u00a0tapasztalattal rendelkez\u0151\u00a0\u00e1llatorvost\u00a0keres csapatunkba. Rendel\u0151nkben fert\u0151z\u0151-\u00e9s nem fert\u0151z\u0151 k\u00f3rh\u00e1zi ell\u00e1t\u00e1st, l\u00e1gyszervi seb\u00e9szetet, ambul\u00e1ns beteg\u00e1ll\u00e1t\u00e1st v\u00e9gz\u00fcnk. \u00a0Amit k\u00edn\u00e1lunk: Versenyk\u00e9pes fizet\u00e9s Korszer\u0171 diagnosztikai eszk\u00f6z\u00f6k (digit\u00e1lis r\u00f6ntgen, ultrahang, labor, fog\u00e1szati egys\u00e9g stb\u2026) T\u00e1mogat\u00f3, \u00f6sszetart\u00f3 csapat Folyamatos szakmai fejl\u0151d\u00e9si lehet\u0151s\u00e9g Kellemes munkak\u00f6rnyezet, stabil h\u00e1tt\u00e9r \u00a0Elv\u00e1r\u00e1sok: \u00c1llatorvosi diploma Legal\u00e1bb 1\u20132<\/p>\n","protected":false},"author":5795,"featured_media":0,"parent":26415,"menu_order":0,"comment_status":"open","ping_status":"open","template":"","meta":{"_acf_changed":false,"footnotes":""},"categories":[],"tags":[],"class_list":["post-194742","page","type-page","status-publish","hentry"],"acf":[],"_links":{"self":[{"href":"https:\/\/univet.hu\/hu\/wp-json\/wp\/v2\/pages\/194742","targetHints":{"allow":["GET"]}}],"collection":[{"href":"https:\/\/univet.hu\/hu\/wp-json\/wp\/v2\/pages"}],"about":[{"href":"https:\/\/univet.hu\/hu\/wp-json\/wp\/v2\/types\/page"}],"author":[{"embeddable":true,"href":"https:\/\/univet.hu\/hu\/wp-json\/wp\/v2\/users\/5795"}],"replies":[{"embeddable":true,"href":"https:\/\/univet.hu\/hu\/wp-json\/wp\/v2\/comments?post=194742"}],"version-history":[{"count":2,"href":"https:\/\/univet.hu\/hu\/wp-json\/wp\/v2\/pages\/194742\/revisions"}],"predecessor-version":[{"id":194744,"href":"https:\/\/univet.hu\/hu\/wp-json\/wp\/v2\/pages\/194742\/revisions\/194744"}],"up":[{"embeddable":true,"href":"https:\/\/univet.hu\/hu\/wp-json\/wp\/v2\/pages\/26415"}],"wp:attachment":[{"href":"https:\/\/univet.hu\/hu\/wp-json\/wp\/v2\/media?parent=194742"}],"wp:term":[{"taxonomy":"category","embeddable":true,"href":"https:\/\/univet.hu\/hu\/wp-json\/wp\/v2\/categories?post=194742"},{"taxonomy":"post_tag","embeddable":true,"href":"https:\/\/univet.hu\/hu\/wp-json\/wp\/v2\/tags?post=194742"}],"curies":[{"name":"wp","href":"https:\/\/api.w.org\/{rel}","templated":true}]}}