{"id":194745,"date":"2025-11-10T09:58:41","date_gmt":"2025-11-10T08:58:41","guid":{"rendered":"https:\/\/univet.hu\/hu\/oktatas\/tanulmanyi-osztaly\/allasajanlatok\/new_child_page-2\/"},"modified":"2025-11-10T09:58:41","modified_gmt":"2025-11-10T08:58:41","slug":"prophyl-novahr","status":"publish","type":"page","link":"https:\/\/univet.hu\/hu\/oktatas\/tanulmanyi-osztaly\/allasajanlatok\/prophyl-novahr\/","title":{"rendered":"Prophyl &#8211; NovaHR"},"content":{"rendered":"<p>2025.11.10<\/p> <p><span data-olk-copy-source=\"MessageBody\">\u00dcgyfel\u00fcnk egy magyar tulajdonban l\u00e9v\u0151 v\u00e1llalat, a\u00a0<b>Prophyl,\u00a0<\/b>sz\u00e1mukra keres\u00fcnk \u00faj koll\u00e9g\u00e1t\u00a0<b>Moh\u00e1csra.\u00a0<\/b>Tev\u00e9kenys\u00e9g\u00fck az \u00e1llateg\u00e9szs\u00e9g\u00fcgy sz\u00e1m\u00e1ra gy\u00f3gyszerek, SPF steril toj\u00e1sok, illetve hum\u00e1n-\u00e9s \u00e1llatgy\u00f3gy\u00e1szati olt\u00f3anyagok el\u0151\u00e1ll\u00edt\u00e1sa, kutat\u00e1si ter\u00fcletre keresnek \u00e1llatorvos koll\u00e9g\u00e1t.<\/span><\/p> <p>A k\u00f6lt\u00f6z\u0151 koll\u00e9g\u00e1knak lakhat\u00e1si t\u00e1mogat\u00e1s mell\u00e9 versenyk\u00e9pes fizet\u00e9s \u00e9s juttat\u00e1sok t\u00e1rsulnak.<\/p> <p>A poz\u00edci\u00f3 le\u00edr\u00e1s\u00e1t a csatolm\u00e1nyban, a c\u00e9gr\u0151l tov\u00e1bbi inform\u00e1ci\u00f3t pedig az al\u00e1bbi linkeken tal\u00e1l:\u00a0<a title=\"https:\/\/prophyl.hu\/\" href=\"https:\/\/prophyl.hu\/\" data-auth=\"NotApplicable\" data-linkindex=\"2\">https:\/\/prophyl.hu\/<\/a>\u00a0(honlap),\u00a0<a title=\"https:\/\/youtu.be\/7T-dxqhznIA?si=UHEUU2DSk6vRBBWO\" href=\"https:\/\/youtu.be\/7T-dxqhznIA?si=UHEUU2DSk6vRBBWO\" data-auth=\"NotApplicable\" data-linkindex=\"3\">https:\/\/youtu.be\/7T-dxqhznIA?si=UHEUU2DSk6vRBBWO<\/a>\u00a0(c\u00e9gbemutat\u00f3 vide\u00f3).<\/p> <p>A jelentkez\u00e9si c\u00edm a poz\u00edci\u00f3 le\u00edr\u00e1s alj\u00e1n tal\u00e1lhat\u00f3 vagy pedig erre az email c\u00edme v\u00e1rjuk a jelentkez\u00e9seket f\u00e9nyk\u00e9pes \u00f6n\u00e9letrajzzal.<\/p> <p><a href=\"https:\/\/univet.hu\/wp-content\/uploads\/2025\/11\/Allatorvos-kutatasi-teruletre.pdf\" target=\"_blank\" rel=\"noopener\">\u00c1llatorvos (kutat\u00e1si ter\u00fcletre)<\/a><\/p>","protected":false},"excerpt":{"rendered":"<p>2025.11.10 \u00dcgyfel\u00fcnk egy magyar tulajdonban l\u00e9v\u0151 v\u00e1llalat, a\u00a0Prophyl,\u00a0sz\u00e1mukra keres\u00fcnk \u00faj koll\u00e9g\u00e1t\u00a0Moh\u00e1csra.\u00a0Tev\u00e9kenys\u00e9g\u00fck az \u00e1llateg\u00e9szs\u00e9g\u00fcgy sz\u00e1m\u00e1ra gy\u00f3gyszerek, SPF steril toj\u00e1sok, illetve hum\u00e1n-\u00e9s \u00e1llatgy\u00f3gy\u00e1szati olt\u00f3anyagok el\u0151\u00e1ll\u00edt\u00e1sa, kutat\u00e1si ter\u00fcletre keresnek \u00e1llatorvos koll\u00e9g\u00e1t. A k\u00f6lt\u00f6z\u0151 koll\u00e9g\u00e1knak lakhat\u00e1si t\u00e1mogat\u00e1s mell\u00e9 versenyk\u00e9pes fizet\u00e9s \u00e9s juttat\u00e1sok t\u00e1rsulnak. A poz\u00edci\u00f3 le\u00edr\u00e1s\u00e1t a csatolm\u00e1nyban, a c\u00e9gr\u0151l tov\u00e1bbi inform\u00e1ci\u00f3t pedig az al\u00e1bbi linkeken tal\u00e1l:\u00a0https:\/\/prophyl.hu\/\u00a0(honlap),\u00a0https:\/\/youtu.be\/7T-dxqhznIA?si=UHEUU2DSk6vRBBWO\u00a0(c\u00e9gbemutat\u00f3 vide\u00f3). A<\/p>\n","protected":false},"author":5795,"featured_media":0,"parent":26415,"menu_order":0,"comment_status":"open","ping_status":"open","template":"","meta":{"_acf_changed":false,"footnotes":""},"categories":[],"tags":[],"class_list":["post-194745","page","type-page","status-publish","hentry"],"acf":[],"_links":{"self":[{"href":"https:\/\/univet.hu\/hu\/wp-json\/wp\/v2\/pages\/194745","targetHints":{"allow":["GET"]}}],"collection":[{"href":"https:\/\/univet.hu\/hu\/wp-json\/wp\/v2\/pages"}],"about":[{"href":"https:\/\/univet.hu\/hu\/wp-json\/wp\/v2\/types\/page"}],"author":[{"embeddable":true,"href":"https:\/\/univet.hu\/hu\/wp-json\/wp\/v2\/users\/5795"}],"replies":[{"embeddable":true,"href":"https:\/\/univet.hu\/hu\/wp-json\/wp\/v2\/comments?post=194745"}],"version-history":[{"count":1,"href":"https:\/\/univet.hu\/hu\/wp-json\/wp\/v2\/pages\/194745\/revisions"}],"predecessor-version":[{"id":194749,"href":"https:\/\/univet.hu\/hu\/wp-json\/wp\/v2\/pages\/194745\/revisions\/194749"}],"up":[{"embeddable":true,"href":"https:\/\/univet.hu\/hu\/wp-json\/wp\/v2\/pages\/26415"}],"wp:attachment":[{"href":"https:\/\/univet.hu\/hu\/wp-json\/wp\/v2\/media?parent=194745"}],"wp:term":[{"taxonomy":"category","embeddable":true,"href":"https:\/\/univet.hu\/hu\/wp-json\/wp\/v2\/categories?post=194745"},{"taxonomy":"post_tag","embeddable":true,"href":"https:\/\/univet.hu\/hu\/wp-json\/wp\/v2\/tags?post=194745"}],"curies":[{"name":"wp","href":"https:\/\/api.w.org\/{rel}","templated":true}]}}