{"id":197109,"date":"2025-12-09T08:21:39","date_gmt":"2025-12-09T07:21:39","guid":{"rendered":"https:\/\/univet.hu\/hu\/oktatas\/tanulmanyi-osztaly\/allasajanlatok\/new_child_page-2\/"},"modified":"2025-12-09T08:21:39","modified_gmt":"2025-12-09T07:21:39","slug":"viza-vet-allatorvosi-rendelo","status":"publish","type":"page","link":"https:\/\/univet.hu\/hu\/oktatas\/tanulmanyi-osztaly\/allasajanlatok\/viza-vet-allatorvosi-rendelo\/","title":{"rendered":"Viza-Vet \u00c1llatorvosi  Rendel\u0151"},"content":{"rendered":"<p class=\"x_p1\"><span class=\"x_s1\"><b><span data-olk-copy-source=\"MessageBody\">llatorvost keres\u00fcnk a Viza-Vet \u00c1llatorvosi<\/span><\/b><\/span><\/p> <p class=\"x_p1\"><span class=\"x_s1\"><b>Rendel\u00f6be (Budapest, XIII. ker\u00fclet)<\/b><\/span><\/p> <p class=\"x_p1\"><span class=\"x_s2\">Koll\u00e9gan\u0151nk t\u00e1voz\u00e1sa miatt 2025. janu\u00e1rt\u00f3l r\u00e9szmunkaid\u0151s\u00a0<\/span>\u00e1llatorvost keres\u00fcnk a 13. ker\u00fcleti Viza-Vet rendel\u0151be, napi 4-5 \u00f3r\u00e1s munkav\u00e9gz\u00e9sre.<\/p> <p class=\"x_p1\"><span class=\"x_s2\">Olyan \u00e1llatorvos jelentkez\u00e9s\u00e9t v\u00e1rjuk, aki:<\/span><\/p> <ul type=\"disc\"> <li class=\"x_li1\"><span class=\"x_s2\">szeret csapatban dolgozni,<\/span><\/li> <li class=\"x_li1\"><span class=\"x_s2\">kiv\u00e1l\u00f3 kommunik\u00e1ci\u00f3s k\u00e9szs\u00e9ggel rendelkezik<\/span><\/li> <li class=\"x_li1\"><span class=\"x_s2\">biztos szakmai tud\u00e1ssal \u00e9s j\u00f3 probl\u00e9mamegold\u00f3\u00a0<\/span>k\u00e9pess\u00e9ggel b\u00edr<\/li> <li class=\"x_li1\">kedves, empatikus \u00e9s ami a legfontosabb: sz\u00edvb\u0151l szereti az \u00e1llatokat<\/li> <\/ul> <p class=\"x_p1\"><span class=\"x_s2\">A Viza-Vet egy bar\u00e1ts\u00e1gos, modern, j\u00f3l felszerelt rendel\u0151, ahol t\u00e1mogat\u00f3 k\u00f6zegben lehet fejl\u0151dni \u00e9s min\u0151s\u00e9gi munk\u00e1t v\u00e9gezni, versenyk\u00e9pes fizet\u00e9ssel.<\/span><\/p> <p class=\"x_p1\"><span class=\"x_s2\">Jelentkez\u00e9s: \u00f6n\u00e9letrajzzal \u00e9s n\u00e9h\u00e1ny sor bemutatkoz\u00e1ssal az<\/span><\/p> <p class=\"x_p1\"><span class=\"x_s2\"><a class=\"decrypt\" rel=\"wj{bwfusfoefmpAhnbjm\/dpn\" href=\"javascript:void(0);\">[Kattintson az emailc\u00edmhez]<\/a>\u00a0e-mail c\u00edmre.<\/span><\/p>","protected":false},"excerpt":{"rendered":"<p>llatorvost keres\u00fcnk a Viza-Vet \u00c1llatorvosi Rendel\u00f6be (Budapest, XIII. ker\u00fclet) Koll\u00e9gan\u0151nk t\u00e1voz\u00e1sa miatt 2025. janu\u00e1rt\u00f3l r\u00e9szmunkaid\u0151s\u00a0\u00e1llatorvost keres\u00fcnk a 13. ker\u00fcleti Viza-Vet rendel\u0151be, napi 4-5 \u00f3r\u00e1s munkav\u00e9gz\u00e9sre. Olyan \u00e1llatorvos jelentkez\u00e9s\u00e9t v\u00e1rjuk, aki: szeret csapatban dolgozni, kiv\u00e1l\u00f3 kommunik\u00e1ci\u00f3s k\u00e9szs\u00e9ggel rendelkezik biztos szakmai tud\u00e1ssal \u00e9s j\u00f3 probl\u00e9mamegold\u00f3\u00a0k\u00e9pess\u00e9ggel b\u00edr kedves, empatikus \u00e9s ami a legfontosabb: sz\u00edvb\u0151l szereti az \u00e1llatokat A<\/p>\n","protected":false},"author":5795,"featured_media":0,"parent":26415,"menu_order":0,"comment_status":"open","ping_status":"open","template":"","meta":{"_acf_changed":false,"footnotes":""},"categories":[],"tags":[],"class_list":["post-197109","page","type-page","status-publish","hentry"],"acf":[],"_links":{"self":[{"href":"https:\/\/univet.hu\/hu\/wp-json\/wp\/v2\/pages\/197109","targetHints":{"allow":["GET"]}}],"collection":[{"href":"https:\/\/univet.hu\/hu\/wp-json\/wp\/v2\/pages"}],"about":[{"href":"https:\/\/univet.hu\/hu\/wp-json\/wp\/v2\/types\/page"}],"author":[{"embeddable":true,"href":"https:\/\/univet.hu\/hu\/wp-json\/wp\/v2\/users\/5795"}],"replies":[{"embeddable":true,"href":"https:\/\/univet.hu\/hu\/wp-json\/wp\/v2\/comments?post=197109"}],"version-history":[{"count":1,"href":"https:\/\/univet.hu\/hu\/wp-json\/wp\/v2\/pages\/197109\/revisions"}],"predecessor-version":[{"id":197110,"href":"https:\/\/univet.hu\/hu\/wp-json\/wp\/v2\/pages\/197109\/revisions\/197110"}],"up":[{"embeddable":true,"href":"https:\/\/univet.hu\/hu\/wp-json\/wp\/v2\/pages\/26415"}],"wp:attachment":[{"href":"https:\/\/univet.hu\/hu\/wp-json\/wp\/v2\/media?parent=197109"}],"wp:term":[{"taxonomy":"category","embeddable":true,"href":"https:\/\/univet.hu\/hu\/wp-json\/wp\/v2\/categories?post=197109"},{"taxonomy":"post_tag","embeddable":true,"href":"https:\/\/univet.hu\/hu\/wp-json\/wp\/v2\/tags?post=197109"}],"curies":[{"name":"wp","href":"https:\/\/api.w.org\/{rel}","templated":true}]}}