{"id":197606,"date":"2026-01-08T09:26:49","date_gmt":"2026-01-08T08:26:49","guid":{"rendered":"https:\/\/univet.hu\/?page_id=197606"},"modified":"2026-02-25T12:54:07","modified_gmt":"2026-02-25T11:54:07","slug":"diplomaoszto-2026","status":"publish","type":"page","link":"https:\/\/univet.hu\/hu\/diplomaoszto-2026\/","title":{"rendered":"Diplomaoszt\u00f3 2026"},"content":{"rendered":"<p><strong>Az \u00c1llatorvostudom\u00e1nyi Egyetem Szen\u00e1tusa nev\u00e9ben szeretettel megh\u00edvjuk doktorr\u00e1 avat\u00f3 \u00e9s diplomaoszt\u00f3 \u00fcnneps\u00e9g\u00fcnkre, melyet online is k\u00f6zvet\u00edt\u00fcnk.<\/strong><\/p> <p><strong>Id\u0151pont<\/strong>: 2026. febru\u00e1r 27, p\u00e9ntek 10.00 \u00f3ra<\/p> <p><em>Esem\u00e9ny\u00fcnket online is k\u00f6zvet\u00edtj\u00fck. K\u00e9rj\u00fck, l\u00e1togasson vissza oldalunkra az esem\u00e9ny id\u0151pontj\u00e1ban!<\/em><\/p> <p><iframe loading=\"lazy\" title=\"\u00c1llatorvostudom\u00e1nyi Egyetem Diplomaoszt\u00f3 \u00dcnneps\u00e9g 2026 - \u00e9l\u0151\" src=\"https:\/\/www.youtube.com\/embed\/kR9hRFd3Cf4\" width=\"804\" height=\"452\" frameborder=\"0\" allowfullscreen=\"allowfullscreen\"><\/iframe><br \/> <a href=\"https:\/\/univet.hu\/wp-content\/uploads\/2026\/01\/diplomamagyar2026.jpg\"><img loading=\"lazy\" decoding=\"async\" class=\"alignleft size-full wp-image-198080\" src=\"https:\/\/univet.hu\/wp-content\/uploads\/2026\/01\/diplomamagyar2026.jpg\" alt=\"\" width=\"1124\" height=\"1150\" srcset=\"https:\/\/univet.hu\/wp-content\/uploads\/2026\/01\/diplomamagyar2026.jpg 1124w, https:\/\/univet.hu\/wp-content\/uploads\/2026\/01\/diplomamagyar2026-313x320.jpg 313w, https:\/\/univet.hu\/wp-content\/uploads\/2026\/01\/diplomamagyar2026-938x960.jpg 938w, https:\/\/univet.hu\/wp-content\/uploads\/2026\/01\/diplomamagyar2026-768x786.jpg 768w\" sizes=\"auto, (max-width: 1124px) 100vw, 1124px\" \/><\/a><\/p> <p><a href=\"https:\/\/univet.hu\/wp-content\/uploads\/2025\/01\/Borito-HU-1.jpg\"><img loading=\"lazy\" decoding=\"async\" class=\"aligncenter size-full wp-image-174721\" src=\"https:\/\/univet.hu\/wp-content\/uploads\/2025\/01\/Borito-HU-1.jpg\" alt=\"\" width=\"1531\" height=\"1617\" srcset=\"https:\/\/univet.hu\/wp-content\/uploads\/2025\/01\/Borito-HU-1.jpg 1531w, https:\/\/univet.hu\/wp-content\/uploads\/2025\/01\/Borito-HU-1-303x320.jpg 303w, https:\/\/univet.hu\/wp-content\/uploads\/2025\/01\/Borito-HU-1-909x960.jpg 909w, https:\/\/univet.hu\/wp-content\/uploads\/2025\/01\/Borito-HU-1-768x811.jpg 768w, https:\/\/univet.hu\/wp-content\/uploads\/2025\/01\/Borito-HU-1-1454x1536.jpg 1454w\" sizes=\"auto, (max-width: 1531px) 100vw, 1531px\" \/><\/a><\/p> <p>&nbsp;<\/p> <p><a href=\"https:\/\/univet.hu\/wp-content\/uploads\/2026\/01\/diplomamagyarkulso2026.pdf\">Megh\u00edv\u00f3 let\u00f6lt\u00e9se pdf-ben (bor\u00edt\u00f3)<\/a><\/p> <p><a href=\"https:\/\/univet.hu\/wp-content\/uploads\/2026\/01\/diplomamagyar2026.pdf\">Megh\u00edv\u00f3 let\u00f6lt\u00e9se pdf-ben (bel\u00edv)<\/a><\/p>","protected":false},"excerpt":{"rendered":"<p>Az \u00c1llatorvostudom\u00e1nyi Egyetem Szen\u00e1tusa nev\u00e9ben szeretettel megh\u00edvjuk doktorr\u00e1 avat\u00f3 \u00e9s diplomaoszt\u00f3 \u00fcnneps\u00e9g\u00fcnkre, melyet online is k\u00f6zvet\u00edt\u00fcnk. Id\u0151pont: 2026. febru\u00e1r 27, p\u00e9ntek 10.00 \u00f3ra Esem\u00e9ny\u00fcnket online is k\u00f6zvet\u00edtj\u00fck. K\u00e9rj\u00fck, l\u00e1togasson vissza oldalunkra az esem\u00e9ny id\u0151pontj\u00e1ban! &nbsp; Megh\u00edv\u00f3 let\u00f6lt\u00e9se pdf-ben (bor\u00edt\u00f3) Megh\u00edv\u00f3 let\u00f6lt\u00e9se pdf-ben (bel\u00edv)<\/p>\n","protected":false},"author":2518,"featured_media":0,"parent":0,"menu_order":0,"comment_status":"closed","ping_status":"closed","template":"","meta":{"_acf_changed":false,"footnotes":""},"categories":[],"tags":[],"class_list":["post-197606","page","type-page","status-publish","hentry"],"acf":[],"_links":{"self":[{"href":"https:\/\/univet.hu\/hu\/wp-json\/wp\/v2\/pages\/197606","targetHints":{"allow":["GET"]}}],"collection":[{"href":"https:\/\/univet.hu\/hu\/wp-json\/wp\/v2\/pages"}],"about":[{"href":"https:\/\/univet.hu\/hu\/wp-json\/wp\/v2\/types\/page"}],"author":[{"embeddable":true,"href":"https:\/\/univet.hu\/hu\/wp-json\/wp\/v2\/users\/2518"}],"replies":[{"embeddable":true,"href":"https:\/\/univet.hu\/hu\/wp-json\/wp\/v2\/comments?post=197606"}],"version-history":[{"count":4,"href":"https:\/\/univet.hu\/hu\/wp-json\/wp\/v2\/pages\/197606\/revisions"}],"predecessor-version":[{"id":201740,"href":"https:\/\/univet.hu\/hu\/wp-json\/wp\/v2\/pages\/197606\/revisions\/201740"}],"wp:attachment":[{"href":"https:\/\/univet.hu\/hu\/wp-json\/wp\/v2\/media?parent=197606"}],"wp:term":[{"taxonomy":"category","embeddable":true,"href":"https:\/\/univet.hu\/hu\/wp-json\/wp\/v2\/categories?post=197606"},{"taxonomy":"post_tag","embeddable":true,"href":"https:\/\/univet.hu\/hu\/wp-json\/wp\/v2\/tags?post=197606"}],"curies":[{"name":"wp","href":"https:\/\/api.w.org\/{rel}","templated":true}]}}