{"id":197825,"date":"2026-01-13T16:05:43","date_gmt":"2026-01-13T15:05:43","guid":{"rendered":"https:\/\/univet.hu\/hu\/oktatas\/tanulmanyi-osztaly\/allasajanlatok\/new_child_page-2\/"},"modified":"2026-01-13T16:05:43","modified_gmt":"2026-01-13T15:05:43","slug":"pegi-vet-kisallatrendelo-kaposvar","status":"publish","type":"page","link":"https:\/\/univet.hu\/hu\/oktatas\/tanulmanyi-osztaly\/allasajanlatok\/pegi-vet-kisallatrendelo-kaposvar\/","title":{"rendered":"Pegi-Vet Kis\u00e1llatrendel\u0151, Kaposv\u00e1r"},"content":{"rendered":"<p>2026.01.13<\/p> <h2><span data-olk-copy-source=\"MessageBody\"><\/span>\u00a0\u00c1llatorvost keres\u00fcnk Kaposv\u00e1rra \u2013 Kezdd n\u00e1lunk a karriered!<\/h2> <p>Szeretn\u00e9l egy t\u00e1mogat\u00f3 csapatban fejl\u0151dni, ahol nem engedik el a kezed az els\u0151 m\u0171t\u00e9tn\u00e9l? Kaposv\u00e1ri,\u00a0<b>Duna utcai rendel\u0151nkbe<\/b>\u00a0keress\u00fck lelkes, \u00e1llatszeret\u0151 koll\u00e9g\u00e1nkat!<\/p> <h3>Amit k\u00edn\u00e1lunk:<\/h3> <ul type=\"disc\"> <li><b>Mentor\u00e1l\u00e1s \u00e9s fejl\u0151d\u00e9s:<\/b>\u00a0Nem baj, ha m\u00e9g nincs nagy rutinod \u2013 n\u00e1lunk t\u00f6bb tapasztalt koll\u00e9ga keze alatt tanulhatsz. T\u00f6bb rendel\u0151nknek k\u00f6sz\u00f6nhet\u0151en v\u00e1ltozatos esetekkel \u00e9s k\u00fcl\u00f6nb\u00f6z\u0151 szeml\u00e9letm\u00f3dokkal tal\u00e1lkozhatsz.<\/li> <li><b>Rugalmas id\u0151beoszt\u00e1s:<\/b>\u00a0A betanul\u00e1si id\u0151szak ut\u00e1n heti 2-3 nap munkav\u00e9gz\u00e9s, v\u00e1ltott m\u0171szakban a koll\u00e9g\u00e1kkal. \u00cdgy jut id\u0151d a pihen\u00e9sre vagy a szakmai tov\u00e1bbk\u00e9pz\u00e9sre is.<\/li> <li><b>Szem\u00e9lyre szabott foglalkoztat\u00e1s:<\/b>\u00a0Nyitottak vagyunk\u00a0<b>alkalmazotti jogviszonyra<\/b>, de\u00a0<b>megb\u00edz\u00e1si szerz\u0151d\u00e9ssel<\/b>\u00a0(v\u00e1llalkoz\u00f3k\u00e9nt) is sz\u00edvesen fogadunk.<\/li> <li><b>Korrekt b\u00e9rez\u00e9s:<\/b> <ul type=\"circle\"> <li>A betanul\u00e1si id\u0151szak alatt\u00a0<b>fix alapb\u00e9rt<\/b>\u00a0biztos\u00edtunk a biztons\u00e1god \u00e9rdek\u00e9ben.<\/li> <li>K\u00e9s\u0151bb\u00a0<b>teljes\u00edtm\u00e9nyar\u00e1nyos b\u00e9rez\u00e9sre<\/b>\u00a0v\u00e1ltunk (bev\u00e9tel ut\u00e1ni jutal\u00e9k), \u00edgy a j\u00f6vedelmednek csak a szorgalmad szab hat\u00e1rt.<\/li> <\/ul> <\/li> <\/ul> <h3>Kit keres\u00fcnk?<\/h3> <ul type=\"disc\"> <li>Diplom\u00e1s \u00e1llatorvost (p\u00e1lyakezd\u0151k, frissen v\u00e9gzettek jelentkez\u00e9s\u00e9t is kifejezetten v\u00e1rjuk!).<\/li> <li>Olyan koll\u00e9g\u00e1t, aki szeretne tanulni \u00e9s fejl\u0151dni.<\/li> <li>Megb\u00edzhat\u00f3, prec\u00edz szem\u00e9lyis\u00e9get, aki j\u00f3l sz\u00f3t \u00e9rt a gazdikkal is.<\/li> <\/ul> <h3>Munkav\u00e9gz\u00e9s helye:<\/h3> <p>\u00a07400 Kaposv\u00e1r, Duna utca<\/p> <div class=\"x_MsoNormal\" align=\"center\"> <hr align=\"center\" size=\"2\" width=\"100%\" \/> <\/div> <p><b>Jelentkezz hozz\u00e1nk, \u00e9s \u00e9p\u00edts\u00fck egy\u00fctt a j\u00f6v\u0151 \u00e1llateg\u00e9szs\u00e9g\u00fcgy\u00e9t!<\/b><\/p> <blockquote><p><b>Kapcsolat:<\/b>\u00a0<a class=\"decrypt\" rel=\"jogpAqfhjwfu\/fv\" href=\"javascript:void(0);\">[Kattintson az emailc\u00edmhez]<\/a><\/p><\/blockquote> <p>&nbsp;<\/p> <p><a href=\"https:\/\/univet.hu\/wp-content\/uploads\/2026\/01\/Duna_VET_2026.pdf\">\u00c1ll\u00e1shirdet\u00e9s let\u00f6lt\u00e9se<\/a><\/p>","protected":false},"excerpt":{"rendered":"<p>2026.01.13 \u00a0\u00c1llatorvost keres\u00fcnk Kaposv\u00e1rra \u2013 Kezdd n\u00e1lunk a karriered! Szeretn\u00e9l egy t\u00e1mogat\u00f3 csapatban fejl\u0151dni, ahol nem engedik el a kezed az els\u0151 m\u0171t\u00e9tn\u00e9l? Kaposv\u00e1ri,\u00a0Duna utcai rendel\u0151nkbe\u00a0keress\u00fck lelkes, \u00e1llatszeret\u0151 koll\u00e9g\u00e1nkat! Amit k\u00edn\u00e1lunk: Mentor\u00e1l\u00e1s \u00e9s fejl\u0151d\u00e9s:\u00a0Nem baj, ha m\u00e9g nincs nagy rutinod \u2013 n\u00e1lunk t\u00f6bb tapasztalt koll\u00e9ga keze alatt tanulhatsz. T\u00f6bb rendel\u0151nknek k\u00f6sz\u00f6nhet\u0151en v\u00e1ltozatos esetekkel \u00e9s k\u00fcl\u00f6nb\u00f6z\u0151<\/p>\n","protected":false},"author":5795,"featured_media":0,"parent":26415,"menu_order":0,"comment_status":"open","ping_status":"open","template":"","meta":{"_acf_changed":false,"footnotes":""},"categories":[],"tags":[],"class_list":["post-197825","page","type-page","status-publish","hentry"],"acf":[],"_links":{"self":[{"href":"https:\/\/univet.hu\/hu\/wp-json\/wp\/v2\/pages\/197825","targetHints":{"allow":["GET"]}}],"collection":[{"href":"https:\/\/univet.hu\/hu\/wp-json\/wp\/v2\/pages"}],"about":[{"href":"https:\/\/univet.hu\/hu\/wp-json\/wp\/v2\/types\/page"}],"author":[{"embeddable":true,"href":"https:\/\/univet.hu\/hu\/wp-json\/wp\/v2\/users\/5795"}],"replies":[{"embeddable":true,"href":"https:\/\/univet.hu\/hu\/wp-json\/wp\/v2\/comments?post=197825"}],"version-history":[{"count":1,"href":"https:\/\/univet.hu\/hu\/wp-json\/wp\/v2\/pages\/197825\/revisions"}],"predecessor-version":[{"id":197829,"href":"https:\/\/univet.hu\/hu\/wp-json\/wp\/v2\/pages\/197825\/revisions\/197829"}],"up":[{"embeddable":true,"href":"https:\/\/univet.hu\/hu\/wp-json\/wp\/v2\/pages\/26415"}],"wp:attachment":[{"href":"https:\/\/univet.hu\/hu\/wp-json\/wp\/v2\/media?parent=197825"}],"wp:term":[{"taxonomy":"category","embeddable":true,"href":"https:\/\/univet.hu\/hu\/wp-json\/wp\/v2\/categories?post=197825"},{"taxonomy":"post_tag","embeddable":true,"href":"https:\/\/univet.hu\/hu\/wp-json\/wp\/v2\/tags?post=197825"}],"curies":[{"name":"wp","href":"https:\/\/api.w.org\/{rel}","templated":true}]}}